{"id":10,"date":"2024-09-24T10:17:28","date_gmt":"2024-09-24T10:17:28","guid":{"rendered":"http:\/\/iiequinegyd.local\/?page_id=9"},"modified":"2025-01-14T21:05:16","modified_gmt":"2025-01-14T20:05:16","slug":"inicio","status":"publish","type":"page","link":"https:\/\/wpd.ugr.es\/~equinegyd\/","title":{"rendered":"Bienvenida"},"content":{"rendered":"\t\t<div data-elementor-type=\"wp-page\" data-elementor-id=\"10\" class=\"elementor elementor-10\">\n\t\t\t\t<div class=\"elementor-element elementor-element-bf988bf e-flex e-con-boxed e-con e-parent\" data-id=\"bf988bf\" data-element_type=\"container\">\n\t\t\t\t\t<div class=\"e-con-inner\">\n\t\t\t\t<div class=\"elementor-element elementor-element-aea924c elementor-widget elementor-widget-heading\" data-id=\"aea924c\" data-element_type=\"widget\" data-widget_type=\"heading.default\">\n\t\t\t\t<div class=\"elementor-widget-container\">\n\t\t\t<h2 class=\"elementor-heading-title elementor-size-default\">BIENVENIDA<\/h2>\t\t<\/div>\n\t\t\t\t<\/div>\n\t\t\t\t<div class=\"elementor-element elementor-element-4cca5f9 elementor-widget elementor-widget-text-editor\" data-id=\"4cca5f9\" data-element_type=\"widget\" data-widget_type=\"text-editor.default\">\n\t\t\t\t<div class=\"elementor-widget-container\">\n\t\t\t\t\t\t\t<p>PENDIENTE<\/p>\t\t\t\t\t\t<\/div>\n\t\t\t\t<\/div>\n\t\t\t\t\t<\/div>\n\t\t\t\t<\/div>\n\t\t<div class=\"elementor-element elementor-element-da06188 e-flex e-con-boxed e-con e-parent\" data-id=\"da06188\" data-element_type=\"container\">\n\t\t\t\t\t<div class=\"e-con-inner\">\n\t\t<div class=\"elementor-element elementor-element-ac6d33b e-con-full e-flex e-con e-child\" data-id=\"ac6d33b\" data-element_type=\"container\">\n\t\t\t\t<div class=\"elementor-element elementor-element-8f46ca1 elementor-widget elementor-widget-text-editor\" data-id=\"8f46ca1\" data-element_type=\"widget\" data-widget_type=\"text-editor.default\">\n\t\t\t\t<div class=\"elementor-widget-container\">\n\t\t\t\t\t\t\t<p><span style=\"font-size: 22px;\"><strong>FECHAS IMPORTANTES<\/strong><\/span><\/p>\t\t\t\t\t\t<\/div>\n\t\t\t\t<\/div>\n\t\t\t\t<\/div>\n\t\t<div class=\"elementor-element elementor-element-d60e354 e-con-full e-flex e-con e-child\" data-id=\"d60e354\" data-element_type=\"container\">\n\t\t\t\t<div class=\"elementor-element elementor-element-79f147e elementor-widget elementor-widget-text-editor\" data-id=\"79f147e\" data-element_type=\"widget\" data-widget_type=\"text-editor.default\">\n\t\t\t\t<div class=\"elementor-widget-container\">\n\t\t\t\t\t\t\t<p><strong>Fecha l\u00edmite env\u00edo comunicaciones<\/strong>: 14 de febrero del 2025<\/p>\n<p><strong>Fecha l\u00edmite inscripciones:<\/strong> 7 de marzo del 2025<\/p>\n<p><strong>Fecha l\u00edmite notificaci\u00f3n aceptaci\u00f3n o rechazo:<\/strong> 28 de febrero del 2025<\/p>\n<p><strong>Fecha l\u00edmite env\u00edo p\u00f3ster tras aceptaci\u00f3n de comunicaci\u00f3n:<\/strong> 10 de marzo 2025<\/p>\n<p>\u00a0<\/p>\t\t\t\t\t\t<\/div>\n\t\t\t\t<\/div>\n\t\t\t\t<\/div>\n\t\t\t\t\t<\/div>\n\t\t\t\t<\/div>\n\t\t<div class=\"elementor-element elementor-element-68e33fa e-flex e-con-boxed e-con e-parent\" data-id=\"68e33fa\" data-element_type=\"container\">\n\t\t\t\t\t<div class=\"e-con-inner\">\n\t\t\t\t<div class=\"elementor-element elementor-element-48971b2 elementor-widget elementor-widget-heading\" data-id=\"48971b2\" data-element_type=\"widget\" data-widget_type=\"heading.default\">\n\t\t\t\t<div class=\"elementor-widget-container\">\n\t\t\t<h2 class=\"elementor-heading-title elementor-size-default\">SEDE<\/h2>\t\t<\/div>\n\t\t\t\t<\/div>\n\t\t\t\t<div class=\"elementor-element elementor-element-910b816 elementor-widget elementor-widget-google_maps\" data-id=\"910b816\" data-element_type=\"widget\" data-widget_type=\"google_maps.default\">\n\t\t\t\t<div class=\"elementor-widget-container\">\n\t\t\t\t\t<div class=\"elementor-custom-embed\">\n\t\t\t<iframe loading=\"lazy\"\n\t\t\t\t\tsrc=\"https:\/\/maps.google.com\/maps?q=facultad%20de%20ciencias%20de%20la%20salud%20granada&#038;t=m&#038;z=10&#038;output=embed&#038;iwloc=near\"\n\t\t\t\t\ttitle=\"facultad de ciencias de la salud granada\"\n\t\t\t\t\taria-label=\"facultad de ciencias de la salud granada\"\n\t\t\t><\/iframe>\n\t\t<\/div>\n\t\t\t\t<\/div>\n\t\t\t\t<\/div>\n\t\t\t\t\t<\/div>\n\t\t\t\t<\/div>\n\t\t<div class=\"elementor-element elementor-element-265bb7d e-flex e-con-boxed e-con e-parent\" data-id=\"265bb7d\" data-element_type=\"container\">\n\t\t\t\t\t<div class=\"e-con-inner\">\n\t\t\t\t<div class=\"elementor-element elementor-element-5ea0682 elementor-widget elementor-widget-sidebar\" data-id=\"5ea0682\" data-element_type=\"widget\" data-widget_type=\"sidebar.default\">\n\t\t\t\t<div class=\"elementor-widget-container\">\n\t\t\t<section id=\"text-7\" class=\"widget widget_text\">\t\t\t<div class=\"textwidget\"><\/div>\n\t\t<\/section>\t\t<\/div>\n\t\t\t\t<\/div>\n\t\t\t\t\t<\/div>\n\t\t\t\t<\/div>\n\t\t\t\t<\/div>\n\t\t","protected":false},"excerpt":{"rendered":"<p>BIENVENIDA PENDIENTE FECHAS IMPORTANTES Fecha l\u00edmite env\u00edo comunicaciones: 14 de febrero del 2025 Fecha l\u00edmite inscripciones: 7 de marzo del 2025 Fecha l\u00edmite notificaci\u00f3n aceptaci\u00f3n o rechazo: 28 de febrero del 2025 Fecha l\u00edmite env\u00edo p\u00f3ster tras aceptaci\u00f3n de comunicaci\u00f3n: 10 de marzo 2025 \u00a0 SEDE<\/p>\n","protected":false},"author":1,"featured_media":0,"parent":0,"menu_order":0,"comment_status":"closed","ping_status":"closed","template":"","meta":{"footnotes":""},"class_list":["post-10","page","type-page","status-publish","hentry"],"_links":{"self":[{"href":"https:\/\/wpd.ugr.es\/~equinegyd\/wp-json\/wp\/v2\/pages\/10"}],"collection":[{"href":"https:\/\/wpd.ugr.es\/~equinegyd\/wp-json\/wp\/v2\/pages"}],"about":[{"href":"https:\/\/wpd.ugr.es\/~equinegyd\/wp-json\/wp\/v2\/types\/page"}],"author":[{"embeddable":true,"href":"https:\/\/wpd.ugr.es\/~equinegyd\/wp-json\/wp\/v2\/users\/1"}],"replies":[{"embeddable":true,"href":"https:\/\/wpd.ugr.es\/~equinegyd\/wp-json\/wp\/v2\/comments?post=10"}],"version-history":[{"count":3,"href":"https:\/\/wpd.ugr.es\/~equinegyd\/wp-json\/wp\/v2\/pages\/10\/revisions"}],"predecessor-version":[{"id":308,"href":"https:\/\/wpd.ugr.es\/~equinegyd\/wp-json\/wp\/v2\/pages\/10\/revisions\/308"}],"wp:attachment":[{"href":"https:\/\/wpd.ugr.es\/~equinegyd\/wp-json\/wp\/v2\/media?parent=10"}],"curies":[{"name":"wp","href":"https:\/\/api.w.org\/{rel}","templated":true}]}}