{"id":114,"date":"2024-09-24T19:42:28","date_gmt":"2024-09-24T19:42:28","guid":{"rendered":"http:\/\/iiequinegyd.local\/?page_id=114"},"modified":"2024-11-05T14:18:36","modified_gmt":"2024-11-05T13:18:36","slug":"actividades-culturales","status":"publish","type":"page","link":"https:\/\/wpd.ugr.es\/~equinegyd\/actividades-culturales\/","title":{"rendered":"Actividades culturales"},"content":{"rendered":"\t\t<div data-elementor-type=\"wp-page\" data-elementor-id=\"114\" class=\"elementor elementor-114\">\n\t\t\t\t<div class=\"elementor-element elementor-element-bce3ffe e-flex e-con-boxed e-con e-parent\" data-id=\"bce3ffe\" data-element_type=\"container\">\n\t\t\t\t\t<div class=\"e-con-inner\">\n\t\t\t\t<div class=\"elementor-element elementor-element-1ac5d80 elementor-widget elementor-widget-text-editor\" data-id=\"1ac5d80\" data-element_type=\"widget\" data-widget_type=\"text-editor.default\">\n\t\t\t\t<div class=\"elementor-widget-container\">\n\t\t\t\t\t\t\t<div class=\"Zmm6We\"><p>\u00a0<\/p><\/div><div class=\"GDhqjd\" tabindex=\"-1\" data-sender-id=\"_self_\" data-sender-name=\"T\u00fa\" data-timestamp=\"1693933004032\" data-formatted-timestamp=\"18:56\"><div class=\"Zmm6We\"><div class=\"oIy2qc\" data-message-text=\"https:\/\/www.civitatis.com\/es\/granada\/free-tour-granada\/#precios\">\u00a0<\/div><\/div><\/div>\t\t\t\t\t\t<\/div>\n\t\t\t\t<\/div>\n\t\t\t\t\t<\/div>\n\t\t\t\t<\/div>\n\t\t<div class=\"elementor-element elementor-element-b3c9609 e-grid e-con-boxed e-con e-parent\" data-id=\"b3c9609\" data-element_type=\"container\">\n\t\t\t\t\t<div class=\"e-con-inner\">\n\t\t\t\t<div class=\"elementor-element elementor-element-e3aa3eb elementor-widget elementor-widget-image\" data-id=\"e3aa3eb\" data-element_type=\"widget\" data-widget_type=\"image.default\">\n\t\t\t\t<div class=\"elementor-widget-container\">\n\t\t\t\t\t\t\t\t\t\t\t\t\t<img fetchpriority=\"high\" decoding=\"async\" width=\"640\" height=\"888\" src=\"https:\/\/wpd.ugr.es\/~equinegyd\/wp-content\/uploads\/2024\/10\/lions-4680963_1280-738x1024.jpg\" class=\"attachment-large size-large wp-image-471\" alt=\"\" srcset=\"https:\/\/wpd.ugr.es\/~equinegyd\/wp-content\/uploads\/2024\/10\/lions-4680963_1280-738x1024.jpg 738w, https:\/\/wpd.ugr.es\/~equinegyd\/wp-content\/uploads\/2024\/10\/lions-4680963_1280-216x300.jpg 216w, https:\/\/wpd.ugr.es\/~equinegyd\/wp-content\/uploads\/2024\/10\/lions-4680963_1280-768x1065.jpg 768w, https:\/\/wpd.ugr.es\/~equinegyd\/wp-content\/uploads\/2024\/10\/lions-4680963_1280-500x693.jpg 500w, https:\/\/wpd.ugr.es\/~equinegyd\/wp-content\/uploads\/2024\/10\/lions-4680963_1280-800x1109.jpg 800w, https:\/\/wpd.ugr.es\/~equinegyd\/wp-content\/uploads\/2024\/10\/lions-4680963_1280.jpg 923w\" sizes=\"(max-width: 640px) 100vw, 640px\" \/>\t\t\t\t\t\t\t\t\t\t\t\t\t<\/div>\n\t\t\t\t<\/div>\n\t\t\t\t<div class=\"elementor-element elementor-element-cc9770c elementor-widget elementor-widget-text-editor\" data-id=\"cc9770c\" data-element_type=\"widget\" data-widget_type=\"text-editor.default\">\n\t\t\t\t<div class=\"elementor-widget-container\">\n\t\t\t\t\t\t\t<p><span style=\"font-size: 12px;\">Granada, mitad mora y mitad cristiana, es una ciudad que cautiva los sentidos. E<span style=\"color: var( --e-global-color-text ); font-family: var( --e-global-typography-text-font-family ), Sans-serif; font-weight: var( --e-global-typography-text-font-weight ); text-align: var(--text-align);\">st\u00e1 enclavada a los pies de la majestuosa Sierra Nevada. Su joya m\u00e1s conocida es la Alhambra, un palacio y fortaleza que refleja la rica herencia musulmana de la ciudad. Pasear por el Albaic\u00edn, con sus estrechas callejuelas y casas blancas, te transporta a otra \u00e9poca. No olvidemos las tapas: en Granada, pedir una bebida viene acompa\u00f1ado de una deliciosa tapa gratis. Es un lugar donde la historia se siente viva en cada rinc\u00f3n.<\/span><\/span><\/p><p><span style=\"font-size: 12px;\">Las siete cosas de Granada que no te puedes perder:\u00a0<\/span><\/p><ol><li><span style=\"font-size: 12px;\">Visitar la Alhambra y el Generalife<\/span><\/li><li><span style=\"font-size: 12px;\">Saborear las tapas de Granada<\/span><\/li><li><span style=\"font-size: 12px;\">Pasear por el centro de Granada y la Alcaicer\u00eda<\/span><\/li><li><span style=\"font-size: 12px;\">Perderse por las calles del Albaic\u00edn\u00a0<\/span><\/li><li><span style=\"font-size: 12px;\">Ver el atardecer desde algunos de los miradores del Albaic\u00edn<\/span><\/li><li><span style=\"font-size: 12px;\">Disfrutar de un espect\u00e1culo de flamenco en el Sacromonte<\/span><\/li><li><span style=\"font-size: 12px;\">Relajarte en uno de los ba\u00f1os \u00e1rabes de la ciudad<\/span><\/li><\/ol>\t\t\t\t\t\t<\/div>\n\t\t\t\t<\/div>\n\t\t\t\t\t<\/div>\n\t\t\t\t<\/div>\n\t\t<div class=\"elementor-element elementor-element-3c3d5df e-grid e-con-boxed e-con e-parent\" data-id=\"3c3d5df\" data-element_type=\"container\">\n\t\t\t\t\t<div class=\"e-con-inner\">\n\t\t\t\t<div class=\"elementor-element elementor-element-a722d21 elementor-widget elementor-widget-text-editor\" data-id=\"a722d21\" data-element_type=\"widget\" data-widget_type=\"text-editor.default\">\n\t\t\t\t<div class=\"elementor-widget-container\">\n\t\t\t\t\t\t\t<div class=\"Zmm6We\"><div class=\"oIy2qc\" data-message-text=\"https:\/\/www.freetour.com\/es\/granada\"><p style=\"text-align: center;\"><span style=\"font-size: 14px;\"><a href=\"https:\/\/www.turgranada.es\/cosas-que-hacer\/\">Cosas que visitar y hacer en Granada<\/a><\/span><\/p><p style=\"text-align: center;\"><span style=\"font-size: 14px;\"><a href=\"https:\/\/turismo.granada.org\/es\">Oficina de turismo del Ayuntamiento de Granada<\/a><\/span><\/p><p style=\"text-align: center;\"><span style=\"font-size: 14px;\"><a href=\"https:\/\/tickets.alhambra-patronato.es\/\">Comprar entradas para visitar la Alhambra y el Generalife<\/a><\/span><\/p><p style=\"text-align: center;\"><span style=\"font-size: 14px;\"><a href=\"https:\/\/capillarealgranada.com\/\">Comprar entradas Capilla Real de Granada<\/a><\/span><\/p><p style=\"text-align: center;\"><span style=\"font-size: 14px;\"><a href=\"https:\/\/www.parqueciencias.com\/\">Comprar entradas Parque de las Ciencias <\/a><\/span><\/p><p style=\"text-align: center;\"><span style=\"font-size: 14px;\"><a href=\"https:\/\/www.freetour.com\/es\/granada\">Free tour por Granada<\/a><\/span><\/p><p style=\"text-align: center;\"><a href=\"https:\/\/www.civitatis.com\/es\/granada\/free-tour-granada\/#precios\"><span style=\"font-size: 14px;\">Otros Free tour por Granada<\/span><\/a><\/p><\/div><\/div>\t\t\t\t\t\t<\/div>\n\t\t\t\t<\/div>\n\t\t\t\t<div class=\"elementor-element elementor-element-081ab9d elementor-widget elementor-widget-image\" data-id=\"081ab9d\" data-element_type=\"widget\" data-widget_type=\"image.default\">\n\t\t\t\t<div class=\"elementor-widget-container\">\n\t\t\t\t\t\t\t\t\t\t\t\t\t<img decoding=\"async\" width=\"640\" height=\"426\" src=\"https:\/\/wpd.ugr.es\/~equinegyd\/wp-content\/uploads\/2024\/10\/granada-7410423_1280-1024x682.jpg\" class=\"attachment-large size-large wp-image-470\" alt=\"\" srcset=\"https:\/\/wpd.ugr.es\/~equinegyd\/wp-content\/uploads\/2024\/10\/granada-7410423_1280-1024x682.jpg 1024w, https:\/\/wpd.ugr.es\/~equinegyd\/wp-content\/uploads\/2024\/10\/granada-7410423_1280-300x200.jpg 300w, https:\/\/wpd.ugr.es\/~equinegyd\/wp-content\/uploads\/2024\/10\/granada-7410423_1280-768x512.jpg 768w, https:\/\/wpd.ugr.es\/~equinegyd\/wp-content\/uploads\/2024\/10\/granada-7410423_1280-500x333.jpg 500w, https:\/\/wpd.ugr.es\/~equinegyd\/wp-content\/uploads\/2024\/10\/granada-7410423_1280-800x533.jpg 800w, https:\/\/wpd.ugr.es\/~equinegyd\/wp-content\/uploads\/2024\/10\/granada-7410423_1280.jpg 1280w\" sizes=\"(max-width: 640px) 100vw, 640px\" \/>\t\t\t\t\t\t\t\t\t\t\t\t\t<\/div>\n\t\t\t\t<\/div>\n\t\t\t\t\t<\/div>\n\t\t\t\t<\/div>\n\t\t\t\t<\/div>\n\t\t","protected":false},"excerpt":{"rendered":"<p>\u00a0 \u00a0 Granada, mitad mora y mitad cristiana, es una ciudad que cautiva los sentidos. Est\u00e1 enclavada a los pies de la majestuosa Sierra Nevada. Su joya m\u00e1s conocida es la Alhambra, un palacio y fortaleza que refleja la rica herencia musulmana de la ciudad. Pasear por el Albaic\u00edn, con sus estrechas callejuelas y casas &hellip; <\/p>\n","protected":false},"author":1,"featured_media":0,"parent":0,"menu_order":0,"comment_status":"closed","ping_status":"closed","template":"","meta":{"footnotes":""},"class_list":["post-114","page","type-page","status-publish","hentry"],"_links":{"self":[{"href":"https:\/\/wpd.ugr.es\/~equinegyd\/wp-json\/wp\/v2\/pages\/114"}],"collection":[{"href":"https:\/\/wpd.ugr.es\/~equinegyd\/wp-json\/wp\/v2\/pages"}],"about":[{"href":"https:\/\/wpd.ugr.es\/~equinegyd\/wp-json\/wp\/v2\/types\/page"}],"author":[{"embeddable":true,"href":"https:\/\/wpd.ugr.es\/~equinegyd\/wp-json\/wp\/v2\/users\/1"}],"replies":[{"embeddable":true,"href":"https:\/\/wpd.ugr.es\/~equinegyd\/wp-json\/wp\/v2\/comments?post=114"}],"version-history":[{"count":15,"href":"https:\/\/wpd.ugr.es\/~equinegyd\/wp-json\/wp\/v2\/pages\/114\/revisions"}],"predecessor-version":[{"id":591,"href":"https:\/\/wpd.ugr.es\/~equinegyd\/wp-json\/wp\/v2\/pages\/114\/revisions\/591"}],"wp:attachment":[{"href":"https:\/\/wpd.ugr.es\/~equinegyd\/wp-json\/wp\/v2\/media?parent=114"}],"curies":[{"name":"wp","href":"https:\/\/api.w.org\/{rel}","templated":true}]}}