{"id":169,"date":"2024-09-24T21:17:26","date_gmt":"2024-09-24T21:17:26","guid":{"rendered":"http:\/\/iiequinegyd.local\/?page_id=169"},"modified":"2025-03-17T00:48:32","modified_gmt":"2025-03-16T23:48:32","slug":"programa","status":"publish","type":"page","link":"https:\/\/wpd.ugr.es\/~equinegyd\/programa\/","title":{"rendered":"Programa"},"content":{"rendered":"\t\t<div data-elementor-type=\"wp-page\" data-elementor-id=\"169\" class=\"elementor elementor-169\">\n\t\t\t\t<div class=\"elementor-element elementor-element-6147115 e-flex e-con-boxed e-con e-parent\" data-id=\"6147115\" data-element_type=\"container\">\n\t\t\t\t\t<div class=\"e-con-inner\">\n\t\t\t\t<div class=\"elementor-element elementor-element-033aa1b e-n-tabs-mobile elementor-widget elementor-widget-n-tabs\" data-id=\"033aa1b\" data-element_type=\"widget\" data-settings=\"{&quot;horizontal_scroll&quot;:&quot;disable&quot;}\" data-widget_type=\"nested-tabs.default\">\n\t\t\t\t<div class=\"elementor-widget-container\">\n\t\t\t\t\t<div class=\"e-n-tabs\" data-widget-number=\"3385883\" aria-label=\"Pesta\u00f1as. Abre elementos con Intro o Espacio, ci\u00e9rralos con Escape y navega con las fechas.\">\n\t\t\t<div class=\"e-n-tabs-heading\" role=\"tablist\">\n\t\t\t\t\t<button id=\"e-n-tab-title-33858831\" class=\"e-n-tab-title\" aria-selected=\"true\" data-tab-index=\"1\" role=\"tab\" tabindex=\"0\" aria-controls=\"e-n-tab-content-33858831\" style=\"--n-tabs-title-order: 1;\">\n\t\t\t\t\t\t<span class=\"e-n-tab-title-text\">\n\t\t\t\tJueves 20 Marzo\t\t\t<\/span>\n\t\t<\/button>\n\t\t\t\t<button id=\"e-n-tab-title-33858832\" class=\"e-n-tab-title\" aria-selected=\"false\" data-tab-index=\"2\" role=\"tab\" tabindex=\"-1\" aria-controls=\"e-n-tab-content-33858832\" style=\"--n-tabs-title-order: 2;\">\n\t\t\t\t\t\t<span class=\"e-n-tab-title-text\">\n\t\t\t\tviernes 21 marzo\t\t\t<\/span>\n\t\t<\/button>\n\t\t\t\t\t<\/div>\n\t\t\t<div class=\"e-n-tabs-content\">\n\t\t\t\t<div id=\"e-n-tab-content-33858831\" role=\"tabpanel\" aria-labelledby=\"e-n-tab-title-33858831\" data-tab-index=\"1\" style=\"--n-tabs-title-order: 1;\" class=\"e-active elementor-element elementor-element-eee5da3 e-con-full e-flex e-con e-child\" data-id=\"eee5da3\" data-element_type=\"container\">\n\t\t<div class=\"elementor-element elementor-element-21b2dbb e-flex e-con-boxed e-con e-child\" data-id=\"21b2dbb\" data-element_type=\"container\">\n\t\t\t\t\t<div class=\"e-con-inner\">\n\t\t\t\t<div class=\"elementor-element elementor-element-e9e05e8 elementor-widget elementor-widget-text-editor\" data-id=\"e9e05e8\" data-element_type=\"widget\" data-widget_type=\"text-editor.default\">\n\t\t\t\t<div class=\"elementor-widget-container\">\n\t\t\t\t\t\t\t<p class=\"has-medium-font-size\"><strong>8:30 &#8211; 9:00 &#8211; Recepci\u00f3n de participantes<\/strong><\/p>\n<p><!-- \/wp:paragraph --><!-- wp:paragraph --><\/p>\n<p><strong>9:00 &#8211; 9:30 \u2013 Inauguraci\u00f3n de las Jornadas\u00a0<\/strong><\/p>\n<p style=\"padding-left: 40px;\">Carolina Mart\u00edn Mart\u00edn. Responsable de Gesti\u00f3n. Vicerrectorado de Igualdad, Inclusi\u00f3n y Compromiso Social. Universidad de Granada<\/p>\n<p style=\"padding-left: 40px;\">Indalecio S\u00e1nchez-Montesinos Garc\u00eda. Delegado Territorial de Salud y Consumo de Granada<\/p>\n<p style=\"padding-left: 40px;\">Amparo Arrabal Mart\u00edn. Concejala Delegada de Pol\u00edtica Social, Familia, Discapacidad y Mayores. Ayuntamiento de Granada<\/p>\n<p style=\"padding-left: 40px;\">Mar\u00eda Encarnaci\u00f3n Aguilar Ferr\u00e1ndiz. Vicedecana de Ordenaci\u00f3n Acad\u00e9mica y Calidad. Facultad de Ciencias de la Salud. Universidad de Granada. <\/p>\n<p style=\"padding-left: 40px;\">M\u00aa Dolores Cano Caballero-G\u00e1lvez. Coordinadora Comit\u00e9 Organizador de las Jornadas<\/p>\n<p><!-- \/wp:paragraph --><!-- wp:list {\"ordered\":true} --><\/p>\n<ul class=\"wp-block-list\"><!-- wp:list-item {\"fontSize\":\"small\"} --><!-- \/wp:list-item --><\/ul>\n<p><!-- \/wp:list --><!-- wp:paragraph --><\/p>\n<p><strong>9:30-10:30 &#8211; Conferencia Inaugural: Incorporar la perspectiva de g\u00e9nero en la docencia universitaria en Ciencias de la Salud<\/strong><\/p>\n<p style=\"padding-left: 40px;\"><span style=\"text-decoration: underline;\">Ponente<\/span>: M\u00aa Teresa Ru\u00edz Cantero. Universidad de Alicante\u00a0<\/p>\n<p style=\"padding-left: 40px;\"><span style=\"text-decoration: underline;\">Modera<\/span>: M\u00aaIdoia Ugarte Gurrutxaga\u00a0<\/p>\n<p><!-- \/wp:paragraph --><!-- wp:paragraph {\"fontSize\":\"small\"} --><\/p>\n<p><!-- \/wp:paragraph --><!-- wp:paragraph --><\/p>\n<p><strong>10:30 &#8211; 11:00 &#8211; Descanso y caf\u00e9 <\/strong><span style=\"font-size: 14px;\">(incluido con el pago de la inscripci\u00f3n)<\/span><strong><br \/><\/strong><\/p>\n<p><!-- \/wp:paragraph --><!-- wp:paragraph --><\/p>\n<p><strong>11:00 &#8211; 12:30 &#8211; Mesa Redonda 1: Docencia universitaria inclusiva como meta socioeducativa<\/strong><\/p>\n<p style=\"padding-left: 40px;\">Luces y sombras en la incorporaci\u00f3n de la perspectiva de g\u00e9nero en el grado de Enfermer\u00eda. <span style=\"text-decoration: underline;\">Ponente<\/span>: Concepci\u00f3n Fuentes Pumarola. Universidad de Girona<\/p>\n<p style=\"padding-left: 40px;\">Diagn\u00f3stico de competencias en materia de g\u00e9nero y diversidad del profesorado universitario de Ciencias de la Salud. <span style=\"text-decoration: underline;\">Ponente<\/span>: Encarnaci\u00f3n Mart\u00ednez Garc\u00eda. Universidad Granada<\/p>\n<p style=\"padding-left: 40px;\">Experiencias en incorporaci\u00f3n del enfoque de g\u00e9nero y diversidad afectivo-sexual, corporal y de g\u00e9nero en los estudios de programas de educaci\u00f3n superior en Ciencias de la Salud.\u00a0<span style=\"text-decoration: underline;\">Ponente<\/span>: \u00c1ngel Gasch-Gall\u00e9n. Universidad de Zaragoza<\/p>\n<p style=\"padding-left: 40px;\"><span style=\"text-decoration: underline;\">Modera<\/span>: David C\u00e1mara Li\u00e9bana<\/p>\n<p><!-- \/wp:paragraph --><!-- wp:paragraph {\"fontSize\":\"small\"} --><\/p>\n<p><!-- \/wp:paragraph --><!-- wp:list --><\/p>\n<ul class=\"wp-block-list\"><!-- wp:list-item --><\/ul>\n<p><!-- \/wp:paragraph --><!-- wp:paragraph --><\/p>\n<p><strong>12:30 &#8211; 14:00 \u2013 Mesa Redonda 2: Experiencias innovadoras en la docencia con perspectiva de\u00a0g\u00e9nero\u00a0<\/strong><\/p>\n<p style=\"padding-left: 40px;\">Talleres de educaci\u00f3n sanitaria sobre violencia de g\u00e9nero en institutos de secundaria. <u>Ponente<\/u>: Jos\u00e9 Manuel Mart\u00ednez Linares. Universidad de Granada\/\/ Fernando Mollinedo Aranda. IES Alhambra\/\/ Mar\u00eda L\u00f3pez Nevot y Beatriz Valero Aguilera. IES Zaid\u00edn-Vergeles<\/p>\n<p style=\"padding-left: 40px;\">Formaci\u00f3n transversal en violencia de g\u00e9nero en el grado de enfermer\u00eda. <u>Ponente<\/u>: Juana Robledo Mart\u00edn. Universidad Aut\u00f3noma de Madrid<\/p>\n<p style=\"padding-left: 40px;\">Enlaces de igualdad y estrategias para mejorar la docencia con perspectiva de G\u00e9nero en el Grado en Enfermer\u00eda.\u00a0 <span style=\"text-decoration: underline;\">Ponente<\/span>: Lorena Tarri\u00f1o Concejero. Universidad de C\u00e1diz<\/p>\n<p style=\"padding-left: 40px;\"><span style=\"text-decoration: underline;\">Modera<\/span>: Reina Granados de Haro\u00a0 \u00a0<\/p>\n<p><!-- \/wp:paragraph --><!-- wp:paragraph --><\/p>\n<p><!-- \/wp:paragraph --><!-- wp:paragraph --><\/p>\n<p><!-- \/wp:paragraph --><!-- wp:list --><\/p>\n<ul class=\"wp-block-list\"><!-- wp:list-item --><\/ul>\n<ul class=\"wp-block-list\"><!-- \/wp:list-item --><\/ul>\n<p><!-- \/wp:list --><!-- wp:paragraph --><\/p>\n<p><strong>14:00 -16:00 &#8211; Comida <\/strong><span style=\"font-size: 14px;\">(incluida con el pago de la inscripci\u00f3n)<\/span><strong><br \/><\/strong><\/p>\n<p><!-- \/wp:paragraph --><!-- wp:paragraph --><\/p>\n<p><strong>16:00- 17:00 &#8211; Conferencia: Investigaci\u00f3n en salud con perspectiva de g\u00e9nero y diversidad. Un reto irrenunciable y alcanzable<br \/><\/strong><\/p>\n<p style=\"padding-left: 40px;\"><span style=\"text-decoration: underline;\">Ponente<\/span>: Mar\u00eda del Mar Garc\u00eda Calvente. Escuela Andaluza de Salud P\u00fablica<\/p>\n<p style=\"padding-left: 40px;\"><!-- \/wp:paragraph --><!-- wp:paragraph --><\/p>\n<p style=\"padding-left: 40px;\"><!-- \/wp:paragraph --><!-- wp:paragraph --><\/p>\n<p style=\"padding-left: 40px;\"><span style=\"text-decoration: underline;\">Modera<\/span>: Mar\u00eda Gonz\u00e1lez Cano-Caballero<\/p>\n<p><!-- \/wp:paragraph --><!-- wp:paragraph --><\/p>\n<p><!-- \/wp:paragraph --><!-- wp:paragraph --><\/p>\n<p><!-- \/wp:paragraph --><!-- wp:paragraph --><\/p>\n<p><strong>17:00- 18:00 Mesa 3: Trabajos de investigaci\u00f3n del alumnado de Grado y Postgrado de Enfermer\u00eda con perspectiva de g\u00e9nero y diversidad sexual y de g\u00e9nero\u00a0<\/strong><\/p>\n<p><!-- \/wp:paragraph --><!-- wp:paragraph --><\/p>\n<p style=\"padding-left: 40px;\">Percepci\u00f3n de las personas trans en relaci\u00f3n a la atenci\u00f3n sanitaria especializada recibida. <u>Ponente<\/u>: Margarita Casas Ram\u00edrez<\/p>\n<p style=\"padding-left: 40px;\">El consentimiento sexual entre hombres de minor\u00edas sexuales. <span style=\"text-decoration: underline;\">Ponente<\/span>: Miguel \u00c1ngel Fern\u00e1ndez Fern\u00e1ndez<\/p>\n<p style=\"padding-left: 40px;\">An\u00e1lisis de g\u00e9nero del consumo de sustancias t\u00f3xicas en Espa\u00f1a. <u>Ponente<\/u>: Antonio Garrido Cruz<\/p>\n<p style=\"padding-left: 40px;\"><span style=\"text-decoration: underline;\">Modera<\/span>: Julia P\u00e9rez Amigo<\/p>\n<p><!-- \/wp:paragraph --><!-- wp:list --><\/p>\n<ul class=\"wp-block-list\"><!-- wp:list-item --><!-- \/wp:list-item --><\/ul>\n<p><!-- \/wp:list --><!-- wp:paragraph --><\/p>\n<p><strong>18:00-19:00 &#8211; Mesa 4. Comunicaciones orales<\/strong><\/p>\n<ol>\n<li aria-level=\"1\">\n<p><span style=\"font-size: 16px;\">Dinamizaci\u00f3n de las percepciones de g\u00e9nero en la elecci\u00f3n de Enfermer\u00eda como carrera profesional. Amalia Sillero Sillero; Mar\u00eda Gil Poisa; Elena Marqu\u00e9s Sul\u00e9; Noemi Moreno Segura; M\u00aa Carmen Caballero Mart\u00edn; Raquel Ayuso Marga\u00f1\u00f3n<\/span><\/p>\n<\/li>\n<li aria-level=\"1\">\n<p><span style=\"font-size: 16px;\">Detecci\u00f3n de la violencia durante el noviazgo en alumnado universitario de Ciencias de la Salud: Estudio descriptivo multic\u00e9ntrico en Espa\u00f1a y Colombia. Sara S\u00e1nchez Balcells; Zaida Aguera; M\u00aa S\u00e1nchez Ortega; Dolors Rodr\u00edguez Mart\u00edn; M Carmen Moreno Royo; Montserrat Puig Llobet<\/span><\/p>\n<\/li>\n<li aria-level=\"1\">\n<p><span style=\"font-size: 16px;\">El sistema de calidad como garant\u00eda de incorporaci\u00f3n de la PIG en la docencia enfermera. Montse Rod\u00f3 Cobo; Eva Fern\u00e1ndez Lamelas<\/span><\/p>\n<\/li>\n<li aria-level=\"1\">\n<p><span style=\"font-size: 16px;\">An\u00e1lisis de g\u00e9nero de la paradoja de la mortalidad femenina en Espa\u00f1a. Carmen Juncal Ru\u00edz; Mar\u00eda \u00c1ngeles P\u00e9rez Morente; Adelina Mart\u00edn Salvador; Roc\u00edo Reina Prego; Mar\u00eda Gonz\u00e1lez Cano-Caballero; Encarnaci\u00f3n Mart\u00ednez Garc\u00eda<\/span><\/p>\n<\/li>\n<li aria-level=\"1\">\n<p>Prevenci\u00f3n del consumo de pornograf\u00eda en adolescentes y j\u00f3venes a trav\u00e9s del cuento de Bora (testimonio de mujeres v\u00edctimas de trata y explotaci\u00f3n sexual). Miriam Araujo Hern\u00e1ndez<\/p>\n<\/li>\n<\/ol>\n<p style=\"padding-left: 40px;\"><span style=\"text-decoration: underline;\">Modera<\/span>: Roc\u00edo Reina Prego<\/p>\n<p>20:30h &#8211; Cena en el Carmen de la Victoria (Albaycin) <span style=\"font-size: 14px;\">*No incluida en el pago de la inscripci\u00f3n.<\/span><\/p>\n<p><!-- \/wp:paragraph --><!-- wp:paragraph --><\/p>\n<p><!-- \/wp:paragraph --><!-- wp:paragraph --><\/p>\n<p><!-- \/wp:paragraph --><!-- wp:paragraph --><\/p>\n<p><!-- \/wp:paragraph --><!-- wp:paragraph {\"fontSize\":\"medium\"} --><\/p>\t\t\t\t\t\t<\/div>\n\t\t\t\t<\/div>\n\t\t\t\t\t<\/div>\n\t\t\t\t<\/div>\n\t\t\t\t<\/div>\n\t\t<div id=\"e-n-tab-content-33858832\" role=\"tabpanel\" aria-labelledby=\"e-n-tab-title-33858832\" data-tab-index=\"2\" style=\"--n-tabs-title-order: 2;\" class=\" elementor-element elementor-element-107d73a e-con-full e-flex e-con e-child\" data-id=\"107d73a\" data-element_type=\"container\">\n\t\t<div class=\"elementor-element elementor-element-af1d53b e-flex e-con-boxed e-con e-child\" data-id=\"af1d53b\" data-element_type=\"container\">\n\t\t\t\t\t<div class=\"e-con-inner\">\n\t\t\t\t<div class=\"elementor-element elementor-element-7b17631 elementor-widget elementor-widget-text-editor\" data-id=\"7b17631\" data-element_type=\"widget\" data-widget_type=\"text-editor.default\">\n\t\t\t\t<div class=\"elementor-widget-container\">\n\t\t\t\t\t\t\t<p><strong>9:00-10:00 Mesa de comunicaciones orales<\/strong><\/p>\n<ol>\n<li aria-level=\"1\">\n<p><span style=\"font-size: 16px;\">V\u00edctima y agresor en violencia de g\u00e9nero seg\u00fan el alumnado de Enfermer\u00eda. Estudio multic\u00e9ntrico. Dolores Torres-Enamorado; Roc\u00edo Romero-Serrano; Mar\u00eda Rosario Mart\u00ednez-Jim\u00e9nez; Almudena Arroyo-Rodr\u00edguez; Soledad Ferreras Menc\u00eda; Inmaculada Lancharro-Tavero<\/span><\/p>\n<\/li>\n<li aria-level=\"1\">\n<p><span style=\"font-size: 16px;\">La masculinidad como determinante de salud: scoping review. Inmaculada Lancharro-Tavero; Daniel Borondo-Lunar; Roc\u00edo Romero-Serrano; Dolores Torres-Enamorado; Mikaela Ben\u00edtez-Fulgueiras<\/span><\/p>\n<\/li>\n<li aria-level=\"1\">\n<p><span style=\"font-size: 16px;\">Competencia interdisciplinar para la inclusi\u00f3n del enfoque interseccional de g\u00e9nero en titulaciones de Ciencias de la Salud. \u00c1ngel Gasch Gall\u00e9n; Isabel Bl\u00e1zquez Ornat; Ana Alejandra Laborda Soriano; Sandra Calvo Carri\u00f3n; Carlos Navas Ferrer; Isabel Vidal S\u00e1nchez<\/span><\/p>\n<\/li>\n<li aria-level=\"1\">\n<p><span style=\"font-size: 16px;\">Experiencias de discriminaci\u00f3n y violencia por g\u00e9nero y orientaci\u00f3n afectivo-sexual en las pr\u00e1cticas de estudiantes de enfermer\u00eda en Catalu\u00f1a. Estudio preliminar. Andr\u00e9s Llena-Riu; Maria Feijoo-Cid; Ainoa Biurrun-Garrido; Concepci\u00f3 Fuentes-Pumarola; David C\u00e1mara-Liebana; \u00c1ngel Gasch-Gall\u00e9n<\/span><\/p>\n<\/li>\n<li aria-level=\"1\">\n<p><span style=\"font-size: 16px;\">Salud mental de las personas trans adolescentes: una revisi\u00f3n sistem\u00e1tica exploratoria. Noelia N\u00fa\u00f1ez Descalzo; Carlos Navas Ferrer; \u00c1ngel Gasch Gall\u00e9n<\/span><\/p>\n<\/li>\n<li aria-level=\"1\">\n<p><span style=\"font-size: 16px;\">La participaci\u00f3n del estudiantado, elemento clave en la sensibilizaci\u00f3n y concienciaci\u00f3n de la violencia de g\u00e9nero en la comunidad universitaria. David Ballester-Ferrando; Concepci\u00f3 Fuentes-Pumarola; David C\u00e1mara-Liebana; Carolina Rasc\u00f3n-Hern\u00e1n ; Zaira Reyes-Amargant; Marta Roqueta Vall-llossera<\/span><\/p>\n<\/li>\n<\/ol>\n<p style=\"padding-left: 40px;\"><span style=\"text-decoration: underline;\">Moderador\/a:<\/span> Encarnaci\u00f3n Mart\u00ednez Garc\u00eda<\/p>\n<p><strong>10:00-11:30 Mesa 5. Estrategias institucionales para la incorporaci\u00f3n de la perspectiva de g\u00e9nero en la docencia, investigaci\u00f3n y transferencia<\/strong><\/p>\n<p style=\"padding-left: 40px;\">El compromiso institucional como elemento b\u00e1sico hacia la transversalidad de g\u00e9nero y diversidad sexual en Ciencias de la Salud. <span style=\"text-decoration: underline;\">Ponente<\/span>: Antonio Fern\u00e1ndez Caballero. Universidad de C\u00e1diz<\/p>\n<p style=\"padding-left: 40px;\">Introducci\u00f3n de la perspectiva de g\u00e9nero e interseccional en Ciencias de la Salud: del plano normativo a la aplicaci\u00f3n pr\u00e1ctica. <span style=\"text-decoration: underline;\">Ponente<\/span>: Dolors Rodr\u00edguez-Mart\u00edn. Facultat d\u00b4Infermeria, Universitat de Barcelona<\/p>\n<p style=\"padding-left: 40px;\">GENUSAL: Estrategia de la Universidad de Salamanca para impulsar la perspectiva de g\u00e9nero en docencia, investigaci\u00f3n y transferencia en Ciencias de la Salud. <span style=\"text-decoration: underline;\">Ponente<\/span>: Ana Mart\u00edn Su\u00e1rez. Universidad de Salamanca<\/p>\n<p style=\"padding-left: 40px;\">Acreditaci\u00f3n de centros universitarios como centros comprometidos contra la violencia de g\u00e9nero. <span style=\"text-decoration: underline;\">Ponente<\/span>: M\u00aa Dolores Cano-Caballero G\u00e1lvez. Universidad de Granada<\/p>\n<p style=\"padding-left: 40px;\"><span style=\"text-decoration: underline;\">Modera<\/span>: Lorena Tarri\u00f1o Conejero<\/p>\n<p><strong>11:30- 12:00 EMPOWER: Un Programa Global Impulsando la Diversidad e Inclusi\u00f3n en Salud. De la formaci\u00f3n a la pr\u00e1ctica cl\u00ednica en Enfermer\u00eda<\/strong><\/p>\n<p style=\"padding-left: 40px;\"><span style=\"text-decoration: underline;\">Ponente<\/span>: Gladys L\u00f3pez. L\u00edder de Diversidad e Inclusi\u00f3n en Cuidados de la Salud, Fundadora y L\u00edder de EMPOWER, Elsevier Health.<\/p>\n<p style=\"padding-left: 40px;\"><span style=\"text-decoration: underline;\">Modera:<\/span> Mar\u00eda Dolores Cano-Caballero G\u00e1lvez\u00a0<span style=\"text-decoration: underline;\"><br \/><\/span><\/p>\n<p><strong>12:00-13:00 Conferencia de Clausura: Grupo de trabajo de pol\u00edticas de Igualdad de g\u00e9nero de la Conferencia de Rectores y Rectoras de la Universidades Espa\u00f1olas (CRUE)<br \/><\/strong><\/p>\n<p style=\"padding-left: 40px;\"><span style=\"text-decoration: underline;\">Ponente<\/span>: Mar Venegas Medina. Vicerrectora de Igualdad, Inclusi\u00f3n y Compromiso Social. Universidad de Granada<\/p>\n<p style=\"padding-left: 40px;\"><span style=\"text-decoration: underline;\">Modera<\/span>: Inmaculada Garc\u00eda Garc\u00eda<\/p>\n<p><strong>13.00. 13:15 Evento de Clausura<\/strong><\/p>\n<p style=\"padding-left: 40px;\"><span style=\"text-decoration: underline;\">Presenta<\/span>: Jos\u00e9 Manuel Mart\u00ednez Linares<\/p>\n<p><strong>13:15 Presentaci\u00f3n de conclusiones de las jornadas<\/strong><\/p>\n<p style=\"padding-left: 40px;\"><span style=\"text-decoration: underline;\">Presenta<\/span>: Encarnaci\u00f3n Mart\u00ednez Garc\u00eda<\/p>\n<p><strong>13:30 Clausura <\/strong><\/p>\n<p style=\"padding-left: 40px;\">Inmaculada Garc\u00eda Garc\u00eda. Decana de la Facultad Ciencias de la Salud. Universidad de Granada<\/p>\n<p style=\"padding-left: 40px;\">Jacinto Escobar Navas. Presidente del Colegio Oficial de Enfermer\u00eda de Granada<\/p>\n<p style=\"padding-left: 40px;\">Eva Fern\u00e1ndez Lamelas. Representante del Equipo Interuniversitario de Enfermer\u00eda, G\u00e9nero y Diversidad (EquInEGyD)<\/p>\t\t\t\t\t\t<\/div>\n\t\t\t\t<\/div>\n\t\t\t\t\t<\/div>\n\t\t\t\t<\/div>\n\t\t\t\t<\/div>\n\t\t\t\t\t<\/div>\n\t\t<\/div>\n\t\t\t\t<\/div>\n\t\t\t\t<\/div>\n\t\t\t\t\t<\/div>\n\t\t\t\t<\/div>\n\t\t\t\t<\/div>\n\t\t","protected":false},"excerpt":{"rendered":"<p>Jueves 20 Marzo viernes 21 marzo 8:30 &#8211; 9:00 &#8211; Recepci\u00f3n de participantes 9:00 &#8211; 9:30 \u2013 Inauguraci\u00f3n de las Jornadas\u00a0 Carolina Mart\u00edn Mart\u00edn. Responsable de Gesti\u00f3n. Vicerrectorado de Igualdad, Inclusi\u00f3n y Compromiso Social. Universidad de Granada Indalecio S\u00e1nchez-Montesinos Garc\u00eda. Delegado Territorial de Salud y Consumo de Granada Amparo Arrabal Mart\u00edn. Concejala Delegada de Pol\u00edtica &hellip; <\/p>\n","protected":false},"author":1,"featured_media":0,"parent":0,"menu_order":0,"comment_status":"closed","ping_status":"closed","template":"elementor_header_footer","meta":{"footnotes":""},"class_list":["post-169","page","type-page","status-publish","hentry"],"_links":{"self":[{"href":"https:\/\/wpd.ugr.es\/~equinegyd\/wp-json\/wp\/v2\/pages\/169"}],"collection":[{"href":"https:\/\/wpd.ugr.es\/~equinegyd\/wp-json\/wp\/v2\/pages"}],"about":[{"href":"https:\/\/wpd.ugr.es\/~equinegyd\/wp-json\/wp\/v2\/types\/page"}],"author":[{"embeddable":true,"href":"https:\/\/wpd.ugr.es\/~equinegyd\/wp-json\/wp\/v2\/users\/1"}],"replies":[{"embeddable":true,"href":"https:\/\/wpd.ugr.es\/~equinegyd\/wp-json\/wp\/v2\/comments?post=169"}],"version-history":[{"count":63,"href":"https:\/\/wpd.ugr.es\/~equinegyd\/wp-json\/wp\/v2\/pages\/169\/revisions"}],"predecessor-version":[{"id":783,"href":"https:\/\/wpd.ugr.es\/~equinegyd\/wp-json\/wp\/v2\/pages\/169\/revisions\/783"}],"wp:attachment":[{"href":"https:\/\/wpd.ugr.es\/~equinegyd\/wp-json\/wp\/v2\/media?parent=169"}],"curies":[{"name":"wp","href":"https:\/\/api.w.org\/{rel}","templated":true}]}}