{"id":576,"date":"2022-02-09T12:08:38","date_gmt":"2022-02-09T11:08:38","guid":{"rendered":"https:\/\/wpd.ugr.es\/~eucons\/wordpress\/?page_id=576"},"modified":"2023-01-17T16:47:18","modified_gmt":"2023-01-17T15:47:18","slug":"forum-on-the-future-of-europe-lisboa","status":"publish","type":"page","link":"https:\/\/wpd.ugr.es\/~eucons\/wordpress\/eventos\/forum-on-the-future-of-europe-lisboa\/","title":{"rendered":"Forum on the Future of Europe"},"content":{"rendered":"<p style=\"text-align: center;\"><strong>Retransmisi\u00f3n en directo \/ Transmiss\u00e3o ao vivo<\/strong><\/p>\n<p><iframe loading=\"lazy\" title=\"Forum sobre o Futuro da Europa\" width=\"580\" height=\"435\" src=\"https:\/\/www.youtube.com\/embed\/d1Urd72NE0Y?feature=oembed\" frameborder=\"0\" allow=\"accelerometer; autoplay; clipboard-write; encrypted-media; gyroscope; picture-in-picture; web-share\" allowfullscreen><\/iframe><\/p>\n<p style=\"font-weight: 400; text-align: center;\">Por ocasi\u00e3o do 15\u00ba anivers\u00e1rio do Tratado de Lisboa<\/p>\n<p style=\"font-weight: 400; text-align: center;\">Lisboa, 20 e 21 de Janeiro de 2023<\/p>\n<p style=\"font-weight: 400; text-align: center;\">Universidade de Lisboa<\/p>\n<p style=\"font-weight: 400;\">O projeto Jean Monnet Eucons est\u00e1 a organizar um F\u00f3rum sobre o Futuro da Europa, um encontro internacional de estudiosos do direito constitucional europeu, principalmente do Sul da Europa, para debater e trocar ideias sobre o futuro da Uni\u00e3o com o objectivo de elaborar um Dec\u00e1logo \u00abPara uma Europa dos Cidad\u00e3os\u00bb. Por ocasi\u00e3o do 15\u00ba anivers\u00e1rio do Tratado de Lisboa, iremos reunir em Lisboa para apresentar propostas para o futuro da Europa em torno de 4 eixos principais: 1) Identidade Constitucional e Estado de Direito; 2) Economia, Tecnologia e Defesa; 3) Reformas Institucionais; 4) Ambiente, Energia e Sa\u00fade. Estes eixos ser\u00e3o desenvolvidos em 4 mesas redondas tendo em conta o di\u00e1logo intergeracional. Posteriormente, ser\u00e3o criados grupos de trabalho espec\u00edficos para elaborar o Dec\u00e1logo, que ser\u00e1 apresentado em Bruxelas na Primavera de 2023.<\/p>\n<p><a href=\"http:\/\/wpd.ugr.es\/~eucons\/wordpress\/eventos\/forum-on-the-future-of-europe-lisboa\/programa-2\/\" target=\"_blank\" rel=\"noopener\">Programa<\/a><\/p>\n<p>&nbsp;<\/p>\n<p><img loading=\"lazy\" class=\"alignnone wp-image-595 size-full\" src=\"http:\/\/wpd.ugr.es\/~eucons\/wordpress\/wp-content\/uploads\/2022\/02\/Central-Lisbon_wAalYbtMx5UN-scaled.jpeg\" alt=\"\" width=\"2560\" height=\"1707\" srcset=\"https:\/\/wpd.ugr.es\/~eucons\/wordpress\/wp-content\/uploads\/2022\/02\/Central-Lisbon_wAalYbtMx5UN-scaled.jpeg 2560w, https:\/\/wpd.ugr.es\/~eucons\/wordpress\/wp-content\/uploads\/2022\/02\/Central-Lisbon_wAalYbtMx5UN-300x200.jpeg 300w, https:\/\/wpd.ugr.es\/~eucons\/wordpress\/wp-content\/uploads\/2022\/02\/Central-Lisbon_wAalYbtMx5UN-1024x683.jpeg 1024w, https:\/\/wpd.ugr.es\/~eucons\/wordpress\/wp-content\/uploads\/2022\/02\/Central-Lisbon_wAalYbtMx5UN-768x512.jpeg 768w, https:\/\/wpd.ugr.es\/~eucons\/wordpress\/wp-content\/uploads\/2022\/02\/Central-Lisbon_wAalYbtMx5UN-1536x1024.jpeg 1536w, https:\/\/wpd.ugr.es\/~eucons\/wordpress\/wp-content\/uploads\/2022\/02\/Central-Lisbon_wAalYbtMx5UN-2048x1366.jpeg 2048w, https:\/\/wpd.ugr.es\/~eucons\/wordpress\/wp-content\/uploads\/2022\/02\/Central-Lisbon_wAalYbtMx5UN-1200x800.jpeg 1200w, https:\/\/wpd.ugr.es\/~eucons\/wordpress\/wp-content\/uploads\/2022\/02\/Central-Lisbon_wAalYbtMx5UN-1980x1320.jpeg 1980w\" sizes=\"(max-width: 2560px) 100vw, 2560px\" \/><\/p>\n<p style=\"text-align: center;\">Lisboa &#8211; 20 y 21 de enero de 2023<\/p>\n<p style=\"text-align: center;\">Con ocasi\u00f3n del 15\u00ba aniversario del Tratado de Lisboa<\/p>\n<p style=\"font-weight: 400; text-align: center;\"><strong>Universidade de Lisboa<\/strong><\/p>\n<p style=\"font-weight: 400;\">El Proyecto Jean Monnet Eucons organiza un <strong>Forum sobre el Futuro de Europa,<\/strong> un encuentro internacional de estudiosos del <strong>Derecho constitucional europeo<\/strong>, provenientes principalmente de la Europa del Sur, para <strong>debatir e intercambiar ideas sobre el futuro de la Uni\u00f3n <\/strong>con el prop\u00f3sito de elaborar un <strong>Dec\u00e1logo \u00abhacia la Europa de los Ciudadanos\u00bb. <\/strong>Con ocasi\u00f3n de los <strong>15 a\u00f1os del Tratado de Lisboa,<\/strong> nos reuniremos en esa ciudad para presentar propuestas para el futuro de Europa en torno a 4 ejes principales: 1) Identidad constitucional y Estado de Derecho; 2) Econom\u00eda, Tecnolog\u00eda y Defensa; 3) Medio Ambiente, Energ\u00eda y Salud; 4) Reformas institucionales. Estos ejes se desarrollar\u00e1n en 4 mesas que respondan al di\u00e1logo intergeneracional. Posteriormente se crear\u00e1n grupos de trabajo espec\u00edficos que redactar\u00e1n el mencionado dec\u00e1logo, que ser\u00e1 presentado en Bruselas durante la primavera de 2023.<\/p>\n<p><a href=\"http:\/\/wpd.ugr.es\/~eucons\/wordpress\/eventos\/forum-on-the-future-of-europe-lisboa\/programa\/\" target=\"_blank\" rel=\"noopener\">Programa<\/a><\/p>\n","protected":false},"excerpt":{"rendered":"<p>Retransmisi\u00f3n en directo \/ Transmiss\u00e3o ao vivo Por ocasi\u00e3o do 15\u00ba anivers\u00e1rio do Tratado de Lisboa Lisboa, 20 e 21 de Janeiro de 2023 Universidade de Lisboa O projeto Jean Monnet Eucons est\u00e1 a organizar um F\u00f3rum sobre o Futuro da Europa, um encontro internacional de estudiosos do direito constitucional europeu, principalmente do Sul da [&hellip;]<\/p>\n","protected":false},"author":1,"featured_media":0,"parent":566,"menu_order":0,"comment_status":"closed","ping_status":"closed","template":"","meta":[],"_links":{"self":[{"href":"https:\/\/wpd.ugr.es\/~eucons\/wordpress\/wp-json\/wp\/v2\/pages\/576"}],"collection":[{"href":"https:\/\/wpd.ugr.es\/~eucons\/wordpress\/wp-json\/wp\/v2\/pages"}],"about":[{"href":"https:\/\/wpd.ugr.es\/~eucons\/wordpress\/wp-json\/wp\/v2\/types\/page"}],"author":[{"embeddable":true,"href":"https:\/\/wpd.ugr.es\/~eucons\/wordpress\/wp-json\/wp\/v2\/users\/1"}],"replies":[{"embeddable":true,"href":"https:\/\/wpd.ugr.es\/~eucons\/wordpress\/wp-json\/wp\/v2\/comments?post=576"}],"version-history":[{"count":8,"href":"https:\/\/wpd.ugr.es\/~eucons\/wordpress\/wp-json\/wp\/v2\/pages\/576\/revisions"}],"predecessor-version":[{"id":875,"href":"https:\/\/wpd.ugr.es\/~eucons\/wordpress\/wp-json\/wp\/v2\/pages\/576\/revisions\/875"}],"up":[{"embeddable":true,"href":"https:\/\/wpd.ugr.es\/~eucons\/wordpress\/wp-json\/wp\/v2\/pages\/566"}],"wp:attachment":[{"href":"https:\/\/wpd.ugr.es\/~eucons\/wordpress\/wp-json\/wp\/v2\/media?parent=576"}],"curies":[{"name":"wp","href":"https:\/\/api.w.org\/{rel}","templated":true}]}}