{"id":2,"date":"2024-03-18T17:56:17","date_gmt":"2024-03-18T16:56:17","guid":{"rendered":"https:\/\/wpd.ugr.es\/~fcienciastfg\/?page_id=2"},"modified":"2024-08-15T11:45:53","modified_gmt":"2024-08-15T09:45:53","slug":"pagina-ejemplo","status":"publish","type":"page","link":"https:\/\/wpd.ugr.es\/~fcienciastfg\/","title":{"rendered":"Inicio"},"content":{"rendered":"\n\n\n\t<div class=\"dkpdf-button-container\" style=\"            text-align:right \">\n\n\t\t<a class=\"dkpdf-button\" href=\"\/~fcienciastfg\/wp-json\/wp\/v2\/pages\/2?pdf=2\" target=\"_blank\"><span class=\"dkpdf-button-icon\"><i class=\"fa fa-file-pdf-o\"><\/i><\/span> PDF<\/a>\n\n\t<\/div>\n\n\n\n\n\n\t\t<div data-elementor-type=\"wp-page\" data-elementor-id=\"2\" class=\"elementor elementor-2\">\n\t\t\t\t<div class=\"elementor-element elementor-element-65cd9565 e-flex e-con-boxed e-con e-parent\" data-id=\"65cd9565\" data-element_type=\"container\" data-core-v316-plus=\"true\">\n\t\t\t\t\t<div class=\"e-con-inner\">\n\t\t\t\t<div class=\"elementor-element elementor-element-4b7ac0a6 elementor-widget elementor-widget-text-editor\" data-id=\"4b7ac0a6\" data-element_type=\"widget\" data-widget_type=\"text-editor.default\">\n\t\t\t\t<div class=\"elementor-widget-container\">\n\t\t\t<style>\/*! elementor - v3.20.0 - 26-03-2024 *\/\n.elementor-widget-text-editor.elementor-drop-cap-view-stacked .elementor-drop-cap{background-color:#69727d;color:#fff}.elementor-widget-text-editor.elementor-drop-cap-view-framed .elementor-drop-cap{color:#69727d;border:3px solid;background-color:transparent}.elementor-widget-text-editor:not(.elementor-drop-cap-view-default) .elementor-drop-cap{margin-top:8px}.elementor-widget-text-editor:not(.elementor-drop-cap-view-default) .elementor-drop-cap-letter{width:1em;height:1em}.elementor-widget-text-editor .elementor-drop-cap{float:left;text-align:center;line-height:1;font-size:50px}.elementor-widget-text-editor .elementor-drop-cap-letter{display:inline-block}<\/style>\t\t\t\t<p>Hemos desarrollado una plataforma para la gesti\u00f3n de la asignatura Trabajo Fin de Grado en la Facultad de Ciencias.<\/p><p>Durante el curso 2023-2024 se estableci\u00f3 un plan piloto para los Grados en Bioqu\u00edmica y en F\u00edsica.<\/p><p>En el curso 2024-2025 se incorpora el resto de los grados de la Facultad de Ciencias, junto al doble grado en F\u00edsica y Matem\u00e1ticas.<\/p><p>Se trata de una gesti\u00f3n compleja, por lo que pedimos la colaboraci\u00f3n de todos, un poco de paciencia con los problemas que surjan y ayuda para la mejora.\u00a0<\/p><p>Cualquier problema, duda o sugerencia se puede comunicar a <strong>fcienciastfg<\/strong> (en) ugr.es<\/p>\t\t\t\t\t\t<\/div>\n\t\t\t\t<\/div>\n\t\t\t\t\t<\/div>\n\t\t\t\t<\/div>\n\t\t<div class=\"elementor-element elementor-element-b09c650 e-flex e-con-boxed e-con e-parent\" data-id=\"b09c650\" data-element_type=\"container\" data-core-v316-plus=\"true\">\n\t\t\t\t\t<div class=\"e-con-inner\">\n\t\t\t\t<div class=\"elementor-element elementor-element-8b39c49 elementor-align-center elementor-widget elementor-widget-button\" data-id=\"8b39c49\" data-element_type=\"widget\" data-widget_type=\"button.default\">\n\t\t\t\t<div class=\"elementor-widget-container\">\n\t\t\t\t\t<div class=\"elementor-button-wrapper\">\n\t\t\t<a class=\"elementor-button elementor-button-link elementor-size-sm\" href=\"https:\/\/fciencias.ugr.es\/trabajofingrado\/\" target=\"_blank\">\n\t\t\t\t\t\t<span class=\"elementor-button-content-wrapper\">\n\t\t\t\t\t\t<span class=\"elementor-button-text\">Acceso a la plataforma<\/span>\n\t\t<\/span>\n\t\t\t\t\t<\/a>\n\t\t<\/div>\n\t\t\t\t<\/div>\n\t\t\t\t<\/div>\n\t\t\t\t\t<\/div>\n\t\t\t\t<\/div>\n\t\t\t\t<\/div>\n\t\t","protected":false},"excerpt":{"rendered":"<p>PDF Hemos desarrollado una plataforma para la gesti\u00f3n de la asignatura Trabajo Fin de Grado en la Facultad de Ciencias. Durante el curso 2023-2024 se&hellip;<\/p>\n","protected":false},"author":1,"featured_media":0,"parent":0,"menu_order":0,"comment_status":"closed","ping_status":"open","template":"","meta":{"footnotes":""},"_links":{"self":[{"href":"https:\/\/wpd.ugr.es\/~fcienciastfg\/wp-json\/wp\/v2\/pages\/2"}],"collection":[{"href":"https:\/\/wpd.ugr.es\/~fcienciastfg\/wp-json\/wp\/v2\/pages"}],"about":[{"href":"https:\/\/wpd.ugr.es\/~fcienciastfg\/wp-json\/wp\/v2\/types\/page"}],"author":[{"embeddable":true,"href":"https:\/\/wpd.ugr.es\/~fcienciastfg\/wp-json\/wp\/v2\/users\/1"}],"replies":[{"embeddable":true,"href":"https:\/\/wpd.ugr.es\/~fcienciastfg\/wp-json\/wp\/v2\/comments?post=2"}],"version-history":[{"count":10,"href":"https:\/\/wpd.ugr.es\/~fcienciastfg\/wp-json\/wp\/v2\/pages\/2\/revisions"}],"predecessor-version":[{"id":907,"href":"https:\/\/wpd.ugr.es\/~fcienciastfg\/wp-json\/wp\/v2\/pages\/2\/revisions\/907"}],"wp:attachment":[{"href":"https:\/\/wpd.ugr.es\/~fcienciastfg\/wp-json\/wp\/v2\/media?parent=2"}],"curies":[{"name":"wp","href":"https:\/\/api.w.org\/{rel}","templated":true}]}}