{"id":2344,"date":"2020-05-05T11:19:30","date_gmt":"2020-05-05T09:19:30","guid":{"rendered":"http:\/\/wpd.ugr.es\/~filolab\/wordpress\/?page_id=2344"},"modified":"2020-05-25T12:06:10","modified_gmt":"2020-05-25T10:06:10","slug":"pedro-frances-gomez","status":"publish","type":"page","link":"https:\/\/wpd.ugr.es\/~filolab\/wordpress\/quienes-somos-nueva\/investigadores-garantes\/pedro-frances-gomez\/","title":{"rendered":"Pedro Franc\u00e9s G\u00f3mez"},"content":{"rendered":"<div id=\"pl-2344\"  class=\"panel-layout\" ><div id=\"pg-2344-0\"  class=\"panel-grid panel-no-style\" ><div id=\"pgc-2344-0-0\"  class=\"panel-grid-cell\" ><div id=\"panel-2344-0-0-0\" class=\"so-panel widget widget_sow-image panel-first-child panel-last-child\" data-index=\"0\" ><div class=\"so-widget-sow-image so-widget-sow-image-default-d6014b76747a\">\n\n<div class=\"sow-image-container\">\n\t<img src=\"https:\/\/wpd.ugr.es\/~filolab\/wordpress\/wp-content\/uploads\/2020\/05\/Franc\u00e9sG\u00f3mez-min.jpg\" width=\"440\" height=\"663\" srcset=\"https:\/\/wpd.ugr.es\/~filolab\/wordpress\/wp-content\/uploads\/2020\/05\/Franc\u00e9sG\u00f3mez-min.jpg 440w, https:\/\/wpd.ugr.es\/~filolab\/wordpress\/wp-content\/uploads\/2020\/05\/Franc\u00e9sG\u00f3mez-min-199x300.jpg 199w\" sizes=\"(max-width: 440px) 100vw, 440px\" title=\"Pedro Franc\u00e9s G\u00f3mez\" alt=\"\" \t\tclass=\"so-widget-image\"\/>\n<\/div>\n\n<\/div><\/div><\/div><div id=\"pgc-2344-0-1\"  class=\"panel-grid-cell\" ><div id=\"panel-2344-0-1-0\" class=\"so-panel widget widget_sow-editor panel-first-child panel-last-child\" data-index=\"1\" ><div class=\"so-widget-sow-editor so-widget-sow-editor-base\">\n<div class=\"siteorigin-widget-tinymce textwidget\">\n\t<p>Miembro Garante de FiloLab<\/p>\n<p>Profesor Titutar, <a href=\"https:\/\/directorio.ugr.es\/static\/PersonalUGR\/*\/show\/bace67774033e65cbe0abb0c1ea1af56\">Departamento de Filosof\u00eda I, UGR<\/a><\/p>\n<p>Miembro del Comit\u00e9 Ejecutivo de la <a href=\"https:\/\/www.eben-net.org\/\"><em>European Business Ethics Network\u00a0<\/em>(EBEN)<\/a><\/p>\n<p>P\u00e1gina web: <a href=\"http:\/\/wpd.ugr.es\/~pfg\/\">http:\/\/wpd.ugr.es\/~pfg\/<\/a><\/p>\n<p>Contacto: <a href=\"mailto:pfg@ugr.es\">pfg@ugr.es<\/a><\/p>\n<\/div>\n<\/div><\/div><\/div><\/div><div id=\"pg-2344-1\"  class=\"panel-grid panel-no-style\" ><div id=\"pgc-2344-1-0\"  class=\"panel-grid-cell\" ><div id=\"panel-2344-1-0-0\" class=\"so-panel widget widget_sow-editor panel-first-child\" data-index=\"2\" ><div class=\"so-widget-sow-editor so-widget-sow-editor-base\">\n<div class=\"siteorigin-widget-tinymce textwidget\">\n\t<p>Pedro Franc\u00e9s G\u00f3mez es profesor titular del Departamento de Filosof\u00eda I de la Universidad de Granada. Es vocal de la Junta Directiva de EBEN Espa\u00f1a, cap\u00edtulo espa\u00f1ol de la <a href=\"http:\/\/www.eben-spain.org\/la-junta-directiva-de-eben\/\"><em>European Business Ethics Network<\/em><\/a> y editor de la <em>Newsletter<\/em> de EBEN Espa\u00f1a. Es miembro del <a href=\"http:\/\/www.eben-net.org\/content\/executive-committee\">Comit\u00e9 Ejecutivo de <em>EBEN<\/em><\/a>.\u00a0 Ha publicado monograf\u00edas, textos divulgativos, y coordinado como editor o co-editor numerosas publicaciones en los campos de la \u00e9tica, filosof\u00eda pol\u00edtica y \u00e9tica empresarial. Entre sus obras m\u00e1s recientes destaca el cap\u00edtulo \u201cSocial Contract Theories\u201d en <em>The Routledge Companion to Business Ethics<\/em> (eds. Heath Kaldis y Marcoux, Oxford, 2018, pp. 96\u2013113).<\/p>\n<p>&nbsp;<\/p>\n<\/div>\n<\/div><\/div><div id=\"panel-2344-1-0-1\" class=\"so-panel widget widget_sow-headline\" data-index=\"3\" ><div class=\"so-widget-sow-headline so-widget-sow-headline-default-66949b92e845\"><div class=\"sow-headline-container \">\n\t<h1 class='sow-headline'>L\u00edneas de investigaci\u00f3n<\/h1>\t\t\t\t\t<div class=\"decoration\">\n\t\t\t\t\t\t<div class=\"decoration-inside\"><\/div>\n\t\t\t\t\t<\/div>\n\t\t\t\t\t<\/div><\/div><\/div><div id=\"panel-2344-1-0-2\" class=\"so-panel widget widget_sow-editor\" data-index=\"4\" ><div class=\"so-widget-sow-editor so-widget-sow-editor-base\">\n<div class=\"siteorigin-widget-tinymce textwidget\">\n\t<p>La Teor\u00eda del Contrato Social como fundamento normativo de la \u00e9tica empresarial y la responsabilidad corporativa, en sus aspectos te\u00f3ricos y aplicados.<\/p>\n<p>M\u00e9todos experimentales como soporte de argumentos normativos en \u00e9tica aplicada, en particular \u00e9tica econ\u00f3mica y social.<\/p>\n<\/div>\n<\/div><\/div><div id=\"panel-2344-1-0-3\" class=\"so-panel widget widget_sow-headline\" data-index=\"5\" ><div class=\"so-widget-sow-headline so-widget-sow-headline-default-66949b92e845\"><div class=\"sow-headline-container \">\n\t<h1 class='sow-headline'>Publicaciones destacadas<\/h1>\t\t\t\t\t<div class=\"decoration\">\n\t\t\t\t\t\t<div class=\"decoration-inside\"><\/div>\n\t\t\t\t\t<\/div>\n\t\t\t\t\t<\/div><\/div><\/div><div id=\"panel-2344-1-0-4\" class=\"so-panel widget widget_sow-editor\" data-index=\"6\" ><div class=\"so-widget-sow-editor so-widget-sow-editor-base\">\n<div class=\"siteorigin-widget-tinymce textwidget\">\n\t<p>[2019] Franc\u00e9s G\u00f3mez, Pedro. \"Social Contract Theory and Business Legitimacy.\" <em>Handbook of Business Legitimacy<\/em>. <em>Responsibility, Ethics and Legitimacy<\/em>, editado por Jacob Dahl-Rendtorff. Cham: Springer.<\/p>\n<p>[2019] Gonz\u00e1lez-Gonz\u00e1lez, Jos\u00e9 Mar\u00eda, Francisco D. Bretones, Roc\u00edo Gonz\u00e1lez-Mart\u00ednez, y Pedro Franc\u00e9s-G\u00f3mez. \"The future of an illusion. Paradoxes of Corporate Social Responsibility.\" <em>Journal of Organizational Change Management<\/em>, vol. 32, no. 1. DOI: 10.1108\/JOCM-01-2018-0018.<\/p>\n<p>[2018] Franc\u00e9s-G\u00f3mez, Pedro. \"Social Contract Theories.\" <em>The Routledge Companion to Business Ethics<\/em>, editado por Eugene Heath, Byron Kaldis, y Alexei Marcoux. New York: Routledge, pp. 96-113.<\/p>\n<p>[2017] Bretones, Francisco D., Jos\u00e9 Mar\u00eda Gonz\u00e1lez-Gonz\u00e1lez, Pedro Franc\u00e9s-G\u00f3mez, y Roc\u00edo Gonz\u00e1lez-Mart\u00ednez. \"Impacto de las tecnolog\u00edas en los riesgos psicosociales en el trabajo.\" <em>El Riesgo Tecnol\u00f3gico I<\/em>, editado por Cristina Palma Concei\u00e7\u00e3o y Marta I. Gonz\u00e1lez Garc\u00eda. Madrid: Los libros de la catarata, pp. 107-123.<\/p>\n<p>[2015] Franc\u00e9s-G\u00f3mez, Pedro, Marco Faillo, y Lorenzo Sacconi. \"Experimental economics as a method for normative business ethics.\" <em>Business Ethics: European Review<\/em>, vol. 24, no. S1, pp. 41-53. DOI:10.1111\/beer.12096.<\/p>\n<p>[2014] Granda Revilla, Germ\u00e1n, y Pedro Franc\u00e9s-G\u00f3mez. \"CSR in Spain: Recent history and current direction.\" <em>Forum Wirtschaftsethik Jahresschrift 2014<\/em>, vol. 22, pp. 43-44.<\/p>\n<p>[2014] Franc\u00e9s-G\u00f3mez, Pedro. \"Nota sobre la evoluci\u00f3n del concepto de responsabilidad empresarial.\" <em>Dilemata. Revista Internacional de \u00c9ticas aplicadas<\/em>, vol. 15, pp. 51-67.<\/p>\n<p>[2012] Franc\u00e9s-G\u00f3mez, Pedro. \"Capitalismo kantiano y el modelo <em>stakeholder<\/em>: la necesidad de una \u00e9tica empresarial de la justicia.\" <em>Las Torres de Lucca. Revista Internacional de Filosof\u00eda Pol\u00edtica<\/em>, vol. 1, pp. 43-74.<\/p>\n<p>[2008] Franc\u00e9s-G\u00f3mez Pedro, y Ariel Del Rio. \"Stakeholder\u2019s Preference and Rational Compliance: A Comment on Sacconi\u2019s \u2018CSR as a Model for Extended Corporate Governance II: Compliance, Reputation and Reciprocity\u2019.\" <em>Journal of Business Ethics<\/em>, vol. 82, pp. 59-76.<\/p>\n<\/div>\n<\/div><\/div><div id=\"panel-2344-1-0-5\" class=\"so-panel widget widget_sow-headline\" data-index=\"7\" ><div class=\"so-widget-sow-headline so-widget-sow-headline-default-66949b92e845\"><div class=\"sow-headline-container \">\n\t<h1 class='sow-headline'>Proyectos<\/h1>\t\t\t\t\t<div class=\"decoration\">\n\t\t\t\t\t\t<div class=\"decoration-inside\"><\/div>\n\t\t\t\t\t<\/div>\n\t\t\t\t\t<\/div><\/div><\/div><div id=\"panel-2344-1-0-6\" class=\"so-panel widget widget_sow-editor panel-last-child\" data-index=\"8\" ><div class=\"so-widget-sow-editor so-widget-sow-editor-base\">\n<div class=\"siteorigin-widget-tinymce textwidget\">\n\t<p>\"Business Ethics: Normativity and economic Behavior III: A New Social Contract (BENEB3)\"(FFI2017-87953R)<\/p>\n<p>\"Business Ethics: Normativity and economic Behavior II (BENEB2)\" (FFI2014-56391P)<\/p>\n<\/div>\n<\/div><\/div><\/div><\/div><\/div><!-- AddThis Advanced Settings generic via filter on the_content --><!-- AddThis Share Buttons generic via filter on the_content -->","protected":false},"excerpt":{"rendered":"<p>Miembro Garante de FiloLab Profesor Titutar, Departamento de Filosof\u00eda I, UGR Miembro del Comit\u00e9 Ejecutivo de la European Business Ethics Network\u00a0(EBEN) P\u00e1gina web: http:\/\/wpd.ugr.es\/~pfg\/ Contacto: pfg@ugr.es Pedro Franc\u00e9s G\u00f3mez es profesor titular del Departamento de Filosof\u00eda I de la Universidad de Granada. Es vocal de la Junta Directiva de EBEN Espa\u00f1a, cap\u00edtulo espa\u00f1ol de la [&hellip;]<!-- AddThis Advanced Settings generic via filter on get_the_excerpt --><!-- AddThis Share Buttons generic via filter on get_the_excerpt --><\/p>\n","protected":false},"author":1,"featured_media":0,"parent":934,"menu_order":0,"comment_status":"closed","ping_status":"closed","template":"","meta":[],"_links":{"self":[{"href":"https:\/\/wpd.ugr.es\/~filolab\/wordpress\/wp-json\/wp\/v2\/pages\/2344"}],"collection":[{"href":"https:\/\/wpd.ugr.es\/~filolab\/wordpress\/wp-json\/wp\/v2\/pages"}],"about":[{"href":"https:\/\/wpd.ugr.es\/~filolab\/wordpress\/wp-json\/wp\/v2\/types\/page"}],"author":[{"embeddable":true,"href":"https:\/\/wpd.ugr.es\/~filolab\/wordpress\/wp-json\/wp\/v2\/users\/1"}],"replies":[{"embeddable":true,"href":"https:\/\/wpd.ugr.es\/~filolab\/wordpress\/wp-json\/wp\/v2\/comments?post=2344"}],"version-history":[{"count":10,"href":"https:\/\/wpd.ugr.es\/~filolab\/wordpress\/wp-json\/wp\/v2\/pages\/2344\/revisions"}],"predecessor-version":[{"id":2892,"href":"https:\/\/wpd.ugr.es\/~filolab\/wordpress\/wp-json\/wp\/v2\/pages\/2344\/revisions\/2892"}],"up":[{"embeddable":true,"href":"https:\/\/wpd.ugr.es\/~filolab\/wordpress\/wp-json\/wp\/v2\/pages\/934"}],"wp:attachment":[{"href":"https:\/\/wpd.ugr.es\/~filolab\/wordpress\/wp-json\/wp\/v2\/media?parent=2344"}],"curies":[{"name":"wp","href":"https:\/\/api.w.org\/{rel}","templated":true}]}}