{"id":2476,"date":"2020-05-07T12:06:13","date_gmt":"2020-05-07T10:06:13","guid":{"rendered":"http:\/\/wpd.ugr.es\/~filolab\/wordpress\/?page_id=2476"},"modified":"2020-05-25T10:34:34","modified_gmt":"2020-05-25T08:34:34","slug":"paloma-garcia-diaz","status":"publish","type":"page","link":"https:\/\/wpd.ugr.es\/~filolab\/wordpress\/quienes-somos-nueva\/investigadores-asociados\/paloma-garcia-diaz\/","title":{"rendered":"Paloma Garc\u00eda D\u00edaz"},"content":{"rendered":"<div id=\"pl-2476\"  class=\"panel-layout\" ><div id=\"pg-2476-0\"  class=\"panel-grid panel-no-style\" ><div id=\"pgc-2476-0-0\"  class=\"panel-grid-cell\" ><div id=\"panel-2476-0-0-0\" class=\"so-panel widget widget_sow-image panel-first-child panel-last-child\" data-index=\"0\" ><div class=\"so-widget-sow-image so-widget-sow-image-default-d6014b76747a\">\n\n<div class=\"sow-image-container\">\n\t<img src=\"https:\/\/wpd.ugr.es\/~filolab\/wordpress\/wp-content\/uploads\/2020\/05\/Garc\u00eda-D\u00edaz-min.jpg\" width=\"1080\" height=\"807\" srcset=\"https:\/\/wpd.ugr.es\/~filolab\/wordpress\/wp-content\/uploads\/2020\/05\/Garc\u00eda-D\u00edaz-min.jpg 1080w, https:\/\/wpd.ugr.es\/~filolab\/wordpress\/wp-content\/uploads\/2020\/05\/Garc\u00eda-D\u00edaz-min-300x224.jpg 300w, https:\/\/wpd.ugr.es\/~filolab\/wordpress\/wp-content\/uploads\/2020\/05\/Garc\u00eda-D\u00edaz-min-1024x765.jpg 1024w, https:\/\/wpd.ugr.es\/~filolab\/wordpress\/wp-content\/uploads\/2020\/05\/Garc\u00eda-D\u00edaz-min-768x574.jpg 768w\" sizes=\"(max-width: 1080px) 100vw, 1080px\" title=\"Paloma Garc\u00eda D\u00edaz\" alt=\"\" \t\tclass=\"so-widget-image\"\/>\n<\/div>\n\n<\/div><\/div><\/div><div id=\"pgc-2476-0-1\"  class=\"panel-grid-cell\" ><div id=\"panel-2476-0-1-0\" class=\"so-panel widget widget_sow-editor panel-first-child panel-last-child\" data-index=\"1\" ><div class=\"so-widget-sow-editor so-widget-sow-editor-base\">\n<div class=\"siteorigin-widget-tinymce textwidget\">\n\t<p>Investigadora Asociada a FiloLab<\/p>\n<p>Profesora Asociada Laboral, <a href=\"https:\/\/directorio.ugr.es\/static\/PersonalUGR\/*\/show\/bad44ff7d61c201a84180e7be37c4ef8\">Departamento de Filosof\u00eda I, UGR<\/a><\/p>\n<p>P\u00e1gina web: <a href=\"http:\/\/palomagdiaz.wixsite.com\/perso-pro\">palomagdiaz.wixsite.com\/perso-pro<\/a><\/p>\n<p>Contacto: palomagdiaz@ugr.es<\/p>\n<\/div>\n<\/div><\/div><\/div><\/div><div id=\"pg-2476-1\"  class=\"panel-grid panel-no-style\" ><div id=\"pgc-2476-1-0\"  class=\"panel-grid-cell\" ><div id=\"panel-2476-1-0-0\" class=\"so-panel widget widget_sow-editor panel-first-child\" data-index=\"2\" ><div class=\"so-widget-sow-editor so-widget-sow-editor-base\">\n<div class=\"siteorigin-widget-tinymce textwidget\">\n\t<p>Paloma Garc\u00eda D\u00edaz es profesora de secundaria y profesora asociada laboral del Departamento de Filosof\u00eda I de la Universidad de Granada. Imparte docencia en el <em>M\u00e1ster\u00a0de Profesorado de Educaci\u00f3n Secundaria Obligatoria, Bachillerato, Formaci\u00f3n Profesional y Ense\u00f1anza de Idiomas<\/em> de la Universidad de Granada en la materia de \"Complementos de formaci\u00f3n de las ciencias sociales: itinerario de Filosof\u00eda\".<\/p>\n<p>&nbsp;<\/p>\n<\/div>\n<\/div><\/div><div id=\"panel-2476-1-0-1\" class=\"so-panel widget widget_sow-headline\" data-index=\"3\" ><div class=\"so-widget-sow-headline so-widget-sow-headline-default-66949b92e845\"><div class=\"sow-headline-container \">\n\t<h1 class='sow-headline'>L\u00edneas de investigaci\u00f3n<\/h1>\t\t\t\t\t<div class=\"decoration\">\n\t\t\t\t\t\t<div class=\"decoration-inside\"><\/div>\n\t\t\t\t\t<\/div>\n\t\t\t\t\t<\/div><\/div><\/div><div id=\"panel-2476-1-0-2\" class=\"so-panel widget widget_sow-editor\" data-index=\"4\" ><div class=\"so-widget-sow-editor so-widget-sow-editor-base\">\n<div class=\"siteorigin-widget-tinymce textwidget\">\n\t<p>La l\u00ednea de investigaci\u00f3n de sus primeras producciones cient\u00edficas se inserta en el marco interdisciplinar de los estudios de Ciencia y Tecnolog\u00eda (STS). Ha investigado sobre los temas de la democratizaci\u00f3n de la ciencia y modelos pol\u00edticos desde los que interpretar la participaci\u00f3n ciudadana en los casos de controversias socio-t\u00e9cnicas. Los \u00faltimos trabajos que ha realizado se relacionan con los aspectos \u00e9ticos y pol\u00edticos de los avances biom\u00e9dicos en mejora humana.<\/p>\n<\/div>\n<\/div><\/div><div id=\"panel-2476-1-0-3\" class=\"so-panel widget widget_sow-headline\" data-index=\"5\" ><div class=\"so-widget-sow-headline so-widget-sow-headline-default-66949b92e845\"><div class=\"sow-headline-container \">\n\t<h1 class='sow-headline'>Publicaciones destacadas<\/h1>\t\t\t\t\t<div class=\"decoration\">\n\t\t\t\t\t\t<div class=\"decoration-inside\"><\/div>\n\t\t\t\t\t<\/div>\n\t\t\t\t\t<\/div><\/div><\/div><div id=\"panel-2476-1-0-4\" class=\"so-panel widget widget_sow-editor\" data-index=\"6\" ><div class=\"so-widget-sow-editor so-widget-sow-editor-base\">\n<div class=\"siteorigin-widget-tinymce textwidget\">\n\t<p>[2016] Garc\u00eda D\u00edaz, Paloma. \"Cuestiones bio\u00e9ticas sobre el modafinilo.\"<em>Gazeta de Antropolog\u00eda<\/em>, vol. 32, no. 2. (Disponible en: <a href=\"http:\/\/www.gazeta-antropologia.es\/?p=4898\">http:\/\/www.gazeta-antropologia.es\/?p=4898<\/a>).<\/p>\n<p>[2015] Garc\u00eda D\u00edaz, Paloma. \"El debate filos\u00f3fico sobre la mejora humana y la cuesti\u00f3n del inter\u00e9s p\u00fablico.\" <em>Dilemata. Revista Internacional de \u00c9ticas Aplicadas<\/em>, no. 19 (septiembre), pp. 65-82.<\/p>\n<p>[2015] Garc\u00eda D\u00edaz, Paloma. \"Assessing Ethical Discourses on Human Enhancement From the Point of View of the Democratization of Science and Technology.\" <em>Contrastes. Revista Internacional de Filosof\u00eda<\/em>. Supplements 20 \"Ideas and Realities of Democracy: Meeting the Challenges of Contemporary Citizenship.\" pp. 127-143.<\/p>\n<p>[2014] Garc\u00eda D\u00edaz, Paloma. \"Socio-technical controversies, Democracy and Deliberation: New Challenges for Political Philosophy.\" <em>Varieties of Liberalism: Contemporary Challenges<\/em>, editado por Jan Harald Alnes, y Manuel Toscano. New Castle Upon Tyre: Cambridge Scholar Publishing, pp. 35-51.<\/p>\n<p>[2012] Garc\u00eda D\u00edaz, Paloma. \"El rol diplom\u00e1tico del cient\u00edfico social.\" <em>Teor\u00eda del actor-red. M\u00e1s all\u00e1 de los estudios de ciencia y tecnolog\u00eda, <\/em>editado por Francisco Javier Tirado, y Daniel L\u00f3pez. Barcelona: Amentia, pp. 187-216.<\/p>\n<p>[2011] Garc\u00eda D\u00edaz, Paloma. \"Revisi\u00f3n cr\u00edtica de la pol\u00edtica ontol\u00f3gica latouriana.\" <em>Athenea Digital.<\/em> <em>Revista de pensamiento e investigaci\u00f3n social<\/em>, <em>v<\/em>ol. 11, no. 1, pp. 155-170.<\/p>\n<p>[2011] Garc\u00eda D\u00edaz, Paloma. \"Object-oriented philosophy and the comprehension of scientific realities.\" <em>Athenea Digital. <\/em><em>Revista de pensamiento e investigaci\u00f3n social<\/em>, vol. 11, no. 1, pp. 225-238.<\/p>\n<p>[2008] Garc\u00eda D\u00edaz, Paloma. \"El principio de precauci\u00f3n como base de los <em>foros h\u00edbridos<\/em>.\" <em>\u00c9tica en la Pr\u00e1ctica<\/em>, editado por Pedro Franc\u00e9s et al. Granada: EUG, pp. 257-278.<\/p>\n<p>[2008] Garc\u00eda D\u00edaz, Paloma.\u00a0 \"Los l\u00edmites del principio de indeterminaci\u00f3n radical en Bruno Latour y el giro pol\u00edtico de su filosof\u00eda de la ciencia.\" <em>Theoria. Revista de teor\u00eda, historia y fundamentos de la <\/em>ciencia, vol. 23\/3, no. 63, pp. 319-336.<\/p>\n<\/div>\n<\/div><\/div><div id=\"panel-2476-1-0-5\" class=\"so-panel widget widget_sow-headline\" data-index=\"7\" ><div class=\"so-widget-sow-headline so-widget-sow-headline-default-66949b92e845\"><div class=\"sow-headline-container \">\n\t<h1 class='sow-headline'>Proyectos<\/h1>\t\t\t\t\t<div class=\"decoration\">\n\t\t\t\t\t\t<div class=\"decoration-inside\"><\/div>\n\t\t\t\t\t<\/div>\n\t\t\t\t\t<\/div><\/div><\/div><div id=\"panel-2476-1-0-6\" class=\"so-panel widget widget_sow-editor panel-last-child\" data-index=\"8\" ><div class=\"so-widget-sow-editor so-widget-sow-editor-base\">\n<div class=\"siteorigin-widget-tinymce textwidget\">\n\t<p>\"\u00c9tica y pol\u00edtica de los avances biom\u00e9dicos en mejora humana\" (FFI2012-32565) (Ministerio de Econom\u00eda y Competitividad)<\/p>\n<p>\"Investigar para medir la pobreza e impulsar la ensen\u0303anza de la e\u0301tica en Costa Rica\" (IMPECO) (Plan Propio de Desarrollo de la Universidad de Granada-2015)<\/p>\n<p><a href=\"https:\/\/flara13.wixsite.com\/enhancement\">\"Inteligencia artificial y biotecnolog\u00edas de mejora moral\"<\/a> <a href=\"https:\/\/flara13.wixsite.com\/enhancement\"> (FFI2016-79000-P). <\/a>Proyectos de I+D, Programa Estatal de Fomento de la Investigaci\u00f3n Cient\u00edfica y T\u00e9cnica de Excelencia, Subprograma Estatal de Generaci\u00f3n del Conocimiento - Convocatoria 2016.<\/p>\n<\/div>\n<\/div><\/div><\/div><\/div><\/div><!-- AddThis Advanced Settings generic via filter on the_content --><!-- AddThis Share Buttons generic via filter on the_content -->","protected":false},"excerpt":{"rendered":"<p>Investigadora Asociada a FiloLab Profesora Asociada Laboral, Departamento de Filosof\u00eda I, UGR P\u00e1gina web: palomagdiaz.wixsite.com\/perso-pro Contacto: palomagdiaz@ugr.es Paloma Garc\u00eda D\u00edaz es profesora de secundaria y profesora asociada laboral del Departamento de Filosof\u00eda I de la Universidad de Granada. Imparte docencia en el M\u00e1ster\u00a0de Profesorado de Educaci\u00f3n Secundaria Obligatoria, Bachillerato, Formaci\u00f3n Profesional y Ense\u00f1anza de Idiomas [&hellip;]<!-- AddThis Advanced Settings generic via filter on get_the_excerpt --><!-- AddThis Share Buttons generic via filter on get_the_excerpt --><\/p>\n","protected":false},"author":1,"featured_media":0,"parent":947,"menu_order":0,"comment_status":"closed","ping_status":"closed","template":"","meta":[],"_links":{"self":[{"href":"https:\/\/wpd.ugr.es\/~filolab\/wordpress\/wp-json\/wp\/v2\/pages\/2476"}],"collection":[{"href":"https:\/\/wpd.ugr.es\/~filolab\/wordpress\/wp-json\/wp\/v2\/pages"}],"about":[{"href":"https:\/\/wpd.ugr.es\/~filolab\/wordpress\/wp-json\/wp\/v2\/types\/page"}],"author":[{"embeddable":true,"href":"https:\/\/wpd.ugr.es\/~filolab\/wordpress\/wp-json\/wp\/v2\/users\/1"}],"replies":[{"embeddable":true,"href":"https:\/\/wpd.ugr.es\/~filolab\/wordpress\/wp-json\/wp\/v2\/comments?post=2476"}],"version-history":[{"count":6,"href":"https:\/\/wpd.ugr.es\/~filolab\/wordpress\/wp-json\/wp\/v2\/pages\/2476\/revisions"}],"predecessor-version":[{"id":2850,"href":"https:\/\/wpd.ugr.es\/~filolab\/wordpress\/wp-json\/wp\/v2\/pages\/2476\/revisions\/2850"}],"up":[{"embeddable":true,"href":"https:\/\/wpd.ugr.es\/~filolab\/wordpress\/wp-json\/wp\/v2\/pages\/947"}],"wp:attachment":[{"href":"https:\/\/wpd.ugr.es\/~filolab\/wordpress\/wp-json\/wp\/v2\/media?parent=2476"}],"curies":[{"name":"wp","href":"https:\/\/api.w.org\/{rel}","templated":true}]}}