{"id":2497,"date":"2020-05-07T12:57:34","date_gmt":"2020-05-07T10:57:34","guid":{"rendered":"http:\/\/wpd.ugr.es\/~filolab\/wordpress\/?page_id=2497"},"modified":"2024-07-30T11:14:24","modified_gmt":"2024-07-30T09:14:24","slug":"manuel-sanchez-rodriguez","status":"publish","type":"page","link":"https:\/\/wpd.ugr.es\/~filolab\/wordpress\/quienes-somos-nueva\/investigadores-garantes\/manuel-sanchez-rodriguez\/","title":{"rendered":"Manuel S\u00e1nchez Rodr\u00edguez"},"content":{"rendered":"<div id=\"pl-2497\"  class=\"panel-layout\" ><div id=\"pg-2497-0\"  class=\"panel-grid panel-no-style\" ><div id=\"pgc-2497-0-0\"  class=\"panel-grid-cell\" ><div id=\"panel-2497-0-0-0\" class=\"so-panel widget widget_sow-image panel-first-child panel-last-child\" data-index=\"0\" ><div class=\"so-widget-sow-image so-widget-sow-image-default-d6014b76747a\">\n\n<div class=\"sow-image-container\">\n\t<img src=\"https:\/\/wpd.ugr.es\/~filolab\/wordpress\/wp-content\/uploads\/2020\/05\/SanchezRodriguez-min.jpg\" width=\"430\" height=\"430\" srcset=\"https:\/\/wpd.ugr.es\/~filolab\/wordpress\/wp-content\/uploads\/2020\/05\/SanchezRodriguez-min.jpg 430w, https:\/\/wpd.ugr.es\/~filolab\/wordpress\/wp-content\/uploads\/2020\/05\/SanchezRodriguez-min-300x300.jpg 300w, https:\/\/wpd.ugr.es\/~filolab\/wordpress\/wp-content\/uploads\/2020\/05\/SanchezRodriguez-min-150x150.jpg 150w, https:\/\/wpd.ugr.es\/~filolab\/wordpress\/wp-content\/uploads\/2020\/05\/SanchezRodriguez-min-400x400.jpg 400w, https:\/\/wpd.ugr.es\/~filolab\/wordpress\/wp-content\/uploads\/2020\/05\/SanchezRodriguez-min-100x100.jpg 100w\" sizes=\"(max-width: 430px) 100vw, 430px\" title=\"Manuel S\u00e1nchez Rodr\u00edguez\" alt=\"\" \t\tclass=\"so-widget-image\"\/>\n<\/div>\n\n<\/div><\/div><\/div><div id=\"pgc-2497-0-1\"  class=\"panel-grid-cell\" ><div id=\"panel-2497-0-1-0\" class=\"so-panel widget widget_sow-editor panel-first-child panel-last-child\" data-index=\"1\" ><div class=\"so-widget-sow-editor so-widget-sow-editor-base\">\n<div class=\"siteorigin-widget-tinymce textwidget\">\n\t<p>Profesor Titular de Universidad.\u00a0Departamento de Filosof\u00eda II de la Universidad de Granada<\/p>\n<p>Co-IP del proyecto de investigaci\u00f3n \u201cLeibniz en espa\u00f1ol\"<\/p>\n<p>P\u00e1gina web: <a href=\"http:\/\/www.ugr.es\/~msr\">www.ugr.es\/~msr<\/a><\/p>\n<p>Direcci\u00f3n de contacto: msr@ugr.es<\/p>\n<p>&nbsp;<\/p>\n<p>&nbsp;<\/p>\n<\/div>\n<\/div><\/div><\/div><\/div><div id=\"pg-2497-1\"  class=\"panel-grid panel-no-style\" ><div id=\"pgc-2497-1-0\"  class=\"panel-grid-cell\" ><div id=\"panel-2497-1-0-0\" class=\"so-panel widget widget_sow-editor panel-first-child\" data-index=\"2\" ><div class=\"so-widget-sow-editor so-widget-sow-editor-base\">\n<div class=\"siteorigin-widget-tinymce textwidget\">\n\t<p><span lang=\"EN-US\">Manuel S\u00e1nchez-Rodr\u00edguez es Profesor de Historia de la Filosof\u00eda Moderna en la Universidad de Granada. Es Co-IP del proyecto de investigaci\u00f3n \u201cLeibniz en espa\u00f1ol\u201d y Secretario de la C\u00e1tedra Leibniz y de la Sociedad Espa\u00f1ola Leibniz. Dirige con J. A. Nicol\u00e1s el Seminario Permanente Leibniz. Su especialidad es la filosof\u00eda moderna alemana y entre sus publicaciones cuentan <i>Sentimiento y reflexi\u00f3n en la filosof\u00eda de Kant <\/i>(Olms Verlag, 2010) y las ediciones cr\u00edticas <i>Lecciones de Antropolog\u00eda <\/i>de Kant en espa\u00f1ol (Comares, 2015) y <i>Kant y la cuesti\u00f3n de las razas <\/i>(coedici\u00f3n con N. Lerussi, en Abada Editores, en prensa).<\/span><\/p>\n<p>&nbsp;<\/p>\n<\/div>\n<\/div><\/div><div id=\"panel-2497-1-0-1\" class=\"so-panel widget widget_sow-headline\" data-index=\"3\" ><div class=\"so-widget-sow-headline so-widget-sow-headline-default-66949b92e845\"><div class=\"sow-headline-container \">\n\t<h1 class='sow-headline'>L\u00edneas de investigaci\u00f3n<\/h1>\t\t\t\t\t<div class=\"decoration\">\n\t\t\t\t\t\t<div class=\"decoration-inside\"><\/div>\n\t\t\t\t\t<\/div>\n\t\t\t\t\t<\/div><\/div><\/div><div id=\"panel-2497-1-0-2\" class=\"so-panel widget widget_sow-editor\" data-index=\"4\" ><div class=\"so-widget-sow-editor so-widget-sow-editor-base\">\n<div class=\"siteorigin-widget-tinymce textwidget\">\n\t<p>Entre sus investigaciones se ha centrado principalmente en la historia de la filosof\u00eda moderna alemana, especialmente en la est\u00e9tica, la antropolog\u00eda y la teor\u00eda de la racionalidad en Leibniz y Kant. Actualmente trabaja en la preparaci\u00f3n del volumen <em>Ciencia general y enciclopedia<\/em>, vol. 3 de <em>Obras filos\u00f3ficas y cient\u00edficas <\/em>de Leibniz.<\/p>\n<\/div>\n<\/div><\/div><div id=\"panel-2497-1-0-3\" class=\"so-panel widget widget_sow-headline\" data-index=\"5\" ><div class=\"so-widget-sow-headline so-widget-sow-headline-default-66949b92e845\"><div class=\"sow-headline-container \">\n\t<h1 class='sow-headline'>Publicaciones destacadas<\/h1>\t\t\t\t\t<div class=\"decoration\">\n\t\t\t\t\t\t<div class=\"decoration-inside\"><\/div>\n\t\t\t\t\t<\/div>\n\t\t\t\t\t<\/div><\/div><\/div><div id=\"panel-2497-1-0-4\" class=\"so-panel widget widget_sow-editor\" data-index=\"6\" ><div class=\"so-widget-sow-editor so-widget-sow-editor-base\">\n<div class=\"siteorigin-widget-tinymce textwidget\">\n\t<p>[2019] \u201cDer Begriff der Zweckm\u00e4\u00dfigkeit in Kants Philosophie als kritisch-immanente Transformation des leibnizschen Prinzips der Harmonie\u201d. <em>Teleologische Reflexion in Kants Philosophie, <\/em>editado por P. \u00d3rdenes &amp; A. Pickhan (Springer, Dordrecht, etc.). <em>\u00a0\u00a0<\/em><\/p>\n<p>[2017] \u201cKant and His Philosophical Context: The Reception and Critical Trasnformation of the Leibnizian-Wolffian Philosophy\u201d. <em>The Palgrave Kant Handbook<\/em>, editado por M. Altman, 49\u201368 (Palgrave Macmillan, London &amp; New York).<\/p>\n<p>[2016] \u201cDas Problem des Individuums bei Aristotles und der jungen Leibniz\u201d. <em>Beitr\u00e4ge zu Leibniz\u2019 Rezeption de Aristotelischen Logik und Metaphysik<\/em>, ed. J. A. Nicol\u00e1s &amp; N. \u00d6ffenberger, 273\u2013288 (Olms, Hildesheim, etc.). <em>\u00a0<\/em><\/p>\n<p>[2016] \u201cLeibniz\u2019 Perspektivismus in den <em>Nouveaux Essais<\/em>\u201d. <em>\u2018F\u00fcr unser Gl\u00fcck oder das Gl\u00fcck anderer\u2019, <\/em>ed. por W. Li, vol. III, 335\u2013347 (Berlin &amp; New York: Walter de Gruyter).<\/p>\n<p>[2015] Immanuel Kant. <em>Lecciones de antropolog\u00eda. Fragmentos de est\u00e9tica y antropolog\u00eda<\/em>. Edici\u00f3n y traducci\u00f3n de M. S\u00e1nchez Rodr\u00edguez. Comares: Granada.<\/p>\n<p>[2015] \u201cDie pragmatische Dimension des Geschmacks im aufgekl\u00e4rten Bildungsprogramm der Anthropologie Kant\u201d. <em>Kant and the Metaphors of Reason<\/em>, editado por P. Kuark-Leite <em>et alii, <\/em>429\u2013441. Hildesheim, etc., Olms Verlag.<\/p>\n<p>[2013] \u201cThe Conclusion of the Deduction of Taste in the Dialectic of Aesthetic Power of Judgment in Kant\u201d. <em>Trans\/Form\/A\u00e7<\/em><em>\u00e3<\/em><em>o <\/em>36, n.\u00ba 2 (2013): 45\u201362.<\/p>\n<p>[2013] \u201cWitz und reflektierende Urteilskraft in Kants Philosophie\u201d <em>Kant und die Philosophie in weltb\u00fcrgerliche Absicht<\/em>, editado por S. Bacin <em>et alii<\/em>, vol. IV, 487\u2013496. Berlin &amp; New York, Walter de Gruyter.<\/p>\n<p>[2012] \u201cPhilosophische Kritik des Geschmacks und objektive G\u00fcltigkeit des Sch\u00f6nen bei Kant in der Zeit der <em>Dissertatio<\/em>\u201d. <em>Historia Philosophica. An International Journal<\/em> 10 (2012): 11\u201324.<\/p>\n<p>[2012] \u201cIngenio, uso hipot\u00e9tico de la raz\u00f3n y Juicio reflexionante en la filosof\u00eda de Kant\u201d. <em>Anales del Seminario de Historia de la filosof\u00eda <\/em>29, n.\u00ba 2 (2012): 577\u2013592.<\/p>\n<p>[2012] \u201c<em>Logica naturalis<\/em>, Healthy Understanding and the Reflecting Power of Judgment in Kant\u2019s Philosophy. The Source of the Problem of Judgment in the Leibniz-Wolffian Logic and Aesthetics\u201d. <em>Kant-Studien<\/em> 103, n.\u00ba 2 (2012): 188\u2013206.<\/p>\n<p>[2010] <em>Sentimiento y reflexi\u00f3n en la filosof\u00eda de Kant. Estudio hist\u00f3rico sobre el problema est\u00e9tico. <\/em>Hildesheim, Z\u00fcrich &amp; New York: Olms Verlag.<\/p>\n<p>[2009] \u201cLa autonom\u00eda de la imaginaci\u00f3n en la segunda edici\u00f3n de la <em>Cr\u00edtica de la raz\u00f3n pura<\/em>. Una cr\u00edtica de la interpretaci\u00f3n de Heidegger desde la perspectiva de la <em>Cr\u00edtica del Juicio<\/em>\u201d. <em>Pensamiento <\/em>65 (2009): 53\u201378.<\/p>\n<\/div>\n<\/div><\/div><div id=\"panel-2497-1-0-5\" class=\"so-panel widget widget_sow-headline\" data-index=\"7\" ><div class=\"so-widget-sow-headline so-widget-sow-headline-default-66949b92e845\"><div class=\"sow-headline-container \">\n\t<h1 class='sow-headline'>Proyectos<\/h1>\t\t\t\t\t<div class=\"decoration\">\n\t\t\t\t\t\t<div class=\"decoration-inside\"><\/div>\n\t\t\t\t\t<\/div>\n\t\t\t\t\t<\/div><\/div><\/div><div id=\"panel-2497-1-0-6\" class=\"so-panel widget widget_sow-editor panel-last-child\" data-index=\"8\" ><div class=\"so-widget-sow-editor so-widget-sow-editor-base\">\n<div class=\"siteorigin-widget-tinymce textwidget\">\n\t<p><span lang=\"EN-US\">Co-IP del proyecto de investigaci\u00f3n \u201cLeibniz en espa\u00f1ol\u201d.<\/span><\/p>\n<\/div>\n<\/div><\/div><\/div><\/div><\/div><!-- AddThis Advanced Settings generic via filter on the_content --><!-- AddThis Share Buttons generic via filter on the_content -->","protected":false},"excerpt":{"rendered":"<p>Profesor Titular de Universidad.\u00a0Departamento de Filosof\u00eda II de la Universidad de Granada Co-IP del proyecto de investigaci\u00f3n \u201cLeibniz en espa\u00f1ol\u00bb P\u00e1gina web: www.ugr.es\/~msr Direcci\u00f3n de contacto: msr@ugr.es &nbsp; &nbsp; Manuel S\u00e1nchez-Rodr\u00edguez es Profesor de Historia de la Filosof\u00eda Moderna en la Universidad de Granada. Es Co-IP del proyecto de investigaci\u00f3n \u201cLeibniz en espa\u00f1ol\u201d y Secretario [&hellip;]<!-- AddThis Advanced Settings generic via filter on get_the_excerpt --><!-- AddThis Share Buttons generic via filter on get_the_excerpt --><\/p>\n","protected":false},"author":1,"featured_media":0,"parent":934,"menu_order":0,"comment_status":"closed","ping_status":"closed","template":"","meta":[],"_links":{"self":[{"href":"https:\/\/wpd.ugr.es\/~filolab\/wordpress\/wp-json\/wp\/v2\/pages\/2497"}],"collection":[{"href":"https:\/\/wpd.ugr.es\/~filolab\/wordpress\/wp-json\/wp\/v2\/pages"}],"about":[{"href":"https:\/\/wpd.ugr.es\/~filolab\/wordpress\/wp-json\/wp\/v2\/types\/page"}],"author":[{"embeddable":true,"href":"https:\/\/wpd.ugr.es\/~filolab\/wordpress\/wp-json\/wp\/v2\/users\/1"}],"replies":[{"embeddable":true,"href":"https:\/\/wpd.ugr.es\/~filolab\/wordpress\/wp-json\/wp\/v2\/comments?post=2497"}],"version-history":[{"count":16,"href":"https:\/\/wpd.ugr.es\/~filolab\/wordpress\/wp-json\/wp\/v2\/pages\/2497\/revisions"}],"predecessor-version":[{"id":3059,"href":"https:\/\/wpd.ugr.es\/~filolab\/wordpress\/wp-json\/wp\/v2\/pages\/2497\/revisions\/3059"}],"up":[{"embeddable":true,"href":"https:\/\/wpd.ugr.es\/~filolab\/wordpress\/wp-json\/wp\/v2\/pages\/934"}],"wp:attachment":[{"href":"https:\/\/wpd.ugr.es\/~filolab\/wordpress\/wp-json\/wp\/v2\/media?parent=2497"}],"curies":[{"name":"wp","href":"https:\/\/api.w.org\/{rel}","templated":true}]}}