{"id":2507,"date":"2020-05-08T10:30:19","date_gmt":"2020-05-08T08:30:19","guid":{"rendered":"http:\/\/wpd.ugr.es\/~filolab\/wordpress\/?page_id=2507"},"modified":"2025-12-16T10:25:37","modified_gmt":"2025-12-16T09:25:37","slug":"ester-masso-guijarro","status":"publish","type":"page","link":"https:\/\/wpd.ugr.es\/~filolab\/wordpress\/quienes-somos-nueva\/investigadores-garantes\/ester-masso-guijarro\/","title":{"rendered":"Ester Mass\u00f3 Guijarro"},"content":{"rendered":"<div id=\"pl-2507\"  class=\"panel-layout\" ><div id=\"pg-2507-0\"  class=\"panel-grid panel-no-style\" ><div id=\"pgc-2507-0-0\"  class=\"panel-grid-cell\" ><div id=\"panel-2507-0-0-0\" class=\"so-panel widget widget_sow-image panel-first-child panel-last-child\" data-index=\"0\" ><div class=\"so-widget-sow-image so-widget-sow-image-default-d6014b76747a\">\n\n<div class=\"sow-image-container\">\n\t<img src=\"https:\/\/wpd.ugr.es\/~filolab\/wordpress\/wp-content\/uploads\/2023\/02\/perfil-1.jpg\" width=\"1488\" height=\"1116\" srcset=\"https:\/\/wpd.ugr.es\/~filolab\/wordpress\/wp-content\/uploads\/2023\/02\/perfil-1.jpg 1488w, https:\/\/wpd.ugr.es\/~filolab\/wordpress\/wp-content\/uploads\/2023\/02\/perfil-1-300x225.jpg 300w, https:\/\/wpd.ugr.es\/~filolab\/wordpress\/wp-content\/uploads\/2023\/02\/perfil-1-1024x768.jpg 1024w, https:\/\/wpd.ugr.es\/~filolab\/wordpress\/wp-content\/uploads\/2023\/02\/perfil-1-768x576.jpg 768w\" sizes=\"(max-width: 1488px) 100vw, 1488px\" title=\"Ester Mass\u00f3 Guijarro\" alt=\"\" \t\tclass=\"so-widget-image\"\/>\n<\/div>\n\n<\/div><\/div><\/div><div id=\"pgc-2507-0-1\"  class=\"panel-grid-cell\" ><div id=\"panel-2507-0-1-0\" class=\"so-panel widget widget_sow-editor panel-first-child panel-last-child\" data-index=\"1\" ><div class=\"so-widget-sow-editor so-widget-sow-editor-base\">\n<div class=\"siteorigin-widget-tinymce textwidget\">\n\t<p>Investigadora Garante de FiloLab<\/p>\n<p>Profesora Titular de Filosof\u00eda Moral, <a href=\"https:\/\/directorio.ugr.es\/static\/PersonalUGR\/*\/show\/a9e72b349492c10b1b75c21f51263257\">Departamento de Filosof\u00eda I, UGR<\/a><\/p>\n<p>C\u00f3digo ORCID: <a href=\"https:\/\/orcid.org\/0000-0002-4535-4748\">https:\/\/orcid.org\/0000-0002-4535-4748<\/a><\/p>\n<p>Contacto: <a href=\"mailto:ester@ugr.es\">ester@ugr.es<\/a><\/p>\n<\/div>\n<\/div><\/div><\/div><\/div><div id=\"pg-2507-1\"  class=\"panel-grid panel-no-style\" ><div id=\"pgc-2507-1-0\"  class=\"panel-grid-cell\" ><div id=\"panel-2507-1-0-0\" class=\"so-panel widget widget_sow-editor panel-first-child\" data-index=\"2\" ><div class=\"so-widget-sow-editor so-widget-sow-editor-base\">\n<div class=\"siteorigin-widget-tinymce textwidget\">\n\t<p>Ester Mass\u00f3 Guijarro es doctora por la Universidad de Granada (2009), licenciada en Filosof\u00eda (2003) y en Antropolog\u00eda Social y Cultural (2003) por la misma Universidad, y M\u00e1ster en Cooperaci\u00f3n Internacional por las Universidades de Granada y de Santiago de Compostela (2005).<\/p>\n<p>Ha realizado estancias de investigaci\u00f3n en la Universidad de Lisboa (Portugal), la Universidad de Windhoek (Namibia), el Nordiska Afrikainstitutet de Uppsala (Suecia), la Universidad de Buenos Aires (Argentina) y el Hospital de San Isidro en Buenos Aires (Argentina).<\/p>\n<p>Ha sido investigadora contratada predoctoral (FPU) en la Universidad de Granada y posdoctoral (JAE DOC) en el Consejo Superior de Investigaciones Cient\u00edficas. Ha sido profesora titular en el Departamento de Antropolog\u00eda Social de la UGR, adscrita a la misma \u00e1rea, entre 2012 y 2019. Desde 2020 es profesora titular de Filosof\u00eda Moral en el Departamento de Filosof\u00eda I de la misma Universidad, miembro de la red ESPACyOS, del LIBERESP y del ATLAS Bioethics Center, entre otras instituciones cient\u00edficas.<\/p>\n<p>La Comisi\u00f3n Nacional Evaluadora de la Actividad Investigadora (CNEAI) ha reconocido 3 sexenios consecutivos a su labor investigadora (2003-2020). Obtuvo el DOCENTIA (Certificado sobre la Calidad de la Actividad Docente) con la calificaci\u00f3n de \u201cExcelente\u201d en 2023. Es miembro del Consejo de Redacci\u00f3n de la Revista <em>Enrahonar<\/em>.<\/p>\n<\/div>\n<\/div><\/div><div id=\"panel-2507-1-0-1\" class=\"so-panel widget widget_sow-headline\" data-index=\"3\" ><div class=\"so-widget-sow-headline so-widget-sow-headline-default-66949b92e845\"><div class=\"sow-headline-container \">\n\t<h1 class='sow-headline'>L\u00edneas de investigaci\u00f3n<\/h1>\t\t\t\t\t<div class=\"decoration\">\n\t\t\t\t\t\t<div class=\"decoration-inside\"><\/div>\n\t\t\t\t\t<\/div>\n\t\t\t\t\t<\/div><\/div><\/div><div id=\"panel-2507-1-0-2\" class=\"so-panel widget widget_sow-editor\" data-index=\"4\" ><div class=\"so-widget-sow-editor so-widget-sow-editor-base\">\n<div class=\"siteorigin-widget-tinymce textwidget\">\n\t<p>Sus intereses de investigaci\u00f3n se han centrado en tres cuestiones, vinculadas a los per\u00edodos de investigaci\u00f3n predoctoral, posdoctoral y de profesi\u00f3n docente, a saber: 1) el independentismo capriviano en Namibia (conflictos relacionados con las fronteras poscoloniales en \u00c1frica subsahariana); 2) las transformaciones ciudadanas que opera la di\u00e1spora migratoria subsahariana (especialmente la senegalesa) y el hibridismo identitario que todo ello genera, con \u00e9nfasis en la cofrad\u00eda Muridiyya; 3) lactancia humana, corporalidades disidentes y matriactivismos feministas.<\/p>\n<\/div>\n<\/div><\/div><div id=\"panel-2507-1-0-3\" class=\"so-panel widget widget_sow-headline\" data-index=\"5\" ><div class=\"so-widget-sow-headline so-widget-sow-headline-default-66949b92e845\"><div class=\"sow-headline-container \">\n\t<h1 class='sow-headline'>Publicaciones destacadas<\/h1>\t\t\t\t\t<div class=\"decoration\">\n\t\t\t\t\t\t<div class=\"decoration-inside\"><\/div>\n\t\t\t\t\t<\/div>\n\t\t\t\t\t<\/div><\/div><\/div><div id=\"panel-2507-1-0-4\" class=\"so-panel widget widget_sow-editor\" data-index=\"6\" ><div class=\"so-widget-sow-editor so-widget-sow-editor-base\">\n<div class=\"siteorigin-widget-tinymce textwidget\">\n\t<p><em>(Se incluye solamente una selecci\u00f3n de las 10 m\u00e1s recientes o prominentes, relativas a la tercera l\u00ednea de investigaci\u00f3n; para una relaci\u00f3n m\u00e1s extensa, ver perfil de la autora en <\/em><a href=\"https:\/\/www.researchgate.net\/profile\/Ester-Guijarro-2\"><em>Research Gate<\/em><\/a><em>, <\/em><a href=\"https:\/\/granada.academia.edu\/AfricanismoUbuntu\"><em>Academia<\/em><\/a><em>, <\/em><a href=\"https:\/\/dialnet.unirioja.es\/servlet\/autor?codigo=797618\"><em>Dialnet<\/em><\/a><em> o <\/em><a href=\"https:\/\/scholar.google.es\/citations?user=sZGFyxgAAAAJ&amp;hl=es\"><em>Google Scholar<\/em><\/a><em>, entre otros)<\/em><em>\u00a0<\/em><\/p>\n<ol>\n<li>2025 <span style=\"color: #3f96ac;\"><a style=\"color: #3f96ac;\" href=\"https:\/\/edulab.es\/revMEDICA\/article\/view\/placenta-narraciones\"><strong><em>\u00bfQui\u00e9n se ha llevado mi placenta?<\/em><\/strong><strong> Narraciones placentarias: Episteme y pol\u00edtica desde una bio\u00e9tica feminista y decolonial<\/strong><\/a><\/span><strong>.<\/strong> <em>MEDICA REVIEW<\/em> 13(1): 1-24. https:\/\/doi.org\/10.62701\/revmedica.v13.5459<\/li>\n<li>2025 <span style=\"color: #3f96ac;\"><a style=\"color: #3f96ac;\" href=\"https:\/\/ojs.sanidad.gob.es\/index.php\/resp\/article\/view\/968\/1584\"><strong>An\u00e1lisis cualitativo de la publicidad institucional en la promoci\u00f3n de lactancia materna: sesgos de g\u00e9nero y entornos lactantes corresponsables. Por un Modelo de Lactancia Humana integra<\/strong>l<\/a><\/span>. <em>Revista Espa\u00f1ola de Salud P\u00fablica <\/em>99: e202506034.<\/li>\n<li>2025 <span style=\"color: #3f96ac;\"><a style=\"color: #3f96ac;\" href=\"https:\/\/revistas.usal.es\/cinco\/index.php\/lamater\/article\/view\/32567\"><strong>Promoci\u00f3n de lactancia materna: perspectivas cr\u00edticas, di\u00e1logos feministas y ampliaci\u00f3n del modelo te\u00f3rico<\/strong><\/a><\/span>. <em>Revista de Lactancia Materna<\/em> 3: e32567, 1-11: <a href=\"https:\/\/doi.org\/10.14201\/rlm.32567\">https:\/\/doi.org\/10.14201\/rlm.32567<\/a><\/li>\n<li>2024<span style=\"color: #3f96ac;\"> <a style=\"color: #3f96ac;\" href=\"https:\/\/edulab.es\/revMEDICA\/article\/view\/5417\/3670\"><strong>Lactancia materna y violencia obst\u00e9trica: en el camino de una soberan\u00eda lactante<\/strong><\/a><\/span><strong>.<\/strong> <em>International Medical Humanities Review<\/em> 12-1: 10-23. <a href=\"https:\/\/doi.org\/10.62701\/revmedica.v12.5417\">https:\/\/doi.org\/10.62701\/revmedica.v12.5417<\/a><\/li>\n<li>2023 <span style=\"color: #3f96ac;\"><a style=\"color: #3f96ac;\" href=\"https:\/\/pmc.ncbi.nlm.nih.gov\/articles\/PMC11930315\/\"><strong>Violencia obst\u00e9trica como injusticia epist\u00e9mica: el parto en disputa<\/strong><\/a><\/span>.\u00a0<em>Salud Colectiva<\/em>19:\u00a0<a href=\"https:\/\/doi.org\/10.18294\/sc.2023.4464\">https:\/\/doi.org\/10.18294\/sc.2023.4464<\/a><\/li>\n<li>2022<span style=\"color: #3f96ac;\"> <a style=\"color: #3f96ac;\" href=\"https:\/\/ojs.sanidad.gob.es\/index.php\/resp\/article\/view\/257\"><strong>Donaci\u00f3n lactante y pandemia: la leche humana como bien global<\/strong><\/a><\/span>.\u00a0<em>Revista Espa\u00f1ola de Salud P\u00fablica<\/em>96: e202210059. https:\/\/ojs.sanidad.gob.es\/index.php\/resp\/article\/view\/257<\/li>\n<li>2022 <span style=\"color: #3f96ac;\"><a style=\"color: #3f96ac;\" href=\"https:\/\/edulab.es\/revMEDICA\/article\/view\/5300\"><strong>Lactancia humana en el Antropoceno: una urgencia pospand\u00e9mica<\/strong><\/a><\/span>.\u00a0<em>MEDICA REVIEW. Revista Internacional De Humanidades M\u00e9dicas<\/em>9(2), 63\u201377. \u00a0<a href=\"https:\/\/doi.org\/10.37467\/gkarevmedica.v9.3125\">https:\/\/doi.org\/10.37467\/gkarevmedica.v9.3125<\/a><\/li>\n<li>2021 <span style=\"color: #3f96ac;\"><a style=\"color: #3f96ac;\" href=\"https:\/\/revistas.unla.edu.ar\/saludcolectiva\/article\/view\/3303\"><strong>Infancia y pandemia: cr\u00f3nica de una ausencia anunciada<\/strong><\/a><\/span>.\u00a0<em>Salud Colectiva<\/em><a href=\"https:\/\/doi.org\/10.18294\/sc.2021.3303\">https:\/\/doi.org\/10.18294\/sc.2021.3303<\/a><\/li>\n<li>2018<span style=\"color: #3f96ac;\"> <a style=\"color: #3f96ac;\" href=\"https:\/\/www.scielo.br\/j\/mana\/a\/8mWRsQsJZXT4fBFPLKtDkqn\/?lang=es\"><strong>Le salv\u00e9 la vida: el pecho vivido, la leche narrada. Historia(s) de ama de teta, sur de Espa\u00f1a, siglo XX<\/strong><\/a><\/span>.\u00a0<em>Revista Mana. Estudios en Antropolog\u00eda Social<\/em>24-3: 186-215.\u00a0<a href=\"https:\/\/www.scielo.br\/j\/mana\/a\/8mWRsQsJZXT4fBFPLKtDkqn\/?format=pdf&amp;lang=es\">https:\/\/www.scielo.br\/j\/mana\/a\/8mWRsQsJZXT4fBFPLKtDkqn\/?format=pdf&amp;lang=es<\/a><\/li>\n<li>2017 <span style=\"color: #3f96ac;\"><a style=\"color: #3f96ac;\" href=\"https:\/\/www.dilemata.net\/revista\/index.php\/dilemata\/issue\/view\/26\"><strong>Mythos y l\u00f3gos sobre lactancia humana<\/strong><\/a><\/span>.\u00a0<em>Dilemata. Revista Internacional de \u00c9ticas Aplicadas<\/em> 25 (Special Issue). \u00a0<a href=\"https:\/\/www.dilemata.net\/revista\/index.php\/dilemata\/issue\/view\/26\">https:\/\/www.dilemata.net\/revista\/index.php\/dilemata\/issue\/view\/26<\/a><\/li>\n<\/ol>\n<p>Google Scholar: \u00cdndice h: 14 - \u00cdndice i10: 22 [767 citas, a fecha 05\/06\/2025]<\/p>\n<\/div>\n<\/div><\/div><div id=\"panel-2507-1-0-5\" class=\"so-panel widget widget_sow-headline\" data-index=\"7\" ><div class=\"so-widget-sow-headline so-widget-sow-headline-default-66949b92e845\"><div class=\"sow-headline-container \">\n\t<h1 class='sow-headline'>Proyectos<\/h1>\t\t\t\t\t<div class=\"decoration\">\n\t\t\t\t\t\t<div class=\"decoration-inside\"><\/div>\n\t\t\t\t\t<\/div>\n\t\t\t\t\t<\/div><\/div><\/div><div id=\"panel-2507-1-0-6\" class=\"so-panel widget widget_sow-editor panel-last-child\" data-index=\"8\" ><div class=\"so-widget-sow-editor so-widget-sow-editor-base\">\n<div class=\"siteorigin-widget-tinymce textwidget\">\n\t<p>De sus actuales proyectos de investigaci\u00f3n, destacan:<\/p>\n<ul>\n<li><strong>IPOV-RESPECTFUL CARE. <\/strong>Uni\u00f3n Europea (2024-2028). <strong>[IP por la UGR]<\/strong><\/li>\n<li><strong> Pol\u00edtica y \u00c9tica de la Salud P\u00fablica.<\/strong> Ministerio de Ciencia, Innovaci\u00f3n y Universidades- Proyectos de Generaci\u00f3n de Conocimiento (2024-2027).<\/li>\n<li><strong>[EU, H2020-896932] - TTV GUIDE TX<\/strong> - Personalisation Of Immunosuppression By Monitoring Viral Load Post Kidney Transplantation - A Randomised Controlled Phase II Trial\u201d. Uni\u00f3n Europea (2021-2026).<\/li>\n<li><strong>PROTECT CHILD -<\/strong> A PRivacy-prOTecting Environment fot Child Transplants health-related and genomic data integration in the European Reference Network. Uni\u00f3n Europea (2024-2028).<\/li>\n<\/ul>\n<p>Tambi\u00e9n participa en los siguientes proyectos en vigor:<\/p>\n<ul>\n<li><strong>POyETICAS. Pol\u00edtica y \u00c9tica de la Salud P\u00fablica<\/strong>. Referencia: PID2023-148517NB-100. Ministerio de Ciencia, Innovaci\u00f3n y Universidades- Proyectos de Generaci\u00f3n de Conocimiento 2023. Universidad Aut\u00f3noma de Barcelona, 2024-2027. [Ester Mass\u00f3 es Miembro del Equipo de Investigaci\u00f3n]. URL: <a href=\"https:\/\/portalrecerca.uab.cat\/ca\/projects\/politica-y-etica-de-la-salud-publica\/\" target=\"_blank\" rel=\"noopener noreferrer\">https:\/\/portalrecerca.uab.cat\/ca\/projects\/politica-y-etica-de-la-salud-publica\/<\/a><\/li>\n<li><strong>C\u00e1ncer de mama en mujeres j\u00f3venes: experiencias de vida e itinerarios terap\u00e9uticos desde un enfoque territorial y de g\u00e9nero<\/strong>. Universidad del Desarrollo (Chile). Fondecyt. 2025-2029. [Ester Mass\u00f3 es Miembro Internacional del Equipo de Investigaci\u00f3n]. URL: <a href=\"https:\/\/investigadores.udd.cl\/entities\/project\/71164964-cc76-4eb7-8882-7d70c77b7fe6\" target=\"_blank\" rel=\"noopener noreferrer\">https:\/\/investigadores.udd.cl\/entities\/project\/71164964-cc76-4eb7-8882-7d70c77b7fe6<\/a><\/li>\n<\/ul>\n<p>En total, ha sido investigadora de 15 proyectos de investigaci\u00f3n.<\/p>\n<p>Pertenece al Grupo de Investigaci\u00f3n HUM-828 \u201c\u00c9tica, pol\u00edtica y conflictos contempor\u00e1neos\u201d, habiendo sido miembro con anterioridad del Grupo SEJ-126 \u201cAntropolog\u00eda y Filosof\u00eda\u201d (2006-2020).<\/p>\n<\/div>\n<\/div><\/div><\/div><\/div><\/div><!-- AddThis Advanced Settings generic via filter on the_content --><!-- AddThis Share Buttons generic via filter on the_content -->","protected":false},"excerpt":{"rendered":"<p>Investigadora Garante de FiloLab Profesora Titular de Filosof\u00eda Moral, Departamento de Filosof\u00eda I, UGR C\u00f3digo ORCID: https:\/\/orcid.org\/0000-0002-4535-4748 Contacto: ester@ugr.es Ester Mass\u00f3 Guijarro es doctora por la Universidad de Granada (2009), licenciada en Filosof\u00eda (2003) y en Antropolog\u00eda Social y Cultural (2003) por la misma Universidad, y M\u00e1ster en Cooperaci\u00f3n Internacional por las Universidades de Granada [&hellip;]<!-- AddThis Advanced Settings generic via filter on get_the_excerpt --><!-- AddThis Share Buttons generic via filter on get_the_excerpt --><\/p>\n","protected":false},"author":1,"featured_media":0,"parent":934,"menu_order":0,"comment_status":"closed","ping_status":"closed","template":"","meta":[],"_links":{"self":[{"href":"https:\/\/wpd.ugr.es\/~filolab\/wordpress\/wp-json\/wp\/v2\/pages\/2507"}],"collection":[{"href":"https:\/\/wpd.ugr.es\/~filolab\/wordpress\/wp-json\/wp\/v2\/pages"}],"about":[{"href":"https:\/\/wpd.ugr.es\/~filolab\/wordpress\/wp-json\/wp\/v2\/types\/page"}],"author":[{"embeddable":true,"href":"https:\/\/wpd.ugr.es\/~filolab\/wordpress\/wp-json\/wp\/v2\/users\/1"}],"replies":[{"embeddable":true,"href":"https:\/\/wpd.ugr.es\/~filolab\/wordpress\/wp-json\/wp\/v2\/comments?post=2507"}],"version-history":[{"count":44,"href":"https:\/\/wpd.ugr.es\/~filolab\/wordpress\/wp-json\/wp\/v2\/pages\/2507\/revisions"}],"predecessor-version":[{"id":7630,"href":"https:\/\/wpd.ugr.es\/~filolab\/wordpress\/wp-json\/wp\/v2\/pages\/2507\/revisions\/7630"}],"up":[{"embeddable":true,"href":"https:\/\/wpd.ugr.es\/~filolab\/wordpress\/wp-json\/wp\/v2\/pages\/934"}],"wp:attachment":[{"href":"https:\/\/wpd.ugr.es\/~filolab\/wordpress\/wp-json\/wp\/v2\/media?parent=2507"}],"curies":[{"name":"wp","href":"https:\/\/api.w.org\/{rel}","templated":true}]}}