{"id":2546,"date":"2020-05-11T10:42:54","date_gmt":"2020-05-11T08:42:54","guid":{"rendered":"http:\/\/wpd.ugr.es\/~filolab\/wordpress\/?page_id=2546"},"modified":"2025-03-12T13:51:21","modified_gmt":"2025-03-12T12:51:21","slug":"javier-rodriguez-alcazar","status":"publish","type":"page","link":"https:\/\/wpd.ugr.es\/~filolab\/wordpress\/quienes-somos-nueva\/investigadores-asociados\/javier-rodriguez-alcazar\/","title":{"rendered":"Javier Rodr\u00edguez Alc\u00e1zar"},"content":{"rendered":"<div id=\"pl-2546\"  class=\"panel-layout\" ><div id=\"pg-2546-0\"  class=\"panel-grid panel-no-style\" ><div id=\"pgc-2546-0-0\"  class=\"panel-grid-cell\" ><div id=\"panel-2546-0-0-0\" class=\"so-panel widget widget_sow-image panel-first-child panel-last-child\" data-index=\"0\" ><div class=\"so-widget-sow-image so-widget-sow-image-default-d6014b76747a\">\n\n<div class=\"sow-image-container\">\n\t<img src=\"https:\/\/wpd.ugr.es\/~filolab\/wordpress\/wp-content\/uploads\/2020\/05\/RodriguezAlcazar-min-scaled.jpg\" width=\"2560\" height=\"1920\" srcset=\"https:\/\/wpd.ugr.es\/~filolab\/wordpress\/wp-content\/uploads\/2020\/05\/RodriguezAlcazar-min-scaled.jpg 2560w, https:\/\/wpd.ugr.es\/~filolab\/wordpress\/wp-content\/uploads\/2020\/05\/RodriguezAlcazar-min-300x225.jpg 300w, https:\/\/wpd.ugr.es\/~filolab\/wordpress\/wp-content\/uploads\/2020\/05\/RodriguezAlcazar-min-1024x768.jpg 1024w, https:\/\/wpd.ugr.es\/~filolab\/wordpress\/wp-content\/uploads\/2020\/05\/RodriguezAlcazar-min-768x576.jpg 768w, https:\/\/wpd.ugr.es\/~filolab\/wordpress\/wp-content\/uploads\/2020\/05\/RodriguezAlcazar-min-1536x1152.jpg 1536w, https:\/\/wpd.ugr.es\/~filolab\/wordpress\/wp-content\/uploads\/2020\/05\/RodriguezAlcazar-min-2048x1536.jpg 2048w\" sizes=\"(max-width: 2560px) 100vw, 2560px\" title=\"Javier Rodr\u00edguez Alc\u00e1zar\" alt=\"\" \t\tclass=\"so-widget-image\"\/>\n<\/div>\n\n<\/div><\/div><\/div><div id=\"pgc-2546-0-1\"  class=\"panel-grid-cell\" ><div id=\"panel-2546-0-1-0\" class=\"so-panel widget widget_sow-editor panel-first-child panel-last-child\" data-index=\"1\" ><div class=\"so-widget-sow-editor so-widget-sow-editor-base\">\n<div class=\"siteorigin-widget-tinymce textwidget\">\n\t<p>Investigador Asociado a FiloLab<\/p>\n<p>Profesor Titular, <a href=\"https:\/\/directorio.ugr.es\/static\/PersonalUGR\/*\/show\/1f6c860e04c21ee000c21db01c19dab4\">Departamento de Filosof\u00eda I, UGR<\/a><\/p>\n<p>P\u00e1gina web: <a href=\"https:\/\/www.ugr.es\/~frodguez\/\">https:\/\/www.ugr.es\/~frodguez\/<\/a> || <a href=\"https:\/\/jrodriguezalcazar.wordpress.com\/\">https:\/\/jrodriguezalcazar.wordpress.com\/<\/a><\/p>\n<p>Contacto: <a href=\"mailto:frodguez@ugr.es\">frodguez@ugr.es<\/a><\/p>\n<\/div>\n<\/div><\/div><\/div><\/div><div id=\"pg-2546-1\"  class=\"panel-grid panel-no-style\" ><div id=\"pgc-2546-1-0\"  class=\"panel-grid-cell\" ><div id=\"panel-2546-1-0-0\" class=\"so-panel widget widget_sow-editor panel-first-child\" data-index=\"2\" ><div class=\"so-widget-sow-editor so-widget-sow-editor-base\">\n<div class=\"siteorigin-widget-tinymce textwidget\">\n\t<p>Javier Rodr\u00edguez Alc\u00e1zar es doctor en Filosof\u00eda y Profesor Titular de Filosof\u00eda Moral en la Universidad de Granada. Ha sido investigador visitante en la Washington University (San Luis, EE.UU.), en el Instituto Tecnol\u00f3gico de Massachussets (M.I.T.) y, como postdoctoral, en la Universidad de Oxford. Fue director de la colecci\u00f3n <em>Eirene<\/em> (editorial Universidad de Granada) y de la <em>Revista de Paz y Conflictos<\/em>. Tambi\u00e9n ha sido secretario del Instituto de la Paz y los Conflictos, secretario y director del Departamento de Filosof\u00eda I y miembro del Consejo Asesor del Centro de Iniciativas para la Cooperaci\u00f3n al Desarrollo de la UGR. Gan\u00f3 el Premio Ja\u00e9n con la novela\u00a0<em>El escolar brillant<\/em><em>e<\/em>, publicada por Random House-Mondadori. Ha participado en numerosos proyectos de investigaci\u00f3n. Entre ellos, ha sido IP de un proyecto de excelencia de la Junta de Andaluc\u00eda sobre aspectos cient\u00edficos, jur\u00eddicos y filos\u00f3ficos de la obtenci\u00f3n y uso de las c\u00e9lulas troncales. Actualmente es responsable del grupo de investigaci\u00f3n PAIDI \"\u00c9tica, pol\u00edtica y conflictos contempor\u00e1neos\" (Hum-828).<\/p>\n<\/div>\n<\/div><\/div><div id=\"panel-2546-1-0-1\" class=\"so-panel widget widget_sow-headline\" data-index=\"3\" ><div class=\"so-widget-sow-headline so-widget-sow-headline-default-66949b92e845\"><div class=\"sow-headline-container \">\n\t<h1 class='sow-headline'>L\u00edneas de investigaci\u00f3n<\/h1>\t\t\t\t\t<div class=\"decoration\">\n\t\t\t\t\t\t<div class=\"decoration-inside\"><\/div>\n\t\t\t\t\t<\/div>\n\t\t\t\t\t<\/div><\/div><\/div><div id=\"panel-2546-1-0-2\" class=\"so-panel widget widget_sow-editor\" data-index=\"4\" ><div class=\"so-widget-sow-editor so-widget-sow-editor-base\">\n<div class=\"siteorigin-widget-tinymce textwidget\">\n\t<p>Filosof\u00eda pol\u00edtica<\/p>\n<p>Filosof\u00eda de la tecnolog\u00eda<\/p>\n<p>Ciencia, tecnolog\u00eda y sociedad<\/p>\n<p>Ciencia reguladora y riesgos tecnol\u00f3gicos<\/p>\n<p>Ciencia, tecnolog\u00eda y violencia<\/p>\n<p>Naturalismo epistemol\u00f3gico<\/p>\n<\/div>\n<\/div><\/div><div id=\"panel-2546-1-0-3\" class=\"so-panel widget widget_sow-headline\" data-index=\"5\" ><div class=\"so-widget-sow-headline so-widget-sow-headline-default-66949b92e845\"><div class=\"sow-headline-container \">\n\t<h1 class='sow-headline'>Publicaciones destacadas<\/h1>\t\t\t\t\t<div class=\"decoration\">\n\t\t\t\t\t\t<div class=\"decoration-inside\"><\/div>\n\t\t\t\t\t<\/div>\n\t\t\t\t\t<\/div><\/div><\/div><div id=\"panel-2546-1-0-4\" class=\"so-panel widget widget_sow-editor\" data-index=\"6\" ><div class=\"so-widget-sow-editor so-widget-sow-editor-base\">\n<div class=\"siteorigin-widget-tinymce textwidget\">\n\t<p>[2025] Rodr\u00edguez-Alc\u00e1zar, Javier y Cristina Corredor. Edition of the <i>Topoi<\/i> Special Issue \u201cPolitical Normativity and Ethics\u201d. <i>Topoi<\/i>. <a href=\"https:\/\/link.springer.com\/collections\/iafdfaegih\">https:\/\/link.springer.com\/collections\/iafdfaegih<\/a><\/p>\n<p>[2024] Rodr\u00edguez-Alc\u00e1zar, Javier y Lilian Bermejo-Luque. \"Human Enhancement Technologies and the Arguments for Cosmopolitanism\". <em>Enrahonar. An International Journal of Theoretical and Practical Reason<\/em>, 72, pp. 15-33. <a href=\"https:\/\/doi.org\/10.5565\/rev\/enrahonar.1489\">https:\/\/doi.org\/10.5565\/rev\/enrahonar.1489<\/a><\/p>\n<p>[2023] Bermejo-Luque, Lilian y Javier Rodr\u00edguez-Alc\u00e1zar. \"Justifying the Precautionary Principle as a political principle\". <em>Ethics in Science and Environmental Politics,<\/em> 23:7-22. <a href=\"https:\/\/doi.org\/10.3354\/esep00206\">https:\/\/doi.org\/10.3354\/esep00206<\/a><\/p>\n<p>[2023] Bermejo-Luque, Lilian y Javier Rodr\u00edguez-Alc\u00e1zar. Edition and Introduction to the <i>Topoi<\/i> Special Issue \u201cArgumentation and Politics\u201d. <i>Topoi<\/i>, 42. <a href=\"https:\/\/doi.org\/10.1007\/s11245-023-09917-2\">https:\/\/doi.org\/10.1007\/s11245-023-09917-2<\/a><\/p>\n<p>[2021] Rodr\u00edguez-Alc\u00e1zar, Javier, Lilian Bermejo-Luque &amp; Alberto Molina-P\u00e9rez. Do Automated Vehicles Face Moral Dilemmas? A Plea for a Political Approach. <i>Philosophy &amp; Technology,<\/i> 34, pp. 811\u2013832. <a href=\"https:\/\/doi.org\/10.1007\/s13347-020-00432-5\">https:\/\/doi.org\/10.1007\/s13347-020-00432-5<\/a><\/p>\n<p>[2018] Rodr\u00edguez Alc\u00e1zar, Javier. \"\u00bfLe pedimos demasiado a la \u00e9tica?\" <em>La maleta de Portbou<\/em>, no. 30, pp. 25-30.<\/p>\n<p>[2017] Rodr\u00edguez Alc\u00e1zar, Javier. \"Por la reflexi\u00f3n moral, contra los c\u00f3digos de \u00e9tica en el Trabajo Social.\" <em>Cuadernos de Trabajo Social<\/em>, vol. 30, no. 1, pp. 97-108. DOI: <a href=\"http:\/\/dx.doi.org\/10.5209\/CUTS.52435\">10.5209\/CUTS.52435<\/a>.<\/p>\n<p>[2017] Rodr\u00edguez Alc\u00e1zar, Javier. \"Political Minimalism and Social Debates: the Case of Human-Enhancement Technologies.\" <em>Journal of Bioethical Inquiry<\/em>, vol. 14, no. 3, pp. 347-357. DOI: <a href=\"https:\/\/doi.org\/10.1007\/s11673-017-9790-0\">10.1007\/s11673-017-9790-0<\/a>.<\/p>\n<p>[2017] Rodr\u00edguez Alc\u00e1zar, Javier. \"Beyond Realism and Moralism: a Defense of Political Minimalism.\" <em>Metaphilosophy<\/em>, vol. 48, no. 5, pp. 727-44. DOI: <a href=\"https:\/\/doi.org\/10.1111\/meta.12259\">10.1111\/meta.12259<\/a>.<\/p>\n<\/div>\n<\/div><\/div><div id=\"panel-2546-1-0-5\" class=\"so-panel widget widget_sow-headline\" data-index=\"7\" ><div class=\"so-widget-sow-headline so-widget-sow-headline-default-66949b92e845\"><div class=\"sow-headline-container \">\n\t<h1 class='sow-headline'>Proyectos<\/h1>\t\t\t\t\t<div class=\"decoration\">\n\t\t\t\t\t\t<div class=\"decoration-inside\"><\/div>\n\t\t\t\t\t<\/div>\n\t\t\t\t\t<\/div><\/div><\/div><div id=\"panel-2546-1-0-6\" class=\"so-panel widget widget_sow-editor panel-last-child\" data-index=\"8\" ><div class=\"so-widget-sow-editor so-widget-sow-editor-base\">\n<div class=\"siteorigin-widget-tinymce textwidget\">\n\t<p>Co-IP del proyecto: \"El lugar de la deliberaci\u00f3n en la filosof\u00eda pol\u00edtica: propuestas pol\u00edticas y metanormativas\". Referencia: PID2023-147881NB-I00.<\/p>\n<p>Co-IP del proyecto: \"La justificaci\u00f3n de los modelos normativos para pr\u00e1cticas constitutivamente normativas. Propuesta y aplicaciones\". Referencia: PID2019-107478GB-I00. Vigencia: 01\/06\/2020 hasta el 31\/10\/2024<\/p>\n<p>Miembro del equipo de investigaci\u00f3n del proyecto \"Inteligencia artificial y biotecnolog\u00eda de mejora moral. Aspectos \u00e9ticos\" (FFI2016-79000-P). Investigador principal: Francisco D. Lara S\u00e1nchez. Desde enero de 2017.<\/p>\n<\/div>\n<\/div><\/div><\/div><\/div><\/div><!-- AddThis Advanced Settings generic via filter on the_content --><!-- AddThis Share Buttons generic via filter on the_content -->","protected":false},"excerpt":{"rendered":"<p>Investigador Asociado a FiloLab Profesor Titular, Departamento de Filosof\u00eda I, UGR P\u00e1gina web: https:\/\/www.ugr.es\/~frodguez\/ || https:\/\/jrodriguezalcazar.wordpress.com\/ Contacto: frodguez@ugr.es Javier Rodr\u00edguez Alc\u00e1zar es doctor en Filosof\u00eda y Profesor Titular de Filosof\u00eda Moral en la Universidad de Granada. Ha sido investigador visitante en la Washington University (San Luis, EE.UU.), en el Instituto Tecnol\u00f3gico de Massachussets (M.I.T.) y, [&hellip;]<!-- AddThis Advanced Settings generic via filter on get_the_excerpt --><!-- AddThis Share Buttons generic via filter on get_the_excerpt --><\/p>\n","protected":false},"author":1,"featured_media":0,"parent":947,"menu_order":0,"comment_status":"closed","ping_status":"closed","template":"","meta":[],"_links":{"self":[{"href":"https:\/\/wpd.ugr.es\/~filolab\/wordpress\/wp-json\/wp\/v2\/pages\/2546"}],"collection":[{"href":"https:\/\/wpd.ugr.es\/~filolab\/wordpress\/wp-json\/wp\/v2\/pages"}],"about":[{"href":"https:\/\/wpd.ugr.es\/~filolab\/wordpress\/wp-json\/wp\/v2\/types\/page"}],"author":[{"embeddable":true,"href":"https:\/\/wpd.ugr.es\/~filolab\/wordpress\/wp-json\/wp\/v2\/users\/1"}],"replies":[{"embeddable":true,"href":"https:\/\/wpd.ugr.es\/~filolab\/wordpress\/wp-json\/wp\/v2\/comments?post=2546"}],"version-history":[{"count":19,"href":"https:\/\/wpd.ugr.es\/~filolab\/wordpress\/wp-json\/wp\/v2\/pages\/2546\/revisions"}],"predecessor-version":[{"id":6556,"href":"https:\/\/wpd.ugr.es\/~filolab\/wordpress\/wp-json\/wp\/v2\/pages\/2546\/revisions\/6556"}],"up":[{"embeddable":true,"href":"https:\/\/wpd.ugr.es\/~filolab\/wordpress\/wp-json\/wp\/v2\/pages\/947"}],"wp:attachment":[{"href":"https:\/\/wpd.ugr.es\/~filolab\/wordpress\/wp-json\/wp\/v2\/media?parent=2546"}],"curies":[{"name":"wp","href":"https:\/\/api.w.org\/{rel}","templated":true}]}}