{"id":2669,"date":"2020-05-14T09:48:15","date_gmt":"2020-05-14T07:48:15","guid":{"rendered":"http:\/\/wpd.ugr.es\/~filolab\/wordpress\/?page_id=2669"},"modified":"2020-05-25T12:02:01","modified_gmt":"2020-05-25T10:02:01","slug":"juan-a-nicolas-marin","status":"publish","type":"page","link":"https:\/\/wpd.ugr.es\/~filolab\/wordpress\/about-us-2\/guarantor-researchers-91\/juan-a-nicolas-marin\/","title":{"rendered":"Juan A. Nicol\u00e1s Mar\u00edn"},"content":{"rendered":"<div id=\"pl-2669\"  class=\"panel-layout\" ><div id=\"pg-2669-0\"  class=\"panel-grid panel-no-style\" ><div id=\"pgc-2669-0-0\"  class=\"panel-grid-cell\" ><div id=\"panel-2669-0-0-0\" class=\"so-panel widget widget_sow-image panel-first-child panel-last-child\" data-index=\"0\" ><div class=\"so-widget-sow-image so-widget-sow-image-default-d6014b76747a\">\n\n<div class=\"sow-image-container\">\n\t<img src=\"https:\/\/wpd.ugr.es\/~filolab\/wordpress\/wp-content\/uploads\/2020\/05\/Juan-A-Nicol\u00e1s-Mar\u00edn.jpg\" width=\"261\" height=\"361\" srcset=\"https:\/\/wpd.ugr.es\/~filolab\/wordpress\/wp-content\/uploads\/2020\/05\/Juan-A-Nicol\u00e1s-Mar\u00edn.jpg 261w, https:\/\/wpd.ugr.es\/~filolab\/wordpress\/wp-content\/uploads\/2020\/05\/Juan-A-Nicol\u00e1s-Mar\u00edn-217x300.jpg 217w\" sizes=\"(max-width: 261px) 100vw, 261px\" title=\"Juan A. Nicol\u00e1s Mar\u00edn\" alt=\"\" \t\tclass=\"so-widget-image\"\/>\n<\/div>\n\n<\/div><\/div><\/div><div id=\"pgc-2669-0-1\"  class=\"panel-grid-cell\" ><div id=\"panel-2669-0-1-0\" class=\"so-panel widget widget_sow-editor panel-first-child panel-last-child\" data-index=\"1\" ><div class=\"so-widget-sow-editor so-widget-sow-editor-base\">\n<div class=\"siteorigin-widget-tinymce textwidget\">\n\t<p>FiloLab Guarantor Researcher<\/p>\n<p>Full Professor, <a href=\"https:\/\/directorio.ugr.es\/static\/PersonalUGR\/*\/show\/b1e6d0463674838f83bb8fdfbad956ef\">Department of Philosophy II, UGR<\/a><\/p>\n<p>Websites: <a href=\"https:\/\/www.ugr.es\/~jnicolas\/\">https:\/\/www.ugr.es\/~jnicolas\/<\/a> ||\u00a0<a href=\"http:\/\/www.leibniz.es\">www.leibniz.es<\/a><\/p>\n<p>Email address: <a href=\"mailto:jnicolas@ugr.es\">jnicolas@ugr.es<\/a><\/p>\n<p>&nbsp;<\/p>\n<\/div>\n<\/div><\/div><\/div><\/div><div id=\"pg-2669-1\"  class=\"panel-grid panel-no-style\" ><div id=\"pgc-2669-1-0\"  class=\"panel-grid-cell\" ><div id=\"panel-2669-1-0-0\" class=\"so-panel widget widget_sow-editor panel-first-child\" data-index=\"2\" ><div class=\"so-widget-sow-editor so-widget-sow-editor-base\">\n<div class=\"siteorigin-widget-tinymce textwidget\">\n\t<p>Juan A. Nicol\u00e1s Mar\u00edn is the director of the \"Chair GW Leibniz of Philosophy\", president of the \"Leibniz Iberoamerican Network\", project manager of \"Leibniz in Spanish\", director of the \"Leibniz Hispanic Library\", co-editor of the \"Complete Works\" of Ignacio Ellacur\u00eda, director of \"Veritas. Observatorio de la verdad\", director of the research group \"Conocimiento, Verdad y Valores\" of the Junta de Andaluc\u00eda (HUM-432), coordinator of \"Seminario Permanente Leibniz\" and editor of \"Filosof\u00eda Hoy\", \"Gu\u00edas Comares\", \"Claves\" and \"Nova Leibniz\" of Editorial Comares (Granada).<\/p>\n<\/div>\n<\/div><\/div><div id=\"panel-2669-1-0-1\" class=\"so-panel widget widget_sow-headline\" data-index=\"3\" ><div class=\"so-widget-sow-headline so-widget-sow-headline-default-66949b92e845\"><div class=\"sow-headline-container \">\n\t<h1 class='sow-headline'>Areas of research<\/h1>\t\t\t\t\t<div class=\"decoration\">\n\t\t\t\t\t\t<div class=\"decoration-inside\"><\/div>\n\t\t\t\t\t<\/div>\n\t\t\t\t\t<\/div><\/div><\/div><div id=\"panel-2669-1-0-2\" class=\"so-panel widget widget_sow-editor\" data-index=\"4\" ><div class=\"so-widget-sow-editor so-widget-sow-editor-base\">\n<div class=\"siteorigin-widget-tinymce textwidget\">\n\t<p>The Genesis of Modernity: Descartes, Leibniz, Hume<\/p>\n<p>Alternatives to the crisis of Modernity: Heidegger, Apel, Zubiri<\/p>\n<p>Review of Critical Thinking: Apel, Foucault, Popper, Levinas, Ellacur\u00eda<\/p>\n<p>Rethinking of the notion of truth: Theories of Truth, Post-truth<\/p>\n<\/div>\n<\/div><\/div><div id=\"panel-2669-1-0-3\" class=\"so-panel widget widget_sow-headline\" data-index=\"5\" ><div class=\"so-widget-sow-headline so-widget-sow-headline-default-66949b92e845\"><div class=\"sow-headline-container \">\n\t<h1 class='sow-headline'>Selected publications<\/h1>\t\t\t\t\t<div class=\"decoration\">\n\t\t\t\t\t\t<div class=\"decoration-inside\"><\/div>\n\t\t\t\t\t<\/div>\n\t\t\t\t\t<\/div><\/div><\/div><div id=\"panel-2669-1-0-4\" class=\"so-panel widget widget_sow-editor\" data-index=\"6\" ><div class=\"so-widget-sow-editor so-widget-sow-editor-base\">\n<div class=\"siteorigin-widget-tinymce textwidget\">\n\t<p>[2020] Nicol\u00e1s Mar\u00edn, Juan A. <em>K\u00f6rper, Monaden, Geister<\/em>. Sttugartg: Steiner Verlag.<\/p>\n<p>[2020] Nicol\u00e1s Mar\u00edn, Juan A. \"Die Rettung\u00a0 der Ph\u00e4nomene: ph\u00e4nomenalistischer Funktionalismus in Leibniz.\" <em>Studia Leibnitiana. Shf.<\/em> (Stuttgart), vol. 56, pp. 169-178.<\/p>\n<p>[2019] Nicol\u00e1s Mar\u00edn, Juan A. \"La transformaci\u00f3n leibnizienne des pr\u00edncipes. Le principe de raison comme pr\u00edncipe pratique.\" <em>ILIESI. Ricerche filosohiche e lessicale <\/em>(Rome), 06, pp. 81-95.<\/p>\n<p>[2019] Nicol\u00e1s Mar\u00edn, Juan A. \"Vers un perspectivism herm\u00e9neutique chez Leibniz.\" <em>Filosoficky casopis<\/em> (Prague), pp. 144-162.<\/p>\n<p>[2017] Nicol\u00e1s Mar\u00edn, Juan A. \"Les pr\u00edncipes leibniziennes: un labyrinthe ordonn\u00e9.\" <em>Lumi\u00e8res<\/em> (Bordeaux), vol. 29, pp. 119-131.<\/p>\n<p>[2017] Nicol\u00e1s Mar\u00edn, Juan A. \"Perspektive und Interpretation: Leibniz und die Hermeneutik.\" <em>Studia Leibnitiana. Supp.<\/em>, vol. 39, pp. 215-226.<\/p>\n<p>[2017] Nicol\u00e1s Mar\u00edn, Juan A. \"Harmonie als Ordung: das letzendliche meta-prinzip der leibnizschen Metaphysik.\" <em>Studia Leibnitiana. <\/em>Special Issue\u00a0<em>Harmonie und Realit\u00e4t<\/em>, edited by Thomas Leinkauf, and Stephan Meier-Oeser, vol. 51, pp. 55-67.<\/p>\n<p>[2016] Nicol\u00e1s Mar\u00edn, Juan A. \"Perspective as mediation between interpretations.\" <em>Leibniz and Hermeneutics<\/em>, edited by Juan A. Nicol\u00e1s et al. Newcastle: Cambridge Scholar Publishing, pp. 17-32.<\/p>\n<p>[2016] Nicol\u00e1s Mar\u00edn, Juan A.\"Der leibnizsche Weg zur Geschichtlichkeit der Vernunft.\" <em>F\u00fcr\u00a0<\/em><em>unserer Gl\u00fcck oder das Gl\u00fcck anderer<\/em>, edited by Wenchao Li, vol. III. Hildesheim: Olms Verlag, pp. 15-28.<\/p>\n<p>[2016] Nicol\u00e1s Mar\u00edn, Juan A.<em> Verdad, hermen\u00e9utica y<\/em> adecuaci\u00f3n. Madrid: Tecnos.<\/p>\n<p>[2016] Nicol\u00e1s Mar\u00edn, Juan A.<em> Leibniz and Hermeneutics. <\/em>Newcastle: Cambridge Scholars Publishing.<\/p>\n<p>[2016] Nicol\u00e1s Mar\u00edn, Juan A. <em>Beitr\u00e4ge zu Leibniz\u2019 Rezeption der Aristotelischen Logik und<\/em> <em>Metaphysik<\/em>. Zurich, New York: Olms Verlag.<\/p>\n<p>[2010] Nicol\u00e1s Mar\u00edn, Juan A. <em>Leibniz und die Entstehung der Modernit\u00e4t<\/em>. Stuttgart: Steiner Verlag.<\/p>\n<p>&nbsp;<\/p>\n<\/div>\n<\/div><\/div><div id=\"panel-2669-1-0-5\" class=\"so-panel widget widget_sow-headline\" data-index=\"7\" ><div class=\"so-widget-sow-headline so-widget-sow-headline-default-66949b92e845\"><div class=\"sow-headline-container \">\n\t<h1 class='sow-headline'>Projects<\/h1>\t\t\t\t\t<div class=\"decoration\">\n\t\t\t\t\t\t<div class=\"decoration-inside\"><\/div>\n\t\t\t\t\t<\/div>\n\t\t\t\t\t<\/div><\/div><\/div><div id=\"panel-2669-1-0-6\" class=\"so-panel widget widget_sow-editor panel-last-child\" data-index=\"8\" ><div class=\"so-widget-sow-editor so-widget-sow-editor-base\">\n<div class=\"siteorigin-widget-tinymce textwidget\">\n\t<p>\"G. W. Leibniz: Scientific and philosophical works\"<\/p>\n<p>\"Edition of Complete Works of\u00a0Ignacio Ellacur\u00eda\"<\/p>\n<p>\"Post-truth: multidisciplinary analysis, critical evaluation and alternatives\"<\/p>\n<\/div>\n<\/div><\/div><\/div><\/div><\/div><!-- AddThis Advanced Settings generic via filter on the_content --><!-- AddThis Share Buttons generic via filter on the_content -->","protected":false},"excerpt":{"rendered":"<p>FiloLab Guarantor Researcher Full Professor, Department of Philosophy II, UGR Websites: https:\/\/www.ugr.es\/~jnicolas\/ ||\u00a0www.leibniz.es Email address: jnicolas@ugr.es &nbsp; Juan A. Nicol\u00e1s Mar\u00edn is the director of the \u00abChair GW Leibniz of Philosophy\u00bb, president of the \u00abLeibniz Iberoamerican Network\u00bb, project manager of \u00abLeibniz in Spanish\u00bb, director of the \u00abLeibniz Hispanic Library\u00bb, co-editor of the \u00abComplete Works\u00bb of [&hellip;]<!-- AddThis Advanced Settings generic via filter on get_the_excerpt --><!-- AddThis Share Buttons generic via filter on get_the_excerpt --><\/p>\n","protected":false},"author":1,"featured_media":0,"parent":1055,"menu_order":0,"comment_status":"closed","ping_status":"closed","template":"","meta":[],"_links":{"self":[{"href":"https:\/\/wpd.ugr.es\/~filolab\/wordpress\/wp-json\/wp\/v2\/pages\/2669"}],"collection":[{"href":"https:\/\/wpd.ugr.es\/~filolab\/wordpress\/wp-json\/wp\/v2\/pages"}],"about":[{"href":"https:\/\/wpd.ugr.es\/~filolab\/wordpress\/wp-json\/wp\/v2\/types\/page"}],"author":[{"embeddable":true,"href":"https:\/\/wpd.ugr.es\/~filolab\/wordpress\/wp-json\/wp\/v2\/users\/1"}],"replies":[{"embeddable":true,"href":"https:\/\/wpd.ugr.es\/~filolab\/wordpress\/wp-json\/wp\/v2\/comments?post=2669"}],"version-history":[{"count":6,"href":"https:\/\/wpd.ugr.es\/~filolab\/wordpress\/wp-json\/wp\/v2\/pages\/2669\/revisions"}],"predecessor-version":[{"id":2889,"href":"https:\/\/wpd.ugr.es\/~filolab\/wordpress\/wp-json\/wp\/v2\/pages\/2669\/revisions\/2889"}],"up":[{"embeddable":true,"href":"https:\/\/wpd.ugr.es\/~filolab\/wordpress\/wp-json\/wp\/v2\/pages\/1055"}],"wp:attachment":[{"href":"https:\/\/wpd.ugr.es\/~filolab\/wordpress\/wp-json\/wp\/v2\/media?parent=2669"}],"curies":[{"name":"wp","href":"https:\/\/api.w.org\/{rel}","templated":true}]}}