{"id":2693,"date":"2020-05-14T11:33:01","date_gmt":"2020-05-14T09:33:01","guid":{"rendered":"http:\/\/wpd.ugr.es\/~filolab\/wordpress\/?page_id=2693"},"modified":"2020-05-25T10:24:35","modified_gmt":"2020-05-25T08:24:35","slug":"nemesio-garcia-carril-puy","status":"publish","type":"page","link":"https:\/\/wpd.ugr.es\/~filolab\/wordpress\/quienes-somos-nueva\/investigadores-asociados\/nemesio-garcia-carril-puy\/","title":{"rendered":"Nemesio Garc\u00eda-Carril Puy"},"content":{"rendered":"<div id=\"pl-2693\"  class=\"panel-layout\" ><div id=\"pg-2693-0\"  class=\"panel-grid panel-no-style\" ><div id=\"pgc-2693-0-0\"  class=\"panel-grid-cell\" ><div id=\"panel-2693-0-0-0\" class=\"so-panel widget widget_sow-image panel-first-child panel-last-child\" data-index=\"0\" ><div class=\"so-widget-sow-image so-widget-sow-image-default-d6014b76747a\">\n\n<div class=\"sow-image-container\">\n\t<img src=\"https:\/\/wpd.ugr.es\/~filolab\/wordpress\/wp-content\/uploads\/2020\/05\/Nemesio-Garc\u00eda-Carril-Puy.jpg\" width=\"300\" height=\"400\" srcset=\"https:\/\/wpd.ugr.es\/~filolab\/wordpress\/wp-content\/uploads\/2020\/05\/Nemesio-Garc\u00eda-Carril-Puy.jpg 300w, https:\/\/wpd.ugr.es\/~filolab\/wordpress\/wp-content\/uploads\/2020\/05\/Nemesio-Garc\u00eda-Carril-Puy-225x300.jpg 225w\" sizes=\"(max-width: 300px) 100vw, 300px\" title=\"Nemesio Garc\u00eda-Carril Puy\" alt=\"\" \t\tclass=\"so-widget-image\"\/>\n<\/div>\n\n<\/div><\/div><\/div><div id=\"pgc-2693-0-1\"  class=\"panel-grid-cell\" ><div id=\"panel-2693-0-1-0\" class=\"so-panel widget widget_sow-editor panel-first-child panel-last-child\" data-index=\"1\" ><div class=\"so-widget-sow-editor so-widget-sow-editor-base\">\n<div class=\"siteorigin-widget-tinymce textwidget\">\n\t<p>Investigador Asociado a FiloLab<\/p>\n<p>Investigador Post-doctoral, Universidad de Granada<\/p>\n<p>Contacto: <a href=\"mailto:nemesio@ugr.es\">nemesio@ugr.es<\/a><\/p>\n<\/div>\n<\/div><\/div><\/div><\/div><div id=\"pg-2693-1\"  class=\"panel-grid panel-no-style\" ><div id=\"pgc-2693-1-0\"  class=\"panel-grid-cell\" ><div id=\"panel-2693-1-0-0\" class=\"so-panel widget widget_sow-editor panel-first-child\" data-index=\"2\" ><div class=\"so-widget-sow-editor so-widget-sow-editor-base\">\n<div class=\"siteorigin-widget-tinymce textwidget\">\n\t<p>Nemesio Garc\u00eda-Carril Puy es Investigador post-doctoral en filosof\u00eda y m\u00fasico profesional. Ha desarrollado labores de investigaci\u00f3n y docencia en el Departamento de Filosof\u00eda I de la Universidad de Granada en calidad de contratado pre-doctoral FPU y contratado post-doctoral del Plan Propio. Su \u00e1rea de investigaci\u00f3n es est\u00e9tica y ontolog\u00eda del arte, especializ\u00e1ndose en temas de filosof\u00eda de la m\u00fasica. En 2019 fue premiado por la American Society for Aesthetics con el John Fisher Memorial Prize. En el \u00e1mbito musical, ha ganado el Primer Premio del Mediterranean Brass Festival Competition, el Segundo Premio en el Burke &amp; Bagley Prize y ha grabado seis discos.<\/p>\n<\/div>\n<\/div><\/div><div id=\"panel-2693-1-0-1\" class=\"so-panel widget widget_sow-headline\" data-index=\"3\" ><div class=\"so-widget-sow-headline so-widget-sow-headline-default-66949b92e845\"><div class=\"sow-headline-container \">\n\t<h1 class='sow-headline'>L\u00edneas de investigaci\u00f3n<\/h1>\t\t\t\t\t<div class=\"decoration\">\n\t\t\t\t\t\t<div class=\"decoration-inside\"><\/div>\n\t\t\t\t\t<\/div>\n\t\t\t\t\t<\/div><\/div><\/div><div id=\"panel-2693-1-0-2\" class=\"so-panel widget widget_sow-editor\" data-index=\"4\" ><div class=\"so-widget-sow-editor so-widget-sow-editor-base\">\n<div class=\"siteorigin-widget-tinymce textwidget\">\n\t<p>Desarrollo y aplicaci\u00f3n de la teor\u00eda de los tipos anidados en ontolog\u00eda de la m\u00fasica a problemas de plagio y propiedad intelectual en diversas artes.<\/p>\n<p>Estudio del conflicto entre autenticidad musical interpretativa y autenticidad del cumplimiento de la partitura, extendiendo su aplicaci\u00f3n al fen\u00f3meno de las versiones musicales.<\/p>\n<p>An\u00e1lisis de los aspectos problem\u00e1ticos de las propuestas descriptivista y revisionista en metaontolog\u00eda del arte, intentando desarrollar una nueva propuesta conciliadora.<\/p>\n<p>Estudio de las dimensiones normativas del juicio est\u00e9tico y an\u00e1lisis de desacuerdo.<\/p>\n<\/div>\n<\/div><\/div><div id=\"panel-2693-1-0-3\" class=\"so-panel widget widget_sow-headline\" data-index=\"5\" ><div class=\"so-widget-sow-headline so-widget-sow-headline-default-66949b92e845\"><div class=\"sow-headline-container \">\n\t<h1 class='sow-headline'>Publicaciones destacadas<\/h1>\t\t\t\t\t<div class=\"decoration\">\n\t\t\t\t\t\t<div class=\"decoration-inside\"><\/div>\n\t\t\t\t\t<\/div>\n\t\t\t\t\t<\/div><\/div><\/div><div id=\"panel-2693-1-0-4\" class=\"so-panel widget widget_sow-editor panel-last-child\" data-index=\"6\" ><div class=\"so-widget-sow-editor so-widget-sow-editor-base\">\n<div class=\"siteorigin-widget-tinymce textwidget\">\n\t<p>[2020] Puy, Nemesio. \"Contextualizing Platonism and Decontextualizing Aristotelianism in the Ontology of Music.\" <em>Journal of Aesthetics and Art Criticism<\/em>, vol. 78, no. 2.<\/p>\n<p>[2020] Puy, Nemesio. \"Platonismo musical y composicio\u0301n de obras musicales por ordenador.\" <em>Arte y Naturaleza<\/em>, editado por Carmen Rodri\u0301guez Marti\u0301n. Granada: Editorial Comares.<\/p>\n<p>[2019] Puy, Nemesio. \"The Ontology of Musical Versions: Introducing the Hypothesis of Nested Types.\" <em>Journal of Aesthetics and Art Criticism<\/em>, vol. 77, no. 3, pp. 241-254.<\/p>\n<p>[2019] Puy, Nemesio. \"Musical Works\u2019 Repeatability, Audibility and Variability: a Dispositional Account.\" <em>Philosophy and Society<\/em>, vol. 30, no. 1, pp. 54-72.<\/p>\n<p>[2019] Puy, Nemesio. \"Ontologi\u0301a de la Mu\u0301sica.\" <em>Enciclopedia de la Sociedad Espan\u0303ola de Filosofi\u0301a Anali\u0301tica<\/em>. (Disponible en: <a href=\"http:\/\/www.sefaweb.es\/ontologia-de-la-musica\/\">http:\/\/www.sefaweb.es\/ontologia-de-la-musica\/<\/a>)<\/p>\n<p>[2018] Puy, Nemesio. \"Musical Minimalism and the Metaphysics of Time.\" <em>Revista Portuguesa de Filosofia<\/em>, vol. 74, no. 4, pp. 1267-1306.<\/p>\n<p>[2018] Puy, Nemesio. \"Against Hazlett\u2019s Argument: musical works qua types are modally flexible entities.\" <em>Proceedings of the European Society for Aesthetics<\/em>, vol. 10, pp. 212-234.<\/p>\n<p>[2017] Puy, Nemesio. \"On the ontological category of computer-generated music scores.\" <em>Journal of Creative Music Systems<\/em>, vol. 1, no. 2. <a href=\"https:\/\/doi.org\/10.5920\/JCMS.2017.06\">https:\/\/doi.org\/10.5920\/JCMS.2017.06<\/a><\/p>\n<p>[2017] Puy, Nemesio. \"Musical versions and transcriptions. Disputing Stephen Davies Account.\" <em>Debates in Aesthetics<\/em>, vol. 13, no. 1, pp. 33-51.<\/p>\n<p>[2016] Puy, Nemesio. \"La belleza en Charles S. Peirce: Origen y alcance de sus ideas este\u0301ticas by Sara Barrena.\" <em>Transactions of the Charles S. Peirce Society<\/em>, vol. 52, no. 4, pp. 652-658.<\/p>\n<\/div>\n<\/div><\/div><\/div><\/div><\/div><!-- AddThis Advanced Settings generic via filter on the_content --><!-- AddThis Share Buttons generic via filter on the_content -->","protected":false},"excerpt":{"rendered":"<p>Investigador Asociado a FiloLab Investigador Post-doctoral, Universidad de Granada Contacto: nemesio@ugr.es Nemesio Garc\u00eda-Carril Puy es Investigador post-doctoral en filosof\u00eda y m\u00fasico profesional. Ha desarrollado labores de investigaci\u00f3n y docencia en el Departamento de Filosof\u00eda I de la Universidad de Granada en calidad de contratado pre-doctoral FPU y contratado post-doctoral del Plan Propio. Su \u00e1rea de [&hellip;]<!-- AddThis Advanced Settings generic via filter on get_the_excerpt --><!-- AddThis Share Buttons generic via filter on get_the_excerpt --><\/p>\n","protected":false},"author":1,"featured_media":0,"parent":947,"menu_order":0,"comment_status":"closed","ping_status":"closed","template":"","meta":[],"_links":{"self":[{"href":"https:\/\/wpd.ugr.es\/~filolab\/wordpress\/wp-json\/wp\/v2\/pages\/2693"}],"collection":[{"href":"https:\/\/wpd.ugr.es\/~filolab\/wordpress\/wp-json\/wp\/v2\/pages"}],"about":[{"href":"https:\/\/wpd.ugr.es\/~filolab\/wordpress\/wp-json\/wp\/v2\/types\/page"}],"author":[{"embeddable":true,"href":"https:\/\/wpd.ugr.es\/~filolab\/wordpress\/wp-json\/wp\/v2\/users\/1"}],"replies":[{"embeddable":true,"href":"https:\/\/wpd.ugr.es\/~filolab\/wordpress\/wp-json\/wp\/v2\/comments?post=2693"}],"version-history":[{"count":3,"href":"https:\/\/wpd.ugr.es\/~filolab\/wordpress\/wp-json\/wp\/v2\/pages\/2693\/revisions"}],"predecessor-version":[{"id":2847,"href":"https:\/\/wpd.ugr.es\/~filolab\/wordpress\/wp-json\/wp\/v2\/pages\/2693\/revisions\/2847"}],"up":[{"embeddable":true,"href":"https:\/\/wpd.ugr.es\/~filolab\/wordpress\/wp-json\/wp\/v2\/pages\/947"}],"wp:attachment":[{"href":"https:\/\/wpd.ugr.es\/~filolab\/wordpress\/wp-json\/wp\/v2\/media?parent=2693"}],"curies":[{"name":"wp","href":"https:\/\/api.w.org\/{rel}","templated":true}]}}