{"id":2727,"date":"2020-05-15T12:29:26","date_gmt":"2020-05-15T10:29:26","guid":{"rendered":"http:\/\/wpd.ugr.es\/~filolab\/wordpress\/?page_id=2727"},"modified":"2025-10-29T11:24:28","modified_gmt":"2025-10-29T10:24:28","slug":"manuel-heras-escribano","status":"publish","type":"page","link":"https:\/\/wpd.ugr.es\/~filolab\/wordpress\/quienes-somos-nueva\/investigadores-garantes\/manuel-heras-escribano\/","title":{"rendered":"Manuel Heras Escribano"},"content":{"rendered":"<div id=\"pl-2727\"  class=\"panel-layout\" ><div id=\"pg-2727-0\"  class=\"panel-grid panel-no-style\" ><div id=\"pgc-2727-0-0\"  class=\"panel-grid-cell\" ><div id=\"panel-2727-0-0-0\" class=\"so-panel widget widget_sow-image panel-first-child panel-last-child\" data-index=\"0\" ><div class=\"so-widget-sow-image so-widget-sow-image-default-d6014b76747a\">\n\n<div class=\"sow-image-container\">\n\t<img src=\"https:\/\/wpd.ugr.es\/~filolab\/wordpress\/wp-content\/uploads\/2020\/05\/Manuel-Heras-Escribano.jpg\" width=\"600\" height=\"400\" srcset=\"https:\/\/wpd.ugr.es\/~filolab\/wordpress\/wp-content\/uploads\/2020\/05\/Manuel-Heras-Escribano.jpg 600w, https:\/\/wpd.ugr.es\/~filolab\/wordpress\/wp-content\/uploads\/2020\/05\/Manuel-Heras-Escribano-300x200.jpg 300w, https:\/\/wpd.ugr.es\/~filolab\/wordpress\/wp-content\/uploads\/2020\/05\/Manuel-Heras-Escribano-272x182.jpg 272w\" sizes=\"(max-width: 600px) 100vw, 600px\" title=\"Manuel Heras Escribano\" alt=\"\" \t\tclass=\"so-widget-image\"\/>\n<\/div>\n\n<\/div><\/div><\/div><div id=\"pgc-2727-0-1\"  class=\"panel-grid-cell\" ><div id=\"panel-2727-0-1-0\" class=\"so-panel widget widget_sow-editor panel-first-child panel-last-child\" data-index=\"1\" ><div class=\"so-widget-sow-editor so-widget-sow-editor-base\">\n<div class=\"siteorigin-widget-tinymce textwidget\">\n\t<p>Investigador Garante de FiloLab<\/p>\n<p>Profesor Titular - Departamento de Filosof\u00eda I - UGR<\/p>\n<p>P\u00e1gina web: <a href=\"https:\/\/ehu.academia.edu\/ManuelHerasEscribano\">https:\/\/ehu.academia.edu\/ManuelHerasEscribano<\/a><\/p>\n<p>Contacto: <a href=\"mailto:mhe@ugr.es\">mhe@ugr.es<\/a><\/p>\n<p>&nbsp;<\/p>\n<\/div>\n<\/div><\/div><\/div><\/div><div id=\"pg-2727-1\"  class=\"panel-grid panel-no-style\" ><div id=\"pgc-2727-1-0\"  class=\"panel-grid-cell\" ><div id=\"panel-2727-1-0-0\" class=\"so-panel widget widget_sow-editor panel-first-child\" data-index=\"2\" ><div class=\"so-widget-sow-editor so-widget-sow-editor-base\">\n<div class=\"siteorigin-widget-tinymce textwidget\">\n\t<p>Manuel Heras Escribano es profesor titular en el Departamento de Filosof\u00eda I de la Universidad de Granada (Espa\u00f1a). Previamente ha sido investigador predoctoral en la Universidad de Granada (Premio Extraordinario de Doctorado) e investigador postdoctoral en la Universidad de Granada (Programa Contrato Puente), en la Universidad Alberto Hurtado (Chile), en la Universidad del Pa\u00eds Vasco (Programa Juan de la Cierva Formaci\u00f3n) y en la Universidad de Granada (Programa Juan de la Cierva de Incorporaci\u00f3n y Programa Ram\u00f3n y Cajal). Ha sido investigador visitante en la Universidad de Southampton (Reino Unido), en la Universidad de Pittsburgh (Estados Unidos) y en la Embodied Cognitive Science Unit del Okinawa Institute of Science and Technology (Jap\u00f3n). Ha sido receptor de un proyecto Fondecyt de Postdoctorado del gobierno chileno y de una Beca Leonardo de la Fundaci\u00f3n BBVA. Tambi\u00e9n ha sido galardonado junto a Manuel de Pinedo con el Premio Universidad de Granada - Caja Rural de Granada a Trabajos de Investigaci\u00f3n de Excelencia 2018 en la rama de Humanidades.<\/p>\n<p>&nbsp;<\/p>\n<\/div>\n<\/div><\/div><div id=\"panel-2727-1-0-1\" class=\"so-panel widget widget_sow-headline\" data-index=\"3\" ><div class=\"so-widget-sow-headline so-widget-sow-headline-default-66949b92e845\"><div class=\"sow-headline-container \">\n\t<h1 class='sow-headline'>L\u00edneas de investigaci\u00f3n<\/h1>\t\t\t\t\t<div class=\"decoration\">\n\t\t\t\t\t\t<div class=\"decoration-inside\"><\/div>\n\t\t\t\t\t<\/div>\n\t\t\t\t\t<\/div><\/div><\/div><div id=\"panel-2727-1-0-2\" class=\"so-panel widget widget_sow-editor\" data-index=\"4\" ><div class=\"so-widget-sow-editor so-widget-sow-editor-base\">\n<div class=\"siteorigin-widget-tinymce textwidget\">\n\t<p>Su trabajo se centra en la filosof\u00eda de la mente y de la ciencia cognitiva, con un especial inter\u00e9s en las teor\u00edas corporizadas y situadas de la cognici\u00f3n. El principal objetivo es el de ofrecer una teor\u00eda general de la naturaleza de la experiencia desde una perspectiva no representacional, situada y corporizada. Para ello, hasta ahora ha explorado tres l\u00edneas distintas: en primer lugar, ha analizado aspectos te\u00f3ricos (metodol\u00f3gicos, ontol\u00f3gicos y epist\u00e9micos) de la psicolog\u00eda ecol\u00f3gica y el enactivismo, con especial atenci\u00f3n a la noci\u00f3n de <em>affordance<\/em> o posibilidad para la acci\u00f3n. En segundo lugar, ha trabajado junto a Manuel de Pinedo en una propuesta para entender el comportamiento pre-reflexivo de manera normativa. Una tercera l\u00ednea de investigaci\u00f3n se centra en los or\u00edgenes biol\u00f3gicos de la cognici\u00f3n, en la que se combina la psicolog\u00eda ecol\u00f3gica y la teor\u00eda de la construcci\u00f3n de nichos con el fin de analizar el papel evolutivo de las <em>affordances<\/em>.<\/p>\n<\/div>\n<\/div><\/div><div id=\"panel-2727-1-0-3\" class=\"so-panel widget widget_sow-headline\" data-index=\"5\" ><div class=\"so-widget-sow-headline so-widget-sow-headline-default-66949b92e845\"><div class=\"sow-headline-container \">\n\t<h1 class='sow-headline'>Publicaciones destacadas<\/h1>\t\t\t\t\t<div class=\"decoration\">\n\t\t\t\t\t\t<div class=\"decoration-inside\"><\/div>\n\t\t\t\t\t<\/div>\n\t\t\t\t\t<\/div><\/div><\/div><div id=\"panel-2727-1-0-4\" class=\"so-panel widget widget_sow-editor\" data-index=\"6\" ><div class=\"so-widget-sow-editor so-widget-sow-editor-base\">\n<div class=\"siteorigin-widget-tinymce textwidget\">\n\t<p>[2024] Heras-Escribano, M., Travieso, D., &amp; Lobo, L. (2024). An Affordance-Based Approach to the Origins of Concepts, en Mangalam, M., Hajnal, A., &amp; Kelty-Stephen, D. (Eds.) The Modern Legacy of Gibson's Affordances for the Sciences of Organisms. Routledge.<\/p>\n<p>[2024] \"La psicolog\u00eda ecol\u00f3gica y el futuro de la ciencia cognitiva corporizada y situada. Entrevista con Heras Escribano\" (2024), en A. Espinosa Barrios y A. Robles Zamora (Eds.) Andamios, Vol. 21 N\u00fam. 54<\/p>\n<p>[2023] Heras-Escribano, M. (2023). Ecological Psychology, Enaction, and the Quest for an Embodied and Situated Cognitive Science. In: Casper, MO., Artese, G.F. (eds) Situated Cognition Research. Studies in Brain and Mind, vol 23. Springer, Cham.\u00a0<a href=\"https:\/\/doi.org\/10.1007\/978-3-031-39744-8_6\">https:\/\/doi.org\/10.1007\/978-3-031-39744-8_6<\/a><\/p>\n<p>[2023] \u00a0Miguel Segundo-Ortin, Manuel Heras-Escribano, Vicente Raja (Eds.) Places, Sociality, and Ecological Psychology Essays in Honor of Harry Heft. Routledge<\/p>\n<p>[2023] Raja, V. &amp; Heras-Escribano, M. (2023). Behavior settings, enabling constraints, and the naturalization of social norms, en Miguel Segundo-Ortin, Manuel Heras-Escribano, Vicente Raja (Eds.) Places, Sociality, and Ecological Psychology Essays in Honor of Harry Heft. Routledge<\/p>\n<p>[2023] Miguel Segundo-Ortin &amp; Manuel Heras-Escribano (2023) The risk of trivializing affordances: mental and cognitive affordances examined, Philosophical Psychology, DOI: 10.1080\/09515089.2023.2228341<\/p>\n<p>[2023] Saborido, C., &amp; Heras-Escribano, M. \"Affordances and organizational functions.\" (2023) Biology and Philosophy 38, 6,\u00a0<a href=\"https:\/\/doi.org\/10.1007\/s10539-023-09891-4\">https:\/\/doi.org\/10.1007\/s10539-023-09891-4<\/a><\/p>\n<p>[2022]Heras-Escribano, M. y Lobo, L. (2022). Los or\u00edgenes te\u00f3ricos de la affordances y la psicolog\u00eda ecol\u00f3gica: Una introducci\u00f3n hist\u00f3rica. En Heras-Escribano, M., Lobo, L., Vega, J. (Eds) Affordances y Ciencia Cognitiva: Introducci\u00f3n, teor\u00eda y aplicaciones. Ed. Tecnos<\/p>\n<p>[2022] Heras-Escribano, M., Lobo, L., Vega, J. (2022) Affordances y Ciencia Cognitiva: Introducci\u00f3n, teor\u00eda y aplicaciones. Ed. Tecnos, 2022<\/p>\n<p>[2022] Heras-Escribano, M. (2022). \"Affordances and Social Normativity: Steps Toward an Integrative View\"; in Djebbara, Z. (Ed.) Affordances in everyday life. A multidisciplinary collection of essays. Springer: 61-71.<\/p>\n<p>[2022] Heras-Escribano, M. (2022). \"Affordances\" en Parente, D., Berti, A., y Celis, C. (Coords.) Glosario de Filosof\u00eda de la T\u00e9cnica. Ed. La Cebra.<\/p>\n<p>[2021] Segundo-Ortin, M., Heras-Escribano, M. \"Neither mindful nor mindless, but minded: habits, ecological psychology, and skilled performance.\" Synthese (2021).\u00a0<a href=\"https:\/\/doi.org\/10.1007\/s11229-021-03238-w\">https:\/\/doi.org\/10.1007\/s11229-021-03238-w<\/a><\/p>\n<p>[2020] Heras-Escribano, Manuel. \"The Evolutionary Role of Affordances: Ecological Psychology, Niche Construction, and Natural Selection.\" <em>Biology &amp; Philosophy<\/em>, vol. 35, art. 30. DOI: <a href=\"https:\/\/doi.org\/10.1007\/s10539-020-09747-1\">10.1007\/s10539-020-09747-1<\/a>.<\/p>\n<p>[2019] Heras-Escribano, Manuel. <em>The Philosophy of Affordances<\/em>. Cham: Palgrave Macmillan. DOI: <a href=\"http:\/\/doi.org\/10.1007%2F978-3-319-98830-6\">10.1007\/978-3-319-98830-6<\/a>.<\/p>\n<p>[2019] Heras-Escribano, Manuel. \"Pragmatism, enactivism, and ecological psychology: Towards a unified approach to post-cognitivism.\" <em>Synthese<\/em>. DOI: <a href=\"https:\/\/doi.org\/10.1007\/s11229-019-02111-1\">10.1007\/s11229-019-02111-1<\/a>.<\/p>\n<\/div>\n<\/div><\/div><div id=\"panel-2727-1-0-5\" class=\"so-panel widget widget_sow-headline\" data-index=\"7\" ><div class=\"so-widget-sow-headline so-widget-sow-headline-default-66949b92e845\"><div class=\"sow-headline-container \">\n\t<h1 class='sow-headline'>Proyectos<\/h1>\t\t\t\t\t<div class=\"decoration\">\n\t\t\t\t\t\t<div class=\"decoration-inside\"><\/div>\n\t\t\t\t\t<\/div>\n\t\t\t\t\t<\/div><\/div><\/div><div id=\"panel-2727-1-0-6\" class=\"so-panel widget widget_sow-editor panel-last-child\" data-index=\"8\" ><div class=\"so-widget-sow-editor so-widget-sow-editor-base\">\n<div class=\"siteorigin-widget-tinymce textwidget\">\n\t<p>Investigador Principal del proyecto \u201cToward an Ecological Approach to the Natural Origins of Content: From Direct Perception to Social Norms (ECOCONTENT)\u201d, \u00a0Proyectos de Consolidaci\u00f3n Investigadora 2022, Agencia Estatal de Investigaci\u00f3n y el Ministerio de Ciencia e Innovaci\u00f3n. (2022-2025, 99.632,40 euros).<\/p>\n<p>Miembro del grupo de investigaci\u00f3n del proyecto \u201cDe la experiencia a los conceptos: Una reformulaci\u00f3n del problema de Molyneux a trav\u00e9s de la sustituci\u00f3n sensorial ecol\u00f3gica (ECOCONCEPT)\u201d. Ayudas a Proyectos de Investigaci\u00f3n Cient\u00edfica de la Fundaci\u00f3n BBVA. IP: Lorena Lobo (UDIMA). (2022-2024).<\/p>\n<p>Investigador Principal del proyecto \"La filosof\u00eda de las affordances\" (AFFORDEVOCOG). Beca Leonardo, Fundaci\u00f3n BBVA. (15\/09\/2018 - 15\/03\/2019, 32.500 \u20ac)<\/p>\n<p>Miembro international del proyecto \"Neural reuse, embodied cognition, and dynamic-systems approaches to the brain. Social Sciences and Humanities\". Research Council of Canada. IP: M. L. Anderson. (University of Toronto). (01\/04\/2018-30\/03\/2025, 925.159 \u20ac)<\/p>\n<p>Miembro del grupo de trabajo del proyecto \"Expresivismos Contempor\u00e1neos y la Indispensabilidad del Vocabulario Normativo: Alcance y L\u00edmites de la Hip\u00f3tesis Expresivista\" (FFI2016-80088-P). IP: N. Villanueva y M. de Pinedo. (01\/01\/2018-01\/01\/2022, 50.820 \u20ac)<\/p>\n<p>Investigador colaborador en la Unidad de Excelencia FILOLAB (Universidad de Granada). IP: L. Bermejo. (21\/07\/2017-21\/07\/2021)<\/p>\n<p>Investigador principal del proyecto \"Affordances, Ecological Psychology, and the Extended Evolutionary Synthesis\". Fondecyt Postdoctorado 3170685. (15\/03\/2017-15\/03\/2020 (Interrumpido en 2018), 17.979 \u20ac anuales)<\/p>\n<\/div>\n<\/div><\/div><\/div><\/div><\/div><!-- AddThis Advanced Settings generic via filter on the_content --><!-- AddThis Share Buttons generic via filter on the_content -->","protected":false},"excerpt":{"rendered":"<p>Investigador Garante de FiloLab Profesor Titular &#8211; Departamento de Filosof\u00eda I &#8211; UGR P\u00e1gina web: https:\/\/ehu.academia.edu\/ManuelHerasEscribano Contacto: mhe@ugr.es &nbsp; Manuel Heras Escribano es profesor titular en el Departamento de Filosof\u00eda I de la Universidad de Granada (Espa\u00f1a). Previamente ha sido investigador predoctoral en la Universidad de Granada (Premio Extraordinario de Doctorado) e investigador postdoctoral en [&hellip;]<!-- AddThis Advanced Settings generic via filter on get_the_excerpt --><!-- AddThis Share Buttons generic via filter on get_the_excerpt --><\/p>\n","protected":false},"author":1,"featured_media":0,"parent":934,"menu_order":0,"comment_status":"closed","ping_status":"closed","template":"","meta":[],"_links":{"self":[{"href":"https:\/\/wpd.ugr.es\/~filolab\/wordpress\/wp-json\/wp\/v2\/pages\/2727"}],"collection":[{"href":"https:\/\/wpd.ugr.es\/~filolab\/wordpress\/wp-json\/wp\/v2\/pages"}],"about":[{"href":"https:\/\/wpd.ugr.es\/~filolab\/wordpress\/wp-json\/wp\/v2\/types\/page"}],"author":[{"embeddable":true,"href":"https:\/\/wpd.ugr.es\/~filolab\/wordpress\/wp-json\/wp\/v2\/users\/1"}],"replies":[{"embeddable":true,"href":"https:\/\/wpd.ugr.es\/~filolab\/wordpress\/wp-json\/wp\/v2\/comments?post=2727"}],"version-history":[{"count":26,"href":"https:\/\/wpd.ugr.es\/~filolab\/wordpress\/wp-json\/wp\/v2\/pages\/2727\/revisions"}],"predecessor-version":[{"id":7417,"href":"https:\/\/wpd.ugr.es\/~filolab\/wordpress\/wp-json\/wp\/v2\/pages\/2727\/revisions\/7417"}],"up":[{"embeddable":true,"href":"https:\/\/wpd.ugr.es\/~filolab\/wordpress\/wp-json\/wp\/v2\/pages\/934"}],"wp:attachment":[{"href":"https:\/\/wpd.ugr.es\/~filolab\/wordpress\/wp-json\/wp\/v2\/media?parent=2727"}],"curies":[{"name":"wp","href":"https:\/\/api.w.org\/{rel}","templated":true}]}}