{"id":2756,"date":"2020-05-21T09:41:02","date_gmt":"2020-05-21T07:41:02","guid":{"rendered":"http:\/\/wpd.ugr.es\/~filolab\/wordpress\/?page_id=2756"},"modified":"2024-07-17T09:50:08","modified_gmt":"2024-07-17T07:50:08","slug":"juan-mamberti","status":"publish","type":"page","link":"https:\/\/wpd.ugr.es\/~filolab\/wordpress\/quienes-somos-nueva\/investigadores-colaboradores-de-centros-nacionales-e-internacionales\/juan-mamberti\/","title":{"rendered":"Juan Mamberti"},"content":{"rendered":"<div id=\"pl-2756\"  class=\"panel-layout\" ><div id=\"pg-2756-0\"  class=\"panel-grid panel-no-style\" ><div id=\"pgc-2756-0-0\"  class=\"panel-grid-cell\" ><div id=\"panel-2756-0-0-0\" class=\"so-panel widget widget_sow-image panel-first-child panel-last-child\" data-index=\"0\" ><div class=\"so-widget-sow-image so-widget-sow-image-default-d6014b76747a\">\n\n<div class=\"sow-image-container\">\n\t<img src=\"https:\/\/wpd.ugr.es\/~filolab\/wordpress\/wp-content\/uploads\/2020\/05\/Juan-Mamberti.jpg\" width=\"352\" height=\"352\" srcset=\"https:\/\/wpd.ugr.es\/~filolab\/wordpress\/wp-content\/uploads\/2020\/05\/Juan-Mamberti.jpg 352w, https:\/\/wpd.ugr.es\/~filolab\/wordpress\/wp-content\/uploads\/2020\/05\/Juan-Mamberti-300x300.jpg 300w, https:\/\/wpd.ugr.es\/~filolab\/wordpress\/wp-content\/uploads\/2020\/05\/Juan-Mamberti-150x150.jpg 150w, https:\/\/wpd.ugr.es\/~filolab\/wordpress\/wp-content\/uploads\/2020\/05\/Juan-Mamberti-100x100.jpg 100w\" sizes=\"(max-width: 352px) 100vw, 352px\" title=\"Juan Mamberti\" alt=\"\" \t\tclass=\"so-widget-image\"\/>\n<\/div>\n\n<\/div><\/div><\/div><div id=\"pgc-2756-0-1\"  class=\"panel-grid-cell\" ><div id=\"panel-2756-0-1-0\" class=\"so-panel widget widget_sow-editor panel-first-child panel-last-child\" data-index=\"1\" ><div class=\"so-widget-sow-editor so-widget-sow-editor-base\">\n<div class=\"siteorigin-widget-tinymce textwidget\">\n\t<p>Investigador Colaborador de FiloLab<\/p>\n<p>Profesor de Debate, Facultad de Derecho, Universidad de Palermo (Argentina)<\/p>\n<p>P\u00e1gina web: <a href=\"https:\/\/utdt.academia.edu\/JuanMamberti\">https:\/\/utdt.academia.edu\/JuanMamberti<\/a> ||\u00a0 <a href=\"https:\/\/www.linkedin.com\/in\/jmamberti\/\">https:\/\/www.linkedin.com\/in\/jmamberti\/<\/a><\/p>\n<p>Contacto: <a href=\"mailto:jmambe@palermo.edu\">jmambe@palermo.edu<\/a><\/p>\n<\/div>\n<\/div><\/div><\/div><\/div><div id=\"pg-2756-1\"  class=\"panel-grid panel-no-style\" ><div id=\"pgc-2756-1-0\"  class=\"panel-grid-cell\" ><div id=\"panel-2756-1-0-0\" class=\"so-panel widget widget_sow-editor panel-first-child\" data-index=\"2\" ><div class=\"so-widget-sow-editor so-widget-sow-editor-base\">\n<div class=\"siteorigin-widget-tinymce textwidget\">\n\t<p>Juan Mamberti es Doctorando en Filosof\u00eda por la Universidad de Granada, posee un M\u00e1ster en Investigaci\u00f3n en Comunicaci\u00f3n de la Universidad Pompeu Fabra, un M\u00e1ster en L\u00f3gica y Filosof\u00eda de la Ciencia de la Universidad de Salamanca, y es Mag\u00edster en Pol\u00edticas P\u00fablicas y Licenciado en Econom\u00eda Empresarial por la Universidad Torcuato Di Tella. Actualmente, se desempe\u00f1a como profesor de Debate, Argumentaci\u00f3n y disciplinas afines en la Universidad de Palermo y en la Universidad Torcuato Di Tella. Desde 2004, coordina iniciativas de debate en Argentina y otros pa\u00edses de la regi\u00f3n, tanto en entornos educativos formales como informales. Ha participado en numerosos torneos de debate como juez y organizador, incluidas varias ediciones del Campeonato Mundial Universitario de Debate en Espa\u00f1ol. Adem\u00e1s, fue coordinador acad\u00e9mico de los proyectos de debate en Am\u00e9rica Latina de la International Debate Education Association (IDEA). En 2013, se desempe\u00f1\u00f3 como director acad\u00e9mico del Foro Internacional de Debate en Espa\u00f1ol y en 2014, de la Escuela Internacional de Debate en Espa\u00f1ol.<\/p>\n<\/div>\n<\/div><\/div><div id=\"panel-2756-1-0-1\" class=\"so-panel widget widget_sow-headline\" data-index=\"3\" ><div class=\"so-widget-sow-headline so-widget-sow-headline-default-66949b92e845\"><div class=\"sow-headline-container \">\n\t<h1 class='sow-headline'>L\u00edneas de investigaci\u00f3n<\/h1>\t\t\t\t\t<div class=\"decoration\">\n\t\t\t\t\t\t<div class=\"decoration-inside\"><\/div>\n\t\t\t\t\t<\/div>\n\t\t\t\t\t<\/div><\/div><\/div><div id=\"panel-2756-1-0-2\" class=\"so-panel widget widget_sow-editor\" data-index=\"4\" ><div class=\"so-widget-sow-editor so-widget-sow-editor-base\">\n<div class=\"siteorigin-widget-tinymce textwidget\">\n\t<p>El debate como herramienta para la educaci\u00f3n.<\/p>\n<p>V\u00ednculo entre el debate y el desarrollo de habilidades de argumentaci\u00f3n y comunicaci\u00f3n.<\/p>\n<p>An\u00e1lisis de formatos y competiciones de debate.<\/p>\n<p>La argumentaci\u00f3n interpersonal en diferentes culturas.<\/p>\n<\/div>\n<\/div><\/div><div id=\"panel-2756-1-0-3\" class=\"so-panel widget widget_sow-headline\" data-index=\"5\" ><div class=\"so-widget-sow-headline so-widget-sow-headline-default-66949b92e845\"><div class=\"sow-headline-container \">\n\t<h1 class='sow-headline'>Publicaciones destacadas<\/h1>\t\t\t\t\t<div class=\"decoration\">\n\t\t\t\t\t\t<div class=\"decoration-inside\"><\/div>\n\t\t\t\t\t<\/div>\n\t\t\t\t\t<\/div><\/div><\/div><div id=\"panel-2756-1-0-4\" class=\"so-panel widget widget_sow-editor\" data-index=\"6\" ><div class=\"so-widget-sow-editor so-widget-sow-editor-base\">\n<div class=\"siteorigin-widget-tinymce textwidget\">\n\t<div>[2024] Mamberti, J. Desigualdad de g\u00e9nero en el Campeonato Mundial Universitario de Debate en Espa\u00f1ol en 2023.\u00a0<i>Revista Iberoamericana De Argumentaci\u00f3n<\/i>, (Monogr\u00e1fico 2), 75\u201388.\u00a0<a href=\"https:\/\/urldefense.com\/v3\/__https:\/\/doi.org\/10.15366\/ria2024.m2.006__;!!D9dNQwwGXtA!QUqVb4M_fKPSHYu7qrLyrSF9kBbBKPtQX7CpnO4CBK50OSOdqa3D1OfDMZ6nMLUkJURKumzxEUgKy5Fi$\" target=\"_blank\" rel=\"noopener noreferrer\">https:\/\/doi.org\/10.15366\/ria2024.m2.006<\/a><\/p>\n<p>[2023] Mamberti, J. Competitive debate formats analysed in light of the pragma-dialectical theory of argumentation's rules.\u00a0<i>RicercAzione<\/i>, 15(2 bis), 237-254.\u00a0<a href=\"https:\/\/urldefense.com\/v3\/__https:\/\/doi.org\/10.32076\/ra15309__;!!D9dNQwwGXtA!QUqVb4M_fKPSHYu7qrLyrSF9kBbBKPtQX7CpnO4CBK50OSOdqa3D1OfDMZ6nMLUkJURKumzxEf5OgxdI$\" target=\"_blank\" rel=\"noopener noreferrer\">https:\/\/doi.org\/10.32076\/ra15309<\/a><\/p>\n<p>[2022] Mamberti, J. y Hample, D. Interpersonal arguing in Argentina.\u00a0<i>Argumentation and Advocacy<\/i>, 58:3-4, 214-231.\u00a0<a href=\"https:\/\/urldefense.com\/v3\/__https:\/\/doi.org\/10.1080\/10511431.2022.2137984__;!!D9dNQwwGXtA!QUqVb4M_fKPSHYu7qrLyrSF9kBbBKPtQX7CpnO4CBK50OSOdqa3D1OfDMZ6nMLUkJURKumzxEZm7RXC3$\" target=\"_blank\" rel=\"noopener noreferrer\">https:\/\/doi.org\/10.1080\/10511431.2022.2137984<\/a><\/p>\n<\/div>\n<div><\/div>\n<div>[2019] Mamberti, J. \"La ense\u00f1anza de argumentaci\u00f3n, comunicaci\u00f3n y debate a estudiantes de Derecho.\"\u00a0<i>I Jornada Nacional sobre Ense\u00f1anza del Derecho: desaf\u00edos actuales de la formaci\u00f3n legal: di\u00e1logos y debates<\/i>, compilado por Zaikoski Biscay, D. y Escobar. D. Santa Rosa, Argentina: Universidad Nacional de La Pampa.<\/p>\n<p>[2013] Mamberti, J., traductor.\u00a0<i>Ganar debates: una gu\u00eda para debatir con el estilo del Campeonato Mundial Universitario de Debate<\/i>. De Johnson, S. L. Nueva York: International Debate Education Association.<\/p>\n<p>[2010] Bonomo, H., Mamberti, J. y Miller, J. B.\u00a0<i>Tolerancia cr\u00edtica y ciudadan\u00eda activa: una introducci\u00f3n pr\u00e1ctica al debate educativo<\/i>. Nueva York: International Debate Education Association.<\/p>\n<p>[2008] Mamberti, J. \"El debate y la formaci\u00f3n ciudadana.\"\u00a0<i>Revista de las Jornadas de Democracia Participativa \"Demos Participativa\"<\/i>\u00a0(A\u00f1o 1, Vol. 1, N\u00fam. 1, VII Jornadas de Democracia Participativa): \"Democracia 25 a\u00f1os despu\u00e9s. Reflexiones y desaf\u00edos para una ciudadan\u00eda participativa\". Asociaci\u00f3n Civil Mariano Moreno (Grupo de Estudios sobre Democracia Participativa).<\/p>\n<\/div>\n<div><\/div>\n<\/div>\n<\/div><\/div><div id=\"panel-2756-1-0-5\" class=\"so-panel widget widget_sow-headline\" data-index=\"7\" ><div class=\"so-widget-sow-headline so-widget-sow-headline-default-66949b92e845\"><div class=\"sow-headline-container \">\n\t<h1 class='sow-headline'>Proyectos<\/h1>\t\t\t\t\t<div class=\"decoration\">\n\t\t\t\t\t\t<div class=\"decoration-inside\"><\/div>\n\t\t\t\t\t<\/div>\n\t\t\t\t\t<\/div><\/div><\/div><div id=\"panel-2756-1-0-6\" class=\"so-panel widget widget_sow-editor panel-last-child\" data-index=\"8\" ><div class=\"so-widget-sow-editor so-widget-sow-editor-base\">\n<div class=\"siteorigin-widget-tinymce textwidget\">\n\t<p>\"<a href=\"https:\/\/speechactofarguing.wordpress.com\/\">El acto de habla de argumentar y su lugar en la Teor\u00eda de la Argumentaci\u00f3n<\/a>\" (FFI2016-79317-P).<\/p>\n<\/div>\n<\/div><\/div><\/div><\/div><\/div><!-- AddThis Advanced Settings generic via filter on the_content --><!-- AddThis Share Buttons generic via filter on the_content -->","protected":false},"excerpt":{"rendered":"<p>Investigador Colaborador de FiloLab Profesor de Debate, Facultad de Derecho, Universidad de Palermo (Argentina) P\u00e1gina web: https:\/\/utdt.academia.edu\/JuanMamberti ||\u00a0 https:\/\/www.linkedin.com\/in\/jmamberti\/ Contacto: jmambe@palermo.edu Juan Mamberti es Doctorando en Filosof\u00eda por la Universidad de Granada, posee un M\u00e1ster en Investigaci\u00f3n en Comunicaci\u00f3n de la Universidad Pompeu Fabra, un M\u00e1ster en L\u00f3gica y Filosof\u00eda de la Ciencia de la [&hellip;]<!-- AddThis Advanced Settings generic via filter on get_the_excerpt --><!-- AddThis Share Buttons generic via filter on get_the_excerpt --><\/p>\n","protected":false},"author":1,"featured_media":0,"parent":953,"menu_order":0,"comment_status":"closed","ping_status":"closed","template":"","meta":[],"_links":{"self":[{"href":"https:\/\/wpd.ugr.es\/~filolab\/wordpress\/wp-json\/wp\/v2\/pages\/2756"}],"collection":[{"href":"https:\/\/wpd.ugr.es\/~filolab\/wordpress\/wp-json\/wp\/v2\/pages"}],"about":[{"href":"https:\/\/wpd.ugr.es\/~filolab\/wordpress\/wp-json\/wp\/v2\/types\/page"}],"author":[{"embeddable":true,"href":"https:\/\/wpd.ugr.es\/~filolab\/wordpress\/wp-json\/wp\/v2\/users\/1"}],"replies":[{"embeddable":true,"href":"https:\/\/wpd.ugr.es\/~filolab\/wordpress\/wp-json\/wp\/v2\/comments?post=2756"}],"version-history":[{"count":6,"href":"https:\/\/wpd.ugr.es\/~filolab\/wordpress\/wp-json\/wp\/v2\/pages\/2756\/revisions"}],"predecessor-version":[{"id":5687,"href":"https:\/\/wpd.ugr.es\/~filolab\/wordpress\/wp-json\/wp\/v2\/pages\/2756\/revisions\/5687"}],"up":[{"embeddable":true,"href":"https:\/\/wpd.ugr.es\/~filolab\/wordpress\/wp-json\/wp\/v2\/pages\/953"}],"wp:attachment":[{"href":"https:\/\/wpd.ugr.es\/~filolab\/wordpress\/wp-json\/wp\/v2\/media?parent=2756"}],"curies":[{"name":"wp","href":"https:\/\/api.w.org\/{rel}","templated":true}]}}