{"id":2784,"date":"2020-05-21T10:29:26","date_gmt":"2020-05-21T08:29:26","guid":{"rendered":"http:\/\/wpd.ugr.es\/~filolab\/wordpress\/?page_id=2784"},"modified":"2021-09-14T10:36:37","modified_gmt":"2021-09-14T08:36:37","slug":"eduardo-perez-navarro","status":"publish","type":"page","link":"https:\/\/wpd.ugr.es\/~filolab\/wordpress\/quienes-somos-nueva\/investigadores-asociados\/eduardo-perez-navarro\/","title":{"rendered":"Eduardo P\u00e9rez Navarro"},"content":{"rendered":"<div id=\"pl-2784\"  class=\"panel-layout\" ><div id=\"pg-2784-0\"  class=\"panel-grid panel-no-style\" ><div id=\"pgc-2784-0-0\"  class=\"panel-grid-cell\" ><div id=\"panel-2784-0-0-0\" class=\"so-panel widget widget_sow-image panel-first-child panel-last-child\" data-index=\"0\" ><div class=\"so-widget-sow-image so-widget-sow-image-default-d6014b76747a\">\n\n<div class=\"sow-image-container\">\n\t<img src=\"https:\/\/wpd.ugr.es\/~filolab\/wordpress\/wp-content\/uploads\/2020\/05\/Eduardo-P\u00e9rez-Navarro.jpg\" width=\"575\" height=\"1024\" srcset=\"https:\/\/wpd.ugr.es\/~filolab\/wordpress\/wp-content\/uploads\/2020\/05\/Eduardo-P\u00e9rez-Navarro.jpg 575w, https:\/\/wpd.ugr.es\/~filolab\/wordpress\/wp-content\/uploads\/2020\/05\/Eduardo-P\u00e9rez-Navarro-168x300.jpg 168w\" sizes=\"(max-width: 575px) 100vw, 575px\" title=\"Eduardo P\u00e9rez Navarro\" alt=\"\" \t\tclass=\"so-widget-image\"\/>\n<\/div>\n\n<\/div><\/div><\/div><div id=\"pgc-2784-0-1\"  class=\"panel-grid-cell\" ><div id=\"panel-2784-0-1-0\" class=\"so-panel widget widget_sow-editor panel-first-child panel-last-child\" data-index=\"1\" ><div class=\"so-widget-sow-editor so-widget-sow-editor-base\">\n<div class=\"siteorigin-widget-tinymce textwidget\">\n\t<p>Investigador Asociado a FiloLab<\/p>\n<p>Investigador Postdoctoral, Universidad de Granada<\/p>\n<p>P\u00e1gina web: <a href=\"http:\/\/wpd.ugr.es\/~edperez\/\">http:\/\/wpd.ugr.es\/~edperez\/<\/a><\/p>\n<p>Contacto: <a href=\"mailto:edperez@ugr.es\">edperez@ugr.es<\/a><\/p>\n<\/div>\n<\/div><\/div><\/div><\/div><div id=\"pg-2784-1\"  class=\"panel-grid panel-no-style\" ><div id=\"pgc-2784-1-0\"  class=\"panel-grid-cell\" ><div id=\"panel-2784-1-0-0\" class=\"so-panel widget widget_sow-editor panel-first-child\" data-index=\"2\" ><div class=\"so-widget-sow-editor so-widget-sow-editor-base\">\n<div class=\"siteorigin-widget-tinymce textwidget\">\n\t<p>Eduardo P\u00e9rez Navarro es investigador postdoctoral en el Departamento de Filosof\u00eda I de la Universidad de Granada. Es miembro de la Unidad de Excelencia FiloLab y del proyecto de investigaci\u00f3n \"La identificaci\u00f3n inferencial de las proposiciones. Una reconsideraci\u00f3n de las dicotom\u00edas cl\u00e1sicas en metaf\u00edsica, sem\u00e1ntica y pragm\u00e1tica\" (P18-FR- 2907). Sus \u00e1reas de inter\u00e9s son la filosof\u00eda del lenguaje y la filosof\u00eda de la l\u00f3gica.<\/p>\n<\/div>\n<\/div><\/div><div id=\"panel-2784-1-0-1\" class=\"so-panel widget widget_sow-headline\" data-index=\"3\" ><div class=\"so-widget-sow-headline so-widget-sow-headline-default-66949b92e845\"><div class=\"sow-headline-container \">\n\t<h1 class='sow-headline'>L\u00edneas de investigaci\u00f3n<\/h1>\t\t\t\t\t<div class=\"decoration\">\n\t\t\t\t\t\t<div class=\"decoration-inside\"><\/div>\n\t\t\t\t\t<\/div>\n\t\t\t\t\t<\/div><\/div><\/div><div id=\"panel-2784-1-0-2\" class=\"so-panel widget widget_sow-editor\" data-index=\"4\" ><div class=\"so-widget-sow-editor so-widget-sow-editor-base\">\n<div class=\"siteorigin-widget-tinymce textwidget\">\n\t<p>Caracterizaci\u00f3n y defensa del relativismo<\/p>\n<p>Relativismo sobre atribuci\u00f3n de creencias<\/p>\n<p>Frontera entre relativismo y expresivismo<\/p>\n<p>Expresivismo din\u00e1mico<\/p>\n<p>Discurso da\u00f1ino<\/p>\n<\/div>\n<\/div><\/div><div id=\"panel-2784-1-0-3\" class=\"so-panel widget widget_sow-headline\" data-index=\"5\" ><div class=\"so-widget-sow-headline so-widget-sow-headline-default-66949b92e845\"><div class=\"sow-headline-container \">\n\t<h1 class='sow-headline'>Publicaciones destacadas<\/h1>\t\t\t\t\t<div class=\"decoration\">\n\t\t\t\t\t\t<div class=\"decoration-inside\"><\/div>\n\t\t\t\t\t<\/div>\n\t\t\t\t\t<\/div><\/div><\/div><div id=\"panel-2784-1-0-4\" class=\"so-panel widget widget_sow-editor\" data-index=\"6\" ><div class=\"so-widget-sow-editor so-widget-sow-editor-base\">\n<div class=\"siteorigin-widget-tinymce textwidget\">\n\t<p>[2021] Moreno Zurita, Alba y Eduardo P\u00e9rez-Navarro. \"The resistant effect of slurs: A nonpropositional, presuppositional account.\"\u00a0<i>Daimon<\/i>, no. 84, pp. 31-46. DOI:\u00a010.6018\/daimon.481381.<\/p>\n<p>[2021] P\u00e9rez-Navarro, Eduardo. \"The way things go: Moral relativism and suspension of judgment.\"\u00a0<i>Philosophical Studies<\/i>. DOI:\u00a010.1007\/s11098-021-01650-z.<\/p>\n<p>[2021] P\u00e9rez-Navarro, Eduardo. \"No matter who: What makes one a relativist?\"\u00a0<i>Theoria: An International Journal for Theory, History and Foundations of Science<\/i>, vol. 36, no. 2, pp. 231-241. DOI:\u00a010.1387\/theoria.22067.<\/p>\n<p>[2021] P\u00e9rez-Navarro, Eduardo. \"Fregean themes in the\u00a0<i>Tractatus<\/i>: Context, compositionality, and nonsense.\"\u00a0<i>Teorema<\/i>, vol. 40, no. 2, pp. 117-132.<\/p>\n<p>[2020] P\u00e9rez-Navarro, Eduardo. \"Are Frege's thoughts Fregean propositions?\"\u00a0<i>Grazer Philosophische Studien<\/i>, vol. 97, no. 2, pp. 223-244. DOI:\u00a010.1163\/18756735-000100.<\/p>\n<p>[2019] P\u00e9rez-Navarro, Eduardo, V\u00edctor Fern\u00e1ndez Castro, Javier Gonz\u00e1lez de Prado Salas, y Manuel Heras-Escribano. \"Not Expressivist Enough: Normative Disagreement about Belief Attribution.\" <em>Res Philosophica<\/em>, vol. 96, no. 4, pp. 409-430. DOI: <a href=\"https:\/\/doi.org\/10.11612\/resphil.1794\">10.11612\/resphil.1794<\/a>.<\/p>\n<p>[2017] P\u00e9rez-Navarro, Eduardo. \"<a href=\"https:\/\/www.jstor.org\/stable\/26384598?seq=1#page_scan_tab_contents\">The Role of the Ascribee\u2019s Representations in Belief Ascriptions<\/a>\" (nota cr\u00edtica de <em>Context and the Attitudes (Meaning in Context, Volume I)<\/em>, de Mark Richard).\u00a0<em>Teorema<\/em>, vol. 36, no. 1, pp. 113-125.<\/p>\n<\/div>\n<\/div><\/div><div id=\"panel-2784-1-0-5\" class=\"so-panel widget widget_sow-headline\" data-index=\"7\" ><div class=\"so-widget-sow-headline so-widget-sow-headline-default-66949b92e845\"><div class=\"sow-headline-container \">\n\t<h1 class='sow-headline'>Proyectos<\/h1>\t\t\t\t\t<div class=\"decoration\">\n\t\t\t\t\t\t<div class=\"decoration-inside\"><\/div>\n\t\t\t\t\t<\/div>\n\t\t\t\t\t<\/div><\/div><\/div><div id=\"panel-2784-1-0-6\" class=\"so-panel widget widget_sow-editor panel-last-child\" data-index=\"8\" ><div class=\"so-widget-sow-editor so-widget-sow-editor-base\">\n<div class=\"siteorigin-widget-tinymce textwidget\">\n\t<p>Miembro de los proyectos de investigaci\u00f3n\u00a0\"La identificaci\u00f3n inferencial de las proposiciones. Una reconsideraci\u00f3n de las dicotom\u00edas cl\u00e1sicas en metaf\u00edsica, sem\u00e1ntica y pragm\u00e1tica\" (P18-FR- 2907), \"Desacuerdo en actitudes: normatividad, desacuerdo y polarizaci\u00f3n afectiva\" (PID2019-109764RB-I00) y \"Desacuerdos p\u00fablicos, polarizaci\u00f3n afectiva e inmigraci\u00f3n en Andaluc\u00eda\" (B-HUM-459-UGR18).<\/p>\n<\/div>\n<\/div><\/div><\/div><\/div><\/div><!-- AddThis Advanced Settings generic via filter on the_content --><!-- AddThis Share Buttons generic via filter on the_content -->","protected":false},"excerpt":{"rendered":"<p>Investigador Asociado a FiloLab Investigador Postdoctoral, Universidad de Granada P\u00e1gina web: http:\/\/wpd.ugr.es\/~edperez\/ Contacto: edperez@ugr.es Eduardo P\u00e9rez Navarro es investigador postdoctoral en el Departamento de Filosof\u00eda I de la Universidad de Granada. Es miembro de la Unidad de Excelencia FiloLab y del proyecto de investigaci\u00f3n \u00abLa identificaci\u00f3n inferencial de las proposiciones. Una reconsideraci\u00f3n de las dicotom\u00edas [&hellip;]<!-- AddThis Advanced Settings generic via filter on get_the_excerpt --><!-- AddThis Share Buttons generic via filter on get_the_excerpt --><\/p>\n","protected":false},"author":1,"featured_media":0,"parent":947,"menu_order":0,"comment_status":"closed","ping_status":"closed","template":"","meta":[],"_links":{"self":[{"href":"https:\/\/wpd.ugr.es\/~filolab\/wordpress\/wp-json\/wp\/v2\/pages\/2784"}],"collection":[{"href":"https:\/\/wpd.ugr.es\/~filolab\/wordpress\/wp-json\/wp\/v2\/pages"}],"about":[{"href":"https:\/\/wpd.ugr.es\/~filolab\/wordpress\/wp-json\/wp\/v2\/types\/page"}],"author":[{"embeddable":true,"href":"https:\/\/wpd.ugr.es\/~filolab\/wordpress\/wp-json\/wp\/v2\/users\/1"}],"replies":[{"embeddable":true,"href":"https:\/\/wpd.ugr.es\/~filolab\/wordpress\/wp-json\/wp\/v2\/comments?post=2784"}],"version-history":[{"count":8,"href":"https:\/\/wpd.ugr.es\/~filolab\/wordpress\/wp-json\/wp\/v2\/pages\/2784\/revisions"}],"predecessor-version":[{"id":3985,"href":"https:\/\/wpd.ugr.es\/~filolab\/wordpress\/wp-json\/wp\/v2\/pages\/2784\/revisions\/3985"}],"up":[{"embeddable":true,"href":"https:\/\/wpd.ugr.es\/~filolab\/wordpress\/wp-json\/wp\/v2\/pages\/947"}],"wp:attachment":[{"href":"https:\/\/wpd.ugr.es\/~filolab\/wordpress\/wp-json\/wp\/v2\/media?parent=2784"}],"curies":[{"name":"wp","href":"https:\/\/api.w.org\/{rel}","templated":true}]}}