{"id":2797,"date":"2020-05-21T11:06:10","date_gmt":"2020-05-21T09:06:10","guid":{"rendered":"http:\/\/wpd.ugr.es\/~filolab\/wordpress\/?page_id=2797"},"modified":"2020-05-21T11:06:14","modified_gmt":"2020-05-21T09:06:14","slug":"alejandro-secades-gomez","status":"publish","type":"page","link":"https:\/\/wpd.ugr.es\/~filolab\/wordpress\/quienes-somos-nueva\/investigadores-asociados\/alejandro-secades-gomez\/","title":{"rendered":"Alejandro Secades G\u00f3mez"},"content":{"rendered":"<div id=\"pl-2797\"  class=\"panel-layout\" ><div id=\"pg-2797-0\"  class=\"panel-grid panel-no-style\" ><div id=\"pgc-2797-0-0\"  class=\"panel-grid-cell\" ><div id=\"panel-2797-0-0-0\" class=\"so-panel widget widget_sow-image panel-first-child panel-last-child\" data-index=\"0\" ><div class=\"so-widget-sow-image so-widget-sow-image-default-d6014b76747a\">\n\n<div class=\"sow-image-container\">\n\t<img src=\"https:\/\/wpd.ugr.es\/~filolab\/wordpress\/wp-content\/uploads\/2020\/05\/Alejandro-Secades-G\u00f3mez.jpg\" width=\"238\" height=\"300\" sizes=\"(max-width: 238px) 100vw, 238px\" title=\"Alejandro Secades G\u00f3mez\" alt=\"\" \t\tclass=\"so-widget-image\"\/>\n<\/div>\n\n<\/div><\/div><\/div><div id=\"pgc-2797-0-1\"  class=\"panel-grid-cell\" ><div id=\"panel-2797-0-1-0\" class=\"so-panel widget widget_sow-editor panel-first-child panel-last-child\" data-index=\"1\" ><div class=\"so-widget-sow-editor so-widget-sow-editor-base\">\n<div class=\"siteorigin-widget-tinymce textwidget\">\n\t<p>Investigador Asociado a FiloLab<\/p>\n<p>Profesor Agregado (titular), Facultad de Teolog\u00eda <em>Redemptoris Mater<\/em><\/p>\n<p>P\u00e1gina web: <a href=\"https:\/\/sites.google.com\/site\/alexsecades\/\">https:\/\/sites.google.com\/site\/alexsecades\/<\/a><\/p>\n<p>Contacto: <a href=\"mailto:alexsecades@gmail.com\">alexsecades@gmail.com<\/a><\/p>\n<\/div>\n<\/div><\/div><\/div><\/div><div id=\"pg-2797-1\"  class=\"panel-grid panel-no-style\" ><div id=\"pgc-2797-1-0\"  class=\"panel-grid-cell\" ><div id=\"panel-2797-1-0-0\" class=\"so-panel widget widget_sow-editor panel-first-child\" data-index=\"2\" ><div class=\"so-widget-sow-editor so-widget-sow-editor-base\">\n<div class=\"siteorigin-widget-tinymce textwidget\">\n\t<p>Alejandro Secades G\u00f3mez es Profesor Agregado (titular) de la Facultad de Filosof\u00eda <em>Redemptoris Mater<\/em>, Callao, Per\u00fa. Anteriormente docente, en el \u00e1mbito de la Ingenier\u00eda Inform\u00e1tica, en la Universidad Nacional Andr\u00e9s Bello (Chile) y la Universidad de Oviedo (Espa\u00f1a). Doctor en Filosof\u00eda por la Universidad de Granada, Licenciado en Antropolog\u00eda Social y Cultural por la UNED e Ingeniero Inform\u00e1tico por la Universidad de Oviedo.<\/p>\n<\/div>\n<\/div><\/div><div id=\"panel-2797-1-0-1\" class=\"so-panel widget widget_sow-headline\" data-index=\"3\" ><div class=\"so-widget-sow-headline so-widget-sow-headline-default-66949b92e845\"><div class=\"sow-headline-container \">\n\t<h1 class='sow-headline'>L\u00edneas de investigaci\u00f3n<\/h1>\t\t\t\t\t<div class=\"decoration\">\n\t\t\t\t\t\t<div class=\"decoration-inside\"><\/div>\n\t\t\t\t\t<\/div>\n\t\t\t\t\t<\/div><\/div><\/div><div id=\"panel-2797-1-0-2\" class=\"so-panel widget widget_sow-editor\" data-index=\"4\" ><div class=\"so-widget-sow-editor so-widget-sow-editor-base\">\n<div class=\"siteorigin-widget-tinymce textwidget\">\n\t<p>Dentro del \u00e1mbito de la Teor\u00eda de la Argumentaci\u00f3n, las dos l\u00edneas principales de trabajo son: la argumentaci\u00f3n y su relaci\u00f3n con la diversidad cultural y ling\u00fc\u00edstica, y la Argumentaci\u00f3n Computacional (rama de Inteligencia Artificial) en relaci\u00f3n con la Teor\u00eda de la Argumentaci\u00f3n de orientaci\u00f3n m\u00e1s te\u00f3rica y filos\u00f3fica.<\/p>\n<\/div>\n<\/div><\/div><div id=\"panel-2797-1-0-3\" class=\"so-panel widget widget_sow-headline\" data-index=\"5\" ><div class=\"so-widget-sow-headline so-widget-sow-headline-default-66949b92e845\"><div class=\"sow-headline-container \">\n\t<h1 class='sow-headline'>Publicaciones destacadas<\/h1>\t\t\t\t\t<div class=\"decoration\">\n\t\t\t\t\t\t<div class=\"decoration-inside\"><\/div>\n\t\t\t\t\t<\/div>\n\t\t\t\t\t<\/div><\/div><\/div><div id=\"panel-2797-1-0-4\" class=\"so-panel widget widget_sow-editor\" data-index=\"6\" ><div class=\"so-widget-sow-editor so-widget-sow-editor-base\">\n<div class=\"siteorigin-widget-tinymce textwidget\">\n\t<p>[2017] Secades G\u00f3mez, Alejradro. \"La diversidad ling\u00fc\u00edstica como \u2018campo de pruebas\u2019 en Teor\u00eda de la Argumentaci\u00f3n: lengua aimara y calificaci\u00f3n modal en el LNMA.\" <em>Cogency, Journal of Reasoning and Argumentation<\/em>, vol. 9 , no. 1, Winter 2017, pp. 107-138.<\/p>\n<p>[2015] Secades G\u00f3mez, Alejrandro. \"A Computational Model of Pragma-dialectics as a tool for its Analysis and Appraisal.\" <em>Informal Logic<\/em>, vol. 35, no. 3, pp. 342-377.<\/p>\n<p>[2013] Bermejo-Luque, Lilian, y Alejandro Secades G\u00f3mez. \"A. Commentary on: Jacky Visser\u2019s \u2018A Formal Account of Complex Argumentation in a Critical Discussion\u2019.\" <em>Virtues of Argumentation. Proceedings of the 10th International Conference of the Ontario Society for the Study of Argumentation<\/em> (OSSA) 22-26 May 2013, editado por Dima Mohammed, y Marcin Lewi\u0144ski. Windsor, ON: OSSA.<\/p>\n<p>[2013] Secades G\u00f3mez, Alajrandro. \"\u00bfL\u00f3gica Trivalente aimara? An\u00e1lisis de una teor\u00eda sobre razonamiento no occidental.\" <em>Revista Iberoamericana de Argumentaci\u00f3n (RIA)<\/em>, no. 6, pp. 1-28.<\/p>\n<p>&nbsp;<\/p>\n<\/div>\n<\/div><\/div><div id=\"panel-2797-1-0-5\" class=\"so-panel widget widget_sow-headline\" data-index=\"7\" ><div class=\"so-widget-sow-headline so-widget-sow-headline-default-66949b92e845\"><div class=\"sow-headline-container \">\n\t<h1 class='sow-headline'>Proyectos<\/h1>\t\t\t\t\t<div class=\"decoration\">\n\t\t\t\t\t\t<div class=\"decoration-inside\"><\/div>\n\t\t\t\t\t<\/div>\n\t\t\t\t\t<\/div><\/div><\/div><div id=\"panel-2797-1-0-6\" class=\"so-panel widget widget_sow-editor panel-last-child\" data-index=\"8\" ><div class=\"so-widget-sow-editor so-widget-sow-editor-base\">\n<div class=\"siteorigin-widget-tinymce textwidget\">\n\t<p>Miembro del proyecto de investigaci\u00f3n \"<a href=\"https:\/\/speechactofarguing.wordpress.com\/\">El acto de habla de argumentar y su lugar en la Teor\u00eda de la Argumentaci\u00f3n<\/a>\" (FFI2016-79317-P).<\/p>\n<\/div>\n<\/div><\/div><\/div><\/div><\/div><!-- AddThis Advanced Settings generic via filter on the_content --><!-- AddThis Share Buttons generic via filter on the_content -->","protected":false},"excerpt":{"rendered":"<p>Investigador Asociado a FiloLab Profesor Agregado (titular), Facultad de Teolog\u00eda Redemptoris Mater P\u00e1gina web: https:\/\/sites.google.com\/site\/alexsecades\/ Contacto: alexsecades@gmail.com Alejandro Secades G\u00f3mez es Profesor Agregado (titular) de la Facultad de Filosof\u00eda Redemptoris Mater, Callao, Per\u00fa. Anteriormente docente, en el \u00e1mbito de la Ingenier\u00eda Inform\u00e1tica, en la Universidad Nacional Andr\u00e9s Bello (Chile) y la Universidad de Oviedo (Espa\u00f1a). [&hellip;]<!-- AddThis Advanced Settings generic via filter on get_the_excerpt --><!-- AddThis Share Buttons generic via filter on get_the_excerpt --><\/p>\n","protected":false},"author":1,"featured_media":0,"parent":947,"menu_order":0,"comment_status":"closed","ping_status":"closed","template":"","meta":[],"_links":{"self":[{"href":"https:\/\/wpd.ugr.es\/~filolab\/wordpress\/wp-json\/wp\/v2\/pages\/2797"}],"collection":[{"href":"https:\/\/wpd.ugr.es\/~filolab\/wordpress\/wp-json\/wp\/v2\/pages"}],"about":[{"href":"https:\/\/wpd.ugr.es\/~filolab\/wordpress\/wp-json\/wp\/v2\/types\/page"}],"author":[{"embeddable":true,"href":"https:\/\/wpd.ugr.es\/~filolab\/wordpress\/wp-json\/wp\/v2\/users\/1"}],"replies":[{"embeddable":true,"href":"https:\/\/wpd.ugr.es\/~filolab\/wordpress\/wp-json\/wp\/v2\/comments?post=2797"}],"version-history":[{"count":2,"href":"https:\/\/wpd.ugr.es\/~filolab\/wordpress\/wp-json\/wp\/v2\/pages\/2797\/revisions"}],"predecessor-version":[{"id":2800,"href":"https:\/\/wpd.ugr.es\/~filolab\/wordpress\/wp-json\/wp\/v2\/pages\/2797\/revisions\/2800"}],"up":[{"embeddable":true,"href":"https:\/\/wpd.ugr.es\/~filolab\/wordpress\/wp-json\/wp\/v2\/pages\/947"}],"wp:attachment":[{"href":"https:\/\/wpd.ugr.es\/~filolab\/wordpress\/wp-json\/wp\/v2\/media?parent=2797"}],"curies":[{"name":"wp","href":"https:\/\/api.w.org\/{rel}","templated":true}]}}