{"id":2805,"date":"2020-05-21T11:41:40","date_gmt":"2020-05-21T09:41:40","guid":{"rendered":"http:\/\/wpd.ugr.es\/~filolab\/wordpress\/?page_id=2805"},"modified":"2025-04-01T12:23:21","modified_gmt":"2025-04-01T10:23:21","slug":"inmaculada-hoyos-sanchez","status":"publish","type":"page","link":"https:\/\/wpd.ugr.es\/~filolab\/wordpress\/quienes-somos-nueva\/investigadores-asociados\/inmaculada-hoyos-sanchez\/","title":{"rendered":"Inmaculada Hoyos S\u00e1nchez"},"content":{"rendered":"<div id=\"pl-2805\"  class=\"panel-layout\" ><div id=\"pg-2805-0\"  class=\"panel-grid panel-no-style\" ><div id=\"pgc-2805-0-0\"  class=\"panel-grid-cell\" ><div id=\"panel-2805-0-0-0\" class=\"so-panel widget widget_sow-image panel-first-child panel-last-child\" data-index=\"0\" ><div class=\"so-widget-sow-image so-widget-sow-image-default-d6014b76747a\">\n\n<div class=\"sow-image-container\">\n\t<img src=\"https:\/\/wpd.ugr.es\/~filolab\/wordpress\/wp-content\/uploads\/2020\/05\/Inmaculada-Hoyos-S\u00e1nchez-1.jpg\" width=\"1599\" height=\"1186\" srcset=\"https:\/\/wpd.ugr.es\/~filolab\/wordpress\/wp-content\/uploads\/2020\/05\/Inmaculada-Hoyos-S\u00e1nchez-1.jpg 1599w, https:\/\/wpd.ugr.es\/~filolab\/wordpress\/wp-content\/uploads\/2020\/05\/Inmaculada-Hoyos-S\u00e1nchez-1-300x223.jpg 300w, https:\/\/wpd.ugr.es\/~filolab\/wordpress\/wp-content\/uploads\/2020\/05\/Inmaculada-Hoyos-S\u00e1nchez-1-1024x760.jpg 1024w, https:\/\/wpd.ugr.es\/~filolab\/wordpress\/wp-content\/uploads\/2020\/05\/Inmaculada-Hoyos-S\u00e1nchez-1-768x570.jpg 768w, https:\/\/wpd.ugr.es\/~filolab\/wordpress\/wp-content\/uploads\/2020\/05\/Inmaculada-Hoyos-S\u00e1nchez-1-1536x1139.jpg 1536w\" sizes=\"(max-width: 1599px) 100vw, 1599px\" title=\"Inmaculada Hoyos S\u00e1nchez\" alt=\"\" \t\tclass=\"so-widget-image\"\/>\n<\/div>\n\n<\/div><\/div><\/div><div id=\"pgc-2805-0-1\"  class=\"panel-grid-cell\" ><div id=\"panel-2805-0-1-0\" class=\"so-panel widget widget_sow-editor panel-first-child panel-last-child\" data-index=\"1\" ><div class=\"so-widget-sow-editor so-widget-sow-editor-base\">\n<div class=\"siteorigin-widget-tinymce textwidget\">\n\t<p>Investigadora Asociada a FiloLab<\/p>\n<p>Profesora Titular, <a href=\"https:\/\/directorio.ugr.es\/static\/PersonalUGR\/*\/show\/8c26a897c79b1db8dec0bea4d7e242f9\">Departamento de Filosof\u00eda II, UGR<\/a><\/p>\n<p>Contacto: <a href=\"mailto:ihoyos@ugr.es\">ihoyos@ugr.es<\/a><\/p>\n<\/div>\n<\/div><\/div><\/div><\/div><div id=\"pg-2805-1\"  class=\"panel-grid panel-no-style\" ><div id=\"pgc-2805-1-0\"  class=\"panel-grid-cell\" ><div id=\"panel-2805-1-0-0\" class=\"so-panel widget widget_sow-editor panel-first-child\" data-index=\"2\" ><div class=\"so-widget-sow-editor so-widget-sow-editor-base\">\n<div class=\"siteorigin-widget-tinymce textwidget\">\n\t<p>Inmaculada Hoyos S\u00e1nchez es Profesora Contratada Doctora en el Departamento de Filosof\u00eda II de la Universidad de Granada. Su especialidad es la \u00a0historia de la filosof\u00eda de las pasiones y entre sus publicaciones destacan: <em>Sobre el amor y el miedo. <\/em><em>T\u00f3picos antiguos y enfoques modernos <\/em>(2016) y \"La th\u00e9orie cognitive des passions chez Chrysippe: une opinion faible\u00a0 peut-elle se traduire par une <em>horm\u00ea pleonazousa<\/em> ?\" (2016). Es miembro del consejo de direcci\u00f3n de la revista <em>Ensayos de Filosof\u00eda<\/em>.<\/p>\n<\/div>\n<\/div><\/div><div id=\"panel-2805-1-0-1\" class=\"so-panel widget widget_sow-headline\" data-index=\"3\" ><div class=\"so-widget-sow-headline so-widget-sow-headline-default-66949b92e845\"><div class=\"sow-headline-container \">\n\t<h1 class='sow-headline'>L\u00edneas de investigaci\u00f3n<\/h1>\t\t\t\t\t<div class=\"decoration\">\n\t\t\t\t\t\t<div class=\"decoration-inside\"><\/div>\n\t\t\t\t\t<\/div>\n\t\t\t\t\t<\/div><\/div><\/div><div id=\"panel-2805-1-0-2\" class=\"so-panel widget widget_sow-editor\" data-index=\"4\" ><div class=\"so-widget-sow-editor so-widget-sow-editor-base\">\n<div class=\"siteorigin-widget-tinymce textwidget\">\n\t<p>Estudio de las l\u00edneas de continuidad que en la historia de la filosof\u00eda pueden encontrarse en lo que ata\u00f1e a la concepci\u00f3n de los afectos y de las pasiones, con especial atenci\u00f3n a las teor\u00edas y pr\u00e1cticas de las escuelas helen\u00edsticas de la Antig\u00fcedad, la filosof\u00eda moderna de Spinoza, el pensamiento de Nietzsche y la reflexi\u00f3n contempor\u00e1nea de M. Foucault<\/p>\n<p>Investigaci\u00f3n acerca del papel que los afectos y las pasiones juegan en los procesos de deliberaci\u00f3n racional tanto en el plano individual como social, y por tanto, del rol que juegan en \u00e9tica y pol\u00edtica<\/p>\n<p>Investigaci\u00f3n acerca de las relaciones entre filosof\u00eda y literatura<\/p>\n<\/div>\n<\/div><\/div><div id=\"panel-2805-1-0-3\" class=\"so-panel widget widget_sow-headline\" data-index=\"5\" ><div class=\"so-widget-sow-headline so-widget-sow-headline-default-66949b92e845\"><div class=\"sow-headline-container \">\n\t<h1 class='sow-headline'>Publicaciones destacadas<\/h1>\t\t\t\t\t<div class=\"decoration\">\n\t\t\t\t\t\t<div class=\"decoration-inside\"><\/div>\n\t\t\t\t\t<\/div>\n\t\t\t\t\t<\/div><\/div><\/div><div id=\"panel-2805-1-0-4\" class=\"so-panel widget widget_sow-editor panel-last-child\" data-index=\"6\" ><div class=\"so-widget-sow-editor so-widget-sow-editor-base\">\n<div class=\"siteorigin-widget-tinymce textwidget\">\n\t<p>[2018] Hoyos S\u00e1nchez, Inmaculada. \"La resistencia spinozista contra el abuso pol\u00edtico del miedo.\" <em>Totalitarismo. La resistencia filos\u00f3fica<\/em>, coordinado por Diego S\u00e1nchez Meca, Rafael Herrera, y Jos\u00e9 Luis Villaca\u00f1as. Madrid: Tecnos, pp. 261-273.<\/p>\n<p>[2017] Hoyos S\u00e1nchez, Inmaculada. \"La influencia de Descartes en la interpretaci\u00f3n spinoziana del spinozismo.\" <em>Spinoza y la Antropolog\u00eda en la Modernidad<\/em>, coordinado por Mar\u00eda Luisa De la C\u00e1mara, y Juli\u00e1n Carvajal Cord\u00f3n. Hildesheim\/Z\u00fcrich\/New York: Georg Olms Verlag, pp. 91-98.<\/p>\n<p>[2017] Hoyos S\u00e1nchez, Inmaculada. \"El amor en Le\u00f3n Hebreo y Spinoza: plenitud y carencia.\" <em>Renacimiento y Modernidad<\/em>, editado por Mois\u00e9s Gonz\u00e1lez Garc\u00eda, y Antonio S\u00e1nchez Fern\u00e1ndez. Madrid: Tecnos, pp. 251-280.<\/p>\n<p>[2017] Hoyos S\u00e1nchez, Inmaculada. \"Est\u00e9ticas y pol\u00edticas de la existencia en la literatura antigua: las lecturas de Foucault y\u00a0 Nietzsche.\" <em>Badebec. Revista del Centro de Estudios de Teor\u00eda y Cr\u00edtica literaria<\/em>, vol. 7, no. 13, pp. 260-278.<\/p>\n<p>[2016] Hoyos S\u00e1nchez, Inmaculada.\u00a0<em>Sobre el amor y el miedo: t\u00f3picos antiguos y enfoques modernos.<\/em> Madrid: Avarigani.<\/p>\n<p>[2016] Hoyos S\u00e1nchez, Inmaculada. \"La th\u00e9orie cognitive des passions chez Chrysippe: une opinion faible\u00a0 peut-elle se traduire par une <em>horm\u00ea pleonazousa<\/em> ?\" <em>Philosophie Antique<\/em>, vol. 16, pp. 153-180.<\/p>\n<p>[2016] Costa Delgado, Jorge, Inmaculada Hoyos S\u00e1nchez, y Jos\u00e9 Luis Moreno Pesta\u00f1a, (eds.) <em>Filosof\u00eda y cuerpo desde el pensamiento greco-romano hasta la actualidad<\/em>. N\u00famero monogr\u00e1fico de <em>Daimon. Revista Internacional de Filosof\u00eda<\/em>, Supl. 5.<\/p>\n<p>[2016] Hoyos S\u00e1nchez, Inmaculada, Kilian Lavernia, y Diego S\u00e1nchez Meca. \"Prefacio\" a los <em>Complementos a la Edici\u00f3n Castellana completa de las Obras completas y los Fragmentos P\u00f3stumos de Nietzsche<\/em> en F. Nietzsche. <em>Obras completas. Vol. IV. Ecritos de madurez II y Complementos a la edici\u00f3n<\/em>. Madird: Tecnos, pp. 929-932.<\/p>\n<p>[2015] Hoyos S\u00e1nchez, Inmaculada. \"Naturalismo antropol\u00f3gico y religi\u00f3n natural en Spinoza.\" <em>Gazeta de Antropolog\u00eda<\/em>, vol. 31, no. 2, \u00a0pp. 1-20.<\/p>\n<p>[2013] Hoyos S\u00e1nchez, Inmaculada. \"Una lectura naturalista del libro V de la <em>\u00c9tica<\/em> de Spinoza: la noci\u00f3n de eternidad y la teor\u00eda de las pasiones.\" <em>Historia Philosophica. An International Journal<\/em>, vol 11, pp. 95-113.<\/p>\n<p>[2013] Hoyos S\u00e1nchez, Inmaculada. \"La presencia de la filosof\u00eda antigua en el pensamiento de Spinoza: las referencias expl\u00edcitas.\" <em>Anales del Seminario de Historia de la Filosof\u00eda<\/em>, vol. 30, no. 2, pp. 129-158.<\/p>\n<p>[2012] Hoyos S\u00e1nchez, Inmaculada. \"La presencia del estoicismo en la filosof\u00eda de Spinoza: naturalismo estoico y spinoziano.\" <em>Revista de Filosof\u00eda<\/em>, vol. 37, no. 2, pp. 69-89.<\/p>\n<p>[2012] Hoyos S\u00e1nchez, Inmaculada. \"Deseo y bien. Fundamentos y consecuencias de la revoluci\u00f3n copernicana de Spinoza.\" <em>Teoria<\/em>.<em> Rivista di Filosofia<\/em>, vol. 32, no. 2, pp. 45-70.<\/p>\n<p>[2012] Hoyos S\u00e1nchez, Inmaculada. \"La ontolog\u00eda naturalista de Spinoza como ontolog\u00eda de la pasi\u00f3n.\" <em>Logos. Anales del Seminario de Metaf\u00edsica<\/em>, vol. 45, no. 1, pp. 95-122.<\/p>\n<\/div>\n<\/div><\/div><\/div><\/div><\/div><!-- AddThis Advanced Settings generic via filter on the_content --><!-- AddThis Share Buttons generic via filter on the_content -->","protected":false},"excerpt":{"rendered":"<p>Investigadora Asociada a FiloLab Profesora Titular, Departamento de Filosof\u00eda II, UGR Contacto: ihoyos@ugr.es Inmaculada Hoyos S\u00e1nchez es Profesora Contratada Doctora en el Departamento de Filosof\u00eda II de la Universidad de Granada. Su especialidad es la \u00a0historia de la filosof\u00eda de las pasiones y entre sus publicaciones destacan: Sobre el amor y el miedo. T\u00f3picos antiguos [&hellip;]<!-- AddThis Advanced Settings generic via filter on get_the_excerpt --><!-- AddThis Share Buttons generic via filter on get_the_excerpt --><\/p>\n","protected":false},"author":1,"featured_media":0,"parent":947,"menu_order":0,"comment_status":"closed","ping_status":"closed","template":"","meta":[],"_links":{"self":[{"href":"https:\/\/wpd.ugr.es\/~filolab\/wordpress\/wp-json\/wp\/v2\/pages\/2805"}],"collection":[{"href":"https:\/\/wpd.ugr.es\/~filolab\/wordpress\/wp-json\/wp\/v2\/pages"}],"about":[{"href":"https:\/\/wpd.ugr.es\/~filolab\/wordpress\/wp-json\/wp\/v2\/types\/page"}],"author":[{"embeddable":true,"href":"https:\/\/wpd.ugr.es\/~filolab\/wordpress\/wp-json\/wp\/v2\/users\/1"}],"replies":[{"embeddable":true,"href":"https:\/\/wpd.ugr.es\/~filolab\/wordpress\/wp-json\/wp\/v2\/comments?post=2805"}],"version-history":[{"count":4,"href":"https:\/\/wpd.ugr.es\/~filolab\/wordpress\/wp-json\/wp\/v2\/pages\/2805\/revisions"}],"predecessor-version":[{"id":6662,"href":"https:\/\/wpd.ugr.es\/~filolab\/wordpress\/wp-json\/wp\/v2\/pages\/2805\/revisions\/6662"}],"up":[{"embeddable":true,"href":"https:\/\/wpd.ugr.es\/~filolab\/wordpress\/wp-json\/wp\/v2\/pages\/947"}],"wp:attachment":[{"href":"https:\/\/wpd.ugr.es\/~filolab\/wordpress\/wp-json\/wp\/v2\/media?parent=2805"}],"curies":[{"name":"wp","href":"https:\/\/api.w.org\/{rel}","templated":true}]}}