{"id":2910,"date":"2020-05-27T10:45:52","date_gmt":"2020-05-27T08:45:52","guid":{"rendered":"http:\/\/wpd.ugr.es\/~filolab\/wordpress\/?page_id=2910"},"modified":"2025-03-28T09:30:12","modified_gmt":"2025-03-28T08:30:12","slug":"maria-jose-garcia-encinas","status":"publish","type":"page","link":"https:\/\/wpd.ugr.es\/~filolab\/wordpress\/quienes-somos-nueva\/investigadores-garantes\/maria-jose-garcia-encinas\/","title":{"rendered":"Mar\u00eda Jos\u00e9 Garc\u00eda Encinas"},"content":{"rendered":"<div id=\"pl-2910\"  class=\"panel-layout\" ><div id=\"pg-2910-0\"  class=\"panel-grid panel-no-style\" ><div id=\"pgc-2910-0-0\"  class=\"panel-grid-cell\" ><div id=\"panel-2910-0-0-0\" class=\"so-panel widget widget_sow-image panel-first-child panel-last-child\" data-index=\"0\" ><div class=\"so-widget-sow-image so-widget-sow-image-default-d6014b76747a\">\n\n<div class=\"sow-image-container\">\n\t<img src=\"https:\/\/wpd.ugr.es\/~filolab\/wordpress\/wp-content\/uploads\/2020\/05\/Garc\u00eda-Encinas.jpg\" width=\"665\" height=\"877\" srcset=\"https:\/\/wpd.ugr.es\/~filolab\/wordpress\/wp-content\/uploads\/2020\/05\/Garc\u00eda-Encinas.jpg 665w, https:\/\/wpd.ugr.es\/~filolab\/wordpress\/wp-content\/uploads\/2020\/05\/Garc\u00eda-Encinas-227x300.jpg 227w\" sizes=\"(max-width: 665px) 100vw, 665px\" title=\"Mar\u00eda Jos\u00e9 Garc\u00eda Encinas\" alt=\"\" \t\tclass=\"so-widget-image\"\/>\n<\/div>\n\n<\/div><\/div><\/div><div id=\"pgc-2910-0-1\"  class=\"panel-grid-cell\" ><div id=\"panel-2910-0-1-0\" class=\"so-panel widget widget_sow-editor panel-first-child panel-last-child\" data-index=\"1\" ><div class=\"so-widget-sow-editor so-widget-sow-editor-base\">\n<div class=\"siteorigin-widget-tinymce textwidget\">\n\t<p>Investigadora FiloLab<\/p>\n<p>Profesora Titular (Associate Professor), <a href=\"https:\/\/directorio.ugr.es\/static\/PersonalUGR\/*\/show\/f4b90373ee648889c491375e15733bd0\">Departamento de Filosof\u00eda I, UGR<\/a><\/p>\n<p>P\u00e1gina web: <a href=\"http:\/\/philpapers.org\/profile\/28848\">http:\/\/philpapers.org\/profile\/28848<\/a><\/p>\n<p>ORCID. 0000-0003-2221-8097<\/p>\n<p><a href=\"http:\/\/philpapers.org\/profile\/28848\">https:\/\/www.researchgate.net\/profile\/Mj-Garcia-Encinas<\/a><\/p>\n<p>Contacto: <a href=\"mailto:encinas@ugr.es\">encinas@ugr.es<\/a><\/p>\n<\/div>\n<\/div><\/div><\/div><\/div><div id=\"pg-2910-1\"  class=\"panel-grid panel-no-style\" ><div id=\"pgc-2910-1-0\"  class=\"panel-grid-cell\" ><div id=\"panel-2910-1-0-0\" class=\"so-panel widget widget_sow-editor panel-first-child\" data-index=\"2\" ><div class=\"so-widget-sow-editor so-widget-sow-editor-base\">\n<div class=\"siteorigin-widget-tinymce textwidget\">\n\t<p>I got my Philosophy Degree with Honours at the University of Deusto (Spain) and received my Ph.D. from University of the Basque Country in 1999. My doctoral dissertation was a defence of singular causation within the framework of trope theory. In 2000-2002 I got a postdoctoral grant by the Basque Government to visit the Philosophy Department at Rutgers University where I became interested on questions concerning identity and general metaphysics. I came back to Spain as a Ram\u00f3n y Cajal Researcher (tenure track) from 2002 to 2007 at the University of Granada, where I teach and study at its Philosophy Department since then.<\/p>\n<\/div>\n<\/div><\/div><div id=\"panel-2910-1-0-1\" class=\"so-panel widget widget_sow-headline\" data-index=\"3\" ><div class=\"so-widget-sow-headline so-widget-sow-headline-default-66949b92e845\"><div class=\"sow-headline-container \">\n\t<h1 class='sow-headline'>L\u00edneas de investigaci\u00f3n<\/h1>\t\t\t\t\t<div class=\"decoration\">\n\t\t\t\t\t\t<div class=\"decoration-inside\"><\/div>\n\t\t\t\t\t<\/div>\n\t\t\t\t\t<\/div><\/div><\/div><div id=\"panel-2910-1-0-2\" class=\"so-panel widget widget_sow-editor\" data-index=\"4\" ><div class=\"so-widget-sow-editor so-widget-sow-editor-base\">\n<div class=\"siteorigin-widget-tinymce textwidget\">\n\t<p>I mainly work in Metaphysics: categories and modal knowledge. In particular, I have written on causation, properties, relations, identity, and personal identity. I am a trope theorist, and a singularist concerning causation. I defend rational intuition for categorial knowledge, and a form of narrative approach to personal identity. I also love to study the History of Philosophy. From January 2017 to September 2021, I was General Editor of <em>Theoria (Spain).<\/em><\/p>\n<\/div>\n<\/div><\/div><div id=\"panel-2910-1-0-3\" class=\"so-panel widget widget_sow-headline\" data-index=\"5\" ><div class=\"so-widget-sow-headline so-widget-sow-headline-default-66949b92e845\"><div class=\"sow-headline-container \">\n\t<h1 class='sow-headline'>Publicaciones destacadas<\/h1>\t\t\t\t\t<div class=\"decoration\">\n\t\t\t\t\t\t<div class=\"decoration-inside\"><\/div>\n\t\t\t\t\t<\/div>\n\t\t\t\t\t<\/div><\/div><\/div><div id=\"panel-2910-1-0-4\" class=\"so-panel widget widget_sow-editor\" data-index=\"6\" ><div class=\"so-widget-sow-editor so-widget-sow-editor-base\">\n<div class=\"siteorigin-widget-tinymce textwidget\">\n\t<p>(under contract) <em>Categories in Metaphysics. The intuition of the transcendental<\/em><\/p>\n<p>(2025) \u201cCategorial intuition\u201d <em>Philosophia. <\/em><a href=\"https:\/\/doi.org\/10.1007\/s11406-025-00820-1\">https:\/\/doi.org\/10.1007\/s11406-025-00820-1<\/a><\/p>\n<p>(2025) \u201cNon-Existence\u201d in Garc\u00eda-Encinas, M.J. &amp; Mart\u00ednez-Manrique, F. (eds.) <em>Special Objects. Social, modal, non-existent <\/em>Springer Nature, pp. 225-243. <a href=\"https:\/\/link.springer.com\/book\/10.1007\/978-3-031-82221-6\">https:\/\/link.springer.com\/book\/10.1007\/978-3-031-82221-6<\/a><\/p>\n<p>(2024) \u201cOn the judgement of beaty. An open path towards transcendental realism\u201d <em>Kant e-prints<\/em> 19: 1-26 <a href=\"https:\/\/periodicos.sbu.unicamp.br\/ojs\/index.php\/kant\/article\/view\/8678628\">https:\/\/periodicos.sbu.unicamp.br\/ojs\/index.php\/kant\/article\/view\/8678628<\/a><\/p>\n<p>(2024) \u201cCan modal facts be perceived?\u201d <em>Synthesis: Journal for Philosophy<\/em> 4: 59-81 <a href=\"https:\/\/synthesisonline.net\/having-experience-in-view\/\">https:\/\/synthesisonline.net\/having-experience-in-view\/<\/a><\/p>\n<p>(2023) \u201cCategories first\u201d <em>Disputatio <\/em>69: 203-222\u00a0<a href=\"https:\/\/sciendo.com\/es\/article\/10.2478\/disp-2023-0009\">https:\/\/sciendo.com\/es\/article\/10.2478\/disp-2023-0009<\/a><\/p>\n<p>(2022) \u201cFacts of Identity\u201d <em>Inquiry: An Interdisciplinary Journal of Philosophy <\/em><a href=\"https:\/\/doi.org\/10.1080\/0020174X.2022.2153514\">https:\/\/doi.org\/10.1080\/0020174X.2022.2153514<\/a><\/p>\n<p>(2017) \u201cOn the Discovery that Phosphorus is Hesperus: A Follow-up to Kripke on Identity\u201d <em>Analysis and Metaphysics<\/em> 16: 52-69.<\/p>\n<p>(2015) \u201cThe Role of Intuition in Metaphysics\u201d <em>Teorema <\/em>34 (3): 79-99.<\/p>\n<p>(2013) \u201cOn Necessary but External Relations\u201d <em>Review of Contemporary Philosophy <\/em>12: 93-101.<\/p>\n<p>(2012) \u201cOn Categories and A Posteriori Necessity: A phenomenological echo\u201d <em>Metaphilosophy<\/em> 43 (1-2):147-164.<\/p>\n<p>(2009) \u201cTropes for Causation\u201d <em>Metaphysica<\/em> 10: 157-174.<\/p>\n<p>(2004) \"Transference, or Identity Theories of Causation?\" <em>Theoria. An International Journal <\/em>49: 31-47.<\/p>\n<p>(2003) \"<em>A posteriori<\/em> Necessity in Singular Causation and the Humean Argument\" <em>Dialectica <\/em>57(1): 41-55.<\/p>\n<\/div>\n<\/div><\/div><div id=\"panel-2910-1-0-5\" class=\"so-panel widget widget_sow-headline\" data-index=\"7\" ><div class=\"so-widget-sow-headline so-widget-sow-headline-default-66949b92e845\"><div class=\"sow-headline-container \">\n\t<h1 class='sow-headline'>Proyectos<\/h1>\t\t\t\t\t<div class=\"decoration\">\n\t\t\t\t\t\t<div class=\"decoration-inside\"><\/div>\n\t\t\t\t\t<\/div>\n\t\t\t\t\t<\/div><\/div><\/div><div id=\"panel-2910-1-0-6\" class=\"so-panel widget widget_sow-editor panel-last-child\" data-index=\"8\" ><div class=\"so-widget-sow-editor so-widget-sow-editor-base\">\n<div class=\"siteorigin-widget-tinymce textwidget\">\n\t<p><strong>Actual Project: <\/strong>PID2023-152118NB-I00 \"The Metaphysics of Categories MetaCat\". Ministry of Science, Spain. IP. M.J. Garc\u00eda-Encinas, University of Granada (<a href=\"https:\/\/oncategories.wixsite.com\/home\">https:\/\/oncategories.wixsite.com\/home)<\/a><\/p>\n<p>Previous Projects:<\/p>\n<p>\"On the Origin and Epistemology of Categories\" (PID2019-108870GB-I00)<\/p>\n<p>\"Mental speech, metacognition and the narrative theory of identity\" (FFI2015-65953-P)<\/p>\n<\/div>\n<\/div><\/div><\/div><\/div><\/div><!-- AddThis Advanced Settings generic via filter on the_content --><!-- AddThis Share Buttons generic via filter on the_content -->","protected":false},"excerpt":{"rendered":"<p>Investigadora FiloLab Profesora Titular (Associate Professor), Departamento de Filosof\u00eda I, UGR P\u00e1gina web: http:\/\/philpapers.org\/profile\/28848 ORCID. 0000-0003-2221-8097 https:\/\/www.researchgate.net\/profile\/Mj-Garcia-Encinas Contacto: encinas@ugr.es I got my Philosophy Degree with Honours at the University of Deusto (Spain) and received my Ph.D. from University of the Basque Country in 1999. My doctoral dissertation was a defence of singular causation within the [&hellip;]<!-- AddThis Advanced Settings generic via filter on get_the_excerpt --><!-- AddThis Share Buttons generic via filter on get_the_excerpt --><\/p>\n","protected":false},"author":1,"featured_media":0,"parent":934,"menu_order":0,"comment_status":"closed","ping_status":"closed","template":"","meta":[],"_links":{"self":[{"href":"https:\/\/wpd.ugr.es\/~filolab\/wordpress\/wp-json\/wp\/v2\/pages\/2910"}],"collection":[{"href":"https:\/\/wpd.ugr.es\/~filolab\/wordpress\/wp-json\/wp\/v2\/pages"}],"about":[{"href":"https:\/\/wpd.ugr.es\/~filolab\/wordpress\/wp-json\/wp\/v2\/types\/page"}],"author":[{"embeddable":true,"href":"https:\/\/wpd.ugr.es\/~filolab\/wordpress\/wp-json\/wp\/v2\/users\/1"}],"replies":[{"embeddable":true,"href":"https:\/\/wpd.ugr.es\/~filolab\/wordpress\/wp-json\/wp\/v2\/comments?post=2910"}],"version-history":[{"count":9,"href":"https:\/\/wpd.ugr.es\/~filolab\/wordpress\/wp-json\/wp\/v2\/pages\/2910\/revisions"}],"predecessor-version":[{"id":6643,"href":"https:\/\/wpd.ugr.es\/~filolab\/wordpress\/wp-json\/wp\/v2\/pages\/2910\/revisions\/6643"}],"up":[{"embeddable":true,"href":"https:\/\/wpd.ugr.es\/~filolab\/wordpress\/wp-json\/wp\/v2\/pages\/934"}],"wp:attachment":[{"href":"https:\/\/wpd.ugr.es\/~filolab\/wordpress\/wp-json\/wp\/v2\/media?parent=2910"}],"curies":[{"name":"wp","href":"https:\/\/api.w.org\/{rel}","templated":true}]}}