{"id":35,"date":"2018-06-08T14:22:36","date_gmt":"2018-06-08T14:22:36","guid":{"rendered":"http:\/\/wpd.ugr.es\/~filolab\/wordpress\/amp\/?page_id=35"},"modified":"2024-06-18T13:41:17","modified_gmt":"2024-06-18T11:41:17","slug":"que-es-filolab","status":"publish","type":"page","link":"https:\/\/wpd.ugr.es\/~filolab\/wordpress\/que-es-filolab\/","title":{"rendered":"Qu\u00e9 es FiloLab"},"content":{"rendered":"<div id=\"pl-35\"  class=\"panel-layout\" ><div id=\"pg-35-0\"  class=\"panel-grid panel-no-style\" ><div id=\"pgc-35-0-0\"  class=\"panel-grid-cell\" ><div id=\"panel-35-0-0-0\" class=\"so-panel widget widget_sow-headline panel-first-child panel-last-child\" data-index=\"0\" ><div class=\"so-widget-sow-headline so-widget-sow-headline-default-f96e4ccb1d27\"><div class=\"sow-headline-container \">\n\t<h1 class='sow-headline'>Filosof\u00eda aplicada al debate p\u00fablico<\/h1><\/div><\/div><\/div><\/div><\/div><div id=\"pg-35-1\"  class=\"panel-grid panel-has-style\" ><div class=\"panel-row-style panel-row-style-for-35-1\" ><div id=\"pgc-35-1-0\"  class=\"panel-grid-cell panel-grid-cell-mobile-last\" ><div id=\"panel-35-1-0-0\" class=\"so-panel widget widget_sow-editor panel-first-child panel-last-child\" data-index=\"1\" ><div class=\"so-widget-sow-editor so-widget-sow-editor-base\">\n<div class=\"siteorigin-widget-tinymce textwidget\">\n\t<p><span style=\"color: #ffffff;\">FiloLab UGR es una Unidad de Excelencia de la Universidad de Granada que trabaja en el \u00e1mbito de la Filosof\u00eda aplicada a distintas esferas del debate p\u00fablico.<\/span><\/p>\n<h2><\/h2>\n<\/div>\n<\/div><\/div><\/div><div id=\"pgc-35-1-1\"  class=\"panel-grid-cell panel-grid-cell-empty\" ><\/div><\/div><\/div><div id=\"pg-35-2\"  class=\"panel-grid panel-no-style\" ><div id=\"pgc-35-2-0\"  class=\"panel-grid-cell\" ><div id=\"panel-35-2-0-0\" class=\"so-panel widget widget_sow-editor panel-first-child\" data-index=\"2\" ><div class=\"so-widget-sow-editor so-widget-sow-editor-base\"><h3 class=\"widget-title\">Motivaciones<\/h3>\n<div class=\"siteorigin-widget-tinymce textwidget\">\n\t<p>Las nuevas tecnolog\u00edas de la informaci\u00f3n han creado un contexto social de comunicaci\u00f3n generalizada en el que la distinci\u00f3n cl\u00e1sica entre emisores y receptores se desdibuja cada vez m\u00e1s. A las controversias p\u00fablicas actuales se unen cada d\u00eda voces y perspectivas distintas, dejando definitivamente atr\u00e1s el confort, y las limitaciones, de una narrativa \u00fanica. En este contexto abundan tanto las oportunidades como los riesgos. Entre las oportunidades, est\u00e1 la de incorporar m\u00e1s voces al acervo colectivo, en un intento por hacer justicia a realidades sociales de creciente complejidad. Entre los riesgos, el vaciamiento de nociones dif\u00edciles como verdad, valores o racionalidad a favor de sustitutos m\u00e1s d\u00factiles como posverdad, inter\u00e9s u opini\u00f3n, lo cual podr\u00eda acabar desarticulando la posibilidad misma de deliberaci\u00f3n y acuerdo racional.<\/p>\n<p>La reivindicaci\u00f3n del papel de la racionalidad frente los argumentos de autoridad, frente al peso de la tradici\u00f3n o la inercia de la costumbre, ha sido una piedra de toque del pensamiento filos\u00f3fico desde sus inicios. Sin embargo, la forma dominante de entender el ejercicio de la raz\u00f3n ha apelado, tradicionalmente, a principios y valores universales, y con frecuencia ha conducido a la idea de que, al igual que en cuestiones cient\u00edficas o de hecho, existen \u201cexpertos en valores\u201d. Entre una concepci\u00f3n monol\u00edtica de la racionalidad y la mera yuxtaposici\u00f3n de opiniones diversas, el pensamiento actual se enfrenta al reto de hacer viable la interacci\u00f3n racional entre individuos que, partiendo de puntos de vista diferentes, experimentan cada d\u00eda la necesidad de coordinar su actuaci\u00f3n.<\/p>\n<\/div>\n<\/div><\/div><div id=\"panel-35-2-0-1\" class=\"so-panel widget widget_sow-editor panel-last-child\" data-index=\"3\" ><div class=\"panel-widget-style panel-widget-style-for-35-2-0-1\" ><div class=\"so-widget-sow-editor so-widget-sow-editor-base\"><h3 class=\"widget-title\">Objeto de estudio<\/h3>\n<div class=\"siteorigin-widget-tinymce textwidget\">\n\t<p>La\u00a0Unidad de Excelencia FiloLab estudia la vigencia actual y el\u00a0alcance de nociones como verdad, valores o racionalidad en el \u00e1mbito del debate\u00a0p\u00fablico. A la luz de este an\u00e1lisis, pretende plantear estrategias metodol\u00f3gicas para\u00a0mejorar la calidad del debate p\u00fablico, as\u00ed como examinar la idoneidad de dichas\u00a0propuestas mediante el estudio de debates p\u00fablicos concretos de especial relevancia.<\/p>\n<p>La Unidad se vertebra en torno a la Filosof\u00eda, pero posee una marcada vocaci\u00f3n\u00a0transdisciplinar. El estudio del debate p\u00fablico y las controversias parte del reconocimiento de la interdisciplinaridad del campo, pues se trata de un tema que ha sido objeto de diversas disciplinas acad\u00e9micas: epistemolog\u00eda, teor\u00eda de la argumentaci\u00f3n, derecho, \u00e9tica aplicada, ling\u00fc\u00edstica, ciencia cognitiva, filosof\u00eda de la mente, filosof\u00eda del lenguaje, teor\u00eda pol\u00edtica, etc. Como unidad de investigaci\u00f3n, FiloLab aspira a una pr\u00e1ctica interdisciplinar en la que cada uno de esos discursos disciplinares incorporen las aportaciones de los otros. El objetivo \u00faltimo es la articulaci\u00f3n de un marco transdisciplinar coherente y sistem\u00e1tico, capaz de generar un corpus te\u00f3rico integrador de m\u00e9todos y discursos de campos diversos.<\/p>\n<\/div>\n<\/div><\/div><\/div><\/div><\/div><div id=\"pg-35-3\"  class=\"panel-grid panel-no-style\" ><div id=\"pgc-35-3-0\"  class=\"panel-grid-cell\" ><div id=\"panel-35-3-0-0\" class=\"so-panel widget widget_sow-editor panel-first-child panel-last-child\" data-index=\"4\" ><div class=\"so-widget-sow-editor so-widget-sow-editor-base\"><h3 class=\"widget-title\">Prop\u00f3sitos y objetivos<\/h3>\n<div class=\"siteorigin-widget-tinymce textwidget\">\n\t<p>Se propone la creaci\u00f3n de una Unidad Cient\u00edfica de Excelencia que destaque por su relevancia e impacto cient\u00edfico y social a nivel nacional e internacional. La Unidad se inscribe en el \u00e1rea de Humanidades, y m\u00e1s concretamente en el \u00e1mbito de la Filosof\u00eda aplicada a distintas esferas del debate p\u00fablico. El objetivo de este proyecto es fortalecer la capacidad investigadora y la producci\u00f3n cient\u00edfica conjunta de sus integrantes, as\u00ed como potenciar el liderazgo internacional del grupo e incrementar su capacidad para atraer talento.<\/p>\n<p>La creaci\u00f3n de esta Unidad de Excelencia persigue tanto objetivos te\u00f3ricos como pr\u00e1cticos. Entre los primeros destacan: 1) analizar las caracter\u00edsticas de los desacuerdos y de los contextos p\u00fablicos en los que estos tienen lugar, y 2) ofrecer propuestas metodol\u00f3gicas novedosas para abordarlos, examinar su valor y enunciar las condiciones para su eventual resoluci\u00f3n. En cuanto a los objetivos pr\u00e1cticos, pretendemos contribuir a crear una sociedad m\u00e1s justa y cohesionada a trav\u00e9s de la mejora de la calidad de la argumentaci\u00f3n y el debate p\u00fablicos.<\/p>\n<p>&nbsp;<\/p>\n<\/div>\n<\/div><\/div><\/div><\/div><\/div><!-- AddThis Advanced Settings generic via filter on the_content --><!-- AddThis Share Buttons generic via filter on the_content -->","protected":false},"excerpt":{"rendered":"<p>FiloLab UGR es una Unidad de Excelencia de la Universidad de Granada que trabaja en el \u00e1mbito de la Filosof\u00eda aplicada a distintas esferas del debate p\u00fablico.<!-- AddThis Advanced Settings generic via filter on get_the_excerpt --><!-- AddThis Share Buttons generic via filter on get_the_excerpt --><\/p>\n","protected":false},"author":1,"featured_media":0,"parent":0,"menu_order":0,"comment_status":"closed","ping_status":"closed","template":"","meta":[],"_links":{"self":[{"href":"https:\/\/wpd.ugr.es\/~filolab\/wordpress\/wp-json\/wp\/v2\/pages\/35"}],"collection":[{"href":"https:\/\/wpd.ugr.es\/~filolab\/wordpress\/wp-json\/wp\/v2\/pages"}],"about":[{"href":"https:\/\/wpd.ugr.es\/~filolab\/wordpress\/wp-json\/wp\/v2\/types\/page"}],"author":[{"embeddable":true,"href":"https:\/\/wpd.ugr.es\/~filolab\/wordpress\/wp-json\/wp\/v2\/users\/1"}],"replies":[{"embeddable":true,"href":"https:\/\/wpd.ugr.es\/~filolab\/wordpress\/wp-json\/wp\/v2\/comments?post=35"}],"version-history":[{"count":34,"href":"https:\/\/wpd.ugr.es\/~filolab\/wordpress\/wp-json\/wp\/v2\/pages\/35\/revisions"}],"predecessor-version":[{"id":5438,"href":"https:\/\/wpd.ugr.es\/~filolab\/wordpress\/wp-json\/wp\/v2\/pages\/35\/revisions\/5438"}],"wp:attachment":[{"href":"https:\/\/wpd.ugr.es\/~filolab\/wordpress\/wp-json\/wp\/v2\/media?parent=35"}],"curies":[{"name":"wp","href":"https:\/\/api.w.org\/{rel}","templated":true}]}}