{"id":3520,"date":"2021-04-14T13:43:12","date_gmt":"2021-04-14T11:43:12","guid":{"rendered":"http:\/\/wpd.ugr.es\/~filolab\/wordpress\/?page_id=3520"},"modified":"2024-07-17T09:58:34","modified_gmt":"2024-07-17T07:58:34","slug":"jon-rueda-etxebarria","status":"publish","type":"page","link":"https:\/\/wpd.ugr.es\/~filolab\/wordpress\/quienes-somos-nueva\/investigadores-colaboradores-de-centros-nacionales-e-internacionales\/jon-rueda-etxebarria\/","title":{"rendered":"Jon Rueda Etxebarria"},"content":{"rendered":"<div id=\"pl-3520\"  class=\"panel-layout\" ><div id=\"pg-3520-0\"  class=\"panel-grid panel-no-style\" ><div id=\"pgc-3520-0-0\"  class=\"panel-grid-cell\" ><div id=\"panel-3520-0-0-0\" class=\"so-panel widget widget_sow-image panel-first-child panel-last-child\" data-index=\"0\" ><div class=\"so-widget-sow-image so-widget-sow-image-default-d6014b76747a\">\n\n<div class=\"sow-image-container\">\n\t<img src=\"https:\/\/wpd.ugr.es\/~filolab\/wordpress\/wp-content\/uploads\/2021\/04\/Sin-titulo.png\" width=\"300\" height=\"313\" srcset=\"https:\/\/wpd.ugr.es\/~filolab\/wordpress\/wp-content\/uploads\/2021\/04\/Sin-titulo.png 300w, https:\/\/wpd.ugr.es\/~filolab\/wordpress\/wp-content\/uploads\/2021\/04\/Sin-titulo-288x300.png 288w\" sizes=\"(max-width: 300px) 100vw, 300px\" title=\"Jon Rueda Etxebarria\" alt=\"\" \t\tclass=\"so-widget-image\"\/>\n<\/div>\n\n<\/div><\/div><\/div><div id=\"pgc-3520-0-1\"  class=\"panel-grid-cell\" ><div id=\"panel-3520-0-1-0\" class=\"so-panel widget widget_sow-editor panel-first-child panel-last-child\" data-index=\"1\" ><div class=\"so-widget-sow-editor so-widget-sow-editor-base\">\n<div class=\"siteorigin-widget-tinymce textwidget\">\n\t<p>Jon Rueda Etxebarria<\/p>\n<p>Investigador Postdoctoral, Universidad del Pa\u00eds Vasco<\/p>\n<p>P\u00e1gina web:\u00a0<u><a href=\"https:\/\/urldefense.com\/v3\/__https:\/\/www.researchgate.net\/profile\/Jon-Rueda-2__;!!D9dNQwwGXtA!QwBeiYya-qHr2CX7YA7FPx7CJ43EpFstwU484RhQ8Pa4nD27LHLfD1ceuZmUeg7WTNjHO9AqBAhI$\" target=\"_blank\" rel=\"noopener noreferrer\">https:\/\/jonrueda.com\/<\/a><\/u><\/p>\n<p>Direcci\u00f3n de contacto:\u00a0<u><a href=\"mailto:ruetxe@gmail.com\" rel=\"noreferrer\">ruetxe@gmail.com<\/a><\/u><\/p>\n<p>&nbsp;<\/p>\n<\/div>\n<\/div><\/div><\/div><\/div><div id=\"pg-3520-1\"  class=\"panel-grid panel-no-style\" ><div id=\"pgc-3520-1-0\"  class=\"panel-grid-cell\" ><div id=\"panel-3520-1-0-0\" class=\"so-panel widget widget_sow-editor panel-first-child\" data-index=\"2\" ><div class=\"so-widget-sow-editor so-widget-sow-editor-base\">\n<div class=\"siteorigin-widget-tinymce textwidget\">\n\t<p align=\"justify\">Jon Rueda es investigador postdoctoral en la Universidad del Pa\u00eds Vasco. Es doctor en Filosof\u00eda por la Universidad de Granada, donde realiz\u00f3 una tesis sobre los potenciales moralmente disruptivos de las tecnolog\u00edas emergentes de mejora gen\u00e9tica, gracias a un contrato La Caixa INPhINIT Retaining Fellowship. Ha realizado estancias de investigaci\u00f3n en la Universidad de Oxford, la Universidad de Utrecht y la Universidad de California-San Diego (como becario Fulbright).<\/p>\n<\/div>\n<\/div><\/div><div id=\"panel-3520-1-0-1\" class=\"so-panel widget widget_sow-headline\" data-index=\"3\" ><div class=\"so-widget-sow-headline so-widget-sow-headline-default-66949b92e845\"><div class=\"sow-headline-container \">\n\t<h1 class='sow-headline'>L\u00edneas de investigaci\u00f3n<\/h1>\t\t\t\t\t<div class=\"decoration\">\n\t\t\t\t\t\t<div class=\"decoration-inside\"><\/div>\n\t\t\t\t\t<\/div>\n\t\t\t\t\t<\/div><\/div><\/div><div id=\"panel-3520-1-0-2\" class=\"so-panel widget widget_sow-editor\" data-index=\"4\" ><div class=\"so-widget-sow-editor so-widget-sow-editor-base\">\n<div class=\"siteorigin-widget-tinymce textwidget\">\n\t<div id=\"v1gmail-panel-3520-1-0-2\" class=\"v1gmail-so-panel v1gmail-widget v1gmail-widget_sow-editor\">\n<div class=\"v1gmail-so-widget-sow-editor v1gmail-so-widget-sow-editor-base\">\n<div class=\"v1gmail-siteorigin-widget-tinymce v1gmail-textwidget\">\n<p align=\"justify\">Jon Rueda ha publicado sobre diversos temas de la bio\u00e9tica, la \u00e9tica de la tecnolog\u00eda y la mejora humana. Entre sus intereses actuales, se encuentran las investigaciones sobre los cambios tecno-morales, las tecnolog\u00edas socialmente disruptivas, la \u00e9tica de la IA, la bio\u00e9tica experimental, la \u00e9tica de la realidad virtual y la justicia distributiva.<\/p>\n<\/div>\n<\/div>\n<\/div>\n<div id=\"v1gmail-panel-3520-1-0-3\" class=\"v1gmail-so-panel v1gmail-widget v1gmail-widget_sow-headline\">\n<div class=\"v1gmail-so-widget-sow-headline v1gmail-so-widget-sow-headline-default-66949b92e845\">\n<div class=\"v1gmail-sow-headline-container\"><\/div>\n<\/div>\n<\/div>\n<\/div>\n<\/div><\/div><div id=\"panel-3520-1-0-3\" class=\"so-panel widget widget_sow-headline\" data-index=\"5\" ><div class=\"so-widget-sow-headline so-widget-sow-headline-default-66949b92e845\"><div class=\"sow-headline-container \">\n\t<h1 class='sow-headline'>Publicaciones destacadas<\/h1>\t\t\t\t\t<div class=\"decoration\">\n\t\t\t\t\t\t<div class=\"decoration-inside\"><\/div>\n\t\t\t\t\t<\/div>\n\t\t\t\t\t<\/div><\/div><\/div><div id=\"panel-3520-1-0-4\" class=\"so-panel widget widget_sow-editor\" data-index=\"6\" ><div class=\"so-widget-sow-editor so-widget-sow-editor-base\">\n<div class=\"siteorigin-widget-tinymce textwidget\">\n\t<ul>\n<li><span lang=\"EN-GB\">Rueda, J., Segers, S., Hopster, J., Kudlek, K., Liedo, B., Marchiori, S. &amp; Danaher, J.* (2024). Anticipatory gaps challenge the public governance of heritable human genome editing.\u00a0<i>Journal of Medical Ethics<\/i>.\u00a0<a href=\"https:\/\/urldefense.com\/v3\/__https:\/\/doi.org\/10.1136\/jme-2023-109801__;!!D9dNQwwGXtA!QwBeiYya-qHr2CX7YA7FPx7CJ43EpFstwU484RhQ8Pa4nD27LHLfD1ceuZmUeg7WTNjHO8wqm2ne$\" target=\"_blank\" rel=\"noopener noreferrer\">https:\/\/doi.org\/10.1136\/jme-2023-109801<\/a><\/span><\/li>\n<li><span lang=\"EN-GB\">Rueda, J.*\u00a0(2024). Value change, reprogenetic technologies, and the axiological underpinnings of reproductive choice.\u00a0<i>Bioethics<\/i>.\u00a0<a href=\"https:\/\/urldefense.com\/v3\/__https:\/\/doi.org\/10.1111\/bioe.13287__;!!D9dNQwwGXtA!QwBeiYya-qHr2CX7YA7FPx7CJ43EpFstwU484RhQ8Pa4nD27LHLfD1ceuZmUeg7WTNjHOxqiQe3G$\" target=\"_blank\" rel=\"noopener noreferrer\">https:\/\/doi.org\/10.1111\/bioe.13287<\/a><\/span><\/li>\n<li><span lang=\"EN-GB\"><span lang=\"ES\">Rueda, J.*<\/span><span lang=\"ES\">, Delgado Rodr\u00edguez, J. Parra Jounou, I., Hortal, J., Aus\u00edn, T. &amp; Rodr\u00edguez-Arias, D. (2024).\u00a0<\/span>\"Just\" accuracy? Procedural fairness demands explainability in AI-based medical resource allocations.\u00a0<i>AI and Society<\/i>, 39, 1411-1422.\u00a0<a href=\"https:\/\/urldefense.com\/v3\/__https:\/\/doi.org\/10.1007\/s00146-022-01614-9__;!!D9dNQwwGXtA!QwBeiYya-qHr2CX7YA7FPx7CJ43EpFstwU484RhQ8Pa4nD27LHLfD1ceuZmUeg7WTNjHO5ChZHUy$\" target=\"_blank\" rel=\"noopener noreferrer\">https:\/\/doi.org\/10.1007\/s00146-022-01614-9<\/a><\/span><\/li>\n<li><span lang=\"EN-GB\">Rueda, J.*\u00a0 (2024) Genetic Enhancement, Human Extinction, and the Best Interests of Posthumanity.\u00a0<i>Bioethics<\/i>, 38 (6), 529-538.\u00a0<a href=\"https:\/\/urldefense.com\/v3\/__https:\/\/doi.org\/10.1111\/bioe.13085__;!!D9dNQwwGXtA!QwBeiYya-qHr2CX7YA7FPx7CJ43EpFstwU484RhQ8Pa4nD27LHLfD1ceuZmUeg7WTNjHO2KiwUEw$\" target=\"_blank\" rel=\"noopener noreferrer\">https:\/\/doi.org\/10.1111\/bioe.13085<\/a><\/span><\/li>\n<li><span lang=\"EN-GB\">Rueda, J.*\u00a0(2023). The ethics of doing human enhancement ethics.\u00a0<i>Futures<\/i>,\u00a0153, 103236.\u00a0<a href=\"https:\/\/urldefense.com\/v3\/__https:\/\/doi.org\/https:\/doi.org\/10.1016\/j.futures.2023.103236__;!!D9dNQwwGXtA!QwBeiYya-qHr2CX7YA7FPx7CJ43EpFstwU484RhQ8Pa4nD27LHLfD1ceuZmUeg7WTNjHO1xRrr94$\" target=\"_blank\" rel=\"noopener noreferrer\">https:\/\/doi.org\/https:\/\/doi.org\/10.1016\/j.futures.2023.103236<\/a>.\u00a0<\/span><\/li>\n<li><span lang=\"EN-GB\">Rueda, J.*\u00a0(2023). Problems with dystopian representations in genetic futurism.\u00a0<i>Nature Genetics<\/i>, 55, 1081.\u00a0<\/span><a href=\"https:\/\/urldefense.com\/v3\/__https:\/\/doi.org\/10.1038\/s41588-023-01416-9__;!!D9dNQwwGXtA!QwBeiYya-qHr2CX7YA7FPx7CJ43EpFstwU484RhQ8Pa4nD27LHLfD1ceuZmUeg7WTNjHOy8Y6O4T$\" target=\"_blank\" rel=\"noopener noreferrer\">https:\/\/doi.org\/10.1038\/s41588-023-01416-9<\/a><\/li>\n<li>Rueda, J.*, Pugh, J. &amp; Savulescu, J. (2023). The morally disruptive future of reprogenetic enhancement technologies.\u00a0<em>Trends in Biotechnology, 41(5), 589-592<\/em>.\u00a0<a href=\"https:\/\/urldefense.com\/v3\/__https:\/\/doi.org\/10.1016\/j.tibtech.2022.10.007__;!!D9dNQwwGXtA!QwBeiYya-qHr2CX7YA7FPx7CJ43EpFstwU484RhQ8Pa4nD27LHLfD1ceuZmUeg7WTNjHOyUVKEk9$\" target=\"_blank\" rel=\"noopener noreferrer\"><span lang=\"EN-GB\">https:\/\/doi.org\/10.1016\/j.tibtech.2022.10.007<\/span><\/a><\/li>\n<li><span lang=\"EN-GB\">Rueda, J.*<\/span><span lang=\"EN-GB\">\u00a0(2022). Hit by the virtual trolley: When is experimental ethics unethical?\u00a0<i>Teorema<\/i>, 41(1), 7-27.\u00a0<\/span><a href=\"https:\/\/urldefense.com\/v3\/__https:\/\/www.jstor.org\/stable\/27118201__;!!D9dNQwwGXtA!QwBeiYya-qHr2CX7YA7FPx7CJ43EpFstwU484RhQ8Pa4nD27LHLfD1ceuZmUeg7WTNjHO-hApFPh$\" target=\"_blank\" rel=\"noopener noreferrer\"><span lang=\"EN-GB\">https:\/\/www.jstor.org\/stable\/27118201<\/span><\/a><\/li>\n<li><span lang=\"EN-GB\">Rueda, J.*<\/span><span lang=\"EN-GB\">\u00a0(2021). Ageism in the COVID-19 pandemic: Age-based discrimination in triage decisions and beyond.\u00a0<i>History and Philosophy of the Life Sciences<\/i>, 43:91.\u00a0<\/span><a href=\"https:\/\/urldefense.com\/v3\/__https:\/\/doi.org\/10.1007\/s40656-021-00441-3__;!!D9dNQwwGXtA!QwBeiYya-qHr2CX7YA7FPx7CJ43EpFstwU484RhQ8Pa4nD27LHLfD1ceuZmUeg7WTNjHO-Cma8t-$\" target=\"_blank\" rel=\"noopener noreferrer\">https:\/\/doi.org\/10.1007\/s40656-021-00441-3<\/a><\/li>\n<li>Rueda, J.*\u00a0&amp; Lara, F. (2020).\u00a0<span lang=\"EN-GB\">Virtual Reality and Empathy Enhancement: Ethical Aspects.\u00a0<i>Frontiers in Robotics and AI<\/i>, 7: 506984.\u00a0<\/span><a href=\"https:\/\/urldefense.com\/v3\/__https:\/\/doi.org\/10.3389\/frobt.2020.506984__;!!D9dNQwwGXtA!QwBeiYya-qHr2CX7YA7FPx7CJ43EpFstwU484RhQ8Pa4nD27LHLfD1ceuZmUeg7WTNjHO7LYUBZN$\" target=\"_blank\" rel=\"noopener noreferrer\"><span lang=\"EN-GB\">https:\/\/doi.org\/10.3389\/frobt.2020.506984<\/span><\/a><span lang=\"EN-GB\">\u00a0 \u00a0<\/span><\/li>\n<li><span style=\"color: #444444;\"><span style=\"font-family: Pantano sans, sans serif, sans-serif;\"><span style=\"font-size: medium;\">Rueda, J., Hannikainen, I., Hortal, J., &amp; Rodr\u00edguez-Arias, D. (2020).\u00a0<\/span><\/span><\/span><span style=\"color: #444444;\"><span style=\"font-family: Pantano sans, sans serif, sans-serif;\"><span style=\"font-size: medium;\"><span lang=\"en-GB\">Examining Public Trust in Categorical versus Comprehensive Triage Criteria.\u00a0<\/span><\/span><\/span><\/span><span style=\"color: #444444;\"><span style=\"font-family: Pantano sans, sans serif, sans-serif;\"><span style=\"font-size: medium;\"><span lang=\"en-GB\"><i>The American Journal of Bioethics<\/i><\/span><\/span><\/span><\/span><span style=\"color: #444444;\"><span style=\"font-family: Pantano sans, sans serif, sans-serif;\"><span style=\"font-size: medium;\"><span lang=\"en-GB\">, 20 (7), 106-109.\u00a0<\/span><\/span><\/span><\/span><a href=\"https:\/\/doi.org\/10.1080\/15265161.2020.1779867\"><span style=\"color: #3f96ac;\"><span style=\"font-family: Pantano sans, sans serif, sans-serif;\"><span style=\"font-size: medium;\"><span lang=\"en-GB\">https:\/\/doi.org\/10.1080\/15265161.2020.1779867<\/span><\/span><\/span><\/span><\/a><\/li>\n<li><span style=\"color: #444444;\"><span style=\"font-family: Pantano sans, sans serif, sans-serif;\"><span style=\"font-size: medium;\"><span lang=\"en-GB\">Rueda, J. (2020). Climate Change, Moral Bioenhancement and the Ultimate Mostropic.\u00a0<\/span><\/span><\/span><\/span><span style=\"color: #444444;\"><span style=\"font-family: Pantano sans, sans serif, sans-serif;\"><span style=\"font-size: medium;\"><span lang=\"en-GB\"><i>Ramon Llull Journal of Applied Ethics<\/i><\/span><\/span><\/span><\/span><span style=\"color: #444444;\"><span style=\"font-family: Pantano sans, sans serif, sans-serif;\"><span style=\"font-size: medium;\"><span lang=\"en-GB\">, 11, 277-303.\u00a0<\/span><\/span><\/span><\/span><a href=\"https:\/\/www.raco.cat\/index.php\/rljae\/article\/view\/368709\"><span style=\"color: #3f96ac;\"><span style=\"font-family: Pantano sans, sans serif, sans-serif;\"><span style=\"font-size: medium;\"><span lang=\"en-GB\">https:\/\/www.raco.cat\/index.php\/rljae\/article\/view\/368709<\/span><\/span><\/span><\/span><\/a><\/li>\n<\/ul>\n<\/div>\n<\/div><\/div><div id=\"panel-3520-1-0-5\" class=\"so-panel widget widget_sow-headline\" data-index=\"7\" ><div class=\"so-widget-sow-headline so-widget-sow-headline-default-66949b92e845\"><div class=\"sow-headline-container \">\n\t<h1 class='sow-headline'>Proyectos<\/h1>\t\t\t\t\t<div class=\"decoration\">\n\t\t\t\t\t\t<div class=\"decoration-inside\"><\/div>\n\t\t\t\t\t<\/div>\n\t\t\t\t\t<\/div><\/div><\/div><div id=\"panel-3520-1-0-6\" class=\"so-panel widget widget_sow-editor panel-last-child\" data-index=\"8\" ><div class=\"so-widget-sow-editor so-widget-sow-editor-base\">\n<div class=\"siteorigin-widget-tinymce textwidget\">\n\t<p class=\"v1MsoNormal\"><span lang=\"EN-GB\">Project PROTECT-CHILD: A PRivacy-prOTecting Environment for Child Transplants health-related and genomic data integration in the European Reference Network. Funding: HORIZON-HLTH-2023-TOOL-05, number: 101137423. [2024\u2014present]<\/span><\/p>\n<p class=\"v1MsoNormal\"><span lang=\"EN-GB\">Project <i>AutAI: Artificial Intelligence and Human Autonomy<\/i>.\u00a0<a name=\"v1_Hlk158889655\"><\/a>PI: Francisco Lara.\u00a0<\/span><span lang=\"EN-GB\">Funding: State Research Agency of the Spanish Government, grant number:<\/span><span lang=\"EN-GB\">\u00a0PID2022-137953OB-I00.\u00a0<\/span><span lang=\"ES\">Coordinator: David Rodr\u00edguez-Arias [2023\u2014present]<\/span><\/p>\n<p class=\"v1MsoNormal\"><span lang=\"ES\">Red Tem\u00e1tica <i>ESPACyOS. \u00c9tica de la Salud P\u00fablica<\/i>.\u00a0<\/span><span lang=\"ES\">Funding: State Research Agency,<\/span><span lang=\"ES\">\u00a0Convocatoria 2022 \"Redes de investigaci\u00f3n\". Coordinator: Angel Puyol. [2023\u2014present]<\/span><\/p>\n<p class=\"v1MsoNormal\"><span lang=\"ES\">Red Tem\u00e1tica <i>LIBERESP: Laboratorio Iberoamericano de \u00c9tica y Salud P\u00fablica<\/i>. Convocatoria CYTED 2022 \"Redes Tem\u00e1ticas\". [2023\u2014present]<\/span><\/p>\n<p class=\"v1MsoNormal\"><span lang=\"ES\">Project <i>Novas tecnologias e aplica\u00e7\u00f5es n\u00e3o terap\u00eauticas: Em busca de uma estrutura regulat\u00f3ria do biomelhoramento humano<\/i>. PI: Murilo Vila\u00e7a. Funding: Conselho Nacional de Desenvolvimento Cient\u00edfico e Tecnol\u00f3gico (421523\/2022-0). [2023\u2014present]<\/span><\/p>\n<p class=\"v1MsoNormal\"><span lang=\"ES\">Project <i>Tecnolog\u00edas moralmente disruptivas: Un estudio filos\u00f3fico de los cambios tecno-morales<\/i>.\u00a0<b>PI: Jon Rueda<\/b>. Funding: Sabadell Foundation (Ayudas a la Investigaci\u00f3n).\u00a0<\/span>[2023-2024].<\/p>\n<p class=\"v1MsoNormal\"><span lang=\"EN-GB\">Project GoIA: <i>The governance of artificial intelligence based on citizenship<\/i>.\u00a0<\/span><span lang=\"ES\">PI: Javier Valls Prieto. Funding: Convocatoria 2021 de Proyectos Estrat\u00e9gicos Orientados a la Transici\u00f3n Ecol\u00f3gica y a la Transici\u00f3n Digital, del Plan Estatal de Investigaci\u00f3n Cient\u00edfica, T\u00e9cnica y de Innovaci\u00f3n, en\u00a0el\u00a0marco\u00a0del\u00a0Plan\u00a0de\u00a0Recuperaci\u00f3n,\u00a0Transformaci\u00f3n y Resiliencia,\u00a0<\/span><span lang=\"ES\">grant number:\u00a0<\/span><span lang=\"ES\">TED2021-129402B-C22. [2022\u20142024]<\/span><\/p>\n<p class=\"v1MsoNormal\"><span lang=\"ES\">Project DESASTRE: <i>Ethical duties in disaster contexts<\/i>. PI:<\/span><span lang=\"ES\">\u00a0<\/span><span lang=\"ES\">Francisco Javier Gil Mart\u00edn; Funding: BBVA, Ayudas a Proyectos de Investigaci\u00f3n Cient\u00edfica Filosof\u00eda 2021.\u00a0<\/span>[<span lang=\"EN-GB\">2022\u20142024].<\/span><\/p>\n<p class=\"v1MsoNormal\"><span lang=\"EN-GB\">Project <i>MSIDLab: Moral Science and Institutional Design Lab<\/i><\/span><span lang=\"EN-GB\">. PI: Ivar Rodr\u00edguez Hannikainen; Funding: State Research Agency of the Spanish Government, grant number:<\/span><span lang=\"EN-GB\">\u00a0PID2020.119791RA.I00. [2022\u2014present]<\/span><\/p>\n<p class=\"v1MsoNormal\"><span lang=\"EN-GB\">Project\u00a0<i>INEDyTO II<\/i>\u00a0(<\/span><a href=\"https:\/\/urldefense.com\/v3\/__https:\/\/www.inedyto.com\/inedyto-ii.html__;!!D9dNQwwGXtA!SpvqYwh5Iq8aqg9MwuyHgKB5SHk9FRrpYWEOv3SeMuCcIQrYjjyctGzU_XJfLst1-uBZBJIB_XDR$\" target=\"_blank\" rel=\"noopener noreferrer\"><span lang=\"EN-GB\">Bioethics and practices related to the end of life<\/span><\/a><span lang=\"EN-GB\">). PI: David Rodr\u00edguez-Arias; Funding: State Research Agency of the Spanish Government, grant number: PID2020-118729RB-I00. [2022\u2014present]<\/span><\/p>\n<p class=\"v1MsoNormal\"><span lang=\"EN-GB\">Project <i>SOCRAI3: Moral Enhancement and Artificial Intelligence. Ethical aspects of a virtual Socratic assistant<\/i>.\u00a0<\/span><span lang=\"EN-GB\">PI:\u00a0<u>Francisco Lara<\/u>; Funding: FEDER Junta de Andaluc\u00eda, grant number: B-HUM-64-UGR20. [<\/span><span lang=\"EN-GB\">2021\u20142023] \u00a0\u00a0\u00a0\u00a0\u00a0<\/span><\/p>\n<p><span lang=\"EN-GB\">Project <i>Experimental GenEthics: The cognitive basis of moral attitudes towards emerging genetic and genomic technologies<\/i>.\u00a0<b>PI<\/b>:\u00a0<b>Jon Rueda<\/b>\u00a0&amp; Ivar Hannikainen. Funding: Fundaci\u00f3 V\u00edctor Gr\u00edfols i Lucas. [2021\u20142022]<\/span><\/p>\n<p class=\"v1MsoNormal\"><span lang=\"EN-GB\">Project <i>DEAD BODIES<\/i>\u00a0(<\/span><a href=\"https:\/\/urldefense.com\/v3\/__https:\/\/www.csic.es\/en\/research\/research-projects\/dead-bodies-epistemology-applied-death-and-bioethics-death-informed-epistemology-and-science__;!!D9dNQwwGXtA!SpvqYwh5Iq8aqg9MwuyHgKB5SHk9FRrpYWEOv3SeMuCcIQrYjjyctGzU_XJfLst1-uBZBCCIQOVS$\" target=\"_blank\" rel=\"noopener noreferrer\"><span lang=\"EN-GB\">Epistemology Applied to Death and Bioethics Of Death Informed by Epistemology and Science<\/span><\/a><span lang=\"EN-GB\">). PI: Alberto Molina P\u00e9rez; Funding: State Research Agency of the Spanish Government, grant number: PID2020-00X119717-IV0.\u00a0<\/span><span lang=\"ES\">[2021\u20142023]<\/span><\/p>\n<p class=\"v1MsoNormal\"><span lang=\"ES\">Project <\/span><a href=\"https:\/\/urldefense.com\/v3\/__https:\/\/www.fbbva.es\/equipo\/vision-etica-de-los-algoritmos-que-deciden-el-ingreso-en-uci-o-geolocalizan-a-los-afectados-por-covid-19\/__;!!D9dNQwwGXtA!SpvqYwh5Iq8aqg9MwuyHgKB5SHk9FRrpYWEOv3SeMuCcIQrYjjyctGzU_XJfLst1-uBZBMGifFpn$\" target=\"_blank\" rel=\"noopener noreferrer\"><span lang=\"ES\">Detecci\u00f3n y eliminaci\u00f3n de sesgos en algoritmos de triaje y localizaci\u00f3n para la COVID-19<\/span><\/a><span lang=\"ES\">. PI: Angel Puyol. Funding: Proyecto de las Ayudas Fundaci\u00f3n BBVA a Equipos de Investigaci\u00f3n Cient\u00edfica SARS-CoV-2 y COVID-19, en el \u00e1rea de Humanidades.\u00a0<\/span>[2020\u20142021]<\/p>\n<p class=\"v1MsoNormal\"><span lang=\"EN-GB\">Project <i>EthAI+3<\/i>\u00a0(<\/span><a href=\"https:\/\/wpd.ugr.es\/~flara\/ethai\/\" target=\"_blank\" rel=\"noopener noreferrer\"><span lang=\"EN-GB\">Digital Ethics. Moral Enhancement through an Interactive Use of Artificial Intelligence<\/span><\/a><span lang=\"EN-GB\">). PI:\u00a0<u>Francisco Lara<\/u>; Funding: State Research Agency of the Spanish Government, grant number: PID2019-104943RB-I00. [2020\u20142023]<\/span><\/p>\n<p class=\"v1MsoNormal\"><span lang=\"EN-GB\">Project <i>BIOethAI+<\/i>\u00a0(<\/span><a href=\"https:\/\/urldefense.com\/v3\/__https:\/\/flara13.wixsite.com\/enhancement__;!!D9dNQwwGXtA!SpvqYwh5Iq8aqg9MwuyHgKB5SHk9FRrpYWEOv3SeMuCcIQrYjjyctGzU_XJfLst1-uBZBAxnodn5$\" target=\"_blank\" rel=\"noopener noreferrer\"><span lang=\"EN-GB\">Artificial Intelligence and Biotechnology of Moral Enhancement: Ethical Aspects<\/span><\/a><span lang=\"EN-GB\">) PI:\u00a0<u>Francisco Lara<\/u>; Funding: Spanish Ministry of Economy, Industry and Competitiveness, grant number: FFI2016-79000-P. [2018\u20142020]<\/span><\/p>\n<\/div>\n<\/div><\/div><\/div><\/div><\/div><!-- AddThis Advanced Settings generic via filter on the_content --><!-- AddThis Share Buttons generic via filter on the_content -->","protected":false},"excerpt":{"rendered":"<p>Jon Rueda Etxebarria Investigador Postdoctoral, Universidad del Pa\u00eds Vasco P\u00e1gina web:\u00a0https:\/\/jonrueda.com\/ Direcci\u00f3n de contacto:\u00a0ruetxe@gmail.com &nbsp; Jon Rueda es investigador postdoctoral en la Universidad del Pa\u00eds Vasco. Es doctor en Filosof\u00eda por la Universidad de Granada, donde realiz\u00f3 una tesis sobre los potenciales moralmente disruptivos de las tecnolog\u00edas emergentes de mejora gen\u00e9tica, gracias a un contrato [&hellip;]<!-- AddThis Advanced Settings generic via filter on get_the_excerpt --><!-- AddThis Share Buttons generic via filter on get_the_excerpt --><\/p>\n","protected":false},"author":1,"featured_media":0,"parent":953,"menu_order":0,"comment_status":"closed","ping_status":"closed","template":"","meta":[],"_links":{"self":[{"href":"https:\/\/wpd.ugr.es\/~filolab\/wordpress\/wp-json\/wp\/v2\/pages\/3520"}],"collection":[{"href":"https:\/\/wpd.ugr.es\/~filolab\/wordpress\/wp-json\/wp\/v2\/pages"}],"about":[{"href":"https:\/\/wpd.ugr.es\/~filolab\/wordpress\/wp-json\/wp\/v2\/types\/page"}],"author":[{"embeddable":true,"href":"https:\/\/wpd.ugr.es\/~filolab\/wordpress\/wp-json\/wp\/v2\/users\/1"}],"replies":[{"embeddable":true,"href":"https:\/\/wpd.ugr.es\/~filolab\/wordpress\/wp-json\/wp\/v2\/comments?post=3520"}],"version-history":[{"count":17,"href":"https:\/\/wpd.ugr.es\/~filolab\/wordpress\/wp-json\/wp\/v2\/pages\/3520\/revisions"}],"predecessor-version":[{"id":5689,"href":"https:\/\/wpd.ugr.es\/~filolab\/wordpress\/wp-json\/wp\/v2\/pages\/3520\/revisions\/5689"}],"up":[{"embeddable":true,"href":"https:\/\/wpd.ugr.es\/~filolab\/wordpress\/wp-json\/wp\/v2\/pages\/953"}],"wp:attachment":[{"href":"https:\/\/wpd.ugr.es\/~filolab\/wordpress\/wp-json\/wp\/v2\/media?parent=3520"}],"curies":[{"name":"wp","href":"https:\/\/api.w.org\/{rel}","templated":true}]}}