{"id":3664,"date":"2021-04-30T11:41:58","date_gmt":"2021-04-30T09:41:58","guid":{"rendered":"http:\/\/wpd.ugr.es\/~filolab\/wordpress\/?page_id=3664"},"modified":"2025-12-16T13:00:06","modified_gmt":"2025-12-16T12:00:06","slug":"proyectos-2","status":"publish","type":"page","link":"https:\/\/wpd.ugr.es\/~filolab\/wordpress\/proyectos\/proyectos-2\/","title":{"rendered":"Proyectos de Investigaci\u00f3n"},"content":{"rendered":"<div id=\"pl-3664\"  class=\"panel-layout\" ><div id=\"pg-3664-0\"  class=\"panel-grid panel-no-style\" ><div id=\"pgc-3664-0-0\"  class=\"panel-grid-cell\" ><div id=\"panel-3664-0-0-0\" class=\"so-panel widget widget_sow-editor panel-first-child panel-last-child\" data-index=\"0\" ><div class=\"so-widget-sow-editor so-widget-sow-editor-base\"><h3 class=\"widget-title\">PROYECTOS DIRIGIDOS POR MIEMBROS DE FILOLAB<\/h3>\n<div class=\"siteorigin-widget-tinymce textwidget\">\n\t<ol>\n<li><strong> PROYECTOS EN VIGOR (a enero de 2026)<\/strong><\/li>\n<\/ol>\n<p><strong>Neurodiversidad y locura: Hacia una filosof\u00eda de la mente no ideal (PID2024-155717NB-I00).<\/strong> MICIU. IP: V\u00edctor Castro Fern\u00e1ndez. 01\/09\/2025 \u2013 31\/08\/2028.<\/p>\n<p><strong>Philosophical Intuition and Non-Classical Conceptual Structure. Programa Leonardo.<\/strong> Fundaci\u00f3n BBVA. IP: Ivar Rodr\u00edguez Hannikainen. 01\/09\/2025 \u2013 31\/08\/2027.<\/p>\n<p><strong>Laboratorio sobre inferencias de estados mentales y moralidad (PID2024-155143NB-I00).<\/strong> MICIU. IP: Ivar Rodr\u00edguez Hannikainen. 01\/09\/2025 \u2013 31\/08\/2028.<\/p>\n<p><strong>Bio\u00e9tica y pr\u00e1cticas relacionadas con el final de la vida II. Observatorio Nacional sobre el final de la vida (PID2024-161389OB-I00).<\/strong> MICIU. IP: David Rodr\u00edguez-Arias. 01\/09\/2025 \u2013 31\/08\/2028.<\/p>\n<p><strong>Diagn\u00f3stico sobre Necesidades en la Aplicaci\u00f3n de Pol\u00edticas P\u00fablicas en Final de Vida en Espa\u00f1a (CX24-00028).<\/strong> Fundaci\u00f3n La Caixa. IP: David Rodr\u00edguez-Arias. 15\/09\/2025 \u2013 14\/09\/2027.<\/p>\n<p><strong>PREDI-LYNCH. Validated non-invasive liquid biopsy tests for cancer prediction in Lynch Syndrome (101213916).<\/strong> H2020 \u2013 Horizon Europe. IP: Alberto Molina P\u00e9rez. 01\/05\/2025 \u2013 30\/04\/2031.<\/p>\n<p><strong>LATE-AYA. Understanding and addressing late-effects of treatment of AYA cancer survivors (101214326).<\/strong> H2020 \u2013 Horizon Europe. IP: Alberto Molina P\u00e9rez. 01\/06\/2025 \u2013 31\/05\/2030.<\/p>\n<p><strong>EMERGIA (EMEC_2023_00442).<\/strong> Junta de Andaluc\u00eda. IP: An\u00edbal Astolabiza Monasterio. 01\/01\/2025 \u2013 31\/12\/2028.<\/p>\n<p><strong>Ram\u00f3n y Cajal (RYC2022-035285-I).<\/strong> MICIU. IP: Alexander Wiegmann. 01\/09\/2024 \u2013 31\/08\/2029.<\/p>\n<p><strong>Metaf\u00edsica de las categor\u00edas: Modalidad y factores cognitivos (PID2023-152118NB-I00).<\/strong> MICIU. IP: Mar\u00eda Jos\u00e9 Garc\u00eda Encinas. 01\/09\/2024 \u2013 31\/08\/2027.<\/p>\n<p><strong>El lugar de la deliberaci\u00f3n en la filosof\u00eda pol\u00edtica: propuestas pol\u00edticas y metanormativas (PID2023-147881NB-I00).<\/strong> MICIU. IPs: Lilian Bermejo Luque y Javier Rodr\u00edguez Alc\u00e1zar. 01\/09\/2024 \u2013 31\/08\/2028.<\/p>\n<p><strong>A PRivacy-prOTecting Environment for Child Transplants (101137423).<\/strong> H2020 \u2013 Horizon Europe. IP: David Rodr\u00edguez-Arias. 01\/07\/2024 \u2013 31\/12\/2028.<\/p>\n<p><strong>Legal Interpretation and Moral Reasoning (CNS2023.144543).<\/strong> MICIU. IP: Ivar Rodr\u00edguez Hannikainen. 01\/04\/2024 \u2013 31\/03\/2026.<\/p>\n<p><strong>Ram\u00f3n y Cajal (RYC2022-037867-I).<\/strong> MICIU. IP: Alberto Molina P\u00e9rez. 01\/01\/2024 \u2013 31\/12\/2028.<\/p>\n<p><strong>International Platform on Obstetric Violence (IPOV) (101130141).<\/strong> H2020 \u2013 Horizon Europe. IP: Ester Mass\u00f3 Guijarro. 01\/01\/2024 \u2013 31\/12\/2027.<\/p>\n<p><strong>Edici\u00f3n de obras completas de Ignacio Ellacur\u00eda (C-HUM-099-UGR23).<\/strong> UGR. IP: Ester Mass\u00f3 Guijarro. 01\/01\/2024 \u2013 31\/12\/2026.<\/p>\n<p><strong><a href=\"http:\/\/leibniz.es\/\">Obras filos\u00f3ficas y cient\u00edficas de G.W. Leibniz<\/a> (PID2022-141720OB-I00).<\/strong> MICIU. IP: Juan Antonio Nicol\u00e1s Mar\u00edn. 01\/09\/2023 \u2013 31\/08\/2027.<\/p>\n<p><strong><a href=\"https:\/\/wpd.ugr.es\/~flara\/autai\/\">Inteligencia artificial y autonom\u00eda humana<\/a> (PID2022.1379530B-I00).<\/strong> MICIU. IP: Francisco Lara. 01\/09\/2023 \u2013 31\/08\/2026.<\/p>\n<p><strong>Aesthetics, Science and Education for Sustainability (PID2022-142177NB-I00).<\/strong> MICIU. IP: Henrik Zinkernagel. 01\/09\/2023 \u2013 31\/08\/2026.<\/p>\n<p><strong>Debates filos\u00f3ficos de la l\u00f3gica del siglo XX (PID2022-142378NB-I00).<\/strong> MICIU. IP: Mar\u00eda Jos\u00e9 Fr\u00e1polli. 01\/09\/2023 \u2013 31\/08\/2026.<\/p>\n<p><strong><a href=\"https:\/\/biennproject.com\/\">Investigaci\u00f3n sobre conducta, \u00e9tica y normas para un nuevo contrato social (Proyecto BIENN)<\/a> (PID2021-128606NB-I00).<\/strong> MICIU. IP: Pedro Franc\u00e9s. 01\/09\/2022 \u2013 31\/08\/2025.<\/p>\n<p><strong>C\u00e1tedra Extraordinaria: Filosof\u00eda social de la discriminaci\u00f3n corporal.<\/strong> UGR. IP: Jos\u00e9 Luis Moreno Pesta\u00f1a. 01\/06\/2023 \u2013 31\/05\/2026.<\/p>\n<p><strong><a href=\"https:\/\/cordis.europa.eu\/project\/id\/896932\">TTV GUIDE TX<\/a> (896932).<\/strong> H2020 \u2013 Horizon Europe. IP: David Rodr\u00edguez-Arias. 01\/05\/2021 \u2013 30\/04\/2026.<\/p>\n<p>&nbsp;<\/p>\n<ol start=\"2\">\n<li><strong> PROYECTOS FINALIZADOS EN LOS \u00daLTIMOS CINCO A\u00d1OS<\/strong><\/li>\n<\/ol>\n<p><strong>Proyecto ARIADNA: Evaluaci\u00f3n de los factores que condicionan los procesos de duelo antes y despu\u00e9s de la eutanasia (PPJIB2024-55).<\/strong> UGR. IP: Luis Esparza. 01\/01\/2025 \u2013 31\/12\/2025.<\/p>\n<p><strong>Bio\u00e9tica y pr\u00e1cticas relacionadas con el final de la vida (PID2020-118729RB-I00).<\/strong> MICIU. IP: David Rodr\u00edguez-Arias. 01\/09\/2021 \u2013 31\/08\/2025.<\/p>\n<p><strong>Las Ra\u00edces Sociales de la Salud Mental: agencia y normatividad (PID2021-126826NA-I00).<\/strong> MICIU. IP: V\u00edctor Castro Fern\u00e1ndez. 01\/09\/2022 \u2013 31\/08\/2025.<\/p>\n<p><strong>ECOCONTENT. Toward an Ecological Approach to the Natural Origins of Content (CNS2022-136195).<\/strong> MICIU. IP: Manuel Heras Escribano. 01\/07\/2023 \u2013 31\/06\/2025.<\/p>\n<p><strong>Moral Science and Institutional Design Lab (PID2020-119791RA-I00).<\/strong> MICIU. IP: Ivar Rodr\u00edguez Hannikainen. 01\/09\/2021 \u2013 31\/08\/2024.<\/p>\n<p><strong>Ofensividad, planeamiento inverso y la disonancia concreto\/abstracto (\u2014).<\/strong> Fundaci\u00f3n BBVA. IP: Neftal\u00ed Villanueva. 30\/06\/2022 \u2013 31\/03\/2024.<\/p>\n<p><strong>On the Origin and Epistemology of Categories: Identity, Causality, Object (PID2019-108870GB-I00).<\/strong> MICIU. IP: Mar\u00eda Jos\u00e9 Garc\u00eda Encinas. 01\/06\/2020 \u2013 29\/02\/2024.<\/p>\n<p><strong>Desacuerdo en actitudes: Normatividad, desacuerdo y polarizaci\u00f3n afectiva (PID2019-109764RB-100).<\/strong> MICIU. IPs: Manuel de Pinedo y Neftal\u00ed Villanueva. 01\/06\/2020 \u2013 29\/01\/2024.<\/p>\n<p><strong>Edici\u00f3n de obras completas de Ignacio Ellacur\u00eda (fase previa).<\/strong> FIBICC. IP: Juan Antonio Nicol\u00e1s Mar\u00edn. 01\/01\/2020 \u2013 31\/12\/2023.<\/p>\n<p><strong>An\u00e1lisis epistemol\u00f3gico y bio\u00e9tico de los criterios de determinaci\u00f3n de la muerte (PID2020-119717GA-I00).<\/strong> MICIU. IP: Alberto Molina P\u00e9rez. 01\/09\/2021 \u2013 31\/12\/2023.<\/p>\n<p><strong>Posverdad a debate: reconstrucci\u00f3n social tras la pandemia (PY20-00703).<\/strong> Junta de Andaluc\u00eda. IP: Juan Antonio Nicol\u00e1s Mar\u00edn. 01\/01\/2021 \u2013 30\/06\/2023.<\/p>\n<p><strong>\u00c9tica digital: la mejora moral desde su uso interactivo de la IA (PID2019.104943RB-I00).<\/strong> MICIU. IP: Francisco Lara. 01\/06\/2020 \u2013 01\/06\/2023.<\/p>\n<p><strong>Las Ra\u00edces Sociales de los Trastornos Psiqui\u00e1tricos (IJC2019-041937-I).<\/strong> Fundaci\u00f3n BBVA. IP: V\u00edctor Castro Fern\u00e1ndez. 30\/06\/2021 \u2013 30\/04\/2023.<\/p>\n<p><strong>Expresivismo, conocimiento e identificaci\u00f3n (A-HUM-232-UGR2).<\/strong> FEDER2020. IP: Mar\u00eda Jos\u00e9 Fr\u00e1polli. 01\/07\/2021 \u2013 30\/06\/2023.<\/p>\n<p><strong>Mejora moral e inteligencia artificial (B-HUM-64-UGR20).<\/strong> Junta de Andaluc\u00eda. IP: Francisco Lara. 01\/07\/2021 \u2013 30\/06\/2023.<\/p>\n<p><strong>Leibniz: Obras filos\u00f3ficas y cient\u00edficas (PGC2018-094692-B-100).<\/strong> MICIU. IPs: Juan Antonio Nicol\u00e1s Mar\u00edn y Manuel S\u00e1nchez Rodr\u00edguez. 01\/01\/2019 \u2013 31\/12\/2022.<\/p>\n<p><strong>Desacuerdos p\u00fablicos, polarizaci\u00f3n afectiva e inmigraci\u00f3n en Andaluc\u00eda (B-HUM-459-UGR18).<\/strong> Junta de Andaluc\u00eda. IPs: Manuel de Pinedo y Neftal\u00ed Villanueva. 01\/01\/<em>2020<\/em> \u2013 30\/06\/2022.<\/p>\n<p><strong>La identificaci\u00f3n inferencial de las proposiciones (P18-FR-2907).<\/strong> Junta de Andaluc\u00eda. IP: Mar\u00eda Jos\u00e9 Fr\u00e1polli. 01\/01\/2020 \u2013 31\/03\/2023.<\/p>\n<p><strong>Argumentaci\u00f3n y met\u00e1fora novedosa (PGC2018-098236-B-100).<\/strong> MICIU. IP: Esther Romero. 01\/01\/2019 \u2013 31\/12\/2021.<\/p>\n<p><strong>INEDyTO (FFI2017-S88913-P).<\/strong> MICIU. IP: David Rodr\u00edguez-Arias. 01\/01\/2018 \u2013 01\/01\/2021.<\/p>\n<p><strong>Business Ethics: Normativity and Economic Behaviour III (FFI2017-87953R).<\/strong> MICIU. IP: Pedro Franc\u00e9s. 01\/01\/2018 \u2013 31\/12\/2020.<\/p>\n<p><strong>Pluralismo y muerte (BEC-2019-039).<\/strong> Fundaci\u00f3 V\u00edctor Gr\u00edfols i Lucas. IPs: Alberto Molina P\u00e9rez y Gonzalo D\u00edaz Corbacho. 01\/11\/2019 \u2013 31\/10\/2020.<\/p>\n<p><strong>Stakeholder-informed ethics for new Technologies (SIENNA) (ID: 741716).<\/strong> H2020 \u2013 Horizon Europe. IP: Francisco Lara. 01\/10\/2017 \u2013 31\/03\/2021.<\/p>\n<p><strong>Unidad Cient\u00edfica de Excelencia FiloLab-UGR (UCE.PPP2017.04).<\/strong> UGR. IP: Lilian Bermejo-Luque. 01\/09\/2017 \u2013 31\/10\/2023.<\/p>\n<p><strong>Expresivismos contempor\u00e1neos y la indispensabilidad del vocabulario normativo (FFI2016-80088-P).<\/strong> MICIU. IPs: Manuel de Pinedo y Neftal\u00ed Villanueva. 01\/01\/2017 \u2013 30\/09\/2020.<\/p>\n<p><strong>Limits of quantum physics (FFI2016-77266-P).<\/strong> MICIU. IP: Henrik Zinkernagel. 30\/12\/2016 \u2013 31\/10\/2020.<\/p>\n<\/div>\n<\/div><\/div><\/div><\/div><\/div><!-- AddThis Advanced Settings generic via filter on the_content --><!-- AddThis Share Buttons generic via filter on the_content -->","protected":false},"excerpt":{"rendered":"<p>PROYECTOS EN VIGOR (a enero de 2026) Neurodiversidad y locura: Hacia una filosof\u00eda de la mente no ideal (PID2024-155717NB-I00). MICIU. IP: V\u00edctor Castro Fern\u00e1ndez. 01\/09\/2025 \u2013 31\/08\/2028. Philosophical Intuition and Non-Classical Conceptual Structure. Programa Leonardo. Fundaci\u00f3n BBVA. IP: Ivar Rodr\u00edguez Hannikainen. 01\/09\/2025 \u2013 31\/08\/2027. Laboratorio sobre inferencias de estados mentales y moralidad (PID2024-155143NB-I00). MICIU. IP: [&hellip;]<!-- AddThis Advanced Settings generic via filter on get_the_excerpt --><!-- AddThis Share Buttons generic via filter on get_the_excerpt --><\/p>\n","protected":false},"author":1,"featured_media":0,"parent":758,"menu_order":0,"comment_status":"closed","ping_status":"closed","template":"","meta":[],"_links":{"self":[{"href":"https:\/\/wpd.ugr.es\/~filolab\/wordpress\/wp-json\/wp\/v2\/pages\/3664"}],"collection":[{"href":"https:\/\/wpd.ugr.es\/~filolab\/wordpress\/wp-json\/wp\/v2\/pages"}],"about":[{"href":"https:\/\/wpd.ugr.es\/~filolab\/wordpress\/wp-json\/wp\/v2\/types\/page"}],"author":[{"embeddable":true,"href":"https:\/\/wpd.ugr.es\/~filolab\/wordpress\/wp-json\/wp\/v2\/users\/1"}],"replies":[{"embeddable":true,"href":"https:\/\/wpd.ugr.es\/~filolab\/wordpress\/wp-json\/wp\/v2\/comments?post=3664"}],"version-history":[{"count":24,"href":"https:\/\/wpd.ugr.es\/~filolab\/wordpress\/wp-json\/wp\/v2\/pages\/3664\/revisions"}],"predecessor-version":[{"id":7642,"href":"https:\/\/wpd.ugr.es\/~filolab\/wordpress\/wp-json\/wp\/v2\/pages\/3664\/revisions\/7642"}],"up":[{"embeddable":true,"href":"https:\/\/wpd.ugr.es\/~filolab\/wordpress\/wp-json\/wp\/v2\/pages\/758"}],"wp:attachment":[{"href":"https:\/\/wpd.ugr.es\/~filolab\/wordpress\/wp-json\/wp\/v2\/media?parent=3664"}],"curies":[{"name":"wp","href":"https:\/\/api.w.org\/{rel}","templated":true}]}}