{"id":4057,"date":"2021-09-22T11:20:53","date_gmt":"2021-09-22T09:20:53","guid":{"rendered":"http:\/\/wpd.ugr.es\/~filolab\/wordpress\/?page_id=4057"},"modified":"2024-11-20T12:02:27","modified_gmt":"2024-11-20T11:02:27","slug":"maria-victoria-martinez-lopez","status":"publish","type":"page","link":"https:\/\/wpd.ugr.es\/~filolab\/wordpress\/quienes-somos-nueva\/investigadores-colaboradores-de-centros-nacionales-e-internacionales\/maria-victoria-martinez-lopez\/","title":{"rendered":"Mar\u00eda Victoria Mart\u00ednez L\u00f3pez"},"content":{"rendered":"<div id=\"pl-4057\"  class=\"panel-layout\" ><div id=\"pg-4057-0\"  class=\"panel-grid panel-no-style\" ><div id=\"pgc-4057-0-0\"  class=\"panel-grid-cell\" ><div id=\"panel-4057-0-0-0\" class=\"so-panel widget widget_sow-image panel-first-child panel-last-child\" data-index=\"0\" ><div class=\"so-widget-sow-image so-widget-sow-image-default-d6014b76747a\">\n\n<div class=\"sow-image-container\">\n\t<img src=\"https:\/\/wpd.ugr.es\/~filolab\/wordpress\/wp-content\/uploads\/2021\/09\/MV.jpg\" width=\"539\" height=\"807\" srcset=\"https:\/\/wpd.ugr.es\/~filolab\/wordpress\/wp-content\/uploads\/2021\/09\/MV.jpg 539w, https:\/\/wpd.ugr.es\/~filolab\/wordpress\/wp-content\/uploads\/2021\/09\/MV-200x300.jpg 200w\" sizes=\"(max-width: 539px) 100vw, 539px\" title=\"Mar\u00eda Victoria Mart\u00ednez L\u00f3pez\" alt=\"\" \t\tclass=\"so-widget-image\"\/>\n<\/div>\n\n<\/div><\/div><\/div><div id=\"pgc-4057-0-1\"  class=\"panel-grid-cell\" ><div id=\"panel-4057-0-1-0\" class=\"so-panel widget widget_sow-editor panel-first-child panel-last-child\" data-index=\"1\" ><div class=\"so-widget-sow-editor so-widget-sow-editor-base\">\n<div class=\"siteorigin-widget-tinymce textwidget\">\n\t<p>Mar\u00eda Victoria Mart\u00ednez L\u00f3pez<\/p>\n<p>Doctora en Filosof\u00eda<\/p>\n<p>FiloLab - Universidad de Granada<\/p>\n<p>P\u00e1gina Web: <a href=\"https:\/\/www.inedyto.com\/\">www.inedyto.com<\/a><\/p>\n<p>Contacto: mvmartinez@ugr.es<\/p>\n<p>&nbsp;<\/p>\n<\/div>\n<\/div><\/div><\/div><\/div><div id=\"pg-4057-1\"  class=\"panel-grid panel-no-style\" ><div id=\"pgc-4057-1-0\"  class=\"panel-grid-cell\" ><div id=\"panel-4057-1-0-0\" class=\"so-panel widget widget_sow-editor panel-first-child\" data-index=\"2\" ><div class=\"so-widget-sow-editor so-widget-sow-editor-base\">\n<div class=\"siteorigin-widget-tinymce textwidget\">\n\t<p>Graduada en enfermer\u00eda (UJA 2014), Graduada en Filosof\u00eda (UGR 2021) y doctora en Filosof\u00eda con menci\u00f3n internacional (UGR 2024) con un contrato FPI por el Ministerio de Ciencia e Innovaci\u00f3n (Espa\u00f1a). M\u00e1ster en Gerontolog\u00eda Social: longevidad, salud y calidad de vida (2015), Diploma de Especializaci\u00f3n en Bio\u00e9tica (EASP), Diploma de Especializaci\u00f3n en G\u00e9nero y Salud (EASP), y Diploma de Especializaci\u00f3n en Gesti\u00f3n de cuidados (EASP). Ha trabajado en el \u00e1mbito asistencial como enfermera en el Servicio Andaluz de Salud (atenci\u00f3n primaria y hospitalaria) y en residencias de mayores. Participa en grupos de investigaci\u00f3n nacionales e internacionales relacionados con: trasplante de \u00f3rganos, final de vida, salud p\u00fablica, inteligencia artificial, cuidados y discapacidad. Sus principales l\u00edneas de trabajo tienen que ver con la \u00e9tica aplicada a la salud, g\u00e9nero, cuidados de final de vida, duelo e investigaci\u00f3n cualitativa. Actualmente, se encuentra compaginando la actividad cl\u00ednica asistencial con labores de investigaci\u00f3n en colaboraci\u00f3n con la Fundaci\u00f3n Canaria Instituto de Investigaci\u00f3n Sanitaria de Canarias (FIISC).<\/p>\n<\/div>\n<\/div><\/div><div id=\"panel-4057-1-0-1\" class=\"so-panel widget widget_sow-headline\" data-index=\"3\" ><div class=\"so-widget-sow-headline so-widget-sow-headline-default-66949b92e845\"><div class=\"sow-headline-container \">\n\t<h1 class='sow-headline'>L\u00edneas de investigaci\u00f3n<\/h1>\t\t\t\t\t<div class=\"decoration\">\n\t\t\t\t\t\t<div class=\"decoration-inside\"><\/div>\n\t\t\t\t\t<\/div>\n\t\t\t\t\t<\/div><\/div><\/div><div id=\"panel-4057-1-0-2\" class=\"so-panel widget widget_sow-editor\" data-index=\"4\" ><div class=\"so-widget-sow-editor so-widget-sow-editor-base\">\n<div class=\"siteorigin-widget-tinymce textwidget\">\n\t<ul>\n<li>Generales: Bio\u00e9tica, \u00c9tica aplicada a la salud, \u00c9tica cl\u00ednica, \u00c9tica de la investigaci\u00f3n, G\u00e9nero y salud.<\/li>\n<li>Espec\u00edficas: Donaci\u00f3n y Trasplante de \u00f3rganos, Final de vida, Duelo.<\/li>\n<\/ul>\n<\/div>\n<\/div><\/div><div id=\"panel-4057-1-0-3\" class=\"so-panel widget widget_sow-headline\" data-index=\"5\" ><div class=\"so-widget-sow-headline so-widget-sow-headline-default-66949b92e845\"><div class=\"sow-headline-container \">\n\t<h1 class='sow-headline'>Publicaciones destacadas<\/h1>\t\t\t\t\t<div class=\"decoration\">\n\t\t\t\t\t\t<div class=\"decoration-inside\"><\/div>\n\t\t\t\t\t<\/div>\n\t\t\t\t\t<\/div><\/div><\/div><div id=\"panel-4057-1-0-4\" class=\"so-panel widget widget_sow-editor\" data-index=\"6\" ><div class=\"so-widget-sow-editor so-widget-sow-editor-base\">\n<div class=\"siteorigin-widget-tinymce textwidget\">\n\t<p>Trivi\u00f1o, Rosana y Mart\u00ednez-L\u00f3pez, Mar\u00eda Victoria (2024). Contraceptive digital pills and sexual and reproductive healthcare of women with mental disabilities: Problem or solution?. <em>Bioethics<\/em>. <a href=\"https:\/\/doi.org\/10.1111\/bioe.13372\">https:\/\/doi.org\/10.1111\/bioe.13372<\/a><\/p>\n<\/div>\n<\/div><\/div><div id=\"panel-4057-1-0-5\" class=\"so-panel widget widget_sow-headline\" data-index=\"7\" ><div class=\"so-widget-sow-headline so-widget-sow-headline-default-66949b92e845\"><div class=\"sow-headline-container \">\n\t<h1 class='sow-headline'>Proyectos<\/h1>\t\t\t\t\t<div class=\"decoration\">\n\t\t\t\t\t\t<div class=\"decoration-inside\"><\/div>\n\t\t\t\t\t<\/div>\n\t\t\t\t\t<\/div><\/div><\/div><div id=\"panel-4057-1-0-6\" class=\"so-panel widget widget_sow-editor panel-last-child\" data-index=\"8\" ><div class=\"so-widget-sow-editor so-widget-sow-editor-base\">\n<div class=\"siteorigin-widget-tinymce textwidget\">\n\t<p>\u201c<span style=\"font-size: small;\"><span lang=\"en-US\">Epistemological and bioethical analysis of the criteria for determining death.\u201d (ABCDm) [MICINN: PID2020-119717GA-I00] IP: Alberto Molina<\/span><\/span><\/p>\n<p><span style=\"font-size: small;\"><span lang=\"en-US\">\"Research in Ethics of Organ Donation and Transplantation\" (INEDyTO) [MINECO FFI201 88913-P]. IP: David Rodr\u00edguez-Arias<\/span><\/span><\/p>\n<p><span style=\"font-size: small;\"><span lang=\"en-US\">\"Bioethics and end-of-life practices\" (INEDyTO II) [MINECO PID2020-118729RB]. IP: David Rodr\u00edguez-Arias<\/span><\/span><\/p>\n<\/div>\n<\/div><\/div><\/div><\/div><\/div><!-- AddThis Advanced Settings generic via filter on the_content --><!-- AddThis Share Buttons generic via filter on the_content -->","protected":false},"excerpt":{"rendered":"<p>Mar\u00eda Victoria Mart\u00ednez L\u00f3pez Doctora en Filosof\u00eda FiloLab &#8211; Universidad de Granada P\u00e1gina Web: www.inedyto.com Contacto: mvmartinez@ugr.es &nbsp; Graduada en enfermer\u00eda (UJA 2014), Graduada en Filosof\u00eda (UGR 2021) y doctora en Filosof\u00eda con menci\u00f3n internacional (UGR 2024) con un contrato FPI por el Ministerio de Ciencia e Innovaci\u00f3n (Espa\u00f1a). M\u00e1ster en Gerontolog\u00eda Social: longevidad, salud [&hellip;]<!-- AddThis Advanced Settings generic via filter on get_the_excerpt --><!-- AddThis Share Buttons generic via filter on get_the_excerpt --><\/p>\n","protected":false},"author":1,"featured_media":0,"parent":953,"menu_order":0,"comment_status":"closed","ping_status":"closed","template":"","meta":[],"_links":{"self":[{"href":"https:\/\/wpd.ugr.es\/~filolab\/wordpress\/wp-json\/wp\/v2\/pages\/4057"}],"collection":[{"href":"https:\/\/wpd.ugr.es\/~filolab\/wordpress\/wp-json\/wp\/v2\/pages"}],"about":[{"href":"https:\/\/wpd.ugr.es\/~filolab\/wordpress\/wp-json\/wp\/v2\/types\/page"}],"author":[{"embeddable":true,"href":"https:\/\/wpd.ugr.es\/~filolab\/wordpress\/wp-json\/wp\/v2\/users\/1"}],"replies":[{"embeddable":true,"href":"https:\/\/wpd.ugr.es\/~filolab\/wordpress\/wp-json\/wp\/v2\/comments?post=4057"}],"version-history":[{"count":9,"href":"https:\/\/wpd.ugr.es\/~filolab\/wordpress\/wp-json\/wp\/v2\/pages\/4057\/revisions"}],"predecessor-version":[{"id":6053,"href":"https:\/\/wpd.ugr.es\/~filolab\/wordpress\/wp-json\/wp\/v2\/pages\/4057\/revisions\/6053"}],"up":[{"embeddable":true,"href":"https:\/\/wpd.ugr.es\/~filolab\/wordpress\/wp-json\/wp\/v2\/pages\/953"}],"wp:attachment":[{"href":"https:\/\/wpd.ugr.es\/~filolab\/wordpress\/wp-json\/wp\/v2\/media?parent=4057"}],"curies":[{"name":"wp","href":"https:\/\/api.w.org\/{rel}","templated":true}]}}