{"id":4708,"date":"2022-05-10T10:49:47","date_gmt":"2022-05-10T08:49:47","guid":{"rendered":"https:\/\/wpd.ugr.es\/~filolab\/wordpress\/?page_id=4708"},"modified":"2022-05-10T11:04:24","modified_gmt":"2022-05-10T09:04:24","slug":"rosana-trivino","status":"publish","type":"page","link":"https:\/\/wpd.ugr.es\/~filolab\/wordpress\/quienes-somos-nueva\/investigadores-colaboradores-de-centros-nacionales-e-internacionales\/rosana-trivino\/","title":{"rendered":"Rosana Trivi\u00f1o Caballero"},"content":{"rendered":"<div id=\"pl-4708\"  class=\"panel-layout\" ><div id=\"pg-4708-0\"  class=\"panel-grid panel-no-style\" ><div id=\"pgc-4708-0-0\"  class=\"panel-grid-cell\" ><div id=\"panel-4708-0-0-0\" class=\"so-panel widget widget_sow-image panel-first-child panel-last-child\" data-index=\"0\" ><div class=\"so-widget-sow-image so-widget-sow-image-default-d6014b76747a\">\n\n<div class=\"sow-image-container\">\n\t<img src=\"https:\/\/wpd.ugr.es\/~filolab\/wordpress\/wp-content\/uploads\/2022\/05\/Rosana-Trivino.jpg\" width=\"1472\" height=\"1104\" srcset=\"https:\/\/wpd.ugr.es\/~filolab\/wordpress\/wp-content\/uploads\/2022\/05\/Rosana-Trivino.jpg 1472w, https:\/\/wpd.ugr.es\/~filolab\/wordpress\/wp-content\/uploads\/2022\/05\/Rosana-Trivino-300x225.jpg 300w, https:\/\/wpd.ugr.es\/~filolab\/wordpress\/wp-content\/uploads\/2022\/05\/Rosana-Trivino-1024x768.jpg 1024w, https:\/\/wpd.ugr.es\/~filolab\/wordpress\/wp-content\/uploads\/2022\/05\/Rosana-Trivino-768x576.jpg 768w\" sizes=\"(max-width: 1472px) 100vw, 1472px\" title=\" Ram\u00f3n Ortega Lozano\" alt=\"\" \t\tclass=\"so-widget-image\"\/>\n<\/div>\n\n<\/div><\/div><\/div><div id=\"pgc-4708-0-1\"  class=\"panel-grid-cell\" ><div id=\"panel-4708-0-1-0\" class=\"so-panel widget widget_sow-editor panel-first-child panel-last-child\" data-index=\"1\" ><div class=\"so-widget-sow-editor so-widget-sow-editor-base\">\n<div class=\"siteorigin-widget-tinymce textwidget\">\n\t<p>Rosana Trivi\u00f1o Caballero<\/p>\n<p>Investigadora Colaboradora de FiloLab<\/p>\n<p>Profesora (Ayudante Doctora) en la Facultad de Medicina de la Universidad Complutense de Madrid<\/p>\n<p>P\u00e1gina Web:<\/p>\n<p>Contacto: <u><\/u>rosanatr@ucm.es<\/p>\n<p>&nbsp;<\/p>\n<\/div>\n<\/div><\/div><\/div><\/div><div id=\"pg-4708-1\"  class=\"panel-grid panel-no-style\" ><div id=\"pgc-4708-1-0\"  class=\"panel-grid-cell\" ><div id=\"panel-4708-1-0-0\" class=\"so-panel widget widget_sow-editor panel-first-child\" data-index=\"2\" ><div class=\"so-widget-sow-editor so-widget-sow-editor-base\">\n<div class=\"siteorigin-widget-tinymce textwidget\">\n\t<p align=\"justify\">Rosana Trivi\u00f1o Caballero es profesora en la Facultad de Medicina de la UCM. Anteriormente, fue fisioterapeuta de Atenci\u00f3n Primaria durante 10 a\u00f1os (1998-2008). Con la experiencia cl\u00ednica como punto de partida, se licenci\u00f3 en Humanidades (UC3M, 2007) y se especializ\u00f3 en \u00c9tica (UNED, 2008). Fue investigadora predoctoral en el Instituto de Filosof\u00eda del CSIC (2009-2013) hasta la obtenci\u00f3n de su doctorado en Filosof\u00eda (USAL, 2014) con una tesis sobre la objeci\u00f3n de conciencia sanitaria. En 2009, realiz\u00f3 el<em> Diploma en Estudios Pol\u00edticos y Constitucionales<\/em> en el CEPC, donde obtuvo el premio al mejor trabajo de investigaci\u00f3n, relacionado con la asistencia sanitaria, la autonom\u00eda y los testigos de Jehov\u00e1. Ha sido investigadora visitante en el <em>Uehiro Centre for Practical Ethics<\/em> (Oxford), <em>Case Western Reserve University<\/em> (Cleveland), <em>Hastings Center<\/em> (Nueva York) y la Universidad de Princeton.<\/p>\n<\/div>\n<\/div><\/div><div id=\"panel-4708-1-0-1\" class=\"so-panel widget widget_sow-headline\" data-index=\"3\" ><div class=\"so-widget-sow-headline so-widget-sow-headline-default-66949b92e845\"><div class=\"sow-headline-container \">\n\t<h1 class='sow-headline'>L\u00edneas de investigaci\u00f3n<\/h1>\t\t\t\t\t<div class=\"decoration\">\n\t\t\t\t\t\t<div class=\"decoration-inside\"><\/div>\n\t\t\t\t\t<\/div>\n\t\t\t\t\t<\/div><\/div><\/div><div id=\"panel-4708-1-0-2\" class=\"so-panel widget widget_sow-editor\" data-index=\"4\" ><div class=\"so-widget-sow-editor so-widget-sow-editor-base\">\n<div class=\"siteorigin-widget-tinymce textwidget\">\n\t<p>Sus l\u00edneas de investigaci\u00f3n est\u00e1n vinculadas a los derechos sexuales y reproductivos, los problemas \u00e9ticos que plantea el final de la vida, los conflictos de conciencia en el \u00e1mbito sanitario (fundamentalmente en relaci\u00f3n con el aborto y la eutanasia) y el acceso a la asistencia sanitaria de la poblaci\u00f3n migrante.<\/p>\n<\/div>\n<\/div><\/div><div id=\"panel-4708-1-0-3\" class=\"so-panel widget widget_sow-headline\" data-index=\"5\" ><div class=\"so-widget-sow-headline so-widget-sow-headline-default-66949b92e845\"><div class=\"sow-headline-container \">\n\t<h1 class='sow-headline'>Publicaciones destacadas<\/h1>\t\t\t\t\t<div class=\"decoration\">\n\t\t\t\t\t\t<div class=\"decoration-inside\"><\/div>\n\t\t\t\t\t<\/div>\n\t\t\t\t\t<\/div><\/div><\/div><div id=\"panel-4708-1-0-4\" class=\"so-panel widget widget_sow-editor\" data-index=\"6\" ><div class=\"so-widget-sow-editor so-widget-sow-editor-base\">\n<div class=\"siteorigin-widget-tinymce textwidget\">\n\t<p>1. Rosana Trivi\u00f1o Caballero. El peso de la conciencia: la objeci\u00f3n en el ejercicio de las profesiones sanitarias. 2014. Madrid: CSIC-Plaza y Vald\u00e9s.<\/p>\n<p>2. Rosana Trivi\u00f1o y David Rodr\u00edguez-Arias (eds.). 2016. Cuestiones de vida y muerte. Perspectivas \u00e9ticas y jur\u00eddicas en torno al nacer y el morir. Madrid: Plaza y Vald\u00e9s.<\/p>\n<p>3. Rosana Trivi\u00f1o y Txetxu Aus\u00edn (eds.). 2018. Hacer o no hacer. La responsabilidad por acciones y omisiones. 2018. Madrid: Plaza y Vald\u00e9s.<\/p>\n<p>4. (Con David Rodr\u00edguez-Arias y Txetxu Aus\u00edn). 2016. Exclusion from Healthcare in Spain: The Responsibility for Omission of Due Care. En Helmut P. Gaisbauer, Gottfried Schweiger &amp; Clemens Sedmak (Eds.): Ethical Issues in Poverty Alleviation, Springer: 181-197.<\/p>\n<p>5. Rosana Trivi\u00f1o Caballero. 2013. Religious Minorities and Justice in Healthcare: The Current Situation in Spain. Cambridge Quarterly Healthcare Ethics 22: 227-238.<\/p>\n<p>6. Rosana Trivi\u00f1o Caballero. Young Bodies, Small Minds? Applying The Capabilities Approach to Girls\u2019 Sexual and Reproductive Rights. 2016. Ethical Perspectives 23(1): 131-163.<\/p>\n<p>7. Ester Mass\u00f3 y Rosana Trivi\u00f1o. (orden alfab\u00e9tico. Contribuci\u00f3n al 50%). 2020. Parto y aborto en tiempos de coronavirus: el impacto de la pandemia en los derechos sexuales y reproductivos. Enrahonar 65: 117-130.<\/p>\n<p>8. Joaqu\u00edn Hortal, Bel\u00e9n Liedo, Jon Rueda y Rosana Trivi\u00f1o (orden alfab\u00e9tico a partir del primer autor). 2021. The frailty of disability: A controversial triage criterion. American Journal of Bioethics 21(11), 82-84. https:\/\/doi.org\/10.1080\/15265161.2021.1980140<\/p>\n<p>9. Andrea Greppi y Rosana Trivi\u00f1o (orden alfab\u00e9tico. Contribuci\u00f3n al 50%). Injusticia epist\u00e9mica e ignorancia institucional. El caso de Martine Samba. Las Torres de Lucca: revista de filosof\u00eda pol\u00edtica 10 (19): 15-28. 2021. https:\/\/dx.doi.org\/10.5209\/ltdl.76460<\/p>\n<p>10. Rosana Trivi\u00f1o Caballero. Caring for delivery. Healthcare professionals\u2019 ethical conflicts on surrogate pregnancy. Hypatia. A Journal of Feminist Philosophy. Evaluado y aceptado. Publicaci\u00f3n prevista para enero 2023.<\/p>\n<p>&nbsp;<\/p>\n<\/div>\n<\/div><\/div><div id=\"panel-4708-1-0-5\" class=\"so-panel widget widget_sow-headline\" data-index=\"7\" ><div class=\"so-widget-sow-headline so-widget-sow-headline-default-66949b92e845\"><div class=\"sow-headline-container \">\n\t<h1 class='sow-headline'>Proyectos<\/h1>\t\t\t\t\t<div class=\"decoration\">\n\t\t\t\t\t\t<div class=\"decoration-inside\"><\/div>\n\t\t\t\t\t<\/div>\n\t\t\t\t\t<\/div><\/div><\/div><div id=\"panel-4708-1-0-6\" class=\"so-panel widget widget_sow-editor panel-last-child\" data-index=\"8\" ><div class=\"so-widget-sow-editor so-widget-sow-editor-base\">\n<div class=\"siteorigin-widget-tinymce textwidget\">\n\t<p>- INEDYTO II: Bio\u00e9tica y pr\u00e1cticas relacionadas con el final de la vida<br \/>\nReferencia: PID2020-118729RB-I00<br \/>\nEntidad financiadora: MICINN<br \/>\nIP: David Rodr\u00edguez-Arias<br \/>\nInicio: 1\/9\/2021<br \/>\nFin: 30\/8\/2024<\/p>\n<p>- Educaci\u00f3n en Bio\u00e9tica y Deliberaci\u00f3n democr\u00e1tica<br \/>\nReferencia: PID2020-115522RB-I00<br \/>\nEntidad financiadora: MICINN<br \/>\nIP: Lydia Feito<br \/>\nInicio: 1\/9\/2021<br \/>\nFin: 30\/8\/2024<\/p>\n<p>- Medicamentos digitales y bioderecho: oportunidades y limitaciones del desarrollo de medicamentos con sensor integrado en conexi\u00f3n con un sistema de recogida y transmisi\u00f3n de datos de los pacientes<br \/>\nReferencia: LE043P20<br \/>\nEntidad financiadora: Junta de Castilla y Le\u00f3n<br \/>\nIP: Salvador Tarodo<br \/>\nInicio: 16\/9\/2020<br \/>\nFin:15\/8\/2023<\/p>\n<\/div>\n<\/div><\/div><\/div><\/div><\/div><!-- AddThis Advanced Settings generic via filter on the_content --><!-- AddThis Share Buttons generic via filter on the_content -->","protected":false},"excerpt":{"rendered":"<p>Rosana Trivi\u00f1o Caballero Investigadora Colaboradora de FiloLab Profesora (Ayudante Doctora) en la Facultad de Medicina de la Universidad Complutense de Madrid P\u00e1gina Web: Contacto: rosanatr@ucm.es &nbsp; Rosana Trivi\u00f1o Caballero es profesora en la Facultad de Medicina de la UCM. Anteriormente, fue fisioterapeuta de Atenci\u00f3n Primaria durante 10 a\u00f1os (1998-2008). Con la experiencia cl\u00ednica como punto [&hellip;]<!-- AddThis Advanced Settings generic via filter on get_the_excerpt --><!-- AddThis Share Buttons generic via filter on get_the_excerpt --><\/p>\n","protected":false},"author":1,"featured_media":0,"parent":953,"menu_order":0,"comment_status":"closed","ping_status":"closed","template":"","meta":[],"_links":{"self":[{"href":"https:\/\/wpd.ugr.es\/~filolab\/wordpress\/wp-json\/wp\/v2\/pages\/4708"}],"collection":[{"href":"https:\/\/wpd.ugr.es\/~filolab\/wordpress\/wp-json\/wp\/v2\/pages"}],"about":[{"href":"https:\/\/wpd.ugr.es\/~filolab\/wordpress\/wp-json\/wp\/v2\/types\/page"}],"author":[{"embeddable":true,"href":"https:\/\/wpd.ugr.es\/~filolab\/wordpress\/wp-json\/wp\/v2\/users\/1"}],"replies":[{"embeddable":true,"href":"https:\/\/wpd.ugr.es\/~filolab\/wordpress\/wp-json\/wp\/v2\/comments?post=4708"}],"version-history":[{"count":11,"href":"https:\/\/wpd.ugr.es\/~filolab\/wordpress\/wp-json\/wp\/v2\/pages\/4708\/revisions"}],"predecessor-version":[{"id":4722,"href":"https:\/\/wpd.ugr.es\/~filolab\/wordpress\/wp-json\/wp\/v2\/pages\/4708\/revisions\/4722"}],"up":[{"embeddable":true,"href":"https:\/\/wpd.ugr.es\/~filolab\/wordpress\/wp-json\/wp\/v2\/pages\/953"}],"wp:attachment":[{"href":"https:\/\/wpd.ugr.es\/~filolab\/wordpress\/wp-json\/wp\/v2\/media?parent=4708"}],"curies":[{"name":"wp","href":"https:\/\/api.w.org\/{rel}","templated":true}]}}