{"id":5952,"date":"2024-10-29T10:11:04","date_gmt":"2024-10-29T09:11:04","guid":{"rendered":"https:\/\/wpd.ugr.es\/~filolab\/wordpress\/?page_id=5952"},"modified":"2024-10-29T10:22:25","modified_gmt":"2024-10-29T09:22:25","slug":"sergio-guerra","status":"publish","type":"page","link":"https:\/\/wpd.ugr.es\/~filolab\/wordpress\/quienes-somos-nueva\/investigadores-en-formacion\/sergio-guerra\/","title":{"rendered":"Sergio Guerra"},"content":{"rendered":"<div id=\"pl-5952\"  class=\"panel-layout\" ><div id=\"pg-5952-0\"  class=\"panel-grid panel-no-style\" ><div id=\"pgc-5952-0-0\"  class=\"panel-grid-cell\" ><div id=\"panel-5952-0-0-0\" class=\"so-panel widget widget_sow-image panel-first-child panel-last-child\" data-index=\"0\" ><div class=\"so-widget-sow-image so-widget-sow-image-default-d6014b76747a\">\n\n<div class=\"sow-image-container\">\n\t<img src=\"https:\/\/wpd.ugr.es\/~filolab\/wordpress\/wp-content\/uploads\/2024\/10\/Foto-Sergio_Guerra.jpg\" width=\"720\" height=\"726\" srcset=\"https:\/\/wpd.ugr.es\/~filolab\/wordpress\/wp-content\/uploads\/2024\/10\/Foto-Sergio_Guerra.jpg 720w, https:\/\/wpd.ugr.es\/~filolab\/wordpress\/wp-content\/uploads\/2024\/10\/Foto-Sergio_Guerra-298x300.jpg 298w, https:\/\/wpd.ugr.es\/~filolab\/wordpress\/wp-content\/uploads\/2024\/10\/Foto-Sergio_Guerra-150x150.jpg 150w, https:\/\/wpd.ugr.es\/~filolab\/wordpress\/wp-content\/uploads\/2024\/10\/Foto-Sergio_Guerra-100x100.jpg 100w\" sizes=\"(max-width: 720px) 100vw, 720px\" title=\"Sergio Guerra\" alt=\"\" \t\tclass=\"so-widget-image\"\/>\n<\/div>\n\n<\/div><\/div><\/div><div id=\"pgc-5952-0-1\"  class=\"panel-grid-cell\" ><div id=\"panel-5952-0-1-0\" class=\"so-panel widget widget_sow-editor panel-first-child panel-last-child\" data-index=\"1\" ><div class=\"so-widget-sow-editor so-widget-sow-editor-base\">\n<div class=\"siteorigin-widget-tinymce textwidget\">\n\t<p>Miembro del Equipo de Trabajo de FiloLab<\/p>\n<p>Personal Investigador en Formaci\u00f3n (FPU), <a href=\"https:\/\/directorio.ugr.es\/static\/PersonalUGR\/*\/show\/716b3e799e17c9d8b011442600d5ba89\">Departamento de Filosof\u00eda I, UGR<\/a><\/p>\n<p>P\u00e1gina web: <span style=\"color: #3f96ac;\"><a style=\"color: #3f96ac;\" href=\"https:\/\/wpd.ugr.es\/~guerra\/\">https:\/\/wpd.ugr.es\/~guerra\/<\/a><\/span><\/p>\n<p>Contacto: <span style=\"color: #3f96ac;\"><a style=\"color: #3f96ac;\" href=\"mailto:guerra@ugr.es\">guerra@ugr.es<\/a><\/span><\/p>\n<p>&nbsp;<\/p>\n<\/div>\n<\/div><\/div><\/div><\/div><div id=\"pg-5952-1\"  class=\"panel-grid panel-no-style\" ><div id=\"pgc-5952-1-0\"  class=\"panel-grid-cell\" ><div id=\"panel-5952-1-0-0\" class=\"so-panel widget widget_sow-editor panel-first-child\" data-index=\"2\" ><div class=\"so-widget-sow-editor so-widget-sow-editor-base\">\n<div class=\"siteorigin-widget-tinymce textwidget\">\n\t<p>Sergio Guerra es contratado predoctoral FPU en el Departamento de Filosof\u00eda I de la Universidad de Granada, trabajando bajo la supervisi\u00f3n de Neftal\u00ed Villanueva. Estudi\u00f3 el Grado en Filosof\u00eda (con premio extraordinario de fin de carrera) y el M\u00e1ster en L\u00f3gica y Filosof\u00eda de la Ciencia (m\u00f3dulo de lenguaje y mente) en la misma universidad. En la actualidad se encuentra realizando una tesis doctoral que explora las consecuencias del uso de expresiones evaluativas en el contexto de atribuciones de actitud proposicional<\/p>\n<\/div>\n<\/div><\/div><div id=\"panel-5952-1-0-1\" class=\"so-panel widget widget_sow-headline\" data-index=\"3\" ><div class=\"so-widget-sow-headline so-widget-sow-headline-default-66949b92e845\"><div class=\"sow-headline-container \">\n\t<h1 class='sow-headline'>L\u00edneas de investigaci\u00f3n<\/h1>\t\t\t\t\t<div class=\"decoration\">\n\t\t\t\t\t\t<div class=\"decoration-inside\"><\/div>\n\t\t\t\t\t<\/div>\n\t\t\t\t\t<\/div><\/div><\/div><div id=\"panel-5952-1-0-2\" class=\"so-panel widget widget_sow-editor\" data-index=\"4\" ><div class=\"so-widget-sow-editor so-widget-sow-editor-base\">\n<div class=\"siteorigin-widget-tinymce textwidget\">\n\t<p>Su principal \u00e1rea de investigaci\u00f3n es la filosof\u00eda del lenguaje y, especialmente, las siguientes cuestiones:<br \/>\n- Diferencia entre sus descriptivos y evaluativos del lenguaje.<br \/>\n- Pragm\u00e1tica y sem\u00e1ntica de atribuciones de creencias.<br \/>\n- Problemas de sustitutividad e hiperintensionalidad en atribuciones de creencias.<br \/>\n- Ocurrencia y significado de expresiones peyorativas (<em>slurs<\/em>, <em>deadnames<\/em>, etc.) en atribuciones de creencias.<\/p>\n<\/div>\n<\/div><\/div><div id=\"panel-5952-1-0-3\" class=\"so-panel widget widget_sow-headline\" data-index=\"5\" ><div class=\"so-widget-sow-headline so-widget-sow-headline-default-66949b92e845\"><div class=\"sow-headline-container \">\n\t<h1 class='sow-headline'>Publicaciones destacadas<\/h1>\t\t\t\t\t<div class=\"decoration\">\n\t\t\t\t\t\t<div class=\"decoration-inside\"><\/div>\n\t\t\t\t\t<\/div>\n\t\t\t\t\t<\/div><\/div><\/div><div id=\"panel-5952-1-0-4\" class=\"so-panel widget widget_sow-editor\" data-index=\"6\" ><div class=\"so-widget-sow-editor so-widget-sow-editor-base\">\n<div class=\"siteorigin-widget-tinymce textwidget\">\n\t<p>Almagro, M. y Guerra, S. (2023). There\u2019s a certain slant of light: Three attitudes toward the political turn in analytic philosophy. Metaphylosophy, 54(2-3), 324-340.\u00a0 <span style=\"color: #3f96ac;\"><a style=\"color: #3f96ac;\" href=\"https:\/\/doi.org\/10.1111\/meta.12619\">https:\/\/doi.org\/10.1111\/meta.12619<\/a><\/span><\/p>\n<\/div>\n<\/div><\/div><div id=\"panel-5952-1-0-5\" class=\"so-panel widget widget_sow-headline\" data-index=\"7\" ><div class=\"so-widget-sow-headline so-widget-sow-headline-default-66949b92e845\"><div class=\"sow-headline-container \">\n\t<h1 class='sow-headline'>Proyectos<\/h1>\t\t\t\t\t<div class=\"decoration\">\n\t\t\t\t\t\t<div class=\"decoration-inside\"><\/div>\n\t\t\t\t\t<\/div>\n\t\t\t\t\t<\/div><\/div><\/div><div id=\"panel-5952-1-0-6\" class=\"so-panel widget widget_sow-editor panel-last-child\" data-index=\"8\" ><div class=\"so-widget-sow-editor so-widget-sow-editor-base\">\n<div class=\"siteorigin-widget-tinymce textwidget\">\n\t<p>Actualmente forma parte de los equipos de trabajo de los proyectos \u201cLa naturaleza de lo evaluativo y la percepci\u00f3n de injusticia\u201d (PID2022-140562NB-I00, IPs: Manuel de Pinedo y Neftal\u00ed Villanueva), y \u201cLa naturaleza de la negabilidad y sus implicaciones filos\u00f3ficas\u201d (PID2023-150151NA-I00, IPs: Manuel Almagro y Neri Marsili).<\/p>\n<p>Anteriormente fue miembro del equipo de trabajo del proyecto \u201cDesacuerdos en actitudes. Normatividad, desacuerdo y polarizaci\u00f3n\u201d (PID2019-109764RB-I00, IPs: Manuel de Pinedo y Neftal\u00ed Villanueva).<\/p>\n<\/div>\n<\/div><\/div><\/div><\/div><\/div><!-- AddThis Advanced Settings generic via filter on the_content --><!-- AddThis Share Buttons generic via filter on the_content -->","protected":false},"excerpt":{"rendered":"<p>Miembro del Equipo de Trabajo de FiloLab Personal Investigador en Formaci\u00f3n (FPU), Departamento de Filosof\u00eda I, UGR P\u00e1gina web: https:\/\/wpd.ugr.es\/~guerra\/ Contacto: guerra@ugr.es &nbsp; Sergio Guerra es contratado predoctoral FPU en el Departamento de Filosof\u00eda I de la Universidad de Granada, trabajando bajo la supervisi\u00f3n de Neftal\u00ed Villanueva. Estudi\u00f3 el Grado en Filosof\u00eda (con premio extraordinario [&hellip;]<!-- AddThis Advanced Settings generic via filter on get_the_excerpt --><!-- AddThis Share Buttons generic via filter on get_the_excerpt --><\/p>\n","protected":false},"author":1,"featured_media":0,"parent":950,"menu_order":0,"comment_status":"closed","ping_status":"closed","template":"","meta":[],"_links":{"self":[{"href":"https:\/\/wpd.ugr.es\/~filolab\/wordpress\/wp-json\/wp\/v2\/pages\/5952"}],"collection":[{"href":"https:\/\/wpd.ugr.es\/~filolab\/wordpress\/wp-json\/wp\/v2\/pages"}],"about":[{"href":"https:\/\/wpd.ugr.es\/~filolab\/wordpress\/wp-json\/wp\/v2\/types\/page"}],"author":[{"embeddable":true,"href":"https:\/\/wpd.ugr.es\/~filolab\/wordpress\/wp-json\/wp\/v2\/users\/1"}],"replies":[{"embeddable":true,"href":"https:\/\/wpd.ugr.es\/~filolab\/wordpress\/wp-json\/wp\/v2\/comments?post=5952"}],"version-history":[{"count":2,"href":"https:\/\/wpd.ugr.es\/~filolab\/wordpress\/wp-json\/wp\/v2\/pages\/5952\/revisions"}],"predecessor-version":[{"id":5955,"href":"https:\/\/wpd.ugr.es\/~filolab\/wordpress\/wp-json\/wp\/v2\/pages\/5952\/revisions\/5955"}],"up":[{"embeddable":true,"href":"https:\/\/wpd.ugr.es\/~filolab\/wordpress\/wp-json\/wp\/v2\/pages\/950"}],"wp:attachment":[{"href":"https:\/\/wpd.ugr.es\/~filolab\/wordpress\/wp-json\/wp\/v2\/media?parent=5952"}],"curies":[{"name":"wp","href":"https:\/\/api.w.org\/{rel}","templated":true}]}}