{"id":712,"date":"2018-09-17T13:56:12","date_gmt":"2018-09-17T11:56:12","guid":{"rendered":"http:\/\/wpd.ugr.es\/~filolab\/wordpress\/?page_id=712"},"modified":"2019-05-23T20:26:57","modified_gmt":"2019-05-23T18:26:57","slug":"carta-de-servicios","status":"publish","type":"page","link":"https:\/\/wpd.ugr.es\/~filolab\/wordpress\/carta-de-servicios\/","title":{"rendered":"Carta de servicios"},"content":{"rendered":"<div id=\"pl-712\"  class=\"panel-layout\" ><div id=\"pg-712-0\"  class=\"panel-grid panel-no-style\" ><div id=\"pgc-712-0-0\"  class=\"panel-grid-cell\" ><div id=\"panel-712-0-0-0\" class=\"so-panel widget widget_sow-editor panel-first-child panel-last-child\" data-index=\"0\" ><div class=\"so-widget-sow-editor so-widget-sow-editor-base\">\n<div class=\"siteorigin-widget-tinymce textwidget\">\n\t<h2>Formaci\u00f3n<\/h2>\n<ul>\n<li>Formaci\u00f3n para la resoluci\u00f3n de conflictos<br \/>\n<em>Ofrecemos formaci\u00f3n orientada a la identificaci\u00f3n del tipo de desacuerdo involucrado en un conflicto y el modo en que cada tipo de desacuerdo puede resolverse.<\/em><\/li>\n<li>Formaci\u00f3n para la producci\u00f3n y revisi\u00f3n de discurso<br \/>\n<em>Ofrecemos formaci\u00f3n en argumentaci\u00f3n y otros fen\u00f3menos asociados al discurso (presuposiciones, compromisos no deseados, rol de algunos elementos contextuales relevantes, etc.).<\/em><\/li>\n<li>Formaci\u00f3n en lenguaje inclusivo<br \/>\n<em>Ofrecemos formaci\u00f3n acerca del lenguaje inclusivo y c\u00f3mo usar las palabras sin discriminar, excluir ni ofender.<\/em><\/li>\n<li>Formaci\u00f3n para personal integrante de comit\u00e9s de \u00e9tica y comisiones deontol\u00f3gicas de diferentes profesiones<br \/>\n<em>Ofrecemos formaci\u00f3n en an\u00e1lisis de casos, \u00e9tica de la investigaci\u00f3n, \u00e9tica cl\u00ednica y \u00e9tica de las organizaciones. Incluye estudios de casos, identificaci\u00f3n de valores en conflicto, procedimientos de deliberaci\u00f3n y formulaci\u00f3n de soluciones consensuables.<\/em><\/li>\n<\/ul>\n<h2>Elaboraci\u00f3n de c\u00f3digos de buenas pr\u00e1cticas<\/h2>\n<ul>\n<li>Elaboraci\u00f3n de indicaciones para el uso inclusivo del lenguaje<br \/>\n<em>Indicaciones para el fomento de pr\u00e1cticas ling\u00fc\u00edsticas inclusivas y respetuosas con la totalidad de la audiencia.<\/em><\/li>\n<li>Elaboraci\u00f3n de planes de responsabilidad social corporativa<br \/>\n<em>Evaluaci\u00f3n de las pol\u00edticas de RSC y elaboraci\u00f3n de planes.<\/em><\/li>\n<li>Elaboraci\u00f3n de protocolos de buenas pr\u00e1cticas para el uso de las redes sociales<br \/>\n<em>Pautas para la moderaci\u00f3n de foros de debate.<\/em><\/li>\n<\/ul>\n<h2>Asesoramiento<\/h2>\n<ul>\n<li>Revisamos textos para ayudar a localizar puntos en los que se adquieren compromisos no deseados y aconsejamos formas de evitar dichos compromisos<\/li>\n<li>Responsabilidad social corporativa: evaluaci\u00f3n<\/li>\n<li>Ayudamos a analizar posibles tipos de desacuerdos que pueden tener lugar en el seno de una organizaci\u00f3n y aconsejamos c\u00f3mo minimizar da\u00f1os en tales situaciones de conflicto<\/li>\n<li>Asesoramiento sobre buenas pr\u00e1cticas en el uso de chats y RR. SS.<\/li>\n<li>Revisi\u00f3n de aspectos \u00e9ticos de proyectos de investigaci\u00f3n en convocatorias nacionales e internacionales<\/li>\n<\/ul>\n<\/div>\n<\/div><\/div><\/div><\/div><div id=\"pg-712-1\"  class=\"panel-grid panel-no-style\" ><div id=\"pgc-712-1-0\"  class=\"panel-grid-cell\" ><div id=\"panel-712-1-0-0\" class=\"so-panel widget widget_sow-editor panel-first-child panel-last-child\" data-index=\"1\" ><div class=\"so-widget-sow-editor so-widget-sow-editor-base\"><h3 class=\"widget-title\">Contacta con nosotros<\/h3>\n<div class=\"siteorigin-widget-tinymce textwidget\">\n\t<p>Para cualquier consulta o para solicitar m\u00e1s informaci\u00f3n, puedes ponerte en contacto con nosotros en nuestro correo electr\u00f3nico: filolab@ugr.es<\/p>\n<p>&nbsp;<\/p>\n<\/div>\n<\/div><\/div><\/div><\/div><\/div><!-- AddThis Advanced Settings generic via filter on the_content --><!-- AddThis Share Buttons generic via filter on the_content -->","protected":false},"excerpt":{"rendered":"<p>Formaci\u00f3n Formaci\u00f3n para la resoluci\u00f3n de conflictos Ofrecemos formaci\u00f3n orientada a la identificaci\u00f3n del tipo de desacuerdo involucrado en un conflicto y el modo en que cada tipo de desacuerdo puede resolverse. Formaci\u00f3n para la producci\u00f3n y revisi\u00f3n de discurso Ofrecemos formaci\u00f3n en argumentaci\u00f3n y otros fen\u00f3menos asociados al discurso (presuposiciones, compromisos no deseados, rol [&hellip;]<!-- AddThis Advanced Settings generic via filter on get_the_excerpt --><!-- AddThis Share Buttons generic via filter on get_the_excerpt --><\/p>\n","protected":false},"author":1,"featured_media":0,"parent":0,"menu_order":0,"comment_status":"closed","ping_status":"closed","template":"","meta":[],"_links":{"self":[{"href":"https:\/\/wpd.ugr.es\/~filolab\/wordpress\/wp-json\/wp\/v2\/pages\/712"}],"collection":[{"href":"https:\/\/wpd.ugr.es\/~filolab\/wordpress\/wp-json\/wp\/v2\/pages"}],"about":[{"href":"https:\/\/wpd.ugr.es\/~filolab\/wordpress\/wp-json\/wp\/v2\/types\/page"}],"author":[{"embeddable":true,"href":"https:\/\/wpd.ugr.es\/~filolab\/wordpress\/wp-json\/wp\/v2\/users\/1"}],"replies":[{"embeddable":true,"href":"https:\/\/wpd.ugr.es\/~filolab\/wordpress\/wp-json\/wp\/v2\/comments?post=712"}],"version-history":[{"count":20,"href":"https:\/\/wpd.ugr.es\/~filolab\/wordpress\/wp-json\/wp\/v2\/pages\/712\/revisions"}],"predecessor-version":[{"id":1638,"href":"https:\/\/wpd.ugr.es\/~filolab\/wordpress\/wp-json\/wp\/v2\/pages\/712\/revisions\/1638"}],"wp:attachment":[{"href":"https:\/\/wpd.ugr.es\/~filolab\/wordpress\/wp-json\/wp\/v2\/media?parent=712"}],"curies":[{"name":"wp","href":"https:\/\/api.w.org\/{rel}","templated":true}]}}