{"id":7386,"date":"2025-10-22T11:33:17","date_gmt":"2025-10-22T09:33:17","guid":{"rendered":"https:\/\/wpd.ugr.es\/~filolab\/wordpress\/?page_id=7386"},"modified":"2025-10-29T11:25:21","modified_gmt":"2025-10-29T10:25:21","slug":"anibal_m_astobiza","status":"publish","type":"page","link":"https:\/\/wpd.ugr.es\/~filolab\/wordpress\/quienes-somos-nueva\/investigadores-garantes\/anibal_m_astobiza\/","title":{"rendered":""},"content":{"rendered":"<div id=\"pl-7386\"  class=\"panel-layout\" ><div id=\"pg-7386-0\"  class=\"panel-grid panel-no-style\" ><div id=\"pgc-7386-0-0\"  class=\"panel-grid-cell\" ><div id=\"panel-7386-0-0-0\" class=\"so-panel widget widget_sow-image panel-first-child panel-last-child\" data-index=\"0\" ><div class=\"so-widget-sow-image so-widget-sow-image-default-d6014b76747a\">\n\n<div class=\"sow-image-container\">\n\t<img src=\"https:\/\/wpd.ugr.es\/~filolab\/wordpress\/wp-content\/uploads\/2025\/10\/Anibal-foto.jpg\" width=\"1000\" height=\"1000\" srcset=\"https:\/\/wpd.ugr.es\/~filolab\/wordpress\/wp-content\/uploads\/2025\/10\/Anibal-foto.jpg 1000w, https:\/\/wpd.ugr.es\/~filolab\/wordpress\/wp-content\/uploads\/2025\/10\/Anibal-foto-300x300.jpg 300w, https:\/\/wpd.ugr.es\/~filolab\/wordpress\/wp-content\/uploads\/2025\/10\/Anibal-foto-150x150.jpg 150w, https:\/\/wpd.ugr.es\/~filolab\/wordpress\/wp-content\/uploads\/2025\/10\/Anibal-foto-768x768.jpg 768w, https:\/\/wpd.ugr.es\/~filolab\/wordpress\/wp-content\/uploads\/2025\/10\/Anibal-foto-400x400.jpg 400w, https:\/\/wpd.ugr.es\/~filolab\/wordpress\/wp-content\/uploads\/2025\/10\/Anibal-foto-100x100.jpg 100w\" sizes=\"(max-width: 1000px) 100vw, 1000px\" title=\"An\u00edbal\" alt=\"\" \t\tclass=\"so-widget-image\"\/>\n<\/div>\n\n<\/div><\/div><\/div><div id=\"pgc-7386-0-1\"  class=\"panel-grid-cell\" ><div id=\"panel-7386-0-1-0\" class=\"so-panel widget widget_sow-editor panel-first-child panel-last-child\" data-index=\"1\" ><div class=\"so-widget-sow-editor so-widget-sow-editor-base\">\n<div class=\"siteorigin-widget-tinymce textwidget\">\n\t<p>Profesor\/investigador EMERGIA, Departamento de Filosof\u00eda I, UGR<\/p>\n<p>P\u00e1gina web: <span style=\"color: #3f96ac;\"><a style=\"color: #3f96ac;\" href=\"https:\/\/scholar.google.com\/citations?user=cD_3vLYAAAAJ&amp;hl=es\">https:\/\/scholar.google.com\/citations?user=cD_3vLYAAAAJ&amp;hl=es<\/a><\/span><\/p>\n<p>Contacto: <span style=\"color: #3f96ac;\"><a style=\"color: #3f96ac;\" href=\"mailto:amastobiza@ugr.es\">amastobiza@ugr.es<\/a><\/span><\/p>\n<\/div>\n<\/div><\/div><\/div><\/div><div id=\"pg-7386-1\"  class=\"panel-grid panel-no-style\" ><div id=\"pgc-7386-1-0\"  class=\"panel-grid-cell\" ><div id=\"panel-7386-1-0-0\" class=\"so-panel widget widget_sow-editor panel-first-child\" data-index=\"2\" ><div class=\"so-widget-sow-editor so-widget-sow-editor-base\">\n<div class=\"siteorigin-widget-tinymce textwidget\">\n\t<p>An\u00edbal M. Astobiza es Doctor en Ciencias Cognitivas y Humanidades (UPV\/EHU), M\u00e1ster en Psicolog\u00eda social (UPV\/EHU) y Licenciado en Filosof\u00eda (Universidad de Deusto).<\/p>\n<p>Actualmente, es profesor\/investigador EMERGIA en la Universidad de Granada.<\/p>\n<\/div>\n<\/div><\/div><div id=\"panel-7386-1-0-1\" class=\"so-panel widget widget_sow-headline\" data-index=\"3\" ><div class=\"so-widget-sow-headline so-widget-sow-headline-default-66949b92e845\"><div class=\"sow-headline-container \">\n\t<h1 class='sow-headline'>L\u00edneas de investigaci\u00f3n<\/h1>\t\t\t\t\t<div class=\"decoration\">\n\t\t\t\t\t\t<div class=\"decoration-inside\"><\/div>\n\t\t\t\t\t<\/div>\n\t\t\t\t\t<\/div><\/div><\/div><div id=\"panel-7386-1-0-2\" class=\"so-panel widget widget_sow-editor\" data-index=\"4\" ><div class=\"so-widget-sow-editor so-widget-sow-editor-base\">\n<div class=\"siteorigin-widget-tinymce textwidget\">\n\t<p>Investiga en la intersecci\u00f3n de las ciencias cognitivas, biol\u00f3gicas, sociales y \u00e9ticas aplicadas.<\/p>\n<\/div>\n<\/div><\/div><div id=\"panel-7386-1-0-3\" class=\"so-panel widget widget_sow-headline\" data-index=\"5\" ><div class=\"so-widget-sow-headline so-widget-sow-headline-default-66949b92e845\"><div class=\"sow-headline-container \">\n\t<h1 class='sow-headline'>Publicaciones destacadas<\/h1>\t\t\t\t\t<div class=\"decoration\">\n\t\t\t\t\t\t<div class=\"decoration-inside\"><\/div>\n\t\t\t\t\t<\/div>\n\t\t\t\t\t<\/div><\/div><\/div><div id=\"panel-7386-1-0-4\" class=\"so-panel widget widget_sow-editor\" data-index=\"6\" ><div class=\"so-widget-sow-editor so-widget-sow-editor-base\">\n<div class=\"siteorigin-widget-tinymce textwidget\">\n\t<p>-Marcos Alonso, An\u00edbal M Astobiza, Ram\u00f3n Ortega Lozano (2025). AI-mediated healthcare and trust. A trust-construct and trust-factor framework for empirical research. <em>Artificial Intelligence Review,\u00a0<\/em>58(11):1-17.<\/p>\n<p>-Astobiza A.M. (2025). Neural representations: A Mechanistic Challenge to Su\u00e1rez's Inferential Conception. <em>Teorema<\/em>\u00a0, 44(1), pp. 1-27<\/p>\n<p>-Astobiza A.M. (2025). The Geometry of Language: Understanding LLMs in Bioethics. <em>Journal of Bioethical Inquiry<\/em>, 1-14<\/p>\n<p>-Viciana, H., Astobiza, A. M., Fasce, A., &amp; Hannikainen, I. R. (2024). Scientifically Together, Politically Apart? <em>Science &amp; Education<\/em>. 1-24<\/p>\n<p>-Astobiza A. M. and de Miguel Berian I. (2024). From neurorights to neuroduties: the case of personal identity. <em>Bioethics Open Research<\/em> 2, 1<\/p>\n<p>-Astobiza A. M. (2024). Do people believe that machines have minds and free will? Empirical evidence on mind perception and autonomy in machines. <em>AI and Ethics<\/em> 4 (4), 1175-1183<\/p>\n<p>-Mestre, R., Astobiza, A. M., Webster-Wood, V. A., Ryan, M., &amp; Saif, M. T. A. (2024). Ethics and responsibility in biohybrid robotics research. <em>Proceedings of the National Academy of Science<\/em>s, 121(31), e2310458121.<\/p>\n<p>-Astobiza A.M. (2023). <em>Tecnofilosof\u00eda: Nuestra Relaci\u00f3n con las M\u00e1quinas<\/em>. Madrid. Plaza y Vald\u00e9s<\/p>\n<p>-Astobiza A.M., Toboso, M., Aparicio, M., Aus\u00edn, T., L\u00f3pez, D., Morte, R., &amp; Pons, J. L. (2019). Bringing inclusivity to robotics with INBOTS. <em>Nature Machine Intelligence<\/em>, 1(4), 164-164.<\/p>\n<\/div>\n<\/div><\/div><div id=\"panel-7386-1-0-5\" class=\"so-panel widget widget_sow-headline\" data-index=\"7\" ><div class=\"so-widget-sow-headline so-widget-sow-headline-default-66949b92e845\"><div class=\"sow-headline-container \">\n\t<h1 class='sow-headline'>Proyectos<\/h1>\t\t\t\t\t<div class=\"decoration\">\n\t\t\t\t\t\t<div class=\"decoration-inside\"><\/div>\n\t\t\t\t\t<\/div>\n\t\t\t\t\t<\/div><\/div><\/div><div id=\"panel-7386-1-0-6\" class=\"so-panel widget widget_sow-editor panel-last-child\" data-index=\"8\" ><div class=\"so-widget-sow-editor so-widget-sow-editor-base\">\n<div class=\"siteorigin-widget-tinymce textwidget\">\n\t<p>Miembro de GETEC (<a href=\"https:\/\/urldefense.com\/v3\/__https:\/\/gettecugr.es\/__;!!D9dNQwwGXtA!XBLdK1OdcuNCN0hD7twWGIa6MMC6l0GdMDaCS3SFA5l_JS0I5zK0oeTvSBr-RRDvzJBYfhD74JcuaztpcQud8tp4wKs$\" target=\"_blank\" rel=\"noopener noreferrer\">https:\/\/gettecugr.es\/<\/a>), ESPACyOS (<a href=\"https:\/\/urldefense.com\/v3\/__https:\/\/espacyoscom.weebly.com\/__;!!D9dNQwwGXtA!XBLdK1OdcuNCN0hD7twWGIa6MMC6l0GdMDaCS3SFA5l_JS0I5zK0oeTvSBr-RRDvzJBYfhD74JcuaztpcQudAJG2mGI$\" target=\"_blank\" rel=\"noopener noreferrer\">https:\/\/espacyoscom.weebly.com\/<\/a>), Laboratorio Iberoamericano de \u00c9tica y Salud p\u00fablica (<a href=\"https:\/\/urldefense.com\/v3\/__https:\/\/www.cyted.org\/LIBERESP__;!!D9dNQwwGXtA!XBLdK1OdcuNCN0hD7twWGIa6MMC6l0GdMDaCS3SFA5l_JS0I5zK0oeTvSBr-RRDvzJBYfhD74JcuaztpcQud-olBZcg$\" target=\"_blank\" rel=\"noopener noreferrer\">https:\/\/www.cyted.org\/LIBERESP<\/a>) y CO-IP del proyecto CONFIIA PID2024-156166OA-I00 financiado por el MICIU\/AEI\/10.13039\/501100011033 y por el FSE+ (<a href=\"https:\/\/urldefense.com\/v3\/__https:\/\/anibalmastobiza.github.io\/CONFIIA\/__;!!D9dNQwwGXtA!XBLdK1OdcuNCN0hD7twWGIa6MMC6l0GdMDaCS3SFA5l_JS0I5zK0oeTvSBr-RRDvzJBYfhD74JcuaztpcQudb8q_b6k$\" target=\"_blank\" rel=\"noopener noreferrer\">https:\/\/anibalmastobiza.github.io\/CONFIIA\/<\/a>)<\/p>\n<\/div>\n<\/div><\/div><\/div><\/div><\/div><!-- AddThis Advanced Settings generic via filter on the_content --><!-- AddThis Share Buttons generic via filter on the_content -->","protected":false},"excerpt":{"rendered":"<p>Profesor\/investigador EMERGIA, Departamento de Filosof\u00eda I, UGR P\u00e1gina web: https:\/\/scholar.google.com\/citations?user=cD_3vLYAAAAJ&amp;hl=es Contacto: amastobiza@ugr.es An\u00edbal M. Astobiza es Doctor en Ciencias Cognitivas y Humanidades (UPV\/EHU), M\u00e1ster en Psicolog\u00eda social (UPV\/EHU) y Licenciado en Filosof\u00eda (Universidad de Deusto). Actualmente, es profesor\/investigador EMERGIA en la Universidad de Granada. Investiga en la intersecci\u00f3n de las ciencias cognitivas, biol\u00f3gicas, sociales y [&hellip;]<!-- AddThis Advanced Settings generic via filter on get_the_excerpt --><!-- AddThis Share Buttons generic via filter on get_the_excerpt --><\/p>\n","protected":false},"author":1,"featured_media":0,"parent":934,"menu_order":0,"comment_status":"closed","ping_status":"closed","template":"","meta":[],"_links":{"self":[{"href":"https:\/\/wpd.ugr.es\/~filolab\/wordpress\/wp-json\/wp\/v2\/pages\/7386"}],"collection":[{"href":"https:\/\/wpd.ugr.es\/~filolab\/wordpress\/wp-json\/wp\/v2\/pages"}],"about":[{"href":"https:\/\/wpd.ugr.es\/~filolab\/wordpress\/wp-json\/wp\/v2\/types\/page"}],"author":[{"embeddable":true,"href":"https:\/\/wpd.ugr.es\/~filolab\/wordpress\/wp-json\/wp\/v2\/users\/1"}],"replies":[{"embeddable":true,"href":"https:\/\/wpd.ugr.es\/~filolab\/wordpress\/wp-json\/wp\/v2\/comments?post=7386"}],"version-history":[{"count":7,"href":"https:\/\/wpd.ugr.es\/~filolab\/wordpress\/wp-json\/wp\/v2\/pages\/7386\/revisions"}],"predecessor-version":[{"id":7414,"href":"https:\/\/wpd.ugr.es\/~filolab\/wordpress\/wp-json\/wp\/v2\/pages\/7386\/revisions\/7414"}],"up":[{"embeddable":true,"href":"https:\/\/wpd.ugr.es\/~filolab\/wordpress\/wp-json\/wp\/v2\/pages\/934"}],"wp:attachment":[{"href":"https:\/\/wpd.ugr.es\/~filolab\/wordpress\/wp-json\/wp\/v2\/media?parent=7386"}],"curies":[{"name":"wp","href":"https:\/\/api.w.org\/{rel}","templated":true}]}}