{"id":881,"date":"2018-11-02T13:25:23","date_gmt":"2018-11-02T12:25:23","guid":{"rendered":"http:\/\/wpd.ugr.es\/~filolab\/wordpress\/?page_id=881"},"modified":"2024-12-05T11:55:19","modified_gmt":"2024-12-05T10:55:19","slug":"quienes-somos-nueva","status":"publish","type":"page","link":"https:\/\/wpd.ugr.es\/~filolab\/wordpress\/quienes-somos-nueva\/","title":{"rendered":"Qui\u00e9nes somos"},"content":{"rendered":"<div id=\"pl-881\"  class=\"panel-layout\" ><div id=\"pg-881-0\"  class=\"panel-grid panel-no-style\" ><div id=\"pgc-881-0-0\"  class=\"panel-grid-cell\" ><div id=\"panel-881-0-0-0\" class=\"so-panel widget widget_sow-headline panel-first-child panel-last-child\" data-index=\"0\" ><div class=\"so-widget-sow-headline so-widget-sow-headline-default-f96e4ccb1d27\"><div class=\"sow-headline-container \">\n\t<h1 class='sow-headline'>Comit\u00e9 ejecutivo FiloLab<\/h1><\/div><\/div><\/div><\/div><\/div><div id=\"pg-881-1\"  class=\"panel-grid panel-has-style\" ><div class=\"panel-row-style panel-row-style-for-881-1\" ><div id=\"pgc-881-1-0\"  class=\"panel-grid-cell\" ><div id=\"panel-881-1-0-0\" class=\"so-panel widget widget_sow-editor panel-first-child panel-last-child\" data-index=\"1\" ><div class=\"panel-widget-style panel-widget-style-for-881-1-0-0\" ><div class=\"so-widget-sow-editor so-widget-sow-editor-base\"><h3 class=\"widget-title\">Neftal\u00ed Villanueva Fern\u00e1ndez<\/h3>\n<div class=\"siteorigin-widget-tinymce textwidget\">\n\t<p><span style=\"color: #ffffff;\"><a href=\"https:\/\/wpd.ugr.es\/~filolab\/wordpress\/quienes-somos-nueva\/investigadores-garantes\/neftali-villanueva\/\">Director de FiloLab - Profesor Titular de L\u00f3gica y Filosof\u00eda de la Ciencia - Departamento Filosof\u00eda I - UGR<\/a><\/span><\/p>\n<\/div>\n<\/div><\/div><\/div><\/div><\/div><\/div><div id=\"pg-881-2\"  class=\"panel-grid panel-no-style\" ><div id=\"pgc-881-2-0\"  class=\"panel-grid-cell\" ><div id=\"panel-881-2-0-0\" class=\"so-panel widget widget_sow-editor panel-first-child\" data-index=\"2\" ><div class=\"panel-widget-style panel-widget-style-for-881-2-0-0\" ><div class=\"so-widget-sow-editor so-widget-sow-editor-base\"><h3 class=\"widget-title\">David Rodr\u00edguez-Arias<\/h3>\n<div class=\"siteorigin-widget-tinymce textwidget\">\n\t<p><a href=\"https:\/\/wpd.ugr.es\/~filolab\/wordpress\/quienes-somos-nueva\/investigadores-garantes-91\/david-rodriguez-arias\/\"><span style=\"color: #000000;\">Subdirector de FiloLab - Catedr\u00e1tico de Filosof\u00eda Moral - Departamento de Filosof\u00eda I - UGR<\/span><\/a><\/p>\n<\/div>\n<\/div><\/div><\/div><div id=\"panel-881-2-0-1\" class=\"so-panel widget widget_sow-editor panel-last-child\" data-index=\"3\" ><div class=\"panel-widget-style panel-widget-style-for-881-2-0-1\" ><div class=\"so-widget-sow-editor so-widget-sow-editor-base\"><h3 class=\"widget-title\">Ivar Rodr\u00edguez Hannikainen<\/h3>\n<div class=\"siteorigin-widget-tinymce textwidget\">\n\t<p><a href=\"https:\/\/wpd.ugr.es\/~filolab\/wordpress\/quienes-somos-nueva\/investigadores-garantes-91\/ivar-rodriguez-hainnikainen\/\"><span style=\"color: #000000;\">Subdirector de FiloLab - Investigador Ram\u00f3n y Cajal - Departamento de Filosof\u00eda I - UGR<\/span><\/a><\/p>\n<\/div>\n<\/div><\/div><\/div><\/div><\/div><div id=\"pg-881-3\"  class=\"panel-grid panel-no-style\" ><div id=\"pgc-881-3-0\"  class=\"panel-grid-cell\" ><div id=\"panel-881-3-0-0\" class=\"so-panel widget widget_sow-editor panel-first-child panel-last-child\" data-index=\"4\" ><div class=\"panel-widget-style panel-widget-style-for-881-3-0-0\" ><div class=\"so-widget-sow-editor so-widget-sow-editor-base\"><h3 class=\"widget-title\">Jos\u00e9 Luis Li\u00f1\u00e1n<\/h3>\n<div class=\"siteorigin-widget-tinymce textwidget\">\n\t<p><span style=\"color: #000000;\">T\u00e9cnico de apoyo a la investigaci\u00f3n de FiloLab - Departamento de Filosof\u00eda I - UGR<\/span><\/p>\n<\/div>\n<\/div><\/div><\/div><\/div><\/div><\/div><!-- AddThis Advanced Settings generic via filter on the_content --><!-- AddThis Share Buttons generic via filter on the_content -->","protected":false},"excerpt":{"rendered":"<p>Director de FiloLab &#8211; Profesor Titular de L\u00f3gica y Filosof\u00eda de la Ciencia &#8211; Departamento Filosof\u00eda I &#8211; UGR<!-- AddThis Advanced Settings generic via filter on get_the_excerpt --><!-- AddThis Share Buttons generic via filter on get_the_excerpt --><\/p>\n","protected":false},"author":1,"featured_media":0,"parent":0,"menu_order":0,"comment_status":"closed","ping_status":"closed","template":"","meta":[],"_links":{"self":[{"href":"https:\/\/wpd.ugr.es\/~filolab\/wordpress\/wp-json\/wp\/v2\/pages\/881"}],"collection":[{"href":"https:\/\/wpd.ugr.es\/~filolab\/wordpress\/wp-json\/wp\/v2\/pages"}],"about":[{"href":"https:\/\/wpd.ugr.es\/~filolab\/wordpress\/wp-json\/wp\/v2\/types\/page"}],"author":[{"embeddable":true,"href":"https:\/\/wpd.ugr.es\/~filolab\/wordpress\/wp-json\/wp\/v2\/users\/1"}],"replies":[{"embeddable":true,"href":"https:\/\/wpd.ugr.es\/~filolab\/wordpress\/wp-json\/wp\/v2\/comments?post=881"}],"version-history":[{"count":100,"href":"https:\/\/wpd.ugr.es\/~filolab\/wordpress\/wp-json\/wp\/v2\/pages\/881\/revisions"}],"predecessor-version":[{"id":6146,"href":"https:\/\/wpd.ugr.es\/~filolab\/wordpress\/wp-json\/wp\/v2\/pages\/881\/revisions\/6146"}],"wp:attachment":[{"href":"https:\/\/wpd.ugr.es\/~filolab\/wordpress\/wp-json\/wp\/v2\/media?parent=881"}],"curies":[{"name":"wp","href":"https:\/\/api.w.org\/{rel}","templated":true}]}}