{"id":953,"date":"2018-11-02T13:42:00","date_gmt":"2018-11-02T12:42:00","guid":{"rendered":"http:\/\/wpd.ugr.es\/~filolab\/wordpress\/?page_id=953"},"modified":"2025-05-08T11:57:02","modified_gmt":"2025-05-08T09:57:02","slug":"investigadores-colaboradores-de-centros-nacionales-e-internacionales","status":"publish","type":"page","link":"https:\/\/wpd.ugr.es\/~filolab\/wordpress\/quienes-somos-nueva\/investigadores-colaboradores-de-centros-nacionales-e-internacionales\/","title":{"rendered":"Investigadores colaboradores de centros nacionales e internacionales"},"content":{"rendered":"<div id=\"pl-953\"  class=\"panel-layout\" ><div id=\"pg-953-0\"  class=\"panel-grid panel-no-style\" ><div id=\"pgc-953-0-0\"  class=\"panel-grid-cell\" ><div id=\"panel-953-0-0-0\" class=\"so-panel widget widget_sow-editor panel-first-child panel-last-child\" data-index=\"0\" ><div class=\"so-widget-sow-editor so-widget-sow-editor-base\">\n<div class=\"siteorigin-widget-tinymce textwidget\">\n\t<p><a href=\"https:\/\/wpd.ugr.es\/~filolab\/wordpress\/quienes-somos-nueva\/investigadores-colaboradores-de-centros-nacionales-e-internacionales\/manuel-almagro-holgado\/\"><span style=\"color: #3f96ac;\">Manuel Almagro Holgado<\/span><\/a> - Departamento de Filosof\u00eda, Universitat de Val\u00e8ncia<\/p>\n<p><span style=\"color: #3f96ac;\">Hilan Bensusan<\/span> - Departamento de Filosof\u00eda - Universidad de Brasilia (Brasil)<\/p>\n<p><span lang=\"EN-US\"><a href=\"http:\/\/wpd.ugr.es\/~filolab\/wordpress\/quienes-somos-nueva\/investigadores-colaboradores-de-centros-nacionales-e-internacionales\/david-bordonaba-plou\/\">David Bordonaba Plou - <\/a><\/span><span lang=\"ES\">Investigador Postdoctoral FONDECYT, Universidad de Valpara\u00edso (Chile)<\/span><\/p>\n<p><span style=\"color: #3f96ac;\">Cristina Borgoni Gon\u00e7alves<\/span> - Departamento de Filosof\u00eda - Universidad de Graz (Austria)<\/p>\n<p><a href=\"https:\/\/wpd.ugr.es\/~filolab\/wordpress\/quienes-somos-nueva\/investigadores-colaboradores-de-centros-nacionales-e-internacionales\/josue-campa-hernandez\/\"><span style=\"color: #3f96ac;\">Josu\u00e9 Campa Hern\u00e1ndez<\/span><\/a> - Becario CONAHCYT (M\u00e9xico)<\/p>\n<p><span style=\"color: #3f96ac;\">Juan Arana Ca\u00f1edo-Arg\u00fcelles <\/span>- Catedr\u00e1tico - Departamento de Filosof\u00eda y L\u00f3gica y Filosof\u00eda de la Ciencia - Universidad de Sevilla<\/p>\n<p><a href=\"http:\/\/wpd.ugr.es\/~filolab\/wordpress\/quienes-somos-nueva\/investigadores-asociados\/rafael-cejudo-cordoba\/\"><span style=\"color: #3f96ac;\">Rafael Cejudo C\u00f3rdoba<\/span><\/a>\u00a0- Profesor Titular - Departamento de Ciencias Sociales y Humanidades - Universidad de C\u00f3rdoba<\/p>\n<p><span style=\"color: #3f96ac;\">Marco Faillo<\/span> - Departamento de Econom\u00eda y Gesti\u00f3n - Universidad de Trento (Italia)<\/p>\n<p><span style=\"color: #3f96ac;\">Keith Frankish<\/span> - Brain and Mind Programme - University de Creta (Grecia) y Open University (Reino Unido)<\/p>\n<p><span style=\"color: #3f96ac;\">Jean Grondin<\/span> - Departamento de Filosof\u00eda - Universidad de Montreal (Canad\u00e1)<\/p>\n<p><a href=\"https:\/\/wpd.ugr.es\/~filolab\/wordpress\/quienes-somos-nueva\/investigadores-colaboradores-de-centros-nacionales-e-internacionales\/amalio-haro-marchal\/\">Amalia Haro Marchal<\/a> - IFILNOVA, Universidad NOVA de Lisboa (Portugal)<\/p>\n<p><span style=\"color: #3f96ac;\">Ralf Jox<\/span> - Institute of Ethics, History and Theory of Medicine - Universidad de M\u00fanich (Alemania)<\/p>\n<p><span style=\"color: #3f96ac;\">Peter Langland-Hassan<\/span> - Departamento de Filosof\u00eda - Universidad de Cincinnati (Estados Unidos)<\/p>\n<p><span style=\"color: #3f96ac;\"><a style=\"color: #3f96ac;\" href=\"https:\/\/wpd.ugr.es\/~filolab\/wordpress\/quienes-somos-nueva\/investigadores-colaboradores-de-centros-nacionales-e-internacionales\/juan-mamberti\/\">Juan Mamberti<\/a><\/span> - Facultad de Derecho, Universidad de Palermo (Argentina)<\/p>\n<p><a href=\"https:\/\/wpd.ugr.es\/~filolab\/wordpress\/quienes-somos-nueva\/investigadores-colaboradores-de-centros-nacionales-e-internacionales\/maria-victoria-martinez-lopez\/\"><span style=\"color: #3f96ac;\">Mar\u00eda Victoria Mart\u00ednez-L\u00f3pez<\/span><\/a> - FiloLab-UGR<\/p>\n<p><a href=\"https:\/\/wpd.ugr.es\/~filolab\/wordpress\/quienes-somos-nueva\/investigadores-colaboradores-de-centros-nacionales-e-internacionales\/alba-moreno-zurita\/\"><span style=\"color: #3f96ac;\">Alba Moreno Zurita<\/span><\/a> - Investigadora postdoctoral - Universidad de Santiago de Compostela<\/p>\n<p><span style=\"color: #3f96ac;\">Myfanwy Morgan<\/span> - Sociology of health, evaluation, translational research - King's College de Londres (Reino Unido)<\/p>\n<p><span style=\"color: #3f96ac;\"><a style=\"color: #3f96ac;\" href=\"https:\/\/wpd.ugr.es\/~filolab\/wordpress\/quienes-somos-nueva\/investigadores-colaboradores-de-centros-nacionales-e-internacionales\/maria-cristina-murano-2\/\">Mar\u00eda Cristina Murano<\/a><\/span> - Departamento de Farmacolog\u00eda Cl\u00ednica del Instituto de Investigaci\u00f3n Biom\u00e9dica del Hospital La Paz (Hospital Universitario La Paz \u2013 Universidad Aut\u00f3noma de Madrid)<\/p>\n<p><span style=\"color: #3f96ac;\"><a style=\"color: #3f96ac;\" href=\"https:\/\/wpd.ugr.es\/~filolab\/wordpress\/quienes-somos-nueva\/investigadores-en-formacion\/llanos-navarro-laespada\/\">Llanos Navarro Laespada<\/a><\/span> - Departamento de Filosof\u00eda - Universidad de Salamanca<\/p>\n<p><span style=\"color: #3f96ac;\">Jason Noble<\/span> - Electronics and Computer Science - Universidad de Southampton (Reino Unido)<\/p>\n<p><span style=\"color: #3f96ac;\">Eric Racine<\/span> - Neuroethics Research Unit - Universidad McGill (Canad\u00e1)<\/p>\n<p><a href=\"https:\/\/wpd.ugr.es\/~filolab\/wordpress\/quienes-somos-nueva\/investigadores-colaboradores-de-centros-nacionales-e-internacionales\/jon-rueda-etxebarria\/\"><span style=\"color: #3f96ac;\">Jon Rueda Etxebarria<\/span><\/a> - Universidad del Pa\u00eds Vasco<\/p>\n<p><span style=\"color: #3f96ac;\">Lorenzo Sacconi<\/span> - Departamento de Econom\u00eda y Gesti\u00f3n - Universidad de Trento (Italia)<\/p>\n<p><span style=\"color: #3f96ac;\">Julian Savulescu<\/span> - Uehiro Centre for Applied Ethics - Universidad de Oxford (Reino Unido)<\/p>\n<p><a href=\"http:\/\/wpd.ugr.es\/~filolab\/wordpress\/quienes-somos-nueva\/investigadores-asociados\/alejandro-secades-gomez\/\"><span style=\"color: #3f96ac;\">Alejandro Secades G\u00f3mez<\/span><\/a> - Profesor Agregado (titular) - Facultad de\u00a0<em>Teolog\u00eda Redemptoris Mater<\/em><\/p>\n<p><span style=\"color: #3f96ac;\">Jan Albert Van Laar\u00a0<\/span>- Faculty of Philosophy - Universidad de Groningen (Holanda)<\/p>\n<p><span style=\"color: #3f96ac;\">Fabio Paglieri<\/span>- Istituto di Scienze e Tecnologie della Cognizione - Consiglio Nazionale delle Ricerche (Italia)<\/p>\n<p><span style=\"color: #3f96ac;\">Dima Mohammed <\/span>- NOVA Institute of Philosophy - Universidad NOVA de Lisboa (Portugal)<\/p>\n<p><a href=\"http:\/\/wpd.ugr.es\/~filolab\/wordpress\/quienes-somos-nueva\/investigadores-colaboradores-de-centros-nacionales-e-internacionales\/4066-2\/\"><span style=\"color: #3f96ac;\">Bel\u00e9n Liedo <\/span><\/a>- Investigadora en Formaci\u00f3n - Instituto de Filosof\u00eda (CSIC), Universidad Complutense de Madrid<\/p>\n<p><a href=\"https:\/\/wpd.ugr.es\/~filolab\/wordpress\/quienes-somos-nueva\/investigadores-colaboradores-de-centros-nacionales-e-internacionales\/janet-delgado\/\"><span style=\"color: #3f96ac;\">Janet Delgado <\/span><\/a>- Universidad de La Laguna y Universidad de Las Palmas de Gran Canaria<\/p>\n<p><a href=\"http:\/\/wpd.ugr.es\/~filolab\/wordpress\/quienes-somos-nueva\/investigadores-en-formacion\/iris-parra-jounou\/\"><span style=\"color: #3f96ac;\">Iris Parra Jounou <\/span><\/a>- Investigadora en Formaci\u00f3n - Universit\u00e0t Aut\u00f3noma de Barcelona<\/p>\n<p><a href=\"https:\/\/wpd.ugr.es\/~filolab\/wordpress\/quienes-somos-nueva\/investigadores-colaboradores-de-centros-nacionales-e-internacionales\/ramon-ortega-lozano\/\"><span style=\"color: #3f96ac;\">Ram\u00f3n Ortega Lozano <\/span><\/a>- Centro Ciencias de la Salud San Rafael Nebrija, Universidad Nebrija<\/p>\n<p><a href=\"https:\/\/wpd.ugr.es\/~filolab\/wordpress\/quienes-somos-nueva\/investigadores-colaboradores-de-centros-nacionales-e-internacionales\/rosana-trivino\/\"><span style=\"color: #3f96ac;\">Rosana Trivi\u00f1o Caballero <\/span><\/a>- Facultad de Medicina - Universidad Complutense de Madrid<\/p>\n<\/div>\n<\/div><\/div><\/div><\/div><\/div><!-- AddThis Advanced Settings generic via filter on the_content --><!-- AddThis Share Buttons generic via filter on the_content -->","protected":false},"excerpt":{"rendered":"<p>Manuel Almagro Holgado &#8211; Departamento de Filosof\u00eda, Universitat de Val\u00e8ncia Hilan Bensusan &#8211; Departamento de Filosof\u00eda &#8211; Universidad de Brasilia (Brasil) David Bordonaba Plou &#8211; Investigador Postdoctoral FONDECYT, Universidad de Valpara\u00edso (Chile) Cristina Borgoni Gon\u00e7alves &#8211; Departamento de Filosof\u00eda &#8211; Universidad de Graz (Austria) Josu\u00e9 Campa Hern\u00e1ndez &#8211; Becario CONAHCYT (M\u00e9xico) Juan Arana Ca\u00f1edo-Arg\u00fcelles &#8211; [&hellip;]<!-- AddThis Advanced Settings generic via filter on get_the_excerpt --><!-- AddThis Share Buttons generic via filter on get_the_excerpt --><\/p>\n","protected":false},"author":1,"featured_media":0,"parent":881,"menu_order":0,"comment_status":"closed","ping_status":"closed","template":"","meta":[],"_links":{"self":[{"href":"https:\/\/wpd.ugr.es\/~filolab\/wordpress\/wp-json\/wp\/v2\/pages\/953"}],"collection":[{"href":"https:\/\/wpd.ugr.es\/~filolab\/wordpress\/wp-json\/wp\/v2\/pages"}],"about":[{"href":"https:\/\/wpd.ugr.es\/~filolab\/wordpress\/wp-json\/wp\/v2\/types\/page"}],"author":[{"embeddable":true,"href":"https:\/\/wpd.ugr.es\/~filolab\/wordpress\/wp-json\/wp\/v2\/users\/1"}],"replies":[{"embeddable":true,"href":"https:\/\/wpd.ugr.es\/~filolab\/wordpress\/wp-json\/wp\/v2\/comments?post=953"}],"version-history":[{"count":39,"href":"https:\/\/wpd.ugr.es\/~filolab\/wordpress\/wp-json\/wp\/v2\/pages\/953\/revisions"}],"predecessor-version":[{"id":6880,"href":"https:\/\/wpd.ugr.es\/~filolab\/wordpress\/wp-json\/wp\/v2\/pages\/953\/revisions\/6880"}],"up":[{"embeddable":true,"href":"https:\/\/wpd.ugr.es\/~filolab\/wordpress\/wp-json\/wp\/v2\/pages\/881"}],"wp:attachment":[{"href":"https:\/\/wpd.ugr.es\/~filolab\/wordpress\/wp-json\/wp\/v2\/media?parent=953"}],"curies":[{"name":"wp","href":"https:\/\/api.w.org\/{rel}","templated":true}]}}