{"id":987,"date":"2018-11-02T14:17:54","date_gmt":"2018-11-02T13:17:54","guid":{"rendered":"http:\/\/wpd.ugr.es\/~filolab\/wordpress\/?page_id=987"},"modified":"2019-06-25T15:11:28","modified_gmt":"2019-06-25T13:11:28","slug":"about-us-2","status":"publish","type":"page","link":"https:\/\/wpd.ugr.es\/~filolab\/wordpress\/about-us-2\/","title":{"rendered":"About us"},"content":{"rendered":"<div id=\"pl-987\"  class=\"panel-layout\" ><div id=\"pg-987-0\"  class=\"panel-grid panel-no-style\" ><div id=\"pgc-987-0-0\"  class=\"panel-grid-cell\" ><div id=\"panel-987-0-0-0\" class=\"so-panel widget widget_sow-headline panel-first-child panel-last-child\" data-index=\"0\" ><div class=\"so-widget-sow-headline so-widget-sow-headline-default-f96e4ccb1d27\"><div class=\"sow-headline-container \">\n\t<h1 class='sow-headline'>Manager Positions in FiloLab<\/h1><\/div><\/div><\/div><\/div><\/div><div id=\"pg-987-1\"  class=\"panel-grid panel-has-style\" ><div class=\"panel-row-style panel-row-style-for-987-1\" ><div id=\"pgc-987-1-0\"  class=\"panel-grid-cell\" ><div id=\"panel-987-1-0-0\" class=\"so-panel widget widget_sow-editor panel-first-child panel-last-child\" data-index=\"1\" ><div class=\"panel-widget-style panel-widget-style-for-987-1-0-0\" ><div class=\"so-widget-sow-editor so-widget-sow-editor-base\"><h3 class=\"widget-title\">Lilian Bermejo Luque<\/h3>\n<div class=\"siteorigin-widget-tinymce textwidget\">\n\t<p><a href=\"http:\/\/wpd.ugr.es\/~filolab\/wordpress\/quienes-somos\/lilian-bermejo-luque\/\"><span style=\"color: #ffffff;\"> Director of FiloLab - Associate Professor-tenured of Moral and Political Philosophy - Department of Philosophy I UGR<\/span><\/a><\/p>\n<\/div>\n<\/div><\/div><\/div><\/div><\/div><\/div><div id=\"pg-987-2\"  class=\"panel-grid panel-no-style\" ><div id=\"pgc-987-2-0\"  class=\"panel-grid-cell\" ><div id=\"panel-987-2-0-0\" class=\"so-panel widget widget_sow-editor panel-first-child panel-last-child\" data-index=\"2\" ><div class=\"panel-widget-style panel-widget-style-for-987-2-0-0\" ><div class=\"so-widget-sow-editor so-widget-sow-editor-base\"><h3 class=\"widget-title\">David Rodr\u00edguez-Arias<\/h3>\n<div class=\"siteorigin-widget-tinymce textwidget\">\n\t<p><span style=\"color: #000000;\">Deputy Director of FiloLab - Ram\u00f3n y Cajal Researcher - Department of Philosophy I UGR<\/span><\/p>\n<\/div>\n<\/div><\/div><\/div><\/div><\/div><div id=\"pg-987-3\"  class=\"panel-grid panel-has-style\" ><div class=\"panel-row-style panel-row-style-for-987-3\" ><div id=\"pgc-987-3-0\"  class=\"panel-grid-cell\" ><div id=\"panel-987-3-0-0\" class=\"so-panel widget widget_sow-editor panel-first-child panel-last-child\" data-index=\"3\" ><div class=\"panel-widget-style panel-widget-style-for-987-3-0-0\" ><div class=\"so-widget-sow-editor so-widget-sow-editor-base\"><h3 class=\"widget-title\">Mar\u00eda Jos\u00e9 Fr\u00e1polli<\/h3>\n<div class=\"siteorigin-widget-tinymce textwidget\">\n\t<p><span style=\"color: #ffffff;\">Communication Manager - Full Professor of Logic and Philosophy of Science - Department of Philosophy I UGR<\/span><\/p>\n<\/div>\n<\/div><\/div><\/div><\/div><\/div><\/div><div id=\"pg-987-4\"  class=\"panel-grid panel-no-style\" ><div id=\"pgc-987-4-0\"  class=\"panel-grid-cell\" ><div id=\"panel-987-4-0-0\" class=\"so-panel widget widget_sow-editor panel-first-child panel-last-child\" data-index=\"4\" ><div class=\"panel-widget-style panel-widget-style-for-987-4-0-0\" ><div class=\"so-widget-sow-editor so-widget-sow-editor-base\"><h3 class=\"widget-title\">Fernando Mart\u00ednez Manrique<\/h3>\n<div class=\"siteorigin-widget-tinymce textwidget\">\n\t<p><span style=\"color: #000000;\">Manager for the Strategic Plan - Associate Professor-tenured of Logic and Philosophy of Science - Department of Philosophy I UGR<\/span><\/p>\n<\/div>\n<\/div><\/div><\/div><\/div><\/div><div id=\"pg-987-5\"  class=\"panel-grid panel-has-style\" ><div class=\"panel-row-style panel-row-style-for-987-5\" ><div id=\"pgc-987-5-0\"  class=\"panel-grid-cell\" ><div id=\"panel-987-5-0-0\" class=\"so-panel widget widget_sow-editor panel-first-child panel-last-child\" data-index=\"5\" ><div class=\"panel-widget-style panel-widget-style-for-987-5-0-0\" ><div class=\"so-widget-sow-editor so-widget-sow-editor-base\"><h3 class=\"widget-title\">Jos\u00e9 Luis Moreno Pesta\u00f1a<\/h3>\n<div class=\"siteorigin-widget-tinymce textwidget\">\n\t<p><span style=\"color: #ffffff;\">Manager for Work In Progress\u00a0- Associate Professor-tenured of Moral and Political Philosophy - Department of Philosophy I UGR<\/span><\/p>\n<\/div>\n<\/div><\/div><\/div><\/div><\/div><\/div><div id=\"pg-987-6\"  class=\"panel-grid panel-no-style\" ><div id=\"pgc-987-6-0\"  class=\"panel-grid-cell\" ><div id=\"panel-987-6-0-0\" class=\"so-panel widget widget_sow-editor panel-first-child panel-last-child\" data-index=\"6\" ><div class=\"panel-widget-style panel-widget-style-for-987-6-0-0\" ><div class=\"so-widget-sow-editor so-widget-sow-editor-base\"><h3 class=\"widget-title\">Juan A. Nicol\u00e1s Mar\u00edn<\/h3>\n<div class=\"siteorigin-widget-tinymce textwidget\">\n\t<p><span style=\"color: #000000;\">Project Manager and Director of Observatorio V\u00e9ritas - Full Professor of Philosophy - Department of Philosophy II UGR<\/span><\/p>\n<\/div>\n<\/div><\/div><\/div><\/div><\/div><div id=\"pg-987-7\"  class=\"panel-grid panel-has-style\" ><div class=\"panel-row-style panel-row-style-for-987-7\" ><div id=\"pgc-987-7-0\"  class=\"panel-grid-cell\" ><div id=\"panel-987-7-0-0\" class=\"so-panel widget widget_sow-editor panel-first-child panel-last-child\" data-index=\"7\" ><div class=\"panel-widget-style panel-widget-style-for-987-7-0-0\" ><div class=\"so-widget-sow-editor so-widget-sow-editor-base\"><h3 class=\"widget-title\">Manuel de Pinedo Garc\u00eda<\/h3>\n<div class=\"siteorigin-widget-tinymce textwidget\">\n\t<p><span style=\"color: #ffffff;\">Manager for Corporate Image and Work In Progress - Associate Professor-tenured of Logic and Philosophy of Science - Department of Philosophy I UGR<\/span><\/p>\n<\/div>\n<\/div><\/div><\/div><\/div><\/div><\/div><div id=\"pg-987-8\"  class=\"panel-grid panel-no-style\" ><div id=\"pgc-987-8-0\"  class=\"panel-grid-cell\" ><div id=\"panel-987-8-0-0\" class=\"so-panel widget widget_sow-editor panel-first-child panel-last-child\" data-index=\"8\" ><div class=\"panel-widget-style panel-widget-style-for-987-8-0-0\" ><div class=\"so-widget-sow-editor so-widget-sow-editor-base\"><h3 class=\"widget-title\">Neftal\u00ed Villanueva Fern\u00e1ndez<\/h3>\n<div class=\"siteorigin-widget-tinymce textwidget\">\n\t<p><span style=\"color: #000000;\">Manager for Work In Progress - Associate Professor-tenured of Logic and Philosophy of Science - Department of Philosophy I UGR<\/span><\/p>\n<\/div>\n<\/div><\/div><\/div><\/div><\/div><div id=\"pg-987-9\"  class=\"panel-grid panel-has-style\" ><div class=\"panel-row-style panel-row-style-for-987-9\" ><div id=\"pgc-987-9-0\"  class=\"panel-grid-cell\" ><div id=\"panel-987-9-0-0\" class=\"so-panel widget widget_sow-editor panel-first-child panel-last-child\" data-index=\"9\" ><div class=\"panel-widget-style panel-widget-style-for-987-9-0-0\" ><div class=\"so-widget-sow-editor so-widget-sow-editor-base\"><h3 class=\"widget-title\">Jorge Costa Delgado<\/h3>\n<div class=\"siteorigin-widget-tinymce textwidget\">\n\t<p><span style=\"color: #ffffff;\">Webmaster and Content Manager - Technical Assistant for Research - Department of Philosophy I UGR<\/span><\/p>\n<\/div>\n<\/div><\/div><\/div><\/div><\/div><\/div><\/div><!-- AddThis Advanced Settings generic via filter on the_content --><!-- AddThis Share Buttons generic via filter on the_content -->","protected":false},"excerpt":{"rendered":"<p>Director of FiloLab &#8211; Associate Professor-tenured of Moral and Political Philosophy &#8211; Department of Philosophy I UGR<!-- AddThis Advanced Settings generic via filter on get_the_excerpt --><!-- AddThis Share Buttons generic via filter on get_the_excerpt --><\/p>\n","protected":false},"author":1,"featured_media":0,"parent":0,"menu_order":0,"comment_status":"closed","ping_status":"closed","template":"","meta":[],"_links":{"self":[{"href":"https:\/\/wpd.ugr.es\/~filolab\/wordpress\/wp-json\/wp\/v2\/pages\/987"}],"collection":[{"href":"https:\/\/wpd.ugr.es\/~filolab\/wordpress\/wp-json\/wp\/v2\/pages"}],"about":[{"href":"https:\/\/wpd.ugr.es\/~filolab\/wordpress\/wp-json\/wp\/v2\/types\/page"}],"author":[{"embeddable":true,"href":"https:\/\/wpd.ugr.es\/~filolab\/wordpress\/wp-json\/wp\/v2\/users\/1"}],"replies":[{"embeddable":true,"href":"https:\/\/wpd.ugr.es\/~filolab\/wordpress\/wp-json\/wp\/v2\/comments?post=987"}],"version-history":[{"count":28,"href":"https:\/\/wpd.ugr.es\/~filolab\/wordpress\/wp-json\/wp\/v2\/pages\/987\/revisions"}],"predecessor-version":[{"id":1802,"href":"https:\/\/wpd.ugr.es\/~filolab\/wordpress\/wp-json\/wp\/v2\/pages\/987\/revisions\/1802"}],"wp:attachment":[{"href":"https:\/\/wpd.ugr.es\/~filolab\/wordpress\/wp-json\/wp\/v2\/media?parent=987"}],"curies":[{"name":"wp","href":"https:\/\/api.w.org\/{rel}","templated":true}]}}