{"id":130,"date":"2023-12-27T15:05:12","date_gmt":"2023-12-27T15:05:12","guid":{"rendered":"https:\/\/wpd.ugr.es\/~fisicas50\/?page_id=130"},"modified":"2025-01-08T16:30:27","modified_gmt":"2025-01-08T16:30:27","slug":"40-aniversario","status":"publish","type":"page","link":"https:\/\/wpd.ugr.es\/~fisicas50\/40-aniversario\/","title":{"rendered":"40 Aniversario"},"content":{"rendered":"<p>En 2013, siendo Antonio R\u00edos el Decano de la Facultad de Ciencias, Estrella Florido (en ese momento coordinadora del Grado en F\u00edsica) y M\u00aa Carmen Carri\u00f3n (directora del Departamento de F\u00edsica Aplicada) organizaron la conmemoraci\u00f3n de los 40 a\u00f1os de estudios de f\u00edsica en la UGR.<\/p>\n<p>Se realiz\u00f3 una exposici\u00f3n donde se recog\u00edan las orlas de los diferentes cursos hasta entonces, fotograf\u00edas y recuerdos de varias promociones, adem\u00e1s de un acto al que asisti\u00f3 el entonces presidente de la RSEF, D. Jos\u00e9 Adolfo de Azc\u00e1rraga Feliu. La profesora M\u00aa Josefa Yzuel Gim\u00e9nez se encarg\u00f3 de impartir la conferencia principal.<\/p>\n<p>Aqu\u00ed recogemos algunas de las im\u00e1genes y documentos recopilados para dicho evento.<\/p>\n<ul>\n<li><a href=\"https:\/\/wpd.ugr.es\/~fisicas50\/wp-content\/uploads\/2023\/12\/Hoja-Bibliometrica_def.pdf\">Estudio bibliom\u00e9trico<\/a><\/li>\n<li>Fotos mostradas de la exposici\u00f3n\n<ul>\n<li><a href=\"https:\/\/wpd.ugr.es\/~fisicas50\/wp-content\/uploads\/2023\/12\/poster1_fondo.pdf\">P\u00f3ster 1<\/a><\/li>\n<li><a href=\"https:\/\/wpd.ugr.es\/~fisicas50\/wp-content\/uploads\/2023\/12\/poster2_fondo.pdf\">P\u00f3ster 2<\/a><\/li>\n<li><a href=\"https:\/\/wpd.ugr.es\/~fisicas50\/wp-content\/uploads\/2023\/12\/poster3_fondo.pdf\">P\u00f3ster 3<\/a><\/li>\n<li><a href=\"https:\/\/wpd.ugr.es\/~fisicas50\/wp-content\/uploads\/2023\/12\/poster4_fondo.pdf\">P\u00f3ster 4<\/a><\/li>\n<li><a href=\"https:\/\/wpd.ugr.es\/~fisicas50\/wp-content\/uploads\/2023\/12\/poster5_fondo.pdf\">P\u00f3ster 5<\/a><\/li>\n<li><a href=\"https:\/\/wpd.ugr.es\/~fisicas50\/wp-content\/uploads\/2023\/12\/poster6_fondo.pdf\">P\u00f3ster 6<\/a><\/li>\n<\/ul>\n<\/li>\n<li><a href=\"https:\/\/wpd.ugr.es\/~fisicas50\/fotos-40-aniversario\/\">Fotos del acto<\/a><\/li>\n<li><a href=\"https:\/\/wpd.ugr.es\/~fisicas50\/caricaturas\/\">Caricaturas <em>(realizadas por Ram\u00f3n Carlos V\u00e1lor L\u00f3pez)<\/em><\/a><\/li>\n<\/ul>\n","protected":false},"excerpt":{"rendered":"<p>En 2013, siendo Antonio R\u00edos el Decano de la Facultad de Ciencias, Estrella Florido (en ese momento coordinadora del Grado en F\u00edsica) y M\u00aa Carmen&hellip;<\/p>\n","protected":false},"author":1,"featured_media":0,"parent":0,"menu_order":0,"comment_status":"closed","ping_status":"closed","template":"","meta":[],"_links":{"self":[{"href":"https:\/\/wpd.ugr.es\/~fisicas50\/wp-json\/wp\/v2\/pages\/130"}],"collection":[{"href":"https:\/\/wpd.ugr.es\/~fisicas50\/wp-json\/wp\/v2\/pages"}],"about":[{"href":"https:\/\/wpd.ugr.es\/~fisicas50\/wp-json\/wp\/v2\/types\/page"}],"author":[{"embeddable":true,"href":"https:\/\/wpd.ugr.es\/~fisicas50\/wp-json\/wp\/v2\/users\/1"}],"replies":[{"embeddable":true,"href":"https:\/\/wpd.ugr.es\/~fisicas50\/wp-json\/wp\/v2\/comments?post=130"}],"version-history":[{"count":32,"href":"https:\/\/wpd.ugr.es\/~fisicas50\/wp-json\/wp\/v2\/pages\/130\/revisions"}],"predecessor-version":[{"id":686,"href":"https:\/\/wpd.ugr.es\/~fisicas50\/wp-json\/wp\/v2\/pages\/130\/revisions\/686"}],"wp:attachment":[{"href":"https:\/\/wpd.ugr.es\/~fisicas50\/wp-json\/wp\/v2\/media?parent=130"}],"curies":[{"name":"wp","href":"https:\/\/api.w.org\/{rel}","templated":true}]}}