{"id":154,"date":"2023-12-27T15:52:33","date_gmt":"2023-12-27T15:52:33","guid":{"rendered":"https:\/\/wpd.ugr.es\/~fisicas50\/?page_id=154"},"modified":"2025-01-08T16:38:25","modified_gmt":"2025-01-08T16:38:25","slug":"departamentos","status":"publish","type":"page","link":"https:\/\/wpd.ugr.es\/~fisicas50\/departamentos\/","title":{"rendered":"Departamentos"},"content":{"rendered":"<p>La organizaci\u00f3n de los departamentos relacionados con las distintas ramas de la F\u00edsica ha ido cambiando a lo largo de estos a\u00f1os. A continuaci\u00f3n ponemos un esquema sobre esta evoluci\u00f3n y el enlace a los departamentos actuales.<\/p>\n<style>\/*! elementor - v3.14.0 - 26-06-2023 *\/<br \/>\n.elementor-widget-image{text-align:center}.elementor-widget-image a{display:inline-block}.elementor-widget-image a img[src$=\".svg\"]{width:48px}.elementor-widget-image img{vertical-align:middle;display:inline-block}<\/style>\n<p>\t\t\t\t\t\t\t\t\t\t\t\t<img decoding=\"async\" width=\"843\" height=\"593\" src=\"https:\/\/wpd.ugr.es\/~fisicas50\/wp-content\/uploads\/2023\/12\/Captura-de-pantalla-2023-12-27-a-las-16.42.36-1024x720.png\" alt=\"\" loading=\"lazy\" srcset=\"https:\/\/wpd.ugr.es\/~fisicas50\/wp-content\/uploads\/2023\/12\/Captura-de-pantalla-2023-12-27-a-las-16.42.36-1024x720.png 1024w, https:\/\/wpd.ugr.es\/~fisicas50\/wp-content\/uploads\/2023\/12\/Captura-de-pantalla-2023-12-27-a-las-16.42.36-300x211.png 300w, https:\/\/wpd.ugr.es\/~fisicas50\/wp-content\/uploads\/2023\/12\/Captura-de-pantalla-2023-12-27-a-las-16.42.36-768x540.png 768w, https:\/\/wpd.ugr.es\/~fisicas50\/wp-content\/uploads\/2023\/12\/Captura-de-pantalla-2023-12-27-a-las-16.42.36.png 1340w\" sizes=\"(max-width: 843px) 100vw, 843px\"><\/p>\n<ul>\n<li><a href=\"https:\/\/efm.ugr.es\/\">Electromagnetismo y F\u00edsica de la Materia<\/a><\/li>\n<li><a href=\"https:\/\/electronica.ugr.es\/\">Electr\u00f3nica y Tecnolog\u00eda de Computadores<\/a><\/li>\n<li><a href=\"https:\/\/fisicaaplicada.ugr.es\/\">F\u00edsica Aplicada<\/a><\/li>\n<li><a href=\"https:\/\/famn.ugr.es\/\">F\u00edsica At\u00f3mica, Molecular y Nuclear<\/a><\/li>\n<li><a href=\"https:\/\/www.ugr.es\/~fteorica\/\">F\u00edsica Te\u00f3rica y del Cosmos<\/a><\/li>\n<li><a href=\"https:\/\/optica.ugr.es\/\">\u00d3ptica<\/a><\/li>\n<\/ul>\n","protected":false},"excerpt":{"rendered":"<p>La organizaci\u00f3n de los departamentos relacionados con las distintas ramas de la F\u00edsica ha ido cambiando a lo largo de estos a\u00f1os. A continuaci\u00f3n ponemos&hellip;<\/p>\n","protected":false},"author":1,"featured_media":0,"parent":0,"menu_order":0,"comment_status":"closed","ping_status":"closed","template":"","meta":[],"_links":{"self":[{"href":"https:\/\/wpd.ugr.es\/~fisicas50\/wp-json\/wp\/v2\/pages\/154"}],"collection":[{"href":"https:\/\/wpd.ugr.es\/~fisicas50\/wp-json\/wp\/v2\/pages"}],"about":[{"href":"https:\/\/wpd.ugr.es\/~fisicas50\/wp-json\/wp\/v2\/types\/page"}],"author":[{"embeddable":true,"href":"https:\/\/wpd.ugr.es\/~fisicas50\/wp-json\/wp\/v2\/users\/1"}],"replies":[{"embeddable":true,"href":"https:\/\/wpd.ugr.es\/~fisicas50\/wp-json\/wp\/v2\/comments?post=154"}],"version-history":[{"count":5,"href":"https:\/\/wpd.ugr.es\/~fisicas50\/wp-json\/wp\/v2\/pages\/154\/revisions"}],"predecessor-version":[{"id":690,"href":"https:\/\/wpd.ugr.es\/~fisicas50\/wp-json\/wp\/v2\/pages\/154\/revisions\/690"}],"wp:attachment":[{"href":"https:\/\/wpd.ugr.es\/~fisicas50\/wp-json\/wp\/v2\/media?parent=154"}],"curies":[{"name":"wp","href":"https:\/\/api.w.org\/{rel}","templated":true}]}}