{"id":178,"date":"2023-12-27T16:14:09","date_gmt":"2023-12-27T16:14:09","guid":{"rendered":"https:\/\/wpd.ugr.es\/~fisicas50\/?page_id=178"},"modified":"2025-01-08T16:33:02","modified_gmt":"2025-01-08T16:33:02","slug":"caricaturas","status":"publish","type":"page","link":"https:\/\/wpd.ugr.es\/~fisicas50\/caricaturas\/","title":{"rendered":"Caricaturas"},"content":{"rendered":"\t\t<div data-elementor-type=\"wp-page\" data-elementor-id=\"178\" class=\"elementor elementor-178\">\n\t\t\t\t\t\t\t\t\t<section class=\"elementor-section elementor-top-section elementor-element elementor-element-d3354c3 elementor-section-boxed elementor-section-height-default elementor-section-height-default\" data-id=\"d3354c3\" data-element_type=\"section\">\n\t\t\t\t\t\t<div class=\"elementor-container elementor-column-gap-default\">\n\t\t\t\t\t<div class=\"elementor-column elementor-col-100 elementor-top-column elementor-element elementor-element-1d96825\" data-id=\"1d96825\" data-element_type=\"column\">\n\t\t\t<div class=\"elementor-widget-wrap elementor-element-populated\">\n\t\t\t\t\t\t\t\t<div class=\"elementor-element elementor-element-dd3d44d gallery-spacing-custom elementor-widget elementor-widget-image-gallery\" data-id=\"dd3d44d\" data-element_type=\"widget\" data-widget_type=\"image-gallery.default\">\n\t\t\t\t<div class=\"elementor-widget-container\">\n\t\t\t<style>\/*! elementor - v3.14.0 - 26-06-2023 *\/\n.elementor-image-gallery .gallery-item{display:inline-block;text-align:center;vertical-align:top;width:100%;max-width:100%;margin:0 auto}.elementor-image-gallery .gallery-item img{margin:0 auto}.elementor-image-gallery .gallery-item .gallery-caption{margin:0}.elementor-image-gallery figure img{display:block}.elementor-image-gallery figure figcaption{width:100%}.gallery-spacing-custom .elementor-image-gallery .gallery-icon{padding:0}@media (min-width:768px){.elementor-image-gallery .gallery-columns-2 .gallery-item{max-width:50%}.elementor-image-gallery .gallery-columns-3 .gallery-item{max-width:33.33%}.elementor-image-gallery .gallery-columns-4 .gallery-item{max-width:25%}.elementor-image-gallery .gallery-columns-5 .gallery-item{max-width:20%}.elementor-image-gallery .gallery-columns-6 .gallery-item{max-width:16.666%}.elementor-image-gallery .gallery-columns-7 .gallery-item{max-width:14.28%}.elementor-image-gallery .gallery-columns-8 .gallery-item{max-width:12.5%}.elementor-image-gallery .gallery-columns-9 .gallery-item{max-width:11.11%}.elementor-image-gallery .gallery-columns-10 .gallery-item{max-width:10%}}@media (min-width:480px) and (max-width:767px){.elementor-image-gallery .gallery.gallery-columns-2 .gallery-item,.elementor-image-gallery .gallery.gallery-columns-3 .gallery-item,.elementor-image-gallery .gallery.gallery-columns-4 .gallery-item,.elementor-image-gallery .gallery.gallery-columns-5 .gallery-item,.elementor-image-gallery .gallery.gallery-columns-6 .gallery-item,.elementor-image-gallery .gallery.gallery-columns-7 .gallery-item,.elementor-image-gallery .gallery.gallery-columns-8 .gallery-item,.elementor-image-gallery .gallery.gallery-columns-9 .gallery-item,.elementor-image-gallery .gallery.gallery-columns-10 .gallery-item{max-width:50%}}@media (max-width:479px){.elementor-image-gallery .gallery.gallery-columns-2 .gallery-item,.elementor-image-gallery .gallery.gallery-columns-3 .gallery-item,.elementor-image-gallery .gallery.gallery-columns-4 .gallery-item,.elementor-image-gallery .gallery.gallery-columns-5 .gallery-item,.elementor-image-gallery .gallery.gallery-columns-6 .gallery-item,.elementor-image-gallery .gallery.gallery-columns-7 .gallery-item,.elementor-image-gallery .gallery.gallery-columns-8 .gallery-item,.elementor-image-gallery .gallery.gallery-columns-9 .gallery-item,.elementor-image-gallery .gallery.gallery-columns-10 .gallery-item{max-width:100%}}<\/style>\t\t<div class=\"elementor-image-gallery\">\n\t\t\t<div id='gallery-1' class='gallery galleryid-178 gallery-columns-4 gallery-size-thumbnail'><figure class='gallery-item'>\n\t\t\t<div class='gallery-icon portrait'>\n\t\t\t\t<a data-elementor-open-lightbox=\"yes\" data-elementor-lightbox-slideshow=\"dd3d44d\" data-elementor-lightbox-title=\"y2EuJ6FTEABjaZzJxeO4RucI10FphSCNGVBEnamXVQrAl9b1Xdrl-KW8x_RG\" data-e-action-hash=\"#elementor-action%3Aaction%3Dlightbox%26settings%3DeyJpZCI6MTc3LCJ1cmwiOiJodHRwczpcL1wvd3BkLnVnci5lc1wvfmZpc2ljYXM1MFwvd3AtY29udGVudFwvdXBsb2Fkc1wvMjAyM1wvMTJcL3kyRXVKNkZURUFCamFaekp4ZU80UnVjSTEwRnBoU0NOR1ZCRW5hbVhWUXJBbDliMVhkcmwtS1c4eF9SRy5qcGciLCJzbGlkZXNob3ciOiJkZDNkNDRkIn0%3D\" href='https:\/\/wpd.ugr.es\/~fisicas50\/wp-content\/uploads\/2023\/12\/y2EuJ6FTEABjaZzJxeO4RucI10FphSCNGVBEnamXVQrAl9b1Xdrl-KW8x_RG.jpg'><img width=\"137\" height=\"150\" src=\"https:\/\/wpd.ugr.es\/~fisicas50\/wp-content\/uploads\/2023\/12\/y2EuJ6FTEABjaZzJxeO4RucI10FphSCNGVBEnamXVQrAl9b1Xdrl-KW8x_RG-137x150.jpg\" class=\"attachment-thumbnail size-thumbnail\" alt=\"\" decoding=\"async\" loading=\"lazy\" aria-describedby=\"gallery-1-177\" \/><\/a>\n\t\t\t<\/div>\n\t\t\t\t<figcaption class='wp-caption-text gallery-caption' id='gallery-1-177'>\n\t\t\t\tAntonio Lloris\n\t\t\t\t<\/figcaption><\/figure><figure class='gallery-item'>\n\t\t\t<div class='gallery-icon portrait'>\n\t\t\t\t<a data-elementor-open-lightbox=\"yes\" data-elementor-lightbox-slideshow=\"dd3d44d\" data-elementor-lightbox-title=\"xWyfdmLEHL2yJy-lTyHEPQ_dntLDM2zRzgOWlwFFZraWkW_Hbj1L4h4Y_002\" data-e-action-hash=\"#elementor-action%3Aaction%3Dlightbox%26settings%3DeyJpZCI6MTc2LCJ1cmwiOiJodHRwczpcL1wvd3BkLnVnci5lc1wvfmZpc2ljYXM1MFwvd3AtY29udGVudFwvdXBsb2Fkc1wvMjAyM1wvMTJcL3hXeWZkbUxFSEwyeUp5LWxUeUhFUFFfZG50TERNMnpSemdPV2x3RkZacmFXa1dfSGJqMUw0aDRZXzAwMi5qcGciLCJzbGlkZXNob3ciOiJkZDNkNDRkIn0%3D\" href='https:\/\/wpd.ugr.es\/~fisicas50\/wp-content\/uploads\/2023\/12\/xWyfdmLEHL2yJy-lTyHEPQ_dntLDM2zRzgOWlwFFZraWkW_Hbj1L4h4Y_002.jpg'><img width=\"137\" height=\"150\" src=\"https:\/\/wpd.ugr.es\/~fisicas50\/wp-content\/uploads\/2023\/12\/xWyfdmLEHL2yJy-lTyHEPQ_dntLDM2zRzgOWlwFFZraWkW_Hbj1L4h4Y_002-137x150.jpg\" class=\"attachment-thumbnail size-thumbnail\" alt=\"\" decoding=\"async\" loading=\"lazy\" aria-describedby=\"gallery-1-176\" \/><\/a>\n\t\t\t<\/div>\n\t\t\t\t<figcaption class='wp-caption-text gallery-caption' id='gallery-1-176'>\n\t\t\t\tRam\u00f3n Rom\u00e1n\n\t\t\t\t<\/figcaption><\/figure><figure class='gallery-item'>\n\t\t\t<div class='gallery-icon portrait'>\n\t\t\t\t<a data-elementor-open-lightbox=\"yes\" data-elementor-lightbox-slideshow=\"dd3d44d\" data-elementor-lightbox-title=\"Wf6cTyUO31Pcrtu0KI0YQu3Xn-1ezzeWG73MG00g-C5VceS-JYm4a28u_002\" data-e-action-hash=\"#elementor-action%3Aaction%3Dlightbox%26settings%3DeyJpZCI6MTc1LCJ1cmwiOiJodHRwczpcL1wvd3BkLnVnci5lc1wvfmZpc2ljYXM1MFwvd3AtY29udGVudFwvdXBsb2Fkc1wvMjAyM1wvMTJcL1dmNmNUeVVPMzFQY3J0dTBLSTBZUXUzWG4tMWV6emVXRzczTUcwMGctQzVWY2VTLUpZbTRhMjh1XzAwMi5qcGciLCJzbGlkZXNob3ciOiJkZDNkNDRkIn0%3D\" href='https:\/\/wpd.ugr.es\/~fisicas50\/wp-content\/uploads\/2023\/12\/Wf6cTyUO31Pcrtu0KI0YQu3Xn-1ezzeWG73MG00g-C5VceS-JYm4a28u_002.jpg'><img width=\"137\" height=\"150\" src=\"https:\/\/wpd.ugr.es\/~fisicas50\/wp-content\/uploads\/2023\/12\/Wf6cTyUO31Pcrtu0KI0YQu3Xn-1ezzeWG73MG00g-C5VceS-JYm4a28u_002-137x150.jpg\" class=\"attachment-thumbnail size-thumbnail\" alt=\"\" decoding=\"async\" loading=\"lazy\" aria-describedby=\"gallery-1-175\" \/><\/a>\n\t\t\t<\/div>\n\t\t\t\t<figcaption class='wp-caption-text gallery-caption' id='gallery-1-175'>\n\t\t\t\tEduardo Battaner\n\t\t\t\t<\/figcaption><\/figure><figure class='gallery-item'>\n\t\t\t<div class='gallery-icon portrait'>\n\t\t\t\t<a data-elementor-open-lightbox=\"yes\" data-elementor-lightbox-slideshow=\"dd3d44d\" data-elementor-lightbox-title=\"vWEv53yXY7GAhPBqsMCOPl-L4HX2f-BC11ytC__uZqdxi0oznxlFgXAZ_002\" data-e-action-hash=\"#elementor-action%3Aaction%3Dlightbox%26settings%3DeyJpZCI6MTc0LCJ1cmwiOiJodHRwczpcL1wvd3BkLnVnci5lc1wvfmZpc2ljYXM1MFwvd3AtY29udGVudFwvdXBsb2Fkc1wvMjAyM1wvMTJcL3ZXRXY1M3lYWTdHQWhQQnFzTUNPUGwtTDRIWDJmLUJDMTF5dENfX3VacWR4aTBvem54bEZnWEFaXzAwMi5qcGciLCJzbGlkZXNob3ciOiJkZDNkNDRkIn0%3D\" href='https:\/\/wpd.ugr.es\/~fisicas50\/wp-content\/uploads\/2023\/12\/vWEv53yXY7GAhPBqsMCOPl-L4HX2f-BC11ytC__uZqdxi0oznxlFgXAZ_002.jpg'><img width=\"137\" height=\"150\" src=\"https:\/\/wpd.ugr.es\/~fisicas50\/wp-content\/uploads\/2023\/12\/vWEv53yXY7GAhPBqsMCOPl-L4HX2f-BC11ytC__uZqdxi0oznxlFgXAZ_002-137x150.jpg\" class=\"attachment-thumbnail size-thumbnail\" alt=\"\" decoding=\"async\" loading=\"lazy\" aria-describedby=\"gallery-1-174\" \/><\/a>\n\t\t\t<\/div>\n\t\t\t\t<figcaption class='wp-caption-text gallery-caption' id='gallery-1-174'>\n\t\t\t\tJos\u00e9 Ros\n\t\t\t\t<\/figcaption><\/figure><figure class='gallery-item'>\n\t\t\t<div class='gallery-icon portrait'>\n\t\t\t\t<a data-elementor-open-lightbox=\"yes\" data-elementor-lightbox-slideshow=\"dd3d44d\" data-elementor-lightbox-title=\"U3_3TzJly8LuuW1eh-E7QZX-WnTjbCpZHRKIdgRGxng4m4pckmYejInK16n3\" data-e-action-hash=\"#elementor-action%3Aaction%3Dlightbox%26settings%3DeyJpZCI6MTczLCJ1cmwiOiJodHRwczpcL1wvd3BkLnVnci5lc1wvfmZpc2ljYXM1MFwvd3AtY29udGVudFwvdXBsb2Fkc1wvMjAyM1wvMTJcL1UzXzNUekpseThMdXVXMWVoLUU3UVpYLVduVGpiQ3BaSFJLSWRnUkd4bmc0bTRwY2ttWWVqSW5LMTZuMy5qcGciLCJzbGlkZXNob3ciOiJkZDNkNDRkIn0%3D\" href='https:\/\/wpd.ugr.es\/~fisicas50\/wp-content\/uploads\/2023\/12\/U3_3TzJly8LuuW1eh-E7QZX-WnTjbCpZHRKIdgRGxng4m4pckmYejInK16n3.jpg'><img width=\"137\" height=\"150\" src=\"https:\/\/wpd.ugr.es\/~fisicas50\/wp-content\/uploads\/2023\/12\/U3_3TzJly8LuuW1eh-E7QZX-WnTjbCpZHRKIdgRGxng4m4pckmYejInK16n3-137x150.jpg\" class=\"attachment-thumbnail size-thumbnail\" alt=\"\" decoding=\"async\" loading=\"lazy\" aria-describedby=\"gallery-1-173\" \/><\/a>\n\t\t\t<\/div>\n\t\t\t\t<figcaption class='wp-caption-text gallery-caption' id='gallery-1-173'>\n\t\t\t\tGerardo Pardo\n\t\t\t\t<\/figcaption><\/figure><figure class='gallery-item'>\n\t\t\t<div class='gallery-icon portrait'>\n\t\t\t\t<a data-elementor-open-lightbox=\"yes\" data-elementor-lightbox-slideshow=\"dd3d44d\" data-elementor-lightbox-title=\"tpkEPyK2qaSPRrrWs1i_HbSmsu6uv0EDUys7dA39amtQSrHFVnGsJev9YHVg\" data-e-action-hash=\"#elementor-action%3Aaction%3Dlightbox%26settings%3DeyJpZCI6MTcyLCJ1cmwiOiJodHRwczpcL1wvd3BkLnVnci5lc1wvfmZpc2ljYXM1MFwvd3AtY29udGVudFwvdXBsb2Fkc1wvMjAyM1wvMTJcL3Rwa0VQeUsycWFTUFJycldzMWlfSGJTbXN1NnV2MEVEVXlzN2RBMzlhbXRRU3JIRlZuR3NKZXY5WUhWZy5qcGciLCJzbGlkZXNob3ciOiJkZDNkNDRkIn0%3D\" href='https:\/\/wpd.ugr.es\/~fisicas50\/wp-content\/uploads\/2023\/12\/tpkEPyK2qaSPRrrWs1i_HbSmsu6uv0EDUys7dA39amtQSrHFVnGsJev9YHVg.jpg'><img width=\"137\" height=\"150\" src=\"https:\/\/wpd.ugr.es\/~fisicas50\/wp-content\/uploads\/2023\/12\/tpkEPyK2qaSPRrrWs1i_HbSmsu6uv0EDUys7dA39amtQSrHFVnGsJev9YHVg-137x150.jpg\" class=\"attachment-thumbnail size-thumbnail\" alt=\"\" decoding=\"async\" loading=\"lazy\" aria-describedby=\"gallery-1-172\" \/><\/a>\n\t\t\t<\/div>\n\t\t\t\t<figcaption class='wp-caption-text gallery-caption' id='gallery-1-172'>\n\t\t\t\tJes\u00fas S\u00e1nchez-Dehesa\n\t\t\t\t<\/figcaption><\/figure><figure class='gallery-item'>\n\t\t\t<div class='gallery-icon portrait'>\n\t\t\t\t<a data-elementor-open-lightbox=\"yes\" data-elementor-lightbox-slideshow=\"dd3d44d\" data-elementor-lightbox-title=\"o7fV24bDu36mBNKNOn2w2Fhs8vunwvZGY_o_GovlGHYtmh1YCWpTb5G2_002\" data-e-action-hash=\"#elementor-action%3Aaction%3Dlightbox%26settings%3DeyJpZCI6MTcxLCJ1cmwiOiJodHRwczpcL1wvd3BkLnVnci5lc1wvfmZpc2ljYXM1MFwvd3AtY29udGVudFwvdXBsb2Fkc1wvMjAyM1wvMTJcL283ZlYyNGJEdTM2bUJOS05PbjJ3MkZoczh2dW53dlpHWV9vX0dvdmxHSFl0bWgxWUNXcFRiNUcyXzAwMi5qcGciLCJzbGlkZXNob3ciOiJkZDNkNDRkIn0%3D\" href='https:\/\/wpd.ugr.es\/~fisicas50\/wp-content\/uploads\/2023\/12\/o7fV24bDu36mBNKNOn2w2Fhs8vunwvZGY_o_GovlGHYtmh1YCWpTb5G2_002.jpg'><img width=\"137\" height=\"150\" src=\"https:\/\/wpd.ugr.es\/~fisicas50\/wp-content\/uploads\/2023\/12\/o7fV24bDu36mBNKNOn2w2Fhs8vunwvZGY_o_GovlGHYtmh1YCWpTb5G2_002-137x150.jpg\" class=\"attachment-thumbnail size-thumbnail\" alt=\"\" decoding=\"async\" loading=\"lazy\" aria-describedby=\"gallery-1-171\" \/><\/a>\n\t\t\t<\/div>\n\t\t\t\t<figcaption class='wp-caption-text gallery-caption' id='gallery-1-171'>\n\t\t\t\tAlberto Prieto\n\t\t\t\t<\/figcaption><\/figure><figure class='gallery-item'>\n\t\t\t<div class='gallery-icon portrait'>\n\t\t\t\t<a data-elementor-open-lightbox=\"yes\" data-elementor-lightbox-slideshow=\"dd3d44d\" data-elementor-lightbox-title=\"PRSwFu4jq6TlPMzsTvSFWz0CS9gWsLq5YbCY1u-YADdBlTDw6izr-LJw_002\" data-e-action-hash=\"#elementor-action%3Aaction%3Dlightbox%26settings%3DeyJpZCI6MTcwLCJ1cmwiOiJodHRwczpcL1wvd3BkLnVnci5lc1wvfmZpc2ljYXM1MFwvd3AtY29udGVudFwvdXBsb2Fkc1wvMjAyM1wvMTJcL1BSU3dGdTRqcTZUbFBNenNUdlNGV3owQ1M5Z1dzTHE1WWJDWTF1LVlBRGRCbFREdzZpenItTEp3XzAwMi5qcGciLCJzbGlkZXNob3ciOiJkZDNkNDRkIn0%3D\" href='https:\/\/wpd.ugr.es\/~fisicas50\/wp-content\/uploads\/2023\/12\/PRSwFu4jq6TlPMzsTvSFWz0CS9gWsLq5YbCY1u-YADdBlTDw6izr-LJw_002.jpg'><img width=\"137\" height=\"150\" src=\"https:\/\/wpd.ugr.es\/~fisicas50\/wp-content\/uploads\/2023\/12\/PRSwFu4jq6TlPMzsTvSFWz0CS9gWsLq5YbCY1u-YADdBlTDw6izr-LJw_002-137x150.jpg\" class=\"attachment-thumbnail size-thumbnail\" alt=\"\" decoding=\"async\" loading=\"lazy\" aria-describedby=\"gallery-1-170\" \/><\/a>\n\t\t\t<\/div>\n\t\t\t\t<figcaption class='wp-caption-text gallery-caption' id='gallery-1-170'>\n\t\t\t\tRafael G\u00f3mez\n\t\t\t\t<\/figcaption><\/figure><figure class='gallery-item'>\n\t\t\t<div class='gallery-icon portrait'>\n\t\t\t\t<a data-elementor-open-lightbox=\"yes\" data-elementor-lightbox-slideshow=\"dd3d44d\" data-elementor-lightbox-title=\"Quy-POA7dB30P-xdLjst1lVeoqgq6Bvit6TIzVkAJJjlrPKLlQUL8oC6_003\" data-e-action-hash=\"#elementor-action%3Aaction%3Dlightbox%26settings%3DeyJpZCI6MTY5LCJ1cmwiOiJodHRwczpcL1wvd3BkLnVnci5lc1wvfmZpc2ljYXM1MFwvd3AtY29udGVudFwvdXBsb2Fkc1wvMjAyM1wvMTJcL1F1eS1QT0E3ZEIzMFAteGRManN0MWxWZW9xZ3E2QnZpdDZUSXpWa0FKSmpsclBLTGxRVUw4b0M2XzAwMy5qcGciLCJzbGlkZXNob3ciOiJkZDNkNDRkIn0%3D\" href='https:\/\/wpd.ugr.es\/~fisicas50\/wp-content\/uploads\/2023\/12\/Quy-POA7dB30P-xdLjst1lVeoqgq6Bvit6TIzVkAJJjlrPKLlQUL8oC6_003.jpg'><img width=\"150\" height=\"150\" src=\"https:\/\/wpd.ugr.es\/~fisicas50\/wp-content\/uploads\/2023\/12\/Quy-POA7dB30P-xdLjst1lVeoqgq6Bvit6TIzVkAJJjlrPKLlQUL8oC6_003-150x150.jpg\" class=\"attachment-thumbnail size-thumbnail\" alt=\"\" decoding=\"async\" loading=\"lazy\" aria-describedby=\"gallery-1-169\" \/><\/a>\n\t\t\t<\/div>\n\t\t\t\t<figcaption class='wp-caption-text gallery-caption' id='gallery-1-169'>\n\t\t\t\tLuis Mas\n\t\t\t\t<\/figcaption><\/figure><figure class='gallery-item'>\n\t\t\t<div class='gallery-icon portrait'>\n\t\t\t\t<a data-elementor-open-lightbox=\"yes\" data-elementor-lightbox-slideshow=\"dd3d44d\" data-elementor-lightbox-title=\"JTriT0P1N8lm32dZCWEI20gk8skDigKN29NW2EZh_tSVdvceDfuLmAS2_002\" data-e-action-hash=\"#elementor-action%3Aaction%3Dlightbox%26settings%3DeyJpZCI6MTY4LCJ1cmwiOiJodHRwczpcL1wvd3BkLnVnci5lc1wvfmZpc2ljYXM1MFwvd3AtY29udGVudFwvdXBsb2Fkc1wvMjAyM1wvMTJcL0pUcmlUMFAxTjhsbTMyZFpDV0VJMjBnazhza0RpZ0tOMjlOVzJFWmhfdFNWZHZjZURmdUxtQVMyXzAwMi5qcGciLCJzbGlkZXNob3ciOiJkZDNkNDRkIn0%3D\" href='https:\/\/wpd.ugr.es\/~fisicas50\/wp-content\/uploads\/2023\/12\/JTriT0P1N8lm32dZCWEI20gk8skDigKN29NW2EZh_tSVdvceDfuLmAS2_002.jpg'><img width=\"137\" height=\"150\" src=\"https:\/\/wpd.ugr.es\/~fisicas50\/wp-content\/uploads\/2023\/12\/JTriT0P1N8lm32dZCWEI20gk8skDigKN29NW2EZh_tSVdvceDfuLmAS2_002-137x150.jpg\" class=\"attachment-thumbnail size-thumbnail\" alt=\"\" decoding=\"async\" loading=\"lazy\" aria-describedby=\"gallery-1-168\" \/><\/a>\n\t\t\t<\/div>\n\t\t\t\t<figcaption class='wp-caption-text gallery-caption' id='gallery-1-168'>\n\t\t\t\tRafael Guardiola\n\t\t\t\t<\/figcaption><\/figure><figure class='gallery-item'>\n\t\t\t<div class='gallery-icon portrait'>\n\t\t\t\t<a data-elementor-open-lightbox=\"yes\" data-elementor-lightbox-slideshow=\"dd3d44d\" data-elementor-lightbox-title=\"If8mM7bbXcvAgcOl2IkDbanp7aVmFLQKsEzMxTfZW7xMzGW8cLlLhy5Jg6Sj\" data-e-action-hash=\"#elementor-action%3Aaction%3Dlightbox%26settings%3DeyJpZCI6MTY3LCJ1cmwiOiJodHRwczpcL1wvd3BkLnVnci5lc1wvfmZpc2ljYXM1MFwvd3AtY29udGVudFwvdXBsb2Fkc1wvMjAyM1wvMTJcL0lmOG1NN2JiWGN2QWdjT2wySWtEYmFucDdhVm1GTFFLc0V6TXhUZlpXN3hNekdXOGNMbExoeTVKZzZTai5qcGciLCJzbGlkZXNob3ciOiJkZDNkNDRkIn0%3D\" href='https:\/\/wpd.ugr.es\/~fisicas50\/wp-content\/uploads\/2023\/12\/If8mM7bbXcvAgcOl2IkDbanp7aVmFLQKsEzMxTfZW7xMzGW8cLlLhy5Jg6Sj.jpg'><img width=\"137\" height=\"150\" src=\"https:\/\/wpd.ugr.es\/~fisicas50\/wp-content\/uploads\/2023\/12\/If8mM7bbXcvAgcOl2IkDbanp7aVmFLQKsEzMxTfZW7xMzGW8cLlLhy5Jg6Sj-137x150.jpg\" class=\"attachment-thumbnail size-thumbnail\" alt=\"\" decoding=\"async\" loading=\"lazy\" aria-describedby=\"gallery-1-167\" \/><\/a>\n\t\t\t<\/div>\n\t\t\t\t<figcaption class='wp-caption-text gallery-caption' id='gallery-1-167'>\n\t\t\t\tBernardo Garc\u00eda Olmedo\n\t\t\t\t<\/figcaption><\/figure><figure class='gallery-item'>\n\t\t\t<div class='gallery-icon portrait'>\n\t\t\t\t<a data-elementor-open-lightbox=\"yes\" data-elementor-lightbox-slideshow=\"dd3d44d\" data-elementor-lightbox-title=\"EjZ8d3zHDwBEXEVgOKaRStCe-d5WrKGodZkakV81W18b3sq96LWQSkmTX38s\" data-e-action-hash=\"#elementor-action%3Aaction%3Dlightbox%26settings%3DeyJpZCI6MTY2LCJ1cmwiOiJodHRwczpcL1wvd3BkLnVnci5lc1wvfmZpc2ljYXM1MFwvd3AtY29udGVudFwvdXBsb2Fkc1wvMjAyM1wvMTJcL0VqWjhkM3pIRHdCRVhFVmdPS2FSU3RDZS1kNVdyS0dvZFprYWtWODFXMThiM3NxOTZMV1FTa21UWDM4cy5qcGciLCJzbGlkZXNob3ciOiJkZDNkNDRkIn0%3D\" href='https:\/\/wpd.ugr.es\/~fisicas50\/wp-content\/uploads\/2023\/12\/EjZ8d3zHDwBEXEVgOKaRStCe-d5WrKGodZkakV81W18b3sq96LWQSkmTX38s.jpg'><img width=\"137\" height=\"150\" src=\"https:\/\/wpd.ugr.es\/~fisicas50\/wp-content\/uploads\/2023\/12\/EjZ8d3zHDwBEXEVgOKaRStCe-d5WrKGodZkakV81W18b3sq96LWQSkmTX38s-137x150.jpg\" class=\"attachment-thumbnail size-thumbnail\" alt=\"\" decoding=\"async\" loading=\"lazy\" aria-describedby=\"gallery-1-166\" \/><\/a>\n\t\t\t<\/div>\n\t\t\t\t<figcaption class='wp-caption-text gallery-caption' id='gallery-1-166'>\n\t\t\t\t\u00c1ngel Palacios\n\t\t\t\t<\/figcaption><\/figure><figure class='gallery-item'>\n\t\t\t<div class='gallery-icon portrait'>\n\t\t\t\t<a data-elementor-open-lightbox=\"yes\" data-elementor-lightbox-slideshow=\"dd3d44d\" data-elementor-lightbox-title=\"aR8G563f0i_42jUfoT-02MQG9UFjZS_vzeIubspqYchtCdUsvxnkcGRvig7J\" data-e-action-hash=\"#elementor-action%3Aaction%3Dlightbox%26settings%3DeyJpZCI6MTY1LCJ1cmwiOiJodHRwczpcL1wvd3BkLnVnci5lc1wvfmZpc2ljYXM1MFwvd3AtY29udGVudFwvdXBsb2Fkc1wvMjAyM1wvMTJcL2FSOEc1NjNmMGlfNDJqVWZvVC0wMk1RRzlVRmpaU192emVJdWJzcHFZY2h0Q2RVc3Z4bmtjR1J2aWc3Si5qcGciLCJzbGlkZXNob3ciOiJkZDNkNDRkIn0%3D\" href='https:\/\/wpd.ugr.es\/~fisicas50\/wp-content\/uploads\/2023\/12\/aR8G563f0i_42jUfoT-02MQG9UFjZS_vzeIubspqYchtCdUsvxnkcGRvig7J.jpg'><img width=\"137\" height=\"150\" src=\"https:\/\/wpd.ugr.es\/~fisicas50\/wp-content\/uploads\/2023\/12\/aR8G563f0i_42jUfoT-02MQG9UFjZS_vzeIubspqYchtCdUsvxnkcGRvig7J-137x150.jpg\" class=\"attachment-thumbnail size-thumbnail\" alt=\"\" decoding=\"async\" loading=\"lazy\" aria-describedby=\"gallery-1-165\" \/><\/a>\n\t\t\t<\/div>\n\t\t\t\t<figcaption class='wp-caption-text gallery-caption' id='gallery-1-165'>\n\t\t\t\tJes\u00fas Biel\n\t\t\t\t<\/figcaption><\/figure><figure class='gallery-item'>\n\t\t\t<div class='gallery-icon portrait'>\n\t\t\t\t<a data-elementor-open-lightbox=\"yes\" data-elementor-lightbox-slideshow=\"dd3d44d\" data-elementor-lightbox-title=\"bKntbkdYtUWEYAQauFGfKAjwRS01LB6z6pIlramUAFsLUTqosxgJgeNw3W7P\" data-e-action-hash=\"#elementor-action%3Aaction%3Dlightbox%26settings%3DeyJpZCI6MTY0LCJ1cmwiOiJodHRwczpcL1wvd3BkLnVnci5lc1wvfmZpc2ljYXM1MFwvd3AtY29udGVudFwvdXBsb2Fkc1wvMjAyM1wvMTJcL2JLbnRia2RZdFVXRVlBUWF1RkdmS0Fqd1JTMDFMQjZ6NnBJbHJhbVVBRnNMVVRxb3N4Z0pnZU53M1c3UC5qcGciLCJzbGlkZXNob3ciOiJkZDNkNDRkIn0%3D\" href='https:\/\/wpd.ugr.es\/~fisicas50\/wp-content\/uploads\/2023\/12\/bKntbkdYtUWEYAQauFGfKAjwRS01LB6z6pIlramUAFsLUTqosxgJgeNw3W7P.jpg'><img width=\"137\" height=\"150\" src=\"https:\/\/wpd.ugr.es\/~fisicas50\/wp-content\/uploads\/2023\/12\/bKntbkdYtUWEYAQauFGfKAjwRS01LB6z6pIlramUAFsLUTqosxgJgeNw3W7P-137x150.jpg\" class=\"attachment-thumbnail size-thumbnail\" alt=\"\" decoding=\"async\" loading=\"lazy\" aria-describedby=\"gallery-1-164\" \/><\/a>\n\t\t\t<\/div>\n\t\t\t\t<figcaption class='wp-caption-text gallery-caption' id='gallery-1-164'>\n\t\t\t\tAntonio Rubio\n\t\t\t\t<\/figcaption><\/figure><figure class='gallery-item'>\n\t\t\t<div class='gallery-icon portrait'>\n\t\t\t\t<a data-elementor-open-lightbox=\"yes\" data-elementor-lightbox-slideshow=\"dd3d44d\" data-elementor-lightbox-title=\"ckvEL1JQiktYabbjmJ6G1_gHxlUviMRfRFVOMtNIrhzCwyX7chfjWcL2p7YW\" data-e-action-hash=\"#elementor-action%3Aaction%3Dlightbox%26settings%3DeyJpZCI6MTYzLCJ1cmwiOiJodHRwczpcL1wvd3BkLnVnci5lc1wvfmZpc2ljYXM1MFwvd3AtY29udGVudFwvdXBsb2Fkc1wvMjAyM1wvMTJcL2NrdkVMMUpRaWt0WWFiYmptSjZHMV9nSHhsVXZpTVJmUkZWT010TklyaHpDd3lYN2NoZmpXY0wycDdZVy5qcGciLCJzbGlkZXNob3ciOiJkZDNkNDRkIn0%3D\" href='https:\/\/wpd.ugr.es\/~fisicas50\/wp-content\/uploads\/2023\/12\/ckvEL1JQiktYabbjmJ6G1_gHxlUviMRfRFVOMtNIrhzCwyX7chfjWcL2p7YW.jpg'><img width=\"137\" height=\"150\" src=\"https:\/\/wpd.ugr.es\/~fisicas50\/wp-content\/uploads\/2023\/12\/ckvEL1JQiktYabbjmJ6G1_gHxlUviMRfRFVOMtNIrhzCwyX7chfjWcL2p7YW-137x150.jpg\" class=\"attachment-thumbnail size-thumbnail\" alt=\"\" decoding=\"async\" loading=\"lazy\" aria-describedby=\"gallery-1-163\" \/><\/a>\n\t\t\t<\/div>\n\t\t\t\t<figcaption class='wp-caption-text gallery-caption' id='gallery-1-163'>\n\t\t\t\tPablo Bobillo\n\t\t\t\t<\/figcaption><\/figure><figure class='gallery-item'>\n\t\t\t<div class='gallery-icon portrait'>\n\t\t\t\t<a data-elementor-open-lightbox=\"yes\" data-elementor-lightbox-slideshow=\"dd3d44d\" data-elementor-lightbox-title=\"7iJRP4mP_QhmA2UfTIpuOey5y3Qc7N-roIPx7jZKFi3oLFTSwkCeqssa_002\" data-e-action-hash=\"#elementor-action%3Aaction%3Dlightbox%26settings%3DeyJpZCI6MTYyLCJ1cmwiOiJodHRwczpcL1wvd3BkLnVnci5lc1wvfmZpc2ljYXM1MFwvd3AtY29udGVudFwvdXBsb2Fkc1wvMjAyM1wvMTJcLzdpSlJQNG1QX1FobUEyVWZUSXB1T2V5NXkzUWM3Ti1yb0lQeDdqWktGaTNvTEZUU3drQ2Vxc3NhXzAwMi5qcGciLCJzbGlkZXNob3ciOiJkZDNkNDRkIn0%3D\" href='https:\/\/wpd.ugr.es\/~fisicas50\/wp-content\/uploads\/2023\/12\/7iJRP4mP_QhmA2UfTIpuOey5y3Qc7N-roIPx7jZKFi3oLFTSwkCeqssa_002.jpg'><img width=\"137\" height=\"150\" src=\"https:\/\/wpd.ugr.es\/~fisicas50\/wp-content\/uploads\/2023\/12\/7iJRP4mP_QhmA2UfTIpuOey5y3Qc7N-roIPx7jZKFi3oLFTSwkCeqssa_002-137x150.jpg\" class=\"attachment-thumbnail size-thumbnail\" alt=\"\" decoding=\"async\" loading=\"lazy\" aria-describedby=\"gallery-1-162\" \/><\/a>\n\t\t\t<\/div>\n\t\t\t\t<figcaption class='wp-caption-text gallery-caption' id='gallery-1-162'>\n\t\t\t\tAntonio Echarri\n\t\t\t\t<\/figcaption><\/figure><figure class='gallery-item'>\n\t\t\t<div class='gallery-icon portrait'>\n\t\t\t\t<a data-elementor-open-lightbox=\"yes\" data-elementor-lightbox-slideshow=\"dd3d44d\" data-elementor-lightbox-title=\"3ujs7-A30VJYsxxXmqkmgJGRhEkd18s3hFzmGQRGoLC9slChm0YWeGO0Ztnm\" data-e-action-hash=\"#elementor-action%3Aaction%3Dlightbox%26settings%3DeyJpZCI6MTYxLCJ1cmwiOiJodHRwczpcL1wvd3BkLnVnci5lc1wvfmZpc2ljYXM1MFwvd3AtY29udGVudFwvdXBsb2Fkc1wvMjAyM1wvMTJcLzN1anM3LUEzMFZKWXN4eFhtcWttZ0pHUmhFa2QxOHMzaEZ6bUdRUkdvTEM5c2xDaG0wWVdlR08wWnRubS5qcGciLCJzbGlkZXNob3ciOiJkZDNkNDRkIn0%3D\" href='https:\/\/wpd.ugr.es\/~fisicas50\/wp-content\/uploads\/2023\/12\/3ujs7-A30VJYsxxXmqkmgJGRhEkd18s3hFzmGQRGoLC9slChm0YWeGO0Ztnm.jpg'><img width=\"137\" height=\"150\" src=\"https:\/\/wpd.ugr.es\/~fisicas50\/wp-content\/uploads\/2023\/12\/3ujs7-A30VJYsxxXmqkmgJGRhEkd18s3hFzmGQRGoLC9slChm0YWeGO0Ztnm-137x150.jpg\" class=\"attachment-thumbnail size-thumbnail\" alt=\"\" decoding=\"async\" loading=\"lazy\" aria-describedby=\"gallery-1-161\" \/><\/a>\n\t\t\t<\/div>\n\t\t\t\t<figcaption class='wp-caption-text gallery-caption' id='gallery-1-161'>\n\t\t\t\tEnrique Hita\n\t\t\t\t<\/figcaption><\/figure>\n\t\t<\/div>\n\t\t<\/div>\n\t\t\t\t<\/div>\n\t\t\t\t<\/div>\n\t\t\t\t\t<\/div>\n\t\t<\/div>\n\t\t\t\t\t\t\t<\/div>\n\t\t<\/section>\n\t\t\t\t\t\t\t<\/div>\n\t\t","protected":false},"excerpt":{"rendered":"<p>Antonio Lloris Ram\u00f3n Rom\u00e1n Eduardo Battaner Jos\u00e9 Ros Gerardo Pardo Jes\u00fas S\u00e1nchez-Dehesa Alberto Prieto Rafael G\u00f3mez Luis Mas Rafael Guardiola Bernardo Garc\u00eda Olmedo \u00c1ngel Palacios&hellip;<\/p>\n","protected":false},"author":1,"featured_media":0,"parent":0,"menu_order":0,"comment_status":"closed","ping_status":"closed","template":"","meta":[],"_links":{"self":[{"href":"https:\/\/wpd.ugr.es\/~fisicas50\/wp-json\/wp\/v2\/pages\/178"}],"collection":[{"href":"https:\/\/wpd.ugr.es\/~fisicas50\/wp-json\/wp\/v2\/pages"}],"about":[{"href":"https:\/\/wpd.ugr.es\/~fisicas50\/wp-json\/wp\/v2\/types\/page"}],"author":[{"embeddable":true,"href":"https:\/\/wpd.ugr.es\/~fisicas50\/wp-json\/wp\/v2\/users\/1"}],"replies":[{"embeddable":true,"href":"https:\/\/wpd.ugr.es\/~fisicas50\/wp-json\/wp\/v2\/comments?post=178"}],"version-history":[{"count":9,"href":"https:\/\/wpd.ugr.es\/~fisicas50\/wp-json\/wp\/v2\/pages\/178\/revisions"}],"predecessor-version":[{"id":688,"href":"https:\/\/wpd.ugr.es\/~fisicas50\/wp-json\/wp\/v2\/pages\/178\/revisions\/688"}],"wp:attachment":[{"href":"https:\/\/wpd.ugr.es\/~fisicas50\/wp-json\/wp\/v2\/media?parent=178"}],"curies":[{"name":"wp","href":"https:\/\/api.w.org\/{rel}","templated":true}]}}