{"id":206,"date":"2023-12-27T17:07:49","date_gmt":"2023-12-27T17:07:49","guid":{"rendered":"https:\/\/wpd.ugr.es\/~fisicas50\/?page_id=206"},"modified":"2025-01-08T16:43:37","modified_gmt":"2025-01-08T16:43:37","slug":"enlaces","status":"publish","type":"page","link":"https:\/\/wpd.ugr.es\/~fisicas50\/enlaces\/","title":{"rendered":"Enlaces"},"content":{"rendered":"<ul>\n<li><a href=\"https:\/\/grados.ugr.es\/fisica\/\">Grado en F\u00edsica en la UGR<\/a><\/li>\n<li><a href=\"https:\/\/wpd.ugr.es\/~fisicas50\/wp-content\/uploads\/2024\/01\/Premios-Nobel-en-Fisica-en-el-periodo-1973-2023.pdf\" target=\"_blank\" rel=\"noopener\">Premios Nobel de F\u00edsica <\/a><\/li>\n<li>Revistas\n<ul>\n<li><a href=\"https:\/\/wpd.ugr.es\/~fisicas50\/espectro\/\">Revista Espectro<\/a><\/li>\n<li><a href=\"https:\/\/wpd.ugr.es\/~fisicas50\/radical\/\">Radical al Kilo<\/a><\/li>\n<li><a href=\"https:\/\/wpd.ugr.es\/~fisicas50\/el-pendulo\/\">El P\u00e9ndulo<\/a><\/li>\n<\/ul>\n<\/li>\n<li><a href=\"https:\/\/wpd.ugr.es\/~fisicas50\/wp-content\/uploads\/2024\/01\/50-anos-de-Fisica-en-Granada.pdf\">Poes\u00eda de Benito Vinuesa Guerrero<\/a> (2\u00aa promoci\u00f3n de F\u00edsicas)<\/li>\n<\/ul>\n","protected":false},"excerpt":{"rendered":"<p>Grado en F\u00edsica en la UGR Premios Nobel de F\u00edsica Revistas Revista Espectro Radical al Kilo El P\u00e9ndulo Poes\u00eda de Benito Vinuesa Guerrero (2\u00aa promoci\u00f3n&hellip;<\/p>\n","protected":false},"author":1,"featured_media":0,"parent":0,"menu_order":0,"comment_status":"closed","ping_status":"closed","template":"","meta":[],"_links":{"self":[{"href":"https:\/\/wpd.ugr.es\/~fisicas50\/wp-json\/wp\/v2\/pages\/206"}],"collection":[{"href":"https:\/\/wpd.ugr.es\/~fisicas50\/wp-json\/wp\/v2\/pages"}],"about":[{"href":"https:\/\/wpd.ugr.es\/~fisicas50\/wp-json\/wp\/v2\/types\/page"}],"author":[{"embeddable":true,"href":"https:\/\/wpd.ugr.es\/~fisicas50\/wp-json\/wp\/v2\/users\/1"}],"replies":[{"embeddable":true,"href":"https:\/\/wpd.ugr.es\/~fisicas50\/wp-json\/wp\/v2\/comments?post=206"}],"version-history":[{"count":32,"href":"https:\/\/wpd.ugr.es\/~fisicas50\/wp-json\/wp\/v2\/pages\/206\/revisions"}],"predecessor-version":[{"id":692,"href":"https:\/\/wpd.ugr.es\/~fisicas50\/wp-json\/wp\/v2\/pages\/206\/revisions\/692"}],"wp:attachment":[{"href":"https:\/\/wpd.ugr.es\/~fisicas50\/wp-json\/wp\/v2\/media?parent=206"}],"curies":[{"name":"wp","href":"https:\/\/api.w.org\/{rel}","templated":true}]}}