{"id":215,"date":"2023-12-27T17:38:43","date_gmt":"2023-12-27T17:38:43","guid":{"rendered":"https:\/\/wpd.ugr.es\/~fisicas50\/?page_id=215"},"modified":"2025-01-08T16:36:59","modified_gmt":"2025-01-08T16:36:59","slug":"comision-de-trabajo","status":"publish","type":"page","link":"https:\/\/wpd.ugr.es\/~fisicas50\/comision-de-trabajo\/","title":{"rendered":"Comisi\u00f3n de trabajo"},"content":{"rendered":"<p>En esta comisi\u00f3n est\u00e1 la Decana de la Facultad de Ciencias, el coordinador del Grado, un representante de cada departamento de F\u00edsica, y un estudiante:<\/p>\n<ul>\n<li>M\u00aa Carmen Carri\u00f3n P\u00e9rez <em>(Decana de la Facultad)<\/em><\/li>\n<li>Alberto Mart\u00edn Molina <em>(Coordinador del Grado en F\u00edsica)<\/em>\n<ul>\n<li>Marta Anguiano Mill\u00e1n<em> (Secretaria de la Comisi\u00f3n Docente, sustituyendo al Coordinador)<\/em><\/li>\n<\/ul>\n<\/li>\n<li>\u00c1ngel Delgado Mora <em>(F\u00edsica Aplicada)<\/em><\/li>\n<li>Luis Miguel Jim\u00e9nez del Barco Jaldo<em> (\u00d3ptica)<\/em><\/li>\n<li>Estrella Florido Nav\u00edo <em>(F\u00edsica Te\u00f3rica y del Cosmos)<\/em><\/li>\n<li>Antonio Lallena Rojo <em>(F\u00edsica At\u00f3mica, Molecular y Nuclear)<\/em><\/li>\n<li>Juan Antonio L\u00f3pez Villanueva<em> (Electr\u00f3nica y Tecnolog\u00eda de Computadores)<\/em><\/li>\n<li>Alfonso Salinas Extremera <em>(Electromagnetismo y F\u00edsica de la Materia)<\/em><\/li>\n<li>Ram\u00f3n Moreno Salamanca <em>(Estudiante de 4\u00ba curso)<\/em><\/li>\n<\/ul>\n","protected":false},"excerpt":{"rendered":"<p>En esta comisi\u00f3n est\u00e1 la Decana de la Facultad de Ciencias, el coordinador del Grado, un representante de cada departamento de F\u00edsica, y un estudiante:&hellip;<\/p>\n","protected":false},"author":1,"featured_media":0,"parent":0,"menu_order":0,"comment_status":"closed","ping_status":"closed","template":"","meta":[],"_links":{"self":[{"href":"https:\/\/wpd.ugr.es\/~fisicas50\/wp-json\/wp\/v2\/pages\/215"}],"collection":[{"href":"https:\/\/wpd.ugr.es\/~fisicas50\/wp-json\/wp\/v2\/pages"}],"about":[{"href":"https:\/\/wpd.ugr.es\/~fisicas50\/wp-json\/wp\/v2\/types\/page"}],"author":[{"embeddable":true,"href":"https:\/\/wpd.ugr.es\/~fisicas50\/wp-json\/wp\/v2\/users\/1"}],"replies":[{"embeddable":true,"href":"https:\/\/wpd.ugr.es\/~fisicas50\/wp-json\/wp\/v2\/comments?post=215"}],"version-history":[{"count":5,"href":"https:\/\/wpd.ugr.es\/~fisicas50\/wp-json\/wp\/v2\/pages\/215\/revisions"}],"predecessor-version":[{"id":689,"href":"https:\/\/wpd.ugr.es\/~fisicas50\/wp-json\/wp\/v2\/pages\/215\/revisions\/689"}],"wp:attachment":[{"href":"https:\/\/wpd.ugr.es\/~fisicas50\/wp-json\/wp\/v2\/media?parent=215"}],"curies":[{"name":"wp","href":"https:\/\/api.w.org\/{rel}","templated":true}]}}