{"id":23,"date":"2023-12-17T19:23:39","date_gmt":"2023-12-17T19:23:39","guid":{"rendered":"https:\/\/wpd.ugr.es\/~fisicas50\/?page_id=23"},"modified":"2025-01-08T16:26:15","modified_gmt":"2025-01-08T16:26:15","slug":"home","status":"publish","type":"page","link":"https:\/\/wpd.ugr.es\/~fisicas50\/","title":{"rendered":"home"},"content":{"rendered":"<p>En el curso 2023-2024 celebramos el 50 aniversario de los estudios de f\u00edsica en la Universidad de Granada. Con este motivo, se ha creado una comisi\u00f3n de trabajo (<a href=\"https:\/\/wpd.ugr.es\/~fisicas50\/comision-de-trabajo\/\">composici\u00f3n<\/a>) encargada de recoger material y preparar las diferentes actividades que se van a llevar a cabo.<\/p>\n<p>Entre ellas, destacamos las siguientes:<\/p>\n<ul>\n<li>Acto de celebraci\u00f3n el viernes 19 de abril de 2024 (<a href=\"https:\/\/wpd.ugr.es\/~fisicas50\/programa-de-actos\/\"><strong>programa de actos<\/strong><\/a>) (<a href=\"https:\/\/wpd.ugr.es\/~fisicas50\/wp-content\/uploads\/2024\/04\/Poster-Definitivo-50.pdf\" target=\"_blank\" rel=\"noopener\"><strong>p\u00f3ster<\/strong><\/a>).<\/li>\n<li>Elaboraci\u00f3n de un libro sobre distintos aspectos de estos 50 a\u00f1os.<\/li>\n<li>Exposici\u00f3n de libros antiguos relacionados con la F\u00edsica (<a href=\"https:\/\/wpd.ugr.es\/~fisicas50\/exposicion-de-libros-antiguos\/\"><strong>ver la p\u00e1gina web<\/strong><\/a>).<strong><br \/>\n<\/strong><\/li>\n<li>Elaboraci\u00f3n de una orla de profesorado (<a href=\"https:\/\/wpd.ugr.es\/~fisicas50\/wp-content\/uploads\/2024\/04\/A4-color.pdf\" target=\"_blank\" rel=\"noopener\"><strong>ver<\/strong><\/a>).<\/li>\n<li>Exposici\u00f3n \u00abLa visita del mito. Albert Einstein en Espa\u00f1a, 1923\u00bb (<a href=\"https:\/\/wpd.ugr.es\/~fisicas50\/la-visita-del-mito-albert-einstein-en-espana-1923\/\"><strong>ver la p\u00e1gina web<\/strong><\/a>).<\/li>\n<li>Torneo deportivo entre estudiantes y profesorado (<strong><a href=\"https:\/\/wpd.ugr.es\/~fisicas50\/torneo-deportivo-pachanga-extrema\/\" target=\"_blank\" rel=\"noopener\">ver la p\u00e1gina web<\/a><\/strong>).<\/li>\n<\/ul>\n<p>Cuando tengamos m\u00e1s informaci\u00f3n sobre las distintas actividades, se ir\u00e1 a\u00f1adiendo a esta p\u00e1gina.&nbsp;<\/p>\n<p>Gracias por acompa\u00f1arnos el <strong>&nbsp;19 de abril. <\/strong>Puedes ver fotos y v\u00eddeos del evento en la p\u00e1gina del<a href=\"https:\/\/wpd.ugr.es\/~fisicas50\/programa-de-actos\/\" target=\"_blank\" rel=\"noopener\"><strong> programa de actos.<\/strong><\/a><\/p>\n<p>Si quieres contribuir o tienes ideas sobre actividades a realizar, puedes ponerte en contacto con nosotros en fisicas50(at)ugr.es<\/p>\n<style>\/*! elementor - v3.14.0 - 26-06-2023 *\/<br \/>\n.elementor-widget-image{text-align:center}.elementor-widget-image a{display:inline-block}.elementor-widget-image a img[src$=\".svg\"]{width:48px}.elementor-widget-image img{vertical-align:middle;display:inline-block}<\/style>\n<p>\t\t\t\t\t\t\t\t\t\t\t\t<img decoding=\"async\" width=\"300\" height=\"295\" src=\"https:\/\/wpd.ugr.es\/~fisicas50\/wp-content\/uploads\/2023\/12\/PXL_20231003_143933680.MP_-300x295.jpg\" alt=\"\" loading=\"lazy\" srcset=\"https:\/\/wpd.ugr.es\/~fisicas50\/wp-content\/uploads\/2023\/12\/PXL_20231003_143933680.MP_-300x295.jpg 300w, https:\/\/wpd.ugr.es\/~fisicas50\/wp-content\/uploads\/2023\/12\/PXL_20231003_143933680.MP_-768x755.jpg 768w, https:\/\/wpd.ugr.es\/~fisicas50\/wp-content\/uploads\/2023\/12\/PXL_20231003_143933680.MP_.jpg 947w\" sizes=\"(max-width: 300px) 100vw, 300px\"><\/p>\n","protected":false},"excerpt":{"rendered":"<p>Aniversario f\u00edsicas UGR<\/p>\n","protected":false},"author":1,"featured_media":0,"parent":0,"menu_order":0,"comment_status":"closed","ping_status":"closed","template":"","meta":[],"_links":{"self":[{"href":"https:\/\/wpd.ugr.es\/~fisicas50\/wp-json\/wp\/v2\/pages\/23"}],"collection":[{"href":"https:\/\/wpd.ugr.es\/~fisicas50\/wp-json\/wp\/v2\/pages"}],"about":[{"href":"https:\/\/wpd.ugr.es\/~fisicas50\/wp-json\/wp\/v2\/types\/page"}],"author":[{"embeddable":true,"href":"https:\/\/wpd.ugr.es\/~fisicas50\/wp-json\/wp\/v2\/users\/1"}],"replies":[{"embeddable":true,"href":"https:\/\/wpd.ugr.es\/~fisicas50\/wp-json\/wp\/v2\/comments?post=23"}],"version-history":[{"count":81,"href":"https:\/\/wpd.ugr.es\/~fisicas50\/wp-json\/wp\/v2\/pages\/23\/revisions"}],"predecessor-version":[{"id":685,"href":"https:\/\/wpd.ugr.es\/~fisicas50\/wp-json\/wp\/v2\/pages\/23\/revisions\/685"}],"wp:attachment":[{"href":"https:\/\/wpd.ugr.es\/~fisicas50\/wp-json\/wp\/v2\/media?parent=23"}],"curies":[{"name":"wp","href":"https:\/\/api.w.org\/{rel}","templated":true}]}}