{"id":319,"date":"2023-12-27T18:44:36","date_gmt":"2023-12-27T18:44:36","guid":{"rendered":"https:\/\/wpd.ugr.es\/~fisicas50\/?page_id=319"},"modified":"2025-01-08T16:58:30","modified_gmt":"2025-01-08T16:58:30","slug":"radical","status":"publish","type":"page","link":"https:\/\/wpd.ugr.es\/~fisicas50\/radical\/","title":{"rendered":"Radical al kilo"},"content":{"rendered":"<p><a href=\"https:\/\/wpd.ugr.es\/~fisicas50\/wp-content\/uploads\/2024\/02\/radikalAlKilo_ElFanzineCuantico_Especial.pdf\" target=\"_blank\" rel=\"noopener\">N\u00famero especial<\/a> que resum\u00eda lo mejor de los 10 primeros (desde 1987). Fecha de publicaci\u00f3n: 1991-1992<\/p>\n<p>Agradecemos a Ana Yebra y Jos\u00e9 Luis Bernier el habernos enviado estos documentos.<\/p>\n<style>\/*! elementor - v3.14.0 - 26-06-2023 *\/<br \/>\n.elementor-image-gallery .gallery-item{display:inline-block;text-align:center;vertical-align:top;width:100%;max-width:100%;margin:0 auto}.elementor-image-gallery .gallery-item img{margin:0 auto}.elementor-image-gallery .gallery-item .gallery-caption{margin:0}.elementor-image-gallery figure img{display:block}.elementor-image-gallery figure figcaption{width:100%}.gallery-spacing-custom .elementor-image-gallery .gallery-icon{padding:0}@media (min-width:768px){.elementor-image-gallery .gallery-columns-2 .gallery-item{max-width:50%}.elementor-image-gallery .gallery-columns-3 .gallery-item{max-width:33.33%}.elementor-image-gallery .gallery-columns-4 .gallery-item{max-width:25%}.elementor-image-gallery .gallery-columns-5 .gallery-item{max-width:20%}.elementor-image-gallery .gallery-columns-6 .gallery-item{max-width:16.666%}.elementor-image-gallery .gallery-columns-7 .gallery-item{max-width:14.28%}.elementor-image-gallery .gallery-columns-8 .gallery-item{max-width:12.5%}.elementor-image-gallery .gallery-columns-9 .gallery-item{max-width:11.11%}.elementor-image-gallery .gallery-columns-10 .gallery-item{max-width:10%}}@media (min-width:480px) and (max-width:767px){.elementor-image-gallery .gallery.gallery-columns-2 .gallery-item,.elementor-image-gallery .gallery.gallery-columns-3 .gallery-item,.elementor-image-gallery .gallery.gallery-columns-4 .gallery-item,.elementor-image-gallery .gallery.gallery-columns-5 .gallery-item,.elementor-image-gallery .gallery.gallery-columns-6 .gallery-item,.elementor-image-gallery .gallery.gallery-columns-7 .gallery-item,.elementor-image-gallery .gallery.gallery-columns-8 .gallery-item,.elementor-image-gallery .gallery.gallery-columns-9 .gallery-item,.elementor-image-gallery .gallery.gallery-columns-10 .gallery-item{max-width:50%}}@media (max-width:479px){.elementor-image-gallery .gallery.gallery-columns-2 .gallery-item,.elementor-image-gallery .gallery.gallery-columns-3 .gallery-item,.elementor-image-gallery .gallery.gallery-columns-4 .gallery-item,.elementor-image-gallery .gallery.gallery-columns-5 .gallery-item,.elementor-image-gallery .gallery.gallery-columns-6 .gallery-item,.elementor-image-gallery .gallery.gallery-columns-7 .gallery-item,.elementor-image-gallery .gallery.gallery-columns-8 .gallery-item,.elementor-image-gallery .gallery.gallery-columns-9 .gallery-item,.elementor-image-gallery .gallery.gallery-columns-10 .gallery-item{max-width:100%}}<\/style>\n<figure class=\"gallery-item\">\n\t\t\t\t<a data-elementor-open-lightbox=\"yes\" data-elementor-lightbox-slideshow=\"aa54a4f\" data-elementor-lightbox-title=\"Radikal Alkilo\" data-e-action-hash=\"#elementor-action%3Aaction%3Dlightbox%26settings%3DeyJpZCI6MzE2LCJ1cmwiOiJodHRwczpcL1wvd3BkLnVnci5lc1wvfmZpc2ljYXM1MFwvd3AtY29udGVudFwvdXBsb2Fkc1wvMjAyM1wvMTJcL1JhZGlrYWwtQWxraWxvLnBuZyIsInNsaWRlc2hvdyI6ImFhNTRhNGYifQ%3D%3D\" href=\"https:\/\/wpd.ugr.es\/~fisicas50\/wp-content\/uploads\/2023\/12\/Radikal-Alkilo.png\"><img width=\"150\" height=\"150\" src=\"https:\/\/wpd.ugr.es\/~fisicas50\/wp-content\/uploads\/2023\/12\/Radikal-Alkilo-150x150.png\" alt=\"\" decoding=\"async\" loading=\"lazy\"><\/a><\/figure>\n<figure class=\"gallery-item\">\n\t\t\t\t<a data-elementor-open-lightbox=\"yes\" data-elementor-lightbox-slideshow=\"aa54a4f\" data-elementor-lightbox-title=\"Radikal_portada\" data-e-action-hash=\"#elementor-action%3Aaction%3Dlightbox%26settings%3DeyJpZCI6MzE0LCJ1cmwiOiJodHRwczpcL1wvd3BkLnVnci5lc1wvfmZpc2ljYXM1MFwvd3AtY29udGVudFwvdXBsb2Fkc1wvMjAyM1wvMTJcL1JhZGlrYWxfcG9ydGFkYS5qcGVnIiwic2xpZGVzaG93IjoiYWE1NGE0ZiJ9\" href=\"https:\/\/wpd.ugr.es\/~fisicas50\/wp-content\/uploads\/2023\/12\/Radikal_portada.jpeg\"><img width=\"150\" height=\"150\" src=\"https:\/\/wpd.ugr.es\/~fisicas50\/wp-content\/uploads\/2023\/12\/Radikal_portada-150x150.jpeg\" alt=\"\" decoding=\"async\" loading=\"lazy\"><\/a><\/figure>\n<figure class=\"gallery-item\">\n\t\t\t\t<a data-elementor-open-lightbox=\"yes\" data-elementor-lightbox-slideshow=\"aa54a4f\" data-elementor-lightbox-title=\"IMG-20231031-WA0009\" data-e-action-hash=\"#elementor-action%3Aaction%3Dlightbox%26settings%3DeyJpZCI6MzExLCJ1cmwiOiJodHRwczpcL1wvd3BkLnVnci5lc1wvfmZpc2ljYXM1MFwvd3AtY29udGVudFwvdXBsb2Fkc1wvMjAyM1wvMTJcL0lNRy0yMDIzMTAzMS1XQTAwMDkuanBlZyIsInNsaWRlc2hvdyI6ImFhNTRhNGYifQ%3D%3D\" href=\"https:\/\/wpd.ugr.es\/~fisicas50\/wp-content\/uploads\/2023\/12\/IMG-20231031-WA0009.jpeg\"><img width=\"150\" height=\"150\" src=\"https:\/\/wpd.ugr.es\/~fisicas50\/wp-content\/uploads\/2023\/12\/IMG-20231031-WA0009-150x150.jpeg\" alt=\"\" decoding=\"async\" loading=\"lazy\"><\/a><\/figure>\n<figure class=\"gallery-item\">\n\t\t\t\t<a data-elementor-open-lightbox=\"yes\" data-elementor-lightbox-slideshow=\"aa54a4f\" data-elementor-lightbox-title=\"IMG-20231031-WA0010\" data-e-action-hash=\"#elementor-action%3Aaction%3Dlightbox%26settings%3DeyJpZCI6MzEwLCJ1cmwiOiJodHRwczpcL1wvd3BkLnVnci5lc1wvfmZpc2ljYXM1MFwvd3AtY29udGVudFwvdXBsb2Fkc1wvMjAyM1wvMTJcL0lNRy0yMDIzMTAzMS1XQTAwMTAuanBlZyIsInNsaWRlc2hvdyI6ImFhNTRhNGYifQ%3D%3D\" href=\"https:\/\/wpd.ugr.es\/~fisicas50\/wp-content\/uploads\/2023\/12\/IMG-20231031-WA0010.jpeg\"><img width=\"150\" height=\"150\" src=\"https:\/\/wpd.ugr.es\/~fisicas50\/wp-content\/uploads\/2023\/12\/IMG-20231031-WA0010-150x150.jpeg\" alt=\"\" decoding=\"async\" loading=\"lazy\"><\/a><\/figure>\n<figure class=\"gallery-item\">\n\t\t\t\t<a data-elementor-open-lightbox=\"yes\" data-elementor-lightbox-slideshow=\"aa54a4f\" data-elementor-lightbox-title=\"IMG-20231031-WA0012\" data-e-action-hash=\"#elementor-action%3Aaction%3Dlightbox%26settings%3DeyJpZCI6MzA5LCJ1cmwiOiJodHRwczpcL1wvd3BkLnVnci5lc1wvfmZpc2ljYXM1MFwvd3AtY29udGVudFwvdXBsb2Fkc1wvMjAyM1wvMTJcL0lNRy0yMDIzMTAzMS1XQTAwMTIuanBlZyIsInNsaWRlc2hvdyI6ImFhNTRhNGYifQ%3D%3D\" href=\"https:\/\/wpd.ugr.es\/~fisicas50\/wp-content\/uploads\/2023\/12\/IMG-20231031-WA0012.jpeg\"><img width=\"150\" height=\"150\" src=\"https:\/\/wpd.ugr.es\/~fisicas50\/wp-content\/uploads\/2023\/12\/IMG-20231031-WA0012-150x150.jpeg\" alt=\"\" decoding=\"async\" loading=\"lazy\"><\/a><\/figure>\n<figure class=\"gallery-item\">\n\t\t\t\t<a data-elementor-open-lightbox=\"yes\" data-elementor-lightbox-slideshow=\"aa54a4f\" data-elementor-lightbox-title=\"IMG-20231031-WA0014\" data-e-action-hash=\"#elementor-action%3Aaction%3Dlightbox%26settings%3DeyJpZCI6MzA4LCJ1cmwiOiJodHRwczpcL1wvd3BkLnVnci5lc1wvfmZpc2ljYXM1MFwvd3AtY29udGVudFwvdXBsb2Fkc1wvMjAyM1wvMTJcL0lNRy0yMDIzMTAzMS1XQTAwMTQuanBlZyIsInNsaWRlc2hvdyI6ImFhNTRhNGYifQ%3D%3D\" href=\"https:\/\/wpd.ugr.es\/~fisicas50\/wp-content\/uploads\/2023\/12\/IMG-20231031-WA0014.jpeg\"><img width=\"150\" height=\"150\" src=\"https:\/\/wpd.ugr.es\/~fisicas50\/wp-content\/uploads\/2023\/12\/IMG-20231031-WA0014-150x150.jpeg\" alt=\"\" decoding=\"async\" loading=\"lazy\"><\/a><\/figure>\n<figure class=\"gallery-item\">\n\t\t\t\t<a data-elementor-open-lightbox=\"yes\" data-elementor-lightbox-slideshow=\"aa54a4f\" data-elementor-lightbox-title=\"IMG-20231031-WA0011\" data-e-action-hash=\"#elementor-action%3Aaction%3Dlightbox%26settings%3DeyJpZCI6MzA3LCJ1cmwiOiJodHRwczpcL1wvd3BkLnVnci5lc1wvfmZpc2ljYXM1MFwvd3AtY29udGVudFwvdXBsb2Fkc1wvMjAyM1wvMTJcL0lNRy0yMDIzMTAzMS1XQTAwMTEuanBlZyIsInNsaWRlc2hvdyI6ImFhNTRhNGYifQ%3D%3D\" href=\"https:\/\/wpd.ugr.es\/~fisicas50\/wp-content\/uploads\/2023\/12\/IMG-20231031-WA0011.jpeg\"><img width=\"150\" height=\"150\" src=\"https:\/\/wpd.ugr.es\/~fisicas50\/wp-content\/uploads\/2023\/12\/IMG-20231031-WA0011-150x150.jpeg\" alt=\"\" decoding=\"async\" loading=\"lazy\"><\/a><\/figure>\n<figure class=\"gallery-item\">\n\t\t\t\t<a data-elementor-open-lightbox=\"yes\" data-elementor-lightbox-slideshow=\"aa54a4f\" data-elementor-lightbox-title=\"IMG-20231031-WA0013\" data-e-action-hash=\"#elementor-action%3Aaction%3Dlightbox%26settings%3DeyJpZCI6MzA2LCJ1cmwiOiJodHRwczpcL1wvd3BkLnVnci5lc1wvfmZpc2ljYXM1MFwvd3AtY29udGVudFwvdXBsb2Fkc1wvMjAyM1wvMTJcL0lNRy0yMDIzMTAzMS1XQTAwMTMuanBlZyIsInNsaWRlc2hvdyI6ImFhNTRhNGYifQ%3D%3D\" href=\"https:\/\/wpd.ugr.es\/~fisicas50\/wp-content\/uploads\/2023\/12\/IMG-20231031-WA0013.jpeg\"><img width=\"150\" height=\"150\" src=\"https:\/\/wpd.ugr.es\/~fisicas50\/wp-content\/uploads\/2023\/12\/IMG-20231031-WA0013-150x150.jpeg\" alt=\"\" decoding=\"async\" loading=\"lazy\"><\/a><\/figure>\n<figure class=\"gallery-item\">\n\t\t\t\t<a data-elementor-open-lightbox=\"yes\" data-elementor-lightbox-slideshow=\"aa54a4f\" data-elementor-lightbox-title=\"WhatsApp Image 2023-10-30 at 22.40.58 (2)\" data-e-action-hash=\"#elementor-action%3Aaction%3Dlightbox%26settings%3DeyJpZCI6MzAyLCJ1cmwiOiJodHRwczpcL1wvd3BkLnVnci5lc1wvfmZpc2ljYXM1MFwvd3AtY29udGVudFwvdXBsb2Fkc1wvMjAyM1wvMTJcL1doYXRzQXBwLUltYWdlLTIwMjMtMTAtMzAtYXQtMjIuNDAuNTgtMi5qcGVnIiwic2xpZGVzaG93IjoiYWE1NGE0ZiJ9\" href=\"https:\/\/wpd.ugr.es\/~fisicas50\/wp-content\/uploads\/2023\/12\/WhatsApp-Image-2023-10-30-at-22.40.58-2.jpeg\"><img width=\"150\" height=\"150\" src=\"https:\/\/wpd.ugr.es\/~fisicas50\/wp-content\/uploads\/2023\/12\/WhatsApp-Image-2023-10-30-at-22.40.58-2-150x150.jpeg\" alt=\"\" decoding=\"async\" loading=\"lazy\"><\/a><\/figure>\n<figure class=\"gallery-item\">\n\t\t\t\t<a data-elementor-open-lightbox=\"yes\" data-elementor-lightbox-slideshow=\"aa54a4f\" data-elementor-lightbox-title=\"WhatsApp Image 2023-10-30 at 22.40.58 (1)\" data-e-action-hash=\"#elementor-action%3Aaction%3Dlightbox%26settings%3DeyJpZCI6MzAzLCJ1cmwiOiJodHRwczpcL1wvd3BkLnVnci5lc1wvfmZpc2ljYXM1MFwvd3AtY29udGVudFwvdXBsb2Fkc1wvMjAyM1wvMTJcL1doYXRzQXBwLUltYWdlLTIwMjMtMTAtMzAtYXQtMjIuNDAuNTgtMS5qcGVnIiwic2xpZGVzaG93IjoiYWE1NGE0ZiJ9\" href=\"https:\/\/wpd.ugr.es\/~fisicas50\/wp-content\/uploads\/2023\/12\/WhatsApp-Image-2023-10-30-at-22.40.58-1.jpeg\"><img width=\"150\" height=\"150\" src=\"https:\/\/wpd.ugr.es\/~fisicas50\/wp-content\/uploads\/2023\/12\/WhatsApp-Image-2023-10-30-at-22.40.58-1-150x150.jpeg\" alt=\"\" decoding=\"async\" loading=\"lazy\"><\/a><\/figure>\n<figure class=\"gallery-item\">\n\t\t\t\t<a data-elementor-open-lightbox=\"yes\" data-elementor-lightbox-slideshow=\"aa54a4f\" data-elementor-lightbox-title=\"WhatsApp Image 2023-10-30 at 22.40.58\" data-e-action-hash=\"#elementor-action%3Aaction%3Dlightbox%26settings%3DeyJpZCI6MzA0LCJ1cmwiOiJodHRwczpcL1wvd3BkLnVnci5lc1wvfmZpc2ljYXM1MFwvd3AtY29udGVudFwvdXBsb2Fkc1wvMjAyM1wvMTJcL1doYXRzQXBwLUltYWdlLTIwMjMtMTAtMzAtYXQtMjIuNDAuNTguanBlZyIsInNsaWRlc2hvdyI6ImFhNTRhNGYifQ%3D%3D\" href=\"https:\/\/wpd.ugr.es\/~fisicas50\/wp-content\/uploads\/2023\/12\/WhatsApp-Image-2023-10-30-at-22.40.58.jpeg\"><img width=\"150\" height=\"150\" src=\"https:\/\/wpd.ugr.es\/~fisicas50\/wp-content\/uploads\/2023\/12\/WhatsApp-Image-2023-10-30-at-22.40.58-150x150.jpeg\" alt=\"\" decoding=\"async\" loading=\"lazy\"><\/a><\/figure>\n<figure class=\"gallery-item\">\n\t\t\t\t<a data-elementor-open-lightbox=\"yes\" data-elementor-lightbox-slideshow=\"aa54a4f\" data-elementor-lightbox-title=\"WhatsApp Image 2023-10-30 at 22.40.57\" data-e-action-hash=\"#elementor-action%3Aaction%3Dlightbox%26settings%3DeyJpZCI6MzA1LCJ1cmwiOiJodHRwczpcL1wvd3BkLnVnci5lc1wvfmZpc2ljYXM1MFwvd3AtY29udGVudFwvdXBsb2Fkc1wvMjAyM1wvMTJcL1doYXRzQXBwLUltYWdlLTIwMjMtMTAtMzAtYXQtMjIuNDAuNTcuanBlZyIsInNsaWRlc2hvdyI6ImFhNTRhNGYifQ%3D%3D\" href=\"https:\/\/wpd.ugr.es\/~fisicas50\/wp-content\/uploads\/2023\/12\/WhatsApp-Image-2023-10-30-at-22.40.57.jpeg\"><img width=\"150\" height=\"150\" src=\"https:\/\/wpd.ugr.es\/~fisicas50\/wp-content\/uploads\/2023\/12\/WhatsApp-Image-2023-10-30-at-22.40.57-150x150.jpeg\" alt=\"\" decoding=\"async\" loading=\"lazy\"><\/a><\/figure>\n<figure class=\"gallery-item\">\n\t\t\t\t<a data-elementor-open-lightbox=\"yes\" data-elementor-lightbox-slideshow=\"aa54a4f\" data-elementor-lightbox-title=\"WhatsApp Image 2023-10-30 at 22.40.58 (5)\" data-e-action-hash=\"#elementor-action%3Aaction%3Dlightbox%26settings%3DeyJpZCI6Mjk5LCJ1cmwiOiJodHRwczpcL1wvd3BkLnVnci5lc1wvfmZpc2ljYXM1MFwvd3AtY29udGVudFwvdXBsb2Fkc1wvMjAyM1wvMTJcL1doYXRzQXBwLUltYWdlLTIwMjMtMTAtMzAtYXQtMjIuNDAuNTgtNS5qcGVnIiwic2xpZGVzaG93IjoiYWE1NGE0ZiJ9\" href=\"https:\/\/wpd.ugr.es\/~fisicas50\/wp-content\/uploads\/2023\/12\/WhatsApp-Image-2023-10-30-at-22.40.58-5.jpeg\"><img width=\"150\" height=\"150\" src=\"https:\/\/wpd.ugr.es\/~fisicas50\/wp-content\/uploads\/2023\/12\/WhatsApp-Image-2023-10-30-at-22.40.58-5-150x150.jpeg\" alt=\"\" decoding=\"async\" loading=\"lazy\"><\/a><\/figure>\n<figure class=\"gallery-item\">\n\t\t\t\t<a data-elementor-open-lightbox=\"yes\" data-elementor-lightbox-slideshow=\"aa54a4f\" data-elementor-lightbox-title=\"WhatsApp Image 2023-10-30 at 22.40.58 (6)\" data-e-action-hash=\"#elementor-action%3Aaction%3Dlightbox%26settings%3DeyJpZCI6Mjk4LCJ1cmwiOiJodHRwczpcL1wvd3BkLnVnci5lc1wvfmZpc2ljYXM1MFwvd3AtY29udGVudFwvdXBsb2Fkc1wvMjAyM1wvMTJcL1doYXRzQXBwLUltYWdlLTIwMjMtMTAtMzAtYXQtMjIuNDAuNTgtNi5qcGVnIiwic2xpZGVzaG93IjoiYWE1NGE0ZiJ9\" href=\"https:\/\/wpd.ugr.es\/~fisicas50\/wp-content\/uploads\/2023\/12\/WhatsApp-Image-2023-10-30-at-22.40.58-6.jpeg\"><img width=\"150\" height=\"150\" src=\"https:\/\/wpd.ugr.es\/~fisicas50\/wp-content\/uploads\/2023\/12\/WhatsApp-Image-2023-10-30-at-22.40.58-6-150x150.jpeg\" alt=\"\" decoding=\"async\" loading=\"lazy\"><\/a><\/figure>\n<figure class=\"gallery-item\">\n\t\t\t\t<a data-elementor-open-lightbox=\"yes\" data-elementor-lightbox-slideshow=\"aa54a4f\" data-elementor-lightbox-title=\"WhatsApp Image 2023-10-30 at 22.40.58 (7)\" data-e-action-hash=\"#elementor-action%3Aaction%3Dlightbox%26settings%3DeyJpZCI6Mjk3LCJ1cmwiOiJodHRwczpcL1wvd3BkLnVnci5lc1wvfmZpc2ljYXM1MFwvd3AtY29udGVudFwvdXBsb2Fkc1wvMjAyM1wvMTJcL1doYXRzQXBwLUltYWdlLTIwMjMtMTAtMzAtYXQtMjIuNDAuNTgtNy5qcGVnIiwic2xpZGVzaG93IjoiYWE1NGE0ZiJ9\" href=\"https:\/\/wpd.ugr.es\/~fisicas50\/wp-content\/uploads\/2023\/12\/WhatsApp-Image-2023-10-30-at-22.40.58-7.jpeg\"><img width=\"150\" height=\"150\" src=\"https:\/\/wpd.ugr.es\/~fisicas50\/wp-content\/uploads\/2023\/12\/WhatsApp-Image-2023-10-30-at-22.40.58-7-150x150.jpeg\" alt=\"\" decoding=\"async\" loading=\"lazy\"><\/a><\/figure>\n<figure class=\"gallery-item\">\n\t\t\t\t<a data-elementor-open-lightbox=\"yes\" data-elementor-lightbox-slideshow=\"aa54a4f\" data-elementor-lightbox-title=\"WhatsApp Image 2023-10-30 at 22.40.58 (8)\" data-e-action-hash=\"#elementor-action%3Aaction%3Dlightbox%26settings%3DeyJpZCI6Mjk2LCJ1cmwiOiJodHRwczpcL1wvd3BkLnVnci5lc1wvfmZpc2ljYXM1MFwvd3AtY29udGVudFwvdXBsb2Fkc1wvMjAyM1wvMTJcL1doYXRzQXBwLUltYWdlLTIwMjMtMTAtMzAtYXQtMjIuNDAuNTgtOC5qcGVnIiwic2xpZGVzaG93IjoiYWE1NGE0ZiJ9\" href=\"https:\/\/wpd.ugr.es\/~fisicas50\/wp-content\/uploads\/2023\/12\/WhatsApp-Image-2023-10-30-at-22.40.58-8.jpeg\"><img width=\"150\" height=\"150\" src=\"https:\/\/wpd.ugr.es\/~fisicas50\/wp-content\/uploads\/2023\/12\/WhatsApp-Image-2023-10-30-at-22.40.58-8-150x150.jpeg\" alt=\"\" decoding=\"async\" loading=\"lazy\"><\/a><\/figure>\n<figure class=\"gallery-item\">\n\t\t\t\t<a data-elementor-open-lightbox=\"yes\" data-elementor-lightbox-slideshow=\"aa54a4f\" data-elementor-lightbox-title=\"WhatsApp Image 2023-10-30 at 22.40.58 (9)\" data-e-action-hash=\"#elementor-action%3Aaction%3Dlightbox%26settings%3DeyJpZCI6Mjk1LCJ1cmwiOiJodHRwczpcL1wvd3BkLnVnci5lc1wvfmZpc2ljYXM1MFwvd3AtY29udGVudFwvdXBsb2Fkc1wvMjAyM1wvMTJcL1doYXRzQXBwLUltYWdlLTIwMjMtMTAtMzAtYXQtMjIuNDAuNTgtOS5qcGVnIiwic2xpZGVzaG93IjoiYWE1NGE0ZiJ9\" href=\"https:\/\/wpd.ugr.es\/~fisicas50\/wp-content\/uploads\/2023\/12\/WhatsApp-Image-2023-10-30-at-22.40.58-9.jpeg\"><img width=\"150\" height=\"150\" src=\"https:\/\/wpd.ugr.es\/~fisicas50\/wp-content\/uploads\/2023\/12\/WhatsApp-Image-2023-10-30-at-22.40.58-9-150x150.jpeg\" alt=\"\" decoding=\"async\" loading=\"lazy\"><\/a><\/figure>\n<figure class=\"gallery-item\">\n\t\t\t\t<a data-elementor-open-lightbox=\"yes\" data-elementor-lightbox-slideshow=\"aa54a4f\" data-elementor-lightbox-title=\"WhatsApp Image 2023-10-30 at 22.40.59\" data-e-action-hash=\"#elementor-action%3Aaction%3Dlightbox%26settings%3DeyJpZCI6Mjk0LCJ1cmwiOiJodHRwczpcL1wvd3BkLnVnci5lc1wvfmZpc2ljYXM1MFwvd3AtY29udGVudFwvdXBsb2Fkc1wvMjAyM1wvMTJcL1doYXRzQXBwLUltYWdlLTIwMjMtMTAtMzAtYXQtMjIuNDAuNTkuanBlZyIsInNsaWRlc2hvdyI6ImFhNTRhNGYifQ%3D%3D\" href=\"https:\/\/wpd.ugr.es\/~fisicas50\/wp-content\/uploads\/2023\/12\/WhatsApp-Image-2023-10-30-at-22.40.59.jpeg\"><img width=\"150\" height=\"150\" src=\"https:\/\/wpd.ugr.es\/~fisicas50\/wp-content\/uploads\/2023\/12\/WhatsApp-Image-2023-10-30-at-22.40.59-150x150.jpeg\" alt=\"\" decoding=\"async\" loading=\"lazy\"><\/a><\/figure>\n<figure class=\"gallery-item\">\n\t\t\t\t<a data-elementor-open-lightbox=\"yes\" data-elementor-lightbox-slideshow=\"aa54a4f\" data-elementor-lightbox-title=\"WhatsApp Image 2023-10-30 at 22.40.58 (3)\" data-e-action-hash=\"#elementor-action%3Aaction%3Dlightbox%26settings%3DeyJpZCI6MzAxLCJ1cmwiOiJodHRwczpcL1wvd3BkLnVnci5lc1wvfmZpc2ljYXM1MFwvd3AtY29udGVudFwvdXBsb2Fkc1wvMjAyM1wvMTJcL1doYXRzQXBwLUltYWdlLTIwMjMtMTAtMzAtYXQtMjIuNDAuNTgtMy5qcGVnIiwic2xpZGVzaG93IjoiYWE1NGE0ZiJ9\" href=\"https:\/\/wpd.ugr.es\/~fisicas50\/wp-content\/uploads\/2023\/12\/WhatsApp-Image-2023-10-30-at-22.40.58-3.jpeg\"><img width=\"150\" height=\"150\" src=\"https:\/\/wpd.ugr.es\/~fisicas50\/wp-content\/uploads\/2023\/12\/WhatsApp-Image-2023-10-30-at-22.40.58-3-150x150.jpeg\" alt=\"\" decoding=\"async\" loading=\"lazy\"><\/a><\/figure>\n<figure class=\"gallery-item\">\n\t\t\t\t<a data-elementor-open-lightbox=\"yes\" data-elementor-lightbox-slideshow=\"aa54a4f\" data-elementor-lightbox-title=\"WhatsApp Image 2023-10-30 at 22.40.59 (6)\" data-e-action-hash=\"#elementor-action%3Aaction%3Dlightbox%26settings%3DeyJpZCI6Mjg3LCJ1cmwiOiJodHRwczpcL1wvd3BkLnVnci5lc1wvfmZpc2ljYXM1MFwvd3AtY29udGVudFwvdXBsb2Fkc1wvMjAyM1wvMTJcL1doYXRzQXBwLUltYWdlLTIwMjMtMTAtMzAtYXQtMjIuNDAuNTktNi5qcGVnIiwic2xpZGVzaG93IjoiYWE1NGE0ZiJ9\" href=\"https:\/\/wpd.ugr.es\/~fisicas50\/wp-content\/uploads\/2023\/12\/WhatsApp-Image-2023-10-30-at-22.40.59-6.jpeg\"><img width=\"150\" height=\"150\" src=\"https:\/\/wpd.ugr.es\/~fisicas50\/wp-content\/uploads\/2023\/12\/WhatsApp-Image-2023-10-30-at-22.40.59-6-150x150.jpeg\" alt=\"\" decoding=\"async\" loading=\"lazy\"><\/a><\/figure>\n<figure class=\"gallery-item\">\n\t\t\t\t<a data-elementor-open-lightbox=\"yes\" data-elementor-lightbox-slideshow=\"aa54a4f\" data-elementor-lightbox-title=\"WhatsApp Image 2023-10-30 at 22.40.59 (5)\" data-e-action-hash=\"#elementor-action%3Aaction%3Dlightbox%26settings%3DeyJpZCI6Mjg4LCJ1cmwiOiJodHRwczpcL1wvd3BkLnVnci5lc1wvfmZpc2ljYXM1MFwvd3AtY29udGVudFwvdXBsb2Fkc1wvMjAyM1wvMTJcL1doYXRzQXBwLUltYWdlLTIwMjMtMTAtMzAtYXQtMjIuNDAuNTktNS5qcGVnIiwic2xpZGVzaG93IjoiYWE1NGE0ZiJ9\" href=\"https:\/\/wpd.ugr.es\/~fisicas50\/wp-content\/uploads\/2023\/12\/WhatsApp-Image-2023-10-30-at-22.40.59-5.jpeg\"><img width=\"150\" height=\"150\" src=\"https:\/\/wpd.ugr.es\/~fisicas50\/wp-content\/uploads\/2023\/12\/WhatsApp-Image-2023-10-30-at-22.40.59-5-150x150.jpeg\" alt=\"\" decoding=\"async\" loading=\"lazy\"><\/a><\/figure>\n<figure class=\"gallery-item\">\n\t\t\t\t<a data-elementor-open-lightbox=\"yes\" data-elementor-lightbox-slideshow=\"aa54a4f\" data-elementor-lightbox-title=\"WhatsApp Image 2023-10-30 at 22.40.59 (4)\" data-e-action-hash=\"#elementor-action%3Aaction%3Dlightbox%26settings%3DeyJpZCI6MjkwLCJ1cmwiOiJodHRwczpcL1wvd3BkLnVnci5lc1wvfmZpc2ljYXM1MFwvd3AtY29udGVudFwvdXBsb2Fkc1wvMjAyM1wvMTJcL1doYXRzQXBwLUltYWdlLTIwMjMtMTAtMzAtYXQtMjIuNDAuNTktNC5qcGVnIiwic2xpZGVzaG93IjoiYWE1NGE0ZiJ9\" href=\"https:\/\/wpd.ugr.es\/~fisicas50\/wp-content\/uploads\/2023\/12\/WhatsApp-Image-2023-10-30-at-22.40.59-4.jpeg\"><img width=\"150\" height=\"150\" src=\"https:\/\/wpd.ugr.es\/~fisicas50\/wp-content\/uploads\/2023\/12\/WhatsApp-Image-2023-10-30-at-22.40.59-4-150x150.jpeg\" alt=\"\" decoding=\"async\" loading=\"lazy\"><\/a><\/figure>\n<figure class=\"gallery-item\">\n\t\t\t\t<a data-elementor-open-lightbox=\"yes\" data-elementor-lightbox-slideshow=\"aa54a4f\" data-elementor-lightbox-title=\"WhatsApp Image 2023-10-30 at 22.40.59 (3)\" data-e-action-hash=\"#elementor-action%3Aaction%3Dlightbox%26settings%3DeyJpZCI6MjkxLCJ1cmwiOiJodHRwczpcL1wvd3BkLnVnci5lc1wvfmZpc2ljYXM1MFwvd3AtY29udGVudFwvdXBsb2Fkc1wvMjAyM1wvMTJcL1doYXRzQXBwLUltYWdlLTIwMjMtMTAtMzAtYXQtMjIuNDAuNTktMy5qcGVnIiwic2xpZGVzaG93IjoiYWE1NGE0ZiJ9\" href=\"https:\/\/wpd.ugr.es\/~fisicas50\/wp-content\/uploads\/2023\/12\/WhatsApp-Image-2023-10-30-at-22.40.59-3.jpeg\"><img width=\"150\" height=\"150\" src=\"https:\/\/wpd.ugr.es\/~fisicas50\/wp-content\/uploads\/2023\/12\/WhatsApp-Image-2023-10-30-at-22.40.59-3-150x150.jpeg\" alt=\"\" decoding=\"async\" loading=\"lazy\"><\/a><\/figure>\n<figure class=\"gallery-item\">\n\t\t\t\t<a data-elementor-open-lightbox=\"yes\" data-elementor-lightbox-slideshow=\"aa54a4f\" data-elementor-lightbox-title=\"WhatsApp Image 2023-10-30 at 22.40.59 (2)\" data-e-action-hash=\"#elementor-action%3Aaction%3Dlightbox%26settings%3DeyJpZCI6MjkyLCJ1cmwiOiJodHRwczpcL1wvd3BkLnVnci5lc1wvfmZpc2ljYXM1MFwvd3AtY29udGVudFwvdXBsb2Fkc1wvMjAyM1wvMTJcL1doYXRzQXBwLUltYWdlLTIwMjMtMTAtMzAtYXQtMjIuNDAuNTktMi5qcGVnIiwic2xpZGVzaG93IjoiYWE1NGE0ZiJ9\" href=\"https:\/\/wpd.ugr.es\/~fisicas50\/wp-content\/uploads\/2023\/12\/WhatsApp-Image-2023-10-30-at-22.40.59-2.jpeg\"><img width=\"150\" height=\"150\" src=\"https:\/\/wpd.ugr.es\/~fisicas50\/wp-content\/uploads\/2023\/12\/WhatsApp-Image-2023-10-30-at-22.40.59-2-150x150.jpeg\" alt=\"\" decoding=\"async\" loading=\"lazy\"><\/a><\/figure>\n<figure class=\"gallery-item\">\n\t\t\t\t<a data-elementor-open-lightbox=\"yes\" data-elementor-lightbox-slideshow=\"aa54a4f\" data-elementor-lightbox-title=\"WhatsApp Image 2023-10-30 at 22.40.59 (1)\" data-e-action-hash=\"#elementor-action%3Aaction%3Dlightbox%26settings%3DeyJpZCI6MjkzLCJ1cmwiOiJodHRwczpcL1wvd3BkLnVnci5lc1wvfmZpc2ljYXM1MFwvd3AtY29udGVudFwvdXBsb2Fkc1wvMjAyM1wvMTJcL1doYXRzQXBwLUltYWdlLTIwMjMtMTAtMzAtYXQtMjIuNDAuNTktMS5qcGVnIiwic2xpZGVzaG93IjoiYWE1NGE0ZiJ9\" href=\"https:\/\/wpd.ugr.es\/~fisicas50\/wp-content\/uploads\/2023\/12\/WhatsApp-Image-2023-10-30-at-22.40.59-1.jpeg\"><img width=\"150\" height=\"150\" src=\"https:\/\/wpd.ugr.es\/~fisicas50\/wp-content\/uploads\/2023\/12\/WhatsApp-Image-2023-10-30-at-22.40.59-1-150x150.jpeg\" alt=\"\" decoding=\"async\" loading=\"lazy\"><\/a><\/figure>\n<figure class=\"gallery-item\">\n\t\t\t\t<a data-elementor-open-lightbox=\"yes\" data-elementor-lightbox-slideshow=\"aa54a4f\" data-elementor-lightbox-title=\"WhatsApp Image 2023-10-30 at 22.40.59 (7)\" data-e-action-hash=\"#elementor-action%3Aaction%3Dlightbox%26settings%3DeyJpZCI6Mjg2LCJ1cmwiOiJodHRwczpcL1wvd3BkLnVnci5lc1wvfmZpc2ljYXM1MFwvd3AtY29udGVudFwvdXBsb2Fkc1wvMjAyM1wvMTJcL1doYXRzQXBwLUltYWdlLTIwMjMtMTAtMzAtYXQtMjIuNDAuNTktNy5qcGVnIiwic2xpZGVzaG93IjoiYWE1NGE0ZiJ9\" href=\"https:\/\/wpd.ugr.es\/~fisicas50\/wp-content\/uploads\/2023\/12\/WhatsApp-Image-2023-10-30-at-22.40.59-7.jpeg\"><img width=\"150\" height=\"150\" src=\"https:\/\/wpd.ugr.es\/~fisicas50\/wp-content\/uploads\/2023\/12\/WhatsApp-Image-2023-10-30-at-22.40.59-7-150x150.jpeg\" alt=\"\" decoding=\"async\" loading=\"lazy\"><\/a><\/figure>\n<figure class=\"gallery-item\">\n\t\t\t\t<a data-elementor-open-lightbox=\"yes\" data-elementor-lightbox-slideshow=\"aa54a4f\" data-elementor-lightbox-title=\"WhatsApp Image 2023-10-30 at 22.41.00\" data-e-action-hash=\"#elementor-action%3Aaction%3Dlightbox%26settings%3DeyJpZCI6Mjg1LCJ1cmwiOiJodHRwczpcL1wvd3BkLnVnci5lc1wvfmZpc2ljYXM1MFwvd3AtY29udGVudFwvdXBsb2Fkc1wvMjAyM1wvMTJcL1doYXRzQXBwLUltYWdlLTIwMjMtMTAtMzAtYXQtMjIuNDEuMDAuanBlZyIsInNsaWRlc2hvdyI6ImFhNTRhNGYifQ%3D%3D\" href=\"https:\/\/wpd.ugr.es\/~fisicas50\/wp-content\/uploads\/2023\/12\/WhatsApp-Image-2023-10-30-at-22.41.00.jpeg\"><img width=\"150\" height=\"150\" src=\"https:\/\/wpd.ugr.es\/~fisicas50\/wp-content\/uploads\/2023\/12\/WhatsApp-Image-2023-10-30-at-22.41.00-150x150.jpeg\" alt=\"\" decoding=\"async\" loading=\"lazy\"><\/a><\/figure>\n","protected":false},"excerpt":{"rendered":"<p>N\u00famero especial que resum\u00eda lo mejor de los 10 primeros (desde 1987). Fecha de publicaci\u00f3n: 1991-1992 Agradecemos a Ana Yebra y Jos\u00e9 Luis Bernier el&hellip;<\/p>\n","protected":false},"author":1,"featured_media":0,"parent":0,"menu_order":0,"comment_status":"closed","ping_status":"closed","template":"","meta":[],"_links":{"self":[{"href":"https:\/\/wpd.ugr.es\/~fisicas50\/wp-json\/wp\/v2\/pages\/319"}],"collection":[{"href":"https:\/\/wpd.ugr.es\/~fisicas50\/wp-json\/wp\/v2\/pages"}],"about":[{"href":"https:\/\/wpd.ugr.es\/~fisicas50\/wp-json\/wp\/v2\/types\/page"}],"author":[{"embeddable":true,"href":"https:\/\/wpd.ugr.es\/~fisicas50\/wp-json\/wp\/v2\/users\/1"}],"replies":[{"embeddable":true,"href":"https:\/\/wpd.ugr.es\/~fisicas50\/wp-json\/wp\/v2\/comments?post=319"}],"version-history":[{"count":17,"href":"https:\/\/wpd.ugr.es\/~fisicas50\/wp-json\/wp\/v2\/pages\/319\/revisions"}],"predecessor-version":[{"id":706,"href":"https:\/\/wpd.ugr.es\/~fisicas50\/wp-json\/wp\/v2\/pages\/319\/revisions\/706"}],"wp:attachment":[{"href":"https:\/\/wpd.ugr.es\/~fisicas50\/wp-json\/wp\/v2\/media?parent=319"}],"curies":[{"name":"wp","href":"https:\/\/api.w.org\/{rel}","templated":true}]}}