{"id":333,"date":"2023-12-27T18:55:02","date_gmt":"2023-12-27T18:55:02","guid":{"rendered":"https:\/\/wpd.ugr.es\/~fisicas50\/?page_id=333"},"modified":"2025-01-08T16:42:28","modified_gmt":"2025-01-08T16:42:28","slug":"el-pendulo","status":"publish","type":"page","link":"https:\/\/wpd.ugr.es\/~fisicas50\/el-pendulo\/","title":{"rendered":"El P\u00e9ndulo"},"content":{"rendered":"<p>Esta revista comenz\u00f3 a editarse en septiembre de 2021, con la idea e impulso de Sof\u00eda y Adri\u00e1n. En el \u00faltimo n\u00famero otro grupo de personas han cogido el relevo. Confiemos en que contin\u00fae su andadura.<\/p>\n<p><a href=\"https:\/\/www.ugr.es\/~elpendulo\/ediciones_pasadas.html\">Enlace a los n\u00fameros publicados.<\/a><\/p>\n","protected":false},"excerpt":{"rendered":"<p>Esta revista comenz\u00f3 a editarse en septiembre de 2021, con la idea e impulso de Sof\u00eda y Adri\u00e1n. En el \u00faltimo n\u00famero otro grupo de&hellip;<\/p>\n","protected":false},"author":1,"featured_media":0,"parent":0,"menu_order":0,"comment_status":"closed","ping_status":"closed","template":"","meta":[],"_links":{"self":[{"href":"https:\/\/wpd.ugr.es\/~fisicas50\/wp-json\/wp\/v2\/pages\/333"}],"collection":[{"href":"https:\/\/wpd.ugr.es\/~fisicas50\/wp-json\/wp\/v2\/pages"}],"about":[{"href":"https:\/\/wpd.ugr.es\/~fisicas50\/wp-json\/wp\/v2\/types\/page"}],"author":[{"embeddable":true,"href":"https:\/\/wpd.ugr.es\/~fisicas50\/wp-json\/wp\/v2\/users\/1"}],"replies":[{"embeddable":true,"href":"https:\/\/wpd.ugr.es\/~fisicas50\/wp-json\/wp\/v2\/comments?post=333"}],"version-history":[{"count":5,"href":"https:\/\/wpd.ugr.es\/~fisicas50\/wp-json\/wp\/v2\/pages\/333\/revisions"}],"predecessor-version":[{"id":691,"href":"https:\/\/wpd.ugr.es\/~fisicas50\/wp-json\/wp\/v2\/pages\/333\/revisions\/691"}],"wp:attachment":[{"href":"https:\/\/wpd.ugr.es\/~fisicas50\/wp-json\/wp\/v2\/media?parent=333"}],"curies":[{"name":"wp","href":"https:\/\/api.w.org\/{rel}","templated":true}]}}