{"id":341,"date":"2023-12-28T16:27:47","date_gmt":"2023-12-28T16:27:47","guid":{"rendered":"https:\/\/wpd.ugr.es\/~fisicas50\/?page_id=341"},"modified":"2025-01-08T16:57:32","modified_gmt":"2025-01-08T16:57:32","slug":"programa-de-actos","status":"publish","type":"page","link":"https:\/\/wpd.ugr.es\/~fisicas50\/programa-de-actos\/","title":{"rendered":"Programa de actos (d\u00eda 19 de abril)"},"content":{"rendered":"<p>Actos del d\u00eda 19 de abril<\/p>\n<p><a href=\"https:\/\/myalbum.com\/album\/TijfLaLb3hPkDj\/?invite=f03bede1-1ce4-46d4-ab95-be3779d233be\" target=\"_blank\" rel=\"noopener\"><strong>\u00c1lbum de fotos del evento<\/strong><\/a><\/p>\n<p><b>11:00h. Descubrimiento de la orla de profesores que han sido responsables de actas en los estudios de F\u00edsica desde el inicio de esta titulaci\u00f3n hasta el curso actual.<\/b><\/p>\n<p>(La orla est\u00e1 situada entre las aulas F1 y F2)<\/p>\n<p><strong>11:15h. Traslado al Aula Magna.<\/strong><\/p>\n<ul>\n<li>Palabras de bienvenida del Sr. Rector Magn\u00edfico de la Universidad de Granada, D. Pedro Mercado Pacheco.&nbsp;<\/li>\n<li>Intervenciones de:\n<ul>\n<li>D\u00f1a. Mar\u00eda del Carmen Carri\u00f3n P\u00e9rez, Decana de la Facultad de Ciencias.<\/li>\n<li>D. Luis Vi\u00f1a Liste, Presidente de la Real Sociedad Espa\u00f1ola de F\u00edsica.<\/li>\n<li>D\u00f1a. Mar\u00eda Isabel Cabrera Garc\u00eda, Directora de la editorial de la Universidad de Granada.<\/li>\n<\/ul>\n<\/li>\n<li>Presentaci\u00f3n del libro \u00ab50 a\u00f1os de estudios de f\u00edsica en la Universidad de Granada\u00bb a cargo de D\u00f1a. Mar\u00eda del Carmen Carri\u00f3n P\u00e9rez, Decana de la Facultad de Ciencias.<\/li>\n<li>D. Rafael Rebolo L\u00f3pez, director del Instituto de Astrof\u00edsica de Canarias, impartir\u00e1 la conferencia titulada \u00abLa contribuci\u00f3n de la astrof\u00edsica a los grandes retos de la f\u00edsica<i>\u00ab.<\/i><\/li>\n<li>Recuerdos y an\u00e9cdotas de los 50 a\u00f1os de los estudios de F\u00edsica en la Universidad de Granada. Intervenciones:\n<ul>\n<li>D. Eduardo Battaner, D. Enrique Hita y D. Alberto Prieto (<a href=\"https:\/\/drive.google.com\/file\/d\/1AsTgw6_TRb3V7RqcjHITAIq1N-YJY1eo\/view?usp=sharing\" target=\"_blank\" rel=\"noopener\"><strong>v\u00eddeo<\/strong><\/a>).<\/li>\n<li>D\u00f1a. Irene Adroher, D\u00f1a. Rosario Gonz\u00e1lez F\u00e9rez y D. Ram\u00f3n Merino (<a href=\"https:\/\/drive.google.com\/file\/d\/18OlvRQ-B2-ykWVrS45P1EwV0IyJVBMNL\/view?usp=sharing\" target=\"_blank\" rel=\"noopener\"><strong>presentaci\u00f3n<\/strong><\/a>) (<strong><a href=\"https:\/\/wpd.ugr.es\/~fisicas50\/wp-content\/uploads\/2024\/04\/irene_ramon_rosario.pdf\" target=\"_blank\" rel=\"noopener\">intervenci\u00f3n<\/a><\/strong>).<\/li>\n<li>Estudiantes del Grado en F\u00edsica (<strong><a href=\"https:\/\/drive.google.com\/file\/d\/1qPfTJaZTIkZfHD6zyBdH1z7yMYKu6MTH\/view?usp=drive_link\" target=\"_blank\" rel=\"noopener\">v\u00eddeo<\/a><\/strong>).<\/li>\n<\/ul>\n<\/li>\n<li>Copa de celebraci\u00f3n ofrecida por los departamentos de:\n<ul>\n<li>Electromagnetismo y F\u00edsica de la Materia<\/li>\n<li>Electr\u00f3nica y Tecnolog\u00eda de Computadores<\/li>\n<li>F\u00edsica Aplicada<\/li>\n<li>F\u00edsica At\u00f3mica, Molecular y Nuclear<\/li>\n<li>F\u00edsica Te\u00f3rica y del Cosmos<\/li>\n<li>\u00d3ptica<\/li>\n<\/ul>\n<\/li>\n<\/ul>\n<p><em>Estudiantes de la asignatura Ampliaci\u00f3n de \u00d3ptica (5\u00ba curso) de la segunda promoci\u00f3n.<\/em><\/p>\n<style>\/*! elementor - v3.14.0 - 26-06-2023 *\/<br \/>\n.elementor-widget-image{text-align:center}.elementor-widget-image a{display:inline-block}.elementor-widget-image a img[src$=\".svg\"]{width:48px}.elementor-widget-image img{vertical-align:middle;display:inline-block}<\/style>\n<figure>\n\t\t\t\t\t\t\t\t\t\t<img decoding=\"async\" width=\"647\" height=\"1024\" src=\"https:\/\/wpd.ugr.es\/~fisicas50\/wp-content\/uploads\/2024\/04\/IMG-20240404-WA0001-647x1024.jpg\" alt=\"\" loading=\"lazy\" srcset=\"https:\/\/wpd.ugr.es\/~fisicas50\/wp-content\/uploads\/2024\/04\/IMG-20240404-WA0001-647x1024.jpg 647w, https:\/\/wpd.ugr.es\/~fisicas50\/wp-content\/uploads\/2024\/04\/IMG-20240404-WA0001-189x300.jpg 189w, https:\/\/wpd.ugr.es\/~fisicas50\/wp-content\/uploads\/2024\/04\/IMG-20240404-WA0001.jpg 730w\" sizes=\"(max-width: 647px) 100vw, 647px\"><figcaption><\/figcaption><\/figure>\n","protected":false},"excerpt":{"rendered":"<p>Actos del d\u00eda 19 de abril \u00c1lbum de fotos del evento 11:00h. Descubrimiento de la orla de profesores que han sido responsables de actas en&hellip;<\/p>\n","protected":false},"author":1,"featured_media":0,"parent":0,"menu_order":0,"comment_status":"closed","ping_status":"closed","template":"","meta":[],"_links":{"self":[{"href":"https:\/\/wpd.ugr.es\/~fisicas50\/wp-json\/wp\/v2\/pages\/341"}],"collection":[{"href":"https:\/\/wpd.ugr.es\/~fisicas50\/wp-json\/wp\/v2\/pages"}],"about":[{"href":"https:\/\/wpd.ugr.es\/~fisicas50\/wp-json\/wp\/v2\/types\/page"}],"author":[{"embeddable":true,"href":"https:\/\/wpd.ugr.es\/~fisicas50\/wp-json\/wp\/v2\/users\/1"}],"replies":[{"embeddable":true,"href":"https:\/\/wpd.ugr.es\/~fisicas50\/wp-json\/wp\/v2\/comments?post=341"}],"version-history":[{"count":84,"href":"https:\/\/wpd.ugr.es\/~fisicas50\/wp-json\/wp\/v2\/pages\/341\/revisions"}],"predecessor-version":[{"id":705,"href":"https:\/\/wpd.ugr.es\/~fisicas50\/wp-json\/wp\/v2\/pages\/341\/revisions\/705"}],"wp:attachment":[{"href":"https:\/\/wpd.ugr.es\/~fisicas50\/wp-json\/wp\/v2\/media?parent=341"}],"curies":[{"name":"wp","href":"https:\/\/api.w.org\/{rel}","templated":true}]}}