{"id":467,"date":"2024-03-18T16:14:45","date_gmt":"2024-03-18T16:14:45","guid":{"rendered":"https:\/\/wpd.ugr.es\/~fisicas50\/?page_id=467"},"modified":"2025-01-08T16:46:44","modified_gmt":"2025-01-08T16:46:44","slug":"exposicion-de-libros-antiguos","status":"publish","type":"page","link":"https:\/\/wpd.ugr.es\/~fisicas50\/exposicion-de-libros-antiguos\/","title":{"rendered":"Exposici\u00f3n de libros antiguos"},"content":{"rendered":"<p>El mi\u00e9rcoles 20 de marzo, el Rector de la UGR y la Decana de la Facultad de ciencias inauguran a las 12:30h la exposici\u00f3n <strong>\u00abTesoros bibliogr\u00e1ficos de F\u00edsica en el Hospital Real: De Arist\u00f3teles a de Broglie\u00bb<\/strong>, un paseo por la historia de la ciencia y un acercamiento a nuestro patrimonio (<a href=\"https:\/\/wpd.ugr.es\/~fisicas50\/fotos-del-acto\/\"><strong>ver fotos del acto<\/strong><\/a>). Una ocasi\u00f3n \u00fanica para contemplar&nbsp; obras de Arist\u00f3teles, Ptolomeo, Jer\u00f3nimo Mu\u00f1oz, Newton, Cassini, Herschel, Kelvin&#8230;y tantos otros nombres que tan familiares nos resultan.<\/p>\n<p>La exposici\u00f3n estar\u00e1 abierta hasta junio,&nbsp; con horario de 8:30 a 20:30h.<\/p>\n<p><strong>Visitas guiadas:<\/strong> Se programar\u00e1n visitas guiadas en grupos reducidos, a cargo de Eduardo Battaner. Iremos poniendo aqu\u00ed las fechas disponibles y los formularios para apuntarse. El lugar de encuentro ser\u00e1 en la puerta del Hospital Real, 5 minutos antes de la hora de comienzo.<\/p>\n<ul>\n<li>8 de abril a las 12:30h (<a href=\"https:\/\/forms.gle\/urT1Pn16CQCueU9R8\" target=\"_blank\" rel=\"noopener\">formulario<\/a>)<\/li>\n<li>12 de abril a las 12:30h (<a href=\"https:\/\/forms.gle\/uKiDLUYFuBRoLJfB7\" target=\"_blank\" rel=\"noopener\">formulario<\/a>)<\/li>\n<li>29 de abril a las 12:30h (<a href=\"https:\/\/forms.gle\/akHLmTDLDkQRGwNY9\" target=\"_blank\" rel=\"noopener\">formulario<\/a>) <em>(completo)<\/em><\/li>\n<li>29 de abril a las 19h (<a href=\"https:\/\/forms.gle\/FHiW1LZD2HA6NspB6\" target=\"_blank\" rel=\"noopener\">formulario<\/a>) <em>(completo)<\/em><\/li>\n<li>9 de mayo a las 12:30h (<a href=\"https:\/\/forms.gle\/6DUJthYDo4vDtPP1A\" target=\"_blank\" rel=\"noopener\">formulario<\/a>)<\/li>\n<li>20 de mayo a las 19h (<a href=\"https:\/\/forms.gle\/ZwXaX4knnvJDQy2v6\" target=\"_blank\" rel=\"noopener\">formulario<\/a>)<\/li>\n<\/ul>\n<style>\/*! elementor - v3.14.0 - 26-06-2023 *\/<br \/>\n.elementor-widget-image{text-align:center}.elementor-widget-image a{display:inline-block}.elementor-widget-image a img[src$=\".svg\"]{width:48px}.elementor-widget-image img{vertical-align:middle;display:inline-block}<\/style>\n<p>\t\t\t\t\t\t\t\t\t\t\t\t<img decoding=\"async\" width=\"672\" height=\"1420\" src=\"https:\/\/wpd.ugr.es\/~fisicas50\/wp-content\/uploads\/2024\/03\/Captura-de-Pantalla-2024-03-18-a-las-17.16.55.png\" alt=\"\" loading=\"lazy\" srcset=\"https:\/\/wpd.ugr.es\/~fisicas50\/wp-content\/uploads\/2024\/03\/Captura-de-Pantalla-2024-03-18-a-las-17.16.55.png 672w, https:\/\/wpd.ugr.es\/~fisicas50\/wp-content\/uploads\/2024\/03\/Captura-de-Pantalla-2024-03-18-a-las-17.16.55-142x300.png 142w, https:\/\/wpd.ugr.es\/~fisicas50\/wp-content\/uploads\/2024\/03\/Captura-de-Pantalla-2024-03-18-a-las-17.16.55-485x1024.png 485w\" sizes=\"(max-width: 672px) 100vw, 672px\"><\/p>\n<p>Con motivo de la exposici\u00f3n, se ha realizado un cat\u00e1logo con el mismo nombre. Esta publicaci\u00f3n est\u00e1 disponible en digibug (<strong><a href=\"https:\/\/digibug.ugr.es\/handle\/10481\/90147\">ver el cat\u00e1logo<\/a><\/strong>).<\/p>\n<p><img decoding=\"async\" width=\"704\" height=\"1024\" src=\"https:\/\/wpd.ugr.es\/~fisicas50\/wp-content\/uploads\/2024\/03\/Captura-de-Pantalla-2024-03-18-a-las-17.26.23-704x1024.png\" alt=\"\" loading=\"lazy\" srcset=\"https:\/\/wpd.ugr.es\/~fisicas50\/wp-content\/uploads\/2024\/03\/Captura-de-Pantalla-2024-03-18-a-las-17.26.23-704x1024.png 704w, https:\/\/wpd.ugr.es\/~fisicas50\/wp-content\/uploads\/2024\/03\/Captura-de-Pantalla-2024-03-18-a-las-17.26.23-206x300.png 206w, https:\/\/wpd.ugr.es\/~fisicas50\/wp-content\/uploads\/2024\/03\/Captura-de-Pantalla-2024-03-18-a-las-17.26.23-768x1117.png 768w, https:\/\/wpd.ugr.es\/~fisicas50\/wp-content\/uploads\/2024\/03\/Captura-de-Pantalla-2024-03-18-a-las-17.26.23.png 792w\" sizes=\"(max-width: 704px) 100vw, 704px\"><\/p>\n<p>En la biblioteca tambi\u00e9n se expondr\u00e1n algunos instrumentos antiguos pertenecientes a colecciones de distintos profesores.<\/p>\n<p><img decoding=\"async\" width=\"768\" height=\"432\" src=\"https:\/\/wpd.ugr.es\/~fisicas50\/wp-content\/uploads\/2024\/03\/Espectroscopio-I-Optica-768x432.jpg\" alt=\"\" loading=\"lazy\" srcset=\"https:\/\/wpd.ugr.es\/~fisicas50\/wp-content\/uploads\/2024\/03\/Espectroscopio-I-Optica-768x432.jpg 768w, https:\/\/wpd.ugr.es\/~fisicas50\/wp-content\/uploads\/2024\/03\/Espectroscopio-I-Optica-300x169.jpg 300w, https:\/\/wpd.ugr.es\/~fisicas50\/wp-content\/uploads\/2024\/03\/Espectroscopio-I-Optica-1024x576.jpg 1024w, https:\/\/wpd.ugr.es\/~fisicas50\/wp-content\/uploads\/2024\/03\/Espectroscopio-I-Optica.jpg 1046w\" sizes=\"(max-width: 768px) 100vw, 768px\"><\/p>\n","protected":false},"excerpt":{"rendered":"<p>El mi\u00e9rcoles 20 de marzo, el Rector de la UGR y la Decana de la Facultad de ciencias inauguran a las 12:30h la exposici\u00f3n \u00abTesoros&hellip;<\/p>\n","protected":false},"author":1,"featured_media":0,"parent":0,"menu_order":0,"comment_status":"closed","ping_status":"closed","template":"","meta":[],"_links":{"self":[{"href":"https:\/\/wpd.ugr.es\/~fisicas50\/wp-json\/wp\/v2\/pages\/467"}],"collection":[{"href":"https:\/\/wpd.ugr.es\/~fisicas50\/wp-json\/wp\/v2\/pages"}],"about":[{"href":"https:\/\/wpd.ugr.es\/~fisicas50\/wp-json\/wp\/v2\/types\/page"}],"author":[{"embeddable":true,"href":"https:\/\/wpd.ugr.es\/~fisicas50\/wp-json\/wp\/v2\/users\/1"}],"replies":[{"embeddable":true,"href":"https:\/\/wpd.ugr.es\/~fisicas50\/wp-json\/wp\/v2\/comments?post=467"}],"version-history":[{"count":47,"href":"https:\/\/wpd.ugr.es\/~fisicas50\/wp-json\/wp\/v2\/pages\/467\/revisions"}],"predecessor-version":[{"id":694,"href":"https:\/\/wpd.ugr.es\/~fisicas50\/wp-json\/wp\/v2\/pages\/467\/revisions\/694"}],"wp:attachment":[{"href":"https:\/\/wpd.ugr.es\/~fisicas50\/wp-json\/wp\/v2\/media?parent=467"}],"curies":[{"name":"wp","href":"https:\/\/api.w.org\/{rel}","templated":true}]}}