{"id":60,"date":"2023-12-26T19:19:27","date_gmt":"2023-12-26T19:19:27","guid":{"rendered":"https:\/\/wpd.ugr.es\/~fisicas50\/?page_id=60"},"modified":"2025-01-08T16:56:32","modified_gmt":"2025-01-08T16:56:32","slug":"planes-de-estudio","status":"publish","type":"page","link":"https:\/\/wpd.ugr.es\/~fisicas50\/planes-de-estudio\/","title":{"rendered":"Planes de estudio"},"content":{"rendered":"<p>A lo largo de estos cincuenta a\u00f1os hemos tenido varios planes de estudios: dos de licenciatura y uno de grado. Para cada uno de ellos ha habido modificaciones que ten\u00edan en cuenta la evoluci\u00f3n de esta rama, as\u00ed como las distintas leyes y reformas universitarias. A continuaci\u00f3n aparecen los enlaces a los boletines oficiales del estado donde se describen las distintas propuestas.&nbsp;<\/p>\n<p><\/p>\n\n\n<\/p>\n<ul>\n<li style=\"list-style-type: none;\">\n<ul>\n\n<\/ul>\n<\/li>\n<\/ul>\n<p><strong>Planes de estudio de F\u00edsica en la UGR:<\/strong><\/p>\n<p>\n\n\n<\/p>\n<ul>\n<li style=\"list-style-type: none;\">\n<ul>\n<li>Plan de estudio del primer ciclo de la divisi\u00f3n de F\u00edsica (<a href=\"https:\/\/www.boe.es\/boe\/dias\/1974\/01\/09\/pdfs\/A00526-00526.pdf\">BOE 9 de enero de 1974<\/a>)<\/li>\n<\/ul>\n<\/li>\n<\/ul>\n<p>\n\n\n<\/p>\n<ul>\n<li style=\"list-style-type: none;\">\n<ul>\n<li>Modificaci\u00f3n del Plan de estudios del primer ciclo de la divisi\u00f3n de F\u00edsica (<a href=\"https:\/\/www.boe.es\/boe\/dias\/1975\/11\/06\/pdfs\/A23228-23228.pdf\">BOE 6 de noviembre de 1975<\/a>)<\/li>\n<\/ul>\n<\/li>\n<\/ul>\n<p>\n\n\n<\/p>\n<ul>\n<li style=\"list-style-type: none;\">\n<ul>\n<li>Plan de estudios del segundo ciclo: especialidades \u201cFundamental\u201d y \u201cElectricidad y Electr\u00f3nica\u201d (<a href=\"https:\/\/www.boe.es\/boe\/dias\/1977\/07\/15\/pdfs\/A15933-15936.pdf\">BOE 15 de julio de 1977<\/a>)<\/li>\n<\/ul>\n<\/li>\n<\/ul>\n<p>\n\n\n<\/p>\n<ul>\n<li style=\"list-style-type: none;\">\n<ul>\n<li>Plan de Estudios de segundo ciclo de la Secci\u00f3n de F\u00edsicas: especialidades \u201cF\u00edsica Fundamental\u201d, \u201cElectr\u00f3nica\u201d y \u201cF\u00edsica Te\u00f3rica\u201d (<a href=\"https:\/\/www.boe.es\/boe\/dias\/1983\/07\/08\/pdfs\/A19129-19130.pdf\">BOE 8 de julio de 1983<\/a>)<\/li>\n<\/ul>\n<\/li>\n<\/ul>\n<p>\n\n\n<\/p>\n<ul>\n<li style=\"list-style-type: none;\">\n<ul>\n<li>Plan de Estudios de la Licenciatura de F\u00edsica (<a href=\"https:\/\/www.boe.es\/boe\/dias\/1997\/11\/26\/pdfs\/A34810-34824.pdf\">BOE 26 de noviembre de 1997<\/a>)<\/li>\n<\/ul>\n<\/li>\n<\/ul>\n<p>\n\n\n<\/p>\n<ul>\n<li style=\"list-style-type: none;\">\n<ul>\n<li>Plan de estudios de Graduado en F\u00edsica (<a href=\"https:\/\/www.boe.es\/boe\/dias\/2011\/02\/19\/pdfs\/BOE-A-2011-3315.pdf\">BOE 19 de febrero de 2011<\/a>)<\/li>\n<\/ul>\n<\/li>\n<\/ul>\n<p>\n\n\n<\/p>\n<ul>\n<li style=\"list-style-type: none;\">\n<ul>\n<li>Modificaci\u00f3n del Plan de estudios de Graduado en F\u00edsica (<a href=\"https:\/\/www.boe.es\/boe\/dias\/2020\/11\/12\/pdfs\/BOE-A-2020-14102.pdf\">BOE 12 de noviembre de 2020<\/a>)<\/li>\n<\/ul>\n<\/li>\n<\/ul>\n<p>\n\n<\/p>\n<p>\n\n\n\n<\/p>\n<ul>\n<li style=\"list-style-type: none;\">\n<ul>\n\n<\/ul>\n<\/li>\n<\/ul>\n<p><strong>Acuerdo de compatibilizaci\u00f3n de planes de estudios para la obtenci\u00f3n de los t\u00edtulos Graduado en F\u00edsica y Matem\u00e1ticas, aprobado en 2016 <\/strong>(<a href=\"https:\/\/grados.ugr.es\/fisicamatematicas\/pages\/infoacademica\/documentos\/_doc\/acuerdodecompatibilizacioinfisicaymatematicas1\/!\">enlace<\/a>)<strong>.<\/strong><\/p>\n<p>\n\n<\/p>\n<p>\n\n\n<p><\/p>","protected":false},"excerpt":{"rendered":"<p>A lo largo de estos cincuenta a\u00f1os hemos tenido varios planes de estudios: dos de licenciatura y uno de grado. Para cada uno de ellos&hellip;<\/p>\n","protected":false},"author":1,"featured_media":0,"parent":0,"menu_order":0,"comment_status":"closed","ping_status":"closed","template":"","meta":[],"_links":{"self":[{"href":"https:\/\/wpd.ugr.es\/~fisicas50\/wp-json\/wp\/v2\/pages\/60"}],"collection":[{"href":"https:\/\/wpd.ugr.es\/~fisicas50\/wp-json\/wp\/v2\/pages"}],"about":[{"href":"https:\/\/wpd.ugr.es\/~fisicas50\/wp-json\/wp\/v2\/types\/page"}],"author":[{"embeddable":true,"href":"https:\/\/wpd.ugr.es\/~fisicas50\/wp-json\/wp\/v2\/users\/1"}],"replies":[{"embeddable":true,"href":"https:\/\/wpd.ugr.es\/~fisicas50\/wp-json\/wp\/v2\/comments?post=60"}],"version-history":[{"count":7,"href":"https:\/\/wpd.ugr.es\/~fisicas50\/wp-json\/wp\/v2\/pages\/60\/revisions"}],"predecessor-version":[{"id":704,"href":"https:\/\/wpd.ugr.es\/~fisicas50\/wp-json\/wp\/v2\/pages\/60\/revisions\/704"}],"wp:attachment":[{"href":"https:\/\/wpd.ugr.es\/~fisicas50\/wp-json\/wp\/v2\/media?parent=60"}],"curies":[{"name":"wp","href":"https:\/\/api.w.org\/{rel}","templated":true}]}}