{"id":11,"date":"2015-12-23T13:00:38","date_gmt":"2015-12-23T13:00:38","guid":{"rendered":"http:\/\/wdb.ugr.es\/~fperfect\/?page_id=11"},"modified":"2026-03-05T16:34:36","modified_gmt":"2026-03-05T15:34:36","slug":"teaching","status":"publish","type":"page","link":"https:\/\/wpd.ugr.es\/~fperfect\/index.php\/teaching\/","title":{"rendered":"Teaching"},"content":{"rendered":"<p>En el curso 2025\/26 imparto docencia en la <em>Escuela de Doctorado de Ciencias, Tecnolog\u00edas e Ingenier\u00edas<\/em>, en el <em>M\u00e1ster de Gen\u00e9tica y Evoluci\u00f3n<\/em>\u00a0y en\u00a0el <em>Grado de Biolog\u00eda<\/em>.<\/p>\n<p><!--more--><\/p>\n<div class=\"page\" title=\"Page 1\"><\/div>\n<hr \/>\n<div class=\"page\" title=\"Page 1\"><a href=\"#Tutorias\">Tutor\u00edas<\/a> :: <a href=\"#Grado\">Grado<\/a> :: <a href=\"#Master\">M\u00e1ster<\/a> :: <a href=\"#Doctorado\">Doctorado<\/a> ::<a href=\"#Innovacion\">Innovaci\u00f3n docente<\/a>\u00a0:: <a href=\"http:\/\/wpd.ugr.es\/~fperfect\/index.php\/teaching\/teaching-previous-years\/\">Cursos anteriores<\/a><\/div>\n<hr \/>\n<h3><\/h3>\n<h3 id=\"Tutorias\">Tutor\u00edas<\/h3>\n<p>Tutor\u00eda presencial en el Departamento de Gen\u00e9tica (Despacho #15).<br \/>\nMartes y Mi\u00e9rcoles de 10:30 a 13:30 h.<br \/>\n<em>fperfect<\/em>\u00a0@\u00a0<em>ugr.es\u00a0<\/em><\/p>\n<div class=\"page\" title=\"Page 1\"><\/div>\n<p><a href=\"#\">back to top<\/a><\/p>\n<hr \/>\n<h3 id=\"Grado\">Docencia en Grado<\/h3>\n<p>Durante el curso acad\u00e9mico 2025\/26 imparto docencia te\u00f3rica en:<\/p>\n<p><strong>Biolog\u00eda Evolutiva<\/strong><br \/>\nAsignatura obligatoria de los estudios de\u00a0grado de Biolog\u00eda. Se imparte en el 1er curso durante el 2\u00ba cuatrimestre.<\/p>\n<p><a href=\"http:\/\/grados.ugr.es\/biologia\/static\/GuiasDocentesManager\/*\/admin\/download\/fsf6bf9853a12e1222eb5a7bea13359d61\">M\u00e1s informaci\u00f3n<\/a><\/p>\n<p><a href=\"#\">back to top<\/a><\/p>\n<hr \/>\n<h3>Docencia en M\u00e1ster<\/h3>\n<h3>Master en Gen\u00e9tica y Evoluci\u00f3n<\/h3>\n<p>En el<strong>\u00a0Master Oficial en Gen\u00e9tica y Evoluci\u00f3n<\/strong>\u00a0imparto docencia en los siguientes cursos:<\/p>\n<p><strong><span style=\"font-size: 1em;\">Creatividad, rigor y comunicaci\u00f3n en Ciencia<\/span><\/strong><\/p>\n<p>Curso sobre aspectos b\u00e1sicos de la metodolog\u00eda de la actividad cient\u00edfica.<br \/>\n<a href=\"http:\/\/prado.ugr.es\/moodle\/\">Plataforma Moodle<\/a><\/p>\n<p><strong>Gen\u00e9tica Evolutiva<\/strong><\/p>\n<p>Curso de Gen\u00e9tica de Poblaciones y Evoluci\u00f3n.<br \/>\n<a href=\"http:\/\/pradoposgrado2223.ugr.es\/course\/view.php?id=4094\">Plataforma Moodle<\/a><\/p>\n<p><a href=\"#\">back to top<\/a><\/p>\n<hr \/>\n<h3 id=\"Doctorado\">Docencia en Doctorado<\/h3>\n<p>A trav\u00e9s de la <a href=\"https:\/\/escuelaposgrado.ugr.es\">Escuela Internacional de Posgrado<\/a> y en la <a href=\"https:\/\/escuelaposgrado.ugr.es\/doctorado\/escuelas\/edcti\/index\">Escuela de Doctorado de Ciencias, Tecnolog\u00edas e Ingenier\u00edas (EDCTI)<\/a>\u00a0participo en la actividad formativa:<\/p>\n<p><strong>Creatividad, integridad y comunicaci\u00f3n en ciencia<\/strong><br \/>\nEste curso pretende potenciar la creatividad y analizar el proceso de generaci\u00f3n de nuevo conocimiento entre los estudiantes de doctorado. Los estudiantes han sido particularmente entrenados en el pensamiento l\u00f3gico y racional, prestando poca atenci\u00f3n al proceso de generaci\u00f3n de ideas novedosas. La ciencia se caracteriza por aportar conocimiento contrastable, es decir riguroso y repetible. Crear ciencia exige, por lo tanto, aunar creatividad con rigor metodol\u00f3gico, puesto que para producir nuevo conocimiento cient\u00edfico es necesario plantear hip\u00f3tesis falsables y preguntas precisas, aplicando la metodolog\u00eda m\u00e1s adecuada con rigor e integridad. Finalmente, adem\u00e1s de los desaf\u00edos intelectuales inherentes al proceso de crear nuevo conocimiento, \u00e9ste ha de ser transferido a otros cient\u00edficos y finalmente a la sociedad. Por lo tanto, este curso se cimienta sobre tres pilares que consideramos esenciales en la generaci\u00f3n de conocimiento: Creatividad, Integridad y Comunicaci\u00f3n..<\/p>\n<p><a href=\"https:\/\/escuelaposgrado.ugr.es\/doctorado\/escuelas\/edcti\/pages\/actividades_formativas#__doku_creatividad_integridad_y_comunicacion_en_ciencia\">M\u00e1s informaci\u00f3n<\/a><\/p>\n<p><a href=\"#\">back to top<\/a><\/p>\n<hr \/>\n<h3 id=\"Innovacion\">Innovaci\u00f3n docente<\/h3>\n<p>La experimentaci\u00f3n de nuevas herramientas metodol\u00f3gicas debe formar parte del quehacer habitual de un profesor. Por ello, he colaborado en m\u00faltiples proyectos de innovaci\u00f3n docente. Los m\u00e1s recientes son:<\/p>\n<ul>\n<li><strong>&#8220;Adaptaci\u00f3n del contenido de la asignatura Gen\u00e9tica I: de los genes a las poblaciones (2\u00ba Grado en Biolog\u00eda) a lengua inglesa&#8221;. <\/strong>Plan FIDO, <span lang=\"ES\">Unidad de Calidad, Innovaci\u00f3n y Prospectiva.<\/span>Universidad de Granada (Cod. 22-35).<\/li>\n<li><strong>&#8220;Estandarizaci\u00f3n y homogenizaci\u00f3n de contenidos y desarrollo de las clases pr\u00e1cticas y de seminarios de la asignatura de primero de grado de Biolog\u00eda, Biolog\u00eda Evolutiva&#8221;<\/strong>. Plan FIDO, <span lang=\"ES\">Unidad de Calidad, Innovaci\u00f3n y Prospectiva.<\/span>\u00a0Universidad de Granada\u00a02016-2018 (Cod 291).<\/li>\n<li><strong>&#8220;Elaboraci\u00f3n interdepartamental de material docente para una mayor integraci\u00f3n de conocimientos y multidisciplinaridad en el Grado de Biolog\u00eda&#8221;<\/strong>. Plan FIDO Universidad de Granada\u00a02016-2018 (ref. 264).<\/li>\n<li><strong>&#8220;Creatividad, Rigor y Comunicaci\u00f3n en Ciencia. Un e-book disponible para las Escuelas de Posgrado de Ciencias y Ciencias de la Salud&#8221; <\/strong>(PID 14-13, Universidad de Granada). Cursos 2014-17.<\/li>\n<li><strong>&#8220;Nuevos recursos docentes para las pr\u00e1cticas del Departamento de Gen\u00e9tica en el marco del EEES&#8221;<\/strong>.\u00a0Curso 2010\/11.<\/li>\n<li>&#8220;<strong>La Wikipedia como una herramienta de motivaci\u00f3n educativa<\/strong>&#8221; aprobado por la Unidad de Innovaci\u00f3n Docente de la Universidad de Granada.\u00a0Curso 2009\/10.<\/li>\n<\/ul>\n<div class=\"page\" title=\"Page 1\">\u00a0<a href=\"#\">back to top<\/a><\/div>\n<hr \/>\n<p><a href=\"http:\/\/wpd.ugr.es\/~fperfect\/index.php\/teaching-previous-years\/\">Teaching in previous years<\/a><\/p>\n","protected":false},"excerpt":{"rendered":"<p>En el curso 2025\/26 imparto docencia en la Escuela de Doctorado de Ciencias, Tecnolog\u00edas e Ingenier\u00edas, en el M\u00e1ster de Gen\u00e9tica y Evoluci\u00f3n\u00a0y en\u00a0el Grado de Biolog\u00eda.<\/p>\n","protected":false},"author":1,"featured_media":53,"parent":0,"menu_order":0,"comment_status":"closed","ping_status":"closed","template":"","meta":{"_monsterinsights_skip_tracking":false,"_monsterinsights_sitenote_active":false,"_monsterinsights_sitenote_note":"","_monsterinsights_sitenote_category":0},"_links":{"self":[{"href":"https:\/\/wpd.ugr.es\/~fperfect\/index.php\/wp-json\/wp\/v2\/pages\/11"}],"collection":[{"href":"https:\/\/wpd.ugr.es\/~fperfect\/index.php\/wp-json\/wp\/v2\/pages"}],"about":[{"href":"https:\/\/wpd.ugr.es\/~fperfect\/index.php\/wp-json\/wp\/v2\/types\/page"}],"author":[{"embeddable":true,"href":"https:\/\/wpd.ugr.es\/~fperfect\/index.php\/wp-json\/wp\/v2\/users\/1"}],"replies":[{"embeddable":true,"href":"https:\/\/wpd.ugr.es\/~fperfect\/index.php\/wp-json\/wp\/v2\/comments?post=11"}],"version-history":[{"count":34,"href":"https:\/\/wpd.ugr.es\/~fperfect\/index.php\/wp-json\/wp\/v2\/pages\/11\/revisions"}],"predecessor-version":[{"id":964,"href":"https:\/\/wpd.ugr.es\/~fperfect\/index.php\/wp-json\/wp\/v2\/pages\/11\/revisions\/964"}],"wp:featuredmedia":[{"embeddable":true,"href":"https:\/\/wpd.ugr.es\/~fperfect\/index.php\/wp-json\/wp\/v2\/media\/53"}],"wp:attachment":[{"href":"https:\/\/wpd.ugr.es\/~fperfect\/index.php\/wp-json\/wp\/v2\/media?parent=11"}],"curies":[{"name":"wp","href":"https:\/\/api.w.org\/{rel}","templated":true}]}}