{"id":272,"date":"2016-01-08T11:55:57","date_gmt":"2016-01-08T10:55:57","guid":{"rendered":"http:\/\/wdb.ugr.es\/~fperfect\/?page_id=272"},"modified":"2016-01-16T11:52:03","modified_gmt":"2016-01-16T10:52:03","slug":"et-allia","status":"publish","type":"page","link":"https:\/\/wpd.ugr.es\/~fperfect\/index.php\/et-allia\/","title":{"rendered":"Et allia"},"content":{"rendered":"<p><a id=\"TOP\"><\/a><\/p>\n<h3>Close collaborators<\/h3>\n<p><a href=\"#phd-students\">PhD students<\/a> :: <a href=\"#past-phd\">Past PhD students<\/a> ::\u00a0<a href=\"#evoflor\">Evoflor group<\/a> :: <a href=\"#EGG\">Evolutionary genetics group<\/a><\/p>\n<p>&nbsp;<\/p>\n<hr \/>\n<p><a id=\"phd-students\"><\/a><br \/>\n&nbsp;<br \/>\n&nbsp;<\/p>\n<h5><strong>\u2013<\/strong> PhD students <strong>\u2013<\/strong><\/h5>\n<p><div class=\"tmm tmm_phd-students\"><div class=\"tmm_3_columns tmm_wrap tmm_theme_f\"><span class=\"tmm_two_containers_tablet\"><\/span><div class=\"tmm_container\"><div class=\"tmm_member\" style=\"border-top:#333333 solid 5px;\"><div class=\"tmm_photo tmm_pic_phd-students_0\" style=\"background: url(http:\/\/wpd.ugr.es\/~fperfect\/wp-content\/uploads\/Pedro_Lanzas.jpg); margin-left: auto; margin-right:auto; background-size:cover !important;\"><\/div><div class=\"tmm_textblock\"><div class=\"tmm_names\"><span class=\"tmm_fname\">Pedro<\/span> <span class=\"tmm_lname\">Lanzas<\/span><\/div><div class=\"tmm_job\">PhD student<\/div><div class=\"tmm_desc\" style=\"text-align:center\">Dept Genetics (UGR) <br>\r\nCo-advised with Juan Pedro M. Camacho<\/div><div class=\"tmm_scblock\"><\/div><\/div><\/div><div style=\"clear:both;\"><\/div><\/div><\/div><\/div><br \/>\n<a href=\"#\">back to top<\/a><\/p>\n<hr \/>\n<p><a id=\"EGG\"><\/a><br \/>\n&nbsp;<br \/>\n&nbsp;<\/p>\n<h5><a href=\"http:\/\/www.bchromosomes.org\"><strong>\u2013<\/strong> The Evolutionary\u00a0Genetics group at UGR <strong>\u2013<\/strong><\/a><\/h5>\n<p><div class=\"tmm tmm_the-evolutionary-genetics-group\"><div class=\"tmm_4_columns tmm_wrap tmm_theme_f\"><span class=\"tmm_two_containers_tablet\"><\/span><div class=\"tmm_container\"><div class=\"tmm_member\" style=\"border-top:#333333 solid 5px;\"><div class=\"tmm_photo tmm_pic_the-evolutionary-genetics-group_0\" style=\"background: url(http:\/\/wpd.ugr.es\/~fperfect\/wp-content\/uploads\/JPMCamacho-small.jpg); margin-left: auto; margin-right:auto; background-size:cover !important;\"><\/div><div class=\"tmm_textblock\"><div class=\"tmm_names\"><span class=\"tmm_fname\">Juan Pedro M.<\/span> <span class=\"tmm_lname\">Camacho<\/span><\/div><div class=\"tmm_job\">Professor<\/div><div class=\"tmm_desc\" style=\"text-align:center\">Dept Genetics <br>\r\nUniversity of Granada<\/div><div class=\"tmm_scblock\"><a target=\"_blank\" class=\"tmm_sociallink\" href=\"http:\/\/genetica.ugr.es\/jpmcamac.html\" title=\"\"><img alt=\"\" src=\"https:\/\/wpd.ugr.es\/~fperfect\/wp-content\/plugins\/team-members\/inc\/img\/links\/website.png\"\/><\/a><\/div><\/div><\/div><div class=\"tmm_member\" style=\"border-top:#333333 solid 5px;\"><div class=\"tmm_photo tmm_pic_the-evolutionary-genetics-group_1\" style=\"background: url(http:\/\/wpd.ugr.es\/~fperfect\/wp-content\/uploads\/jcabrero.jpg); margin-left: auto; margin-right:auto; background-size:cover !important;\"><\/div><div class=\"tmm_textblock\"><div class=\"tmm_names\"><span class=\"tmm_fname\">Josefa<\/span> <span class=\"tmm_lname\">Cabrero<\/span><\/div><div class=\"tmm_job\">Professor<\/div><div class=\"tmm_desc\" style=\"text-align:center\">Dept Genetics <br>\r\nUniversity of Granada<\/div><div class=\"tmm_scblock\"><a target=\"_blank\" class=\"tmm_sociallink\" href=\"http:\/\/genetica.ugr.es\/jcabrero.html\" title=\"\"><img alt=\"\" src=\"https:\/\/wpd.ugr.es\/~fperfect\/wp-content\/plugins\/team-members\/inc\/img\/links\/website.png\"\/><\/a><\/div><\/div><\/div><span class=\"tmm_two_containers_tablet\"><\/span><div class=\"tmm_member\" style=\"border-top:#333333 solid 5px;\"><div class=\"tmm_photo tmm_pic_the-evolutionary-genetics-group_2\" style=\"background: url(http:\/\/wpd.ugr.es\/~fperfect\/wp-content\/uploads\/MDLopezLeon-small.jpg); margin-left: auto; margin-right:auto; background-size:cover !important;\"><\/div><div class=\"tmm_textblock\"><div class=\"tmm_names\"><span class=\"tmm_fname\">Mar\u00eda Dolores<\/span> <span class=\"tmm_lname\">L\u00f3pez-Le\u00f3n<\/span><\/div><div class=\"tmm_job\">Professor<\/div><div class=\"tmm_desc\" style=\"text-align:center\">Dept Genetics <br>\r\nUniversity of Granada<\/div><div class=\"tmm_scblock\"><a target=\"_blank\" class=\"tmm_sociallink\" href=\"http:\/\/genetica.ugr.es\/mdlopez.html\" title=\"\"><img alt=\"\" src=\"https:\/\/wpd.ugr.es\/~fperfect\/wp-content\/plugins\/team-members\/inc\/img\/links\/website.png\"\/><\/a><\/div><\/div><\/div><div class=\"tmm_member\" style=\"border-top:#333333 solid 5px;\"><div class=\"tmm_photo tmm_pic_the-evolutionary-genetics-group_3\" style=\"background: url(http:\/\/wpd.ugr.es\/~fperfect\/wp-content\/uploads\/MBakkali-small.jpeg); margin-left: auto; margin-right:auto; background-size:cover !important;\"><\/div><div class=\"tmm_textblock\"><div class=\"tmm_names\"><span class=\"tmm_fname\">Mohammed<\/span> <span class=\"tmm_lname\">Bakkali<\/span><\/div><div class=\"tmm_job\">Asociate professor<\/div><div class=\"tmm_desc\" style=\"text-align:center\">Dept Genetics <br>\r\nUniversity of Granada<\/div><div class=\"tmm_scblock\"><a target=\"_blank\" class=\"tmm_sociallink\" href=\"http:\/\/genetica.ugr.es\/mbakkali.html\" title=\"\"><img alt=\"\" src=\"https:\/\/wpd.ugr.es\/~fperfect\/wp-content\/plugins\/team-members\/inc\/img\/links\/website.png\"\/><\/a><\/div><\/div><\/div><div style=\"clear:both;\"><\/div><\/div><\/div><\/div><br \/>\n<a href=\"#\">back to top<\/a><\/p>\n<hr \/>\n<p><a id=\"evoflor\"><\/a><br \/>\n&nbsp;<br \/>\n&nbsp;<\/p>\n<h5 style=\"text-align: left;\"><a href=\"http:\/\/www.evoflor.org\"><strong>\u2013 <\/strong>The Evoflor group <strong>\u2013<\/strong><\/a><\/h5>\n<p><div class=\"tmm tmm_evoflor\"><div class=\"tmm_3_columns tmm_wrap tmm_theme_f\"><span class=\"tmm_two_containers_tablet\"><\/span><div class=\"tmm_container\"><div class=\"tmm_member\" style=\"border-top:#333333 solid 5px;\"><div class=\"tmm_photo tmm_pic_evoflor_0\" style=\"background: url(http:\/\/wpd.ugr.es\/~fperfect\/wp-content\/uploads\/JMGREYES-300x300-150x150-e1452937944758.png); margin-left: auto; margin-right:auto; background-size:cover !important;\"><\/div><div class=\"tmm_textblock\"><div class=\"tmm_names\"><span class=\"tmm_fname\">Jos\u00e9 M.<\/span> <span class=\"tmm_lname\">G\u00f3mez<\/span><\/div><div class=\"tmm_job\">Professor<\/div><div class=\"tmm_desc\" style=\"text-align:center\">Estaci\u00f3n Experimental de Zonas \u00c1ridas (CSIC) &amp; <br>\r\nDept. Ecology (UGR)<\/div><div class=\"tmm_scblock\"><a target=\"_blank\" class=\"tmm_sociallink\" href=\"http:\/\/www.ugr.es\/~jmgreyes\" title=\"\"><img alt=\"\" src=\"https:\/\/wpd.ugr.es\/~fperfect\/wp-content\/plugins\/team-members\/inc\/img\/links\/website.png\"\/><\/a><\/div><\/div><\/div><div class=\"tmm_member\" style=\"border-top:#333333 solid 5px;\"><div class=\"tmm_photo tmm_pic_evoflor_1\" style=\"background: url(http:\/\/wpd.ugr.es\/~fperfect\/wp-content\/uploads\/JuanL-1.jpg); margin-left: auto; margin-right:auto; background-size:cover !important;\"><\/div><div class=\"tmm_textblock\"><div class=\"tmm_names\"><span class=\"tmm_fname\">Juan<\/span> <span class=\"tmm_lname\">Lorite<\/span><\/div><div class=\"tmm_job\">Associate professor<\/div><div class=\"tmm_desc\" style=\"text-align:center\">Dept. Botany <br>\r\nUniversidad de Granada<\/div><div class=\"tmm_scblock\"><a target=\"_blank\" class=\"tmm_sociallink\" href=\"http:\/\/wpd.ugr.es\/~botanica\/JuaLorMor.php\" title=\"\"><img alt=\"\" src=\"https:\/\/wpd.ugr.es\/~fperfect\/wp-content\/plugins\/team-members\/inc\/img\/links\/website.png\"\/><\/a><\/div><\/div><\/div><span class=\"tmm_two_containers_tablet\"><\/span><div class=\"tmm_member\" style=\"border-top:#333333 solid 5px;\"><div class=\"tmm_photo tmm_pic_evoflor_2\" style=\"background: url(http:\/\/wpd.ugr.es\/~fperfect\/wp-content\/uploads\/Moha-small.jpg); margin-left: auto; margin-right:auto; background-size:cover !important;\"><\/div><div class=\"tmm_textblock\"><div class=\"tmm_names\"><span class=\"tmm_fname\">Mohamed<\/span> <span class=\"tmm_lname\">Abdelaziz<\/span><\/div><div class=\"tmm_job\">Asistant Professor<\/div><div class=\"tmm_desc\" style=\"text-align:center\">Dept. Genetics <br>\r\nUniversidad de Granada<\/div><div class=\"tmm_scblock\"><a target=\"_blank\" class=\"tmm_sociallink\" href=\"https:\/\/mabdelazizm.wordpress.com\/\" title=\"\"><img alt=\"\" src=\"https:\/\/wpd.ugr.es\/~fperfect\/wp-content\/plugins\/team-members\/inc\/img\/links\/website.png\"\/><\/a><\/div><\/div><\/div><\/div><span class=\"tmm_columns_containers_desktop\"><\/span><div class=\"tmm_container\"><div class=\"tmm_member\" style=\"border-top:#333333 solid 5px;\"><div class=\"tmm_photo tmm_pic_evoflor_3\" style=\"background: url(http:\/\/wpd.ugr.es\/~fperfect\/wp-content\/uploads\/Jesus-0705r-e1452938151403.jpg); margin-left: auto; margin-right:auto; background-size:cover !important;\"><\/div><div class=\"tmm_textblock\"><div class=\"tmm_names\"><span class=\"tmm_fname\">Antonio Jes\u00fas<\/span> <span class=\"tmm_lname\">Mu\u00f1oz-Pajares<\/span><\/div><div class=\"tmm_job\">Athenea3i Fellow<\/div><div class=\"tmm_desc\" style=\"text-align:center\"><p>Dept. Genetics <br>Universidad de Granada<\/p><\/div><div class=\"tmm_scblock\"><\/div><\/div><\/div><span class=\"tmm_two_containers_tablet\"><\/span><div class=\"tmm_member\" style=\"border-top:#333333 solid 5px;\"><div class=\"tmm_photo tmm_pic_evoflor_4\" style=\"background: url(http:\/\/wpd.ugr.es\/~fperfect\/wp-content\/uploads\/RRubio.jpeg); margin-left: auto; margin-right:auto; background-size:cover !important;\"><\/div><div class=\"tmm_textblock\"><div class=\"tmm_names\"><span class=\"tmm_fname\">Rafael<\/span> <span class=\"tmm_lname\">Rubio de Casas<\/span><\/div><div class=\"tmm_job\">Assistant Professor<\/div><div class=\"tmm_desc\" style=\"text-align:center\"><p>Dept Ecology <br>Universidad de Granada<\/p><\/div><div class=\"tmm_scblock\"><a target=\"_blank\" class=\"tmm_sociallink\" href=\"http:\/\/ecologia.ugr.es\/pages\/personal\/postdocs\/rafael-rubio-de-casas?lang=en\" title=\"\"><img alt=\"\" src=\"https:\/\/wpd.ugr.es\/~fperfect\/wp-content\/plugins\/team-members\/inc\/img\/links\/website.png\"\/><\/a><\/div><\/div><\/div><div style=\"clear:both;\"><\/div><\/div><\/div><\/div><br \/>\n<a href=\"#\">back to top<\/a><br \/>\n&nbsp;<\/p>\n<hr \/>\n<p><a id=\"past-phd\"><\/a><br \/>\n&nbsp;&nbsp;<\/p>\n<h5><strong>\u2013<\/strong> Past PhD students <strong>\u2013<\/strong><\/h5>\n<p><div class=\"tmm tmm_past-phd-student\"><div class=\"tmm_3_columns tmm_wrap tmm_theme_f\"><span class=\"tmm_two_containers_tablet\"><\/span><div class=\"tmm_container\"><div class=\"tmm_member\" style=\"border-top:#333333 solid 5px;\"><div class=\"tmm_photo tmm_pic_past-phd-student_0\" style=\"background: url(http:\/\/wpd.ugr.es\/~fperfect\/wp-content\/uploads\/IMG_20160125_074146.jpeg); margin-left: auto; margin-right:auto; background-size:cover !important;\"><\/div><div class=\"tmm_textblock\"><div class=\"tmm_names\"><span class=\"tmm_fname\">Carolina<\/span> <span class=\"tmm_lname\">Osuna-Mascar\u00f3<\/span><\/div><div class=\"tmm_job\">PhD<\/div><div class=\"tmm_desc\" style=\"text-align:center\"><p>Dept. Genetics (UGR) <br>Co-advised with Rafael Rubio de Casas<br>PhD thesis: \"Hybridization as an evolutionary driver for speciation: A case in the Southern European Erysimum species.\u201d<\/p><\/div><div class=\"tmm_scblock\"><\/div><\/div><\/div><div class=\"tmm_member\" style=\"border-top:#333333 solid 5px;\"><div class=\"tmm_photo tmm_pic_past-phd-student_1\" style=\"background: url(http:\/\/wpd.ugr.es\/~fperfect\/wp-content\/uploads\/JaviValverde-e1452938035355.png); margin-left: auto; margin-right:auto; background-size:cover !important;\"><\/div><div class=\"tmm_textblock\"><div class=\"tmm_names\"><span class=\"tmm_fname\">Javier<\/span> <span class=\"tmm_lname\">Valverde<\/span><\/div><div class=\"tmm_job\">PhD<\/div><div class=\"tmm_desc\" style=\"text-align:center\"><p>Dept. Ecology (UGR) <br>Co-advised with Jos\u00e9 M. G\u00f3mez<br>PhD thesis: \"Structured generalization: Evolutionary dynamics at a fine spatial scale in a generalist system\"<br>Now at CIBIO (Vair\u00e3o, Portugal)<\/p><\/div><div class=\"tmm_scblock\"><a target=\"_blank\" class=\"tmm_sociallink\" href=\"http:\/\/wpd.ugr.es\/~evoflor\/?p=399\" title=\"\"><img alt=\"\" src=\"https:\/\/wpd.ugr.es\/~fperfect\/wp-content\/plugins\/team-members\/inc\/img\/links\/website.png\"\/><\/a><\/div><\/div><\/div><span class=\"tmm_two_containers_tablet\"><\/span><div class=\"tmm_member\" style=\"border-top:#333333 solid 5px;\"><div class=\"tmm_photo tmm_pic_past-phd-student_2\" style=\"background: url(http:\/\/wpd.ugr.es\/~fperfect\/wp-content\/uploads\/Anja.png); margin-left: auto; margin-right:auto; background-size:cover !important;\"><\/div><div class=\"tmm_textblock\"><div class=\"tmm_names\"><span class=\"tmm_fname\">Anja<\/span> <span class=\"tmm_lname\">R\u00f6sler<\/span><\/div><div class=\"tmm_job\">PhD<\/div><div class=\"tmm_desc\" style=\"text-align:center\"><p>Dept. Paleontology <br> Co-advised with Juan C. Braga <br> PhD thesis: \" The origins and evolution of the Indo-Pacific reef coralline algae\"<br>Now at&nbsp;Dii-healthcare and Leipzig Medical School<\/p><\/div><div class=\"tmm_scblock\"><\/div><\/div><\/div><\/div><span class=\"tmm_columns_containers_desktop\"><\/span><div class=\"tmm_container\"><div class=\"tmm_member\" style=\"border-top:#333333 solid 5px;\"><div class=\"tmm_photo tmm_pic_past-phd-student_3\" style=\"background: url(http:\/\/wpd.ugr.es\/~fperfect\/wp-content\/uploads\/Jesus-0705r.jpg); margin-left: auto; margin-right:auto; background-size:cover !important;\"><\/div><div class=\"tmm_textblock\"><div class=\"tmm_names\"><span class=\"tmm_fname\">A. Jes\u00fas<\/span> <span class=\"tmm_lname\">Mu\u00f1oz-Pajares<\/span><\/div><div class=\"tmm_job\">PhD<\/div><div class=\"tmm_desc\" style=\"text-align:center\"><p>Dept Genetics<br>Co-advised with Jos\u00e9 M. G\u00f3mez <br>PhD thesis: \"<em>Erysimum mediohispanicum<\/em> at the evolutionary crossroad: phylogeography, phenotype, and pollinators\" <br>Now at Universidad de Granada<\/p><\/div><div class=\"tmm_scblock\"><a target=\"_blank\" class=\"tmm_sociallink\" href=\"https:\/\/cibio.up.pt\/people\/details\/ajpajares\" title=\"\"><img alt=\"\" src=\"https:\/\/wpd.ugr.es\/~fperfect\/wp-content\/plugins\/team-members\/inc\/img\/links\/website.png\"\/><\/a><\/div><\/div><\/div><span class=\"tmm_two_containers_tablet\"><\/span><div class=\"tmm_member\" style=\"border-top:#333333 solid 5px;\"><div class=\"tmm_photo tmm_pic_past-phd-student_4\" style=\"background: url(http:\/\/wpd.ugr.es\/~fperfect\/wp-content\/uploads\/Moha-small.jpg); margin-left: auto; margin-right:auto; background-size:cover !important;\"><\/div><div class=\"tmm_textblock\"><div class=\"tmm_names\"><span class=\"tmm_fname\">Mohamed<\/span> <span class=\"tmm_lname\">Abdelaziz<\/span><\/div><div class=\"tmm_job\">PhD<\/div><div class=\"tmm_desc\" style=\"text-align:center\">Dept Genetics <br>\r\nCo-advised with Jos\u00e9 M. G\u00f3mez <br>\r\nPhD thesis: \"How species are evolutionary maintained? Pollinator-mediated divergence and hybridization in <em>Erysimum mediohispanicum<\/em> and <em>E. nevadense<\/em>\" <br>\r\nNow at Universidad de Granada<\/div><div class=\"tmm_scblock\"><a target=\"_blank\" class=\"tmm_sociallink\" href=\"https:\/\/mabdelazizm.wordpress.com\/\" title=\"\"><img alt=\"\" src=\"https:\/\/wpd.ugr.es\/~fperfect\/wp-content\/plugins\/team-members\/inc\/img\/links\/website.png\"\/><\/a><\/div><\/div><\/div><div class=\"tmm_member\" style=\"border-top:#333333 solid 5px;\"><div class=\"tmm_photo tmm_pic_past-phd-student_5\" style=\"background: url(http:\/\/wpd.ugr.es\/~fperfect\/wp-content\/uploads\/RTEmagicC_ayub_02.jpg.jpg); margin-left: auto; margin-right:auto; background-size:cover !important;\"><\/div><div class=\"tmm_textblock\"><div class=\"tmm_names\"><span class=\"tmm_fname\">Ayub M.O.<\/span> <span class=\"tmm_lname\">Oduor<\/span><\/div><div class=\"tmm_job\">PhD<\/div><div class=\"tmm_desc\" style=\"text-align:center\"><p>Dept Genetics<br>Co-advised with Jos\u00e9 M. G\u00f3mez <br>PhD thesis: \"<em>Erysimum mediohispanicum<\/em> at the evolutionary crossroad: phylogeography, phenotype, and pollinators\" <br>Now at The Technical University of Kenya<\/p><\/div><div class=\"tmm_scblock\"><a target=\"_blank\" class=\"tmm_sociallink\" href=\"http:\/\/cms.uni-konstanz.de\/vkleunen\/the-team\/previous-group-members\/ayub-oduor\/\" title=\"\"><img alt=\"\" src=\"https:\/\/wpd.ugr.es\/~fperfect\/wp-content\/plugins\/team-members\/inc\/img\/links\/website.png\"\/><\/a><\/div><\/div><\/div><span class=\"tmm_two_containers_tablet\"><\/span><\/div><span class=\"tmm_columns_containers_desktop\"><\/span><div class=\"tmm_container\"><div class=\"tmm_member\" style=\"border-top:#333333 solid 5px;\"><div class=\"tmm_photo tmm_pic_past-phd-student_6\" style=\"background: url(http:\/\/wpd.ugr.es\/~fperfect\/wp-content\/uploads\/MTeruel.jpg); margin-left: auto; margin-right:auto; background-size:cover !important;\"><\/div><div class=\"tmm_textblock\"><div class=\"tmm_names\"><span class=\"tmm_fname\">Mar\u00eda<\/span> <span class=\"tmm_lname\">Teruel<\/span><\/div><div class=\"tmm_job\">PhD<\/div><div class=\"tmm_desc\" style=\"text-align:center\">Dept of Genetics <br>\r\nCo-advised with Josefa Cabrero <br>\r\nPhD thesis: \"Origen, expresi\u00f3n y efectos fenot\u00edpicos  de un par\u00e1sito gen\u00f3mico\"  <br>\r\nNow at GENyO (Granada)<\/div><div class=\"tmm_scblock\"><\/div><\/div><\/div><div style=\"clear:both;\"><\/div><\/div><\/div><\/div><br \/>\n<a href=\"#\">back to top<\/a><\/p>\n","protected":false},"excerpt":{"rendered":"<p>Close collaborators PhD students :: Past PhD students ::\u00a0Evoflor group :: Evolutionary genetics group &nbsp; &nbsp; &nbsp; \u2013 PhD students \u2013 back to top &nbsp; &nbsp; \u2013 The Evolutionary\u00a0Genetics group at UGR \u2013 back to top &nbsp; &nbsp; \u2013 The<a class=\"more-link\" href=\"https:\/\/wpd.ugr.es\/~fperfect\/index.php\/tmm\/past-phd-student\/\" title=\"Past PhD student\"><span>Read more<\/span><\/a><\/p>\n","protected":false},"author":1,"featured_media":0,"parent":0,"menu_order":0,"comment_status":"closed","ping_status":"closed","template":"","meta":{"_monsterinsights_skip_tracking":false,"_monsterinsights_sitenote_active":false,"_monsterinsights_sitenote_note":"","_monsterinsights_sitenote_category":0},"_links":{"self":[{"href":"https:\/\/wpd.ugr.es\/~fperfect\/index.php\/wp-json\/wp\/v2\/pages\/272"}],"collection":[{"href":"https:\/\/wpd.ugr.es\/~fperfect\/index.php\/wp-json\/wp\/v2\/pages"}],"about":[{"href":"https:\/\/wpd.ugr.es\/~fperfect\/index.php\/wp-json\/wp\/v2\/types\/page"}],"author":[{"embeddable":true,"href":"https:\/\/wpd.ugr.es\/~fperfect\/index.php\/wp-json\/wp\/v2\/users\/1"}],"replies":[{"embeddable":true,"href":"https:\/\/wpd.ugr.es\/~fperfect\/index.php\/wp-json\/wp\/v2\/comments?post=272"}],"version-history":[{"count":33,"href":"https:\/\/wpd.ugr.es\/~fperfect\/index.php\/wp-json\/wp\/v2\/pages\/272\/revisions"}],"predecessor-version":[{"id":339,"href":"https:\/\/wpd.ugr.es\/~fperfect\/index.php\/wp-json\/wp\/v2\/pages\/272\/revisions\/339"}],"wp:attachment":[{"href":"https:\/\/wpd.ugr.es\/~fperfect\/index.php\/wp-json\/wp\/v2\/media?parent=272"}],"curies":[{"name":"wp","href":"https:\/\/api.w.org\/{rel}","templated":true}]}}