{"id":145,"date":"2020-10-14T23:26:28","date_gmt":"2020-10-14T23:26:28","guid":{"rendered":"https:\/\/wpd.ugr.es\/~gervilla\/?page_id=145"},"modified":"2020-10-20T21:45:04","modified_gmt":"2020-10-20T21:45:04","slug":"gemologia","status":"publish","type":"page","link":"https:\/\/wpd.ugr.es\/~gervilla\/gemologia\/","title":{"rendered":"Gemolog\u00eda"},"content":{"rendered":"<p>[et_pb_section fb_built=\u00bb1&#8243; fullwidth=\u00bbon\u00bb _builder_version=\u00bb4.6.5&#8243; _module_preset=\u00bbdefault\u00bb][et_pb_fullwidth_header title=\u00bbGemolog\u00eda\u00bb text_orientation=\u00bbcenter\u00bb _builder_version=\u00bb4.6.6&#8243; _module_preset=\u00bbdefault\u00bb title_font=\u00bb|600||on|||||\u00bb title_text_color=\u00bb#ffffff\u00bb background_enable_color=\u00bboff\u00bb background_image=\u00bbhttps:\/\/wpd.ugr.es\/~gervilla\/wp-content\/uploads\/2020\/10\/Gemas-1.jpg\u00bb background_repeat=\u00bbrepeat-x\u00bb title_text_shadow_style=\u00bbpreset3&#8243; title_text_shadow_color=\u00bb#000000&#8243;][\/et_pb_fullwidth_header][\/et_pb_section][et_pb_section fb_built=\u00bb1&#8243; _builder_version=\u00bb4.6.5&#8243; _module_preset=\u00bbdefault\u00bb custom_padding=\u00bb||4px|||\u00bb][et_pb_row _builder_version=\u00bb4.6.5&#8243; _module_preset=\u00bbdefault\u00bb][et_pb_column type=\u00bb4_4&#8243; _builder_version=\u00bb4.6.5&#8243; _module_preset=\u00bbdefault\u00bb][et_pb_text _builder_version=\u00bb4.6.5&#8243; _module_preset=\u00bbdefault\u00bb]<\/p>\n<p><strong>Profesor de Gemolog\u00eda <\/strong><\/p>\n<ul>\n<li>Asignatura de Libre Configuraci\u00f3n Espec\u00edfica de la Universidad de Granada (desde el curso 1998-99 al 2005-06).<\/li>\n<li>Asignatura del Campus Andaluz Virtual (desde el curso 2006-07 al 2012-2013).<\/li>\n<li>Curso complementario de la Escuela Internacional de Postgrado de la Universidad de Granada (desde 2010 a 2018).<br \/> Curso combinado de ense\u00f1anza on line y presencial realizado en colaboraci\u00f3n con el HRD de Amberes y la Asociaci\u00f3n Espa\u00f1ola de Tasadores de Alhajas (AETA)<br \/> <a href=\"http:\/\/www.goldandtime.org\/noticia.asp?ref=41572&amp;cadena=Gervilla&amp;como=1\">http:\/\/www.goldandtime.org\/noticia.asp?ref=41572&amp;cadena=Gervilla&amp;como=1<\/a><br \/> <a href=\"http:\/\/www.goldandtime.org\/noticia.asp?ref=74070&amp;cadena=Gervilla&amp;como=1\">http:\/\/www.goldandtime.org\/noticia.asp?ref=74070&amp;cadena=Gervilla&amp;como=1<\/a><\/li>\n<\/ul>\n<p>&nbsp;<\/p>\n<p><strong>Libro sobre Gemolog\u00eda<\/strong><\/p>\n<p>Fenoll Hach-Al\u00ed, P, <strong>Gervilla, F.<\/strong> y L\u00f3pez-Galindo, A. (2007). Gemas. Conceptos b\u00e1sicos y reconocimiento. ISBN-978-84-931819-7-0, 173 p.<\/p>\n<p><em>\u00a0<\/em><em>(Hay algunos vol\u00famenes disponibles; previa petici\u00f3n)<br \/> <img loading=\"lazy\" decoding=\"async\" src=\"https:\/\/wpd.ugr.es\/~gervilla\/wp-content\/uploads\/2020\/10\/gemas.jpg\" width=\"145\" height=\"195\" alt=\"\" class=\"wp-image-205 alignnone size-full\" style=\"display: block; margin-left: auto; margin-right: auto;\" \/><\/em><\/p>\n<p><strong>\u00a0<\/strong><\/p>\n<p><strong>Premio Jos\u00e9 Nicolau<\/strong><\/p>\n<p><span><a href=\"http:\/\/www.goldandtime.org\/noticia.asp?ref=61399&amp;cadena=Gervilla&amp;como=1\">http:\/\/www.goldandtime.org\/noticia.asp?ref=61399&amp;cadena=Gervilla&amp;como=1<\/a><\/span><\/p>\n<p>&nbsp;<\/p>\n<p>&nbsp;<\/p>\n<p>[\/et_pb_text][\/et_pb_column][\/et_pb_row][\/et_pb_section][et_pb_section fb_built=\u00bb1&#8243; _builder_version=\u00bb4.6.5&#8243; _module_preset=\u00bbdefault\u00bb background_color=\u00bb#000000&#8243; custom_padding=\u00bb||0px|||\u00bb][et_pb_row column_structure=\u00bb1_4,1_4,1_4,1_4&#8243; _builder_version=\u00bb4.6.5&#8243; _module_preset=\u00bbdefault\u00bb][et_pb_column type=\u00bb1_4&#8243; _builder_version=\u00bb4.6.5&#8243; _module_preset=\u00bbdefault\u00bb][\/et_pb_column][et_pb_column type=\u00bb1_4&#8243; _builder_version=\u00bb4.6.5&#8243; _module_preset=\u00bbdefault\u00bb][et_pb_image src=\u00bbhttps:\/\/wpd.ugr.es\/~gervilla\/wp-content\/uploads\/2020\/10\/ugr-blanco.png\u00bb title_text=\u00bbugr blanco\u00bb url=\u00bbhttps:\/\/www.ugr.es\/\u00bb url_new_window=\u00bbon\u00bb _builder_version=\u00bb4.6.5&#8243; _module_preset=\u00bbdefault\u00bb width=\u00bb130%\u00bb width_tablet=\u00bb\u00bb width_phone=\u00bb109%\u00bb width_last_edited=\u00bbon|phone\u00bb custom_margin=\u00bb|||-55px|false|false\u00bb custom_margin_tablet=\u00bb\u00bb custom_margin_phone=\u00bb\u00bb custom_margin_last_edited=\u00bbon|desktop\u00bb module_alignment_tablet=\u00bb\u00bb module_alignment_phone=\u00bbcenter\u00bb module_alignment_last_edited=\u00bbon|desktop\u00bb][\/et_pb_image][\/et_pb_column][et_pb_column type=\u00bb1_4&#8243; _builder_version=\u00bb4.6.5&#8243; _module_preset=\u00bbdefault\u00bb][et_pb_image src=\u00bbhttps:\/\/wpd.ugr.es\/~gervilla\/wp-content\/uploads\/2020\/10\/A9Rkf61lt_z3upt7_61s.png\u00bb title_text=\u00bbA9Rkf61lt_z3upt7_61s\u00bb url=\u00bbhttp:\/\/www.iact.ugr-csic.es\/\u00bb url_new_window=\u00bbon\u00bb _builder_version=\u00bb4.6.5&#8243; _module_preset=\u00bbdefault\u00bb][\/et_pb_image][\/et_pb_column][et_pb_column type=\u00bb1_4&#8243; _builder_version=\u00bb4.6.5&#8243; _module_preset=\u00bbdefault\u00bb][\/et_pb_column][\/et_pb_row][\/et_pb_section]<\/p>\n","protected":false},"excerpt":{"rendered":"<p>Profesor de Gemolog\u00eda Asignatura de Libre Configuraci\u00f3n Espec\u00edfica de la Universidad de Granada (desde el curso 1998-99 al 2005-06). Asignatura del Campus Andaluz Virtual (desde el curso 2006-07 al 2012-2013). Curso complementario de la Escuela Internacional de Postgrado de la Universidad de Granada (desde 2010 a 2018). Curso combinado de ense\u00f1anza on line y presencial [&hellip;]<\/p>\n","protected":false},"author":1,"featured_media":0,"parent":0,"menu_order":0,"comment_status":"closed","ping_status":"closed","template":"","meta":{"_et_pb_use_builder":"on","_et_pb_old_content":"","_et_gb_content_width":"","footnotes":""},"class_list":["post-145","page","type-page","status-publish","hentry"],"_links":{"self":[{"href":"https:\/\/wpd.ugr.es\/~gervilla\/wp-json\/wp\/v2\/pages\/145","targetHints":{"allow":["GET"]}}],"collection":[{"href":"https:\/\/wpd.ugr.es\/~gervilla\/wp-json\/wp\/v2\/pages"}],"about":[{"href":"https:\/\/wpd.ugr.es\/~gervilla\/wp-json\/wp\/v2\/types\/page"}],"author":[{"embeddable":true,"href":"https:\/\/wpd.ugr.es\/~gervilla\/wp-json\/wp\/v2\/users\/1"}],"replies":[{"embeddable":true,"href":"https:\/\/wpd.ugr.es\/~gervilla\/wp-json\/wp\/v2\/comments?post=145"}],"version-history":[{"count":6,"href":"https:\/\/wpd.ugr.es\/~gervilla\/wp-json\/wp\/v2\/pages\/145\/revisions"}],"predecessor-version":[{"id":308,"href":"https:\/\/wpd.ugr.es\/~gervilla\/wp-json\/wp\/v2\/pages\/145\/revisions\/308"}],"wp:attachment":[{"href":"https:\/\/wpd.ugr.es\/~gervilla\/wp-json\/wp\/v2\/media?parent=145"}],"curies":[{"name":"wp","href":"https:\/\/api.w.org\/{rel}","templated":true}]}}