{"id":18,"date":"2020-10-07T16:22:24","date_gmt":"2020-10-07T16:22:24","guid":{"rendered":"https:\/\/wpd.ugr.es\/~gervilla\/?page_id=18"},"modified":"2022-11-30T09:59:22","modified_gmt":"2022-11-30T09:59:22","slug":"inicio","status":"publish","type":"page","link":"https:\/\/wpd.ugr.es\/~gervilla\/inicio\/","title":{"rendered":"Inicio"},"content":{"rendered":"<p>[et_pb_section fb_built=\u00bb1&#8243; _builder_version=\u00bb4.6.5&#8243; _module_preset=\u00bbdefault\u00bb custom_padding=\u00bb32px|||||\u00bb global_colors_info=\u00bb{}\u00bb][et_pb_row _builder_version=\u00bb4.6.5&#8243; _module_preset=\u00bbdefault\u00bb global_colors_info=\u00bb{}\u00bb][et_pb_column type=\u00bb4_4&#8243; _builder_version=\u00bb4.6.5&#8243; _module_preset=\u00bbdefault\u00bb global_colors_info=\u00bb{}\u00bb][et_pb_text _builder_version=\u00bb4.6.5&#8243; _module_preset=\u00bbdefault\u00bb header_5_font=\u00bb||||||||\u00bb header_5_line_height=\u00bb1.4em\u00bb custom_margin=\u00bb||-2px|||\u00bb global_colors_info=\u00bb{}\u00bb]<\/p>\n<h5 style=\"text-align: center;\"><strong>FERNANDO GERVILLA LINARES<br \/> <\/strong><o:p><\/o:p><strong>Catedr\u00e1tico de Universidad<br \/> <\/strong><o:p><\/o:p>Departamento de Mineralog\u00eda y Petrolog\u00eda de la Universidad de Granada<\/h5>\n<p>[\/et_pb_text][\/et_pb_column][\/et_pb_row][et_pb_row column_structure=\u00bb1_3,2_3&#8243; _builder_version=\u00bb4.6.5&#8243; _module_preset=\u00bbdefault\u00bb custom_margin=\u00bb-2px|auto||auto||\u00bb global_colors_info=\u00bb{}\u00bb][et_pb_column type=\u00bb1_3&#8243; _builder_version=\u00bb4.6.5&#8243; _module_preset=\u00bbdefault\u00bb global_colors_info=\u00bb{}\u00bb][et_pb_image src=\u00bbhttps:\/\/wpd.ugr.es\/~gervilla\/wp-content\/uploads\/2020\/10\/FGL_1.jpg\u00bb title_text=\u00bbFGL_1&#8243; _builder_version=\u00bb4.6.5&#8243; _module_preset=\u00bbdefault\u00bb width_tablet=\u00bb\u00bb width_phone=\u00bb64%\u00bb width_last_edited=\u00bbon|phone\u00bb module_alignment_tablet=\u00bb\u00bb module_alignment_phone=\u00bbcenter\u00bb module_alignment_last_edited=\u00bbon|desktop\u00bb global_colors_info=\u00bb{}\u00bb][\/et_pb_image][\/et_pb_column][et_pb_column type=\u00bb2_3&#8243; _builder_version=\u00bb4.6.5&#8243; _module_preset=\u00bbdefault\u00bb global_colors_info=\u00bb{}\u00bb][et_pb_text ul_position=\u00bbinside\u00bb ul_item_indent=\u00bb28px\u00bb module_class=\u00bbpa-bullet-list-2&#8243; _builder_version=\u00bb4.14.7&#8243; _module_preset=\u00bbdefault\u00bb custom_margin=\u00bb|||25px|false|false\u00bb hover_enabled=\u00bb0&#8243; global_colors_info=\u00bb{}\u00bb sticky_enabled=\u00bb0&#8243;]<\/p>\n<p>Catedr\u00e1tico de mineralog\u00eda adscrito al Departamento de Mineralog\u00eda y Petrolog\u00eda de la Universidad de Granada y al Instituto Andaluz de Ciencias de la Tierra (centro mixto entre la Universidad de Granada y el Consejo Superior de Investigaciones Cient\u00edficas)<\/p>\n<ul>\n<li>Licenciado en Geolog\u00eda en la Universidad de Granada en 1984<\/li>\n<li>Diplomado en Gemolog\u00eda por la Gemmological Association of Great Britain en 1987<\/li>\n<li>Doctorado en Ciencias (Geolog\u00eda) en la Universidad de Granada en 1989<\/li>\n<\/ul>\n<p>Profesor de:<\/p>\n<ul>\n<li>Mineralog\u00eda de menas<\/li>\n<li>Geolog\u00eda de yacimientos minerales<\/li>\n<li>Gemolog\u00eda<\/li>\n<\/ul>\n<p>Profesor de los M\u00e1sters:<\/p>\n<ul>\n<li>Geolog\u00eda Aplicada a los Recursos Minerales y Energ\u00e9ticos (Universidad de Granada)<\/li>\n<li>Geolog\u00eda y gesti\u00f3n ambiental de los recursos minerales (Universidad Internacional de Andaluc\u00eda y Universidad de Huelva)<\/li>\n<\/ul>\n<p>L\u00edneas de investigaci\u00f3n relacionadas, principalmente, con la metalogenia de rocas m\u00e1ficas y ultram\u00e1ficas:<\/p>\n<ul>\n<li>Papel del ars\u00e9nico en el comportamiento de los elementos del grupo del platino en sistemas magm\u00e1ticos<\/li>\n<li>Mineralog\u00eda de los elementos del grupo del platino<\/li>\n<li>Yacimientos de sulfuros magm\u00e1ticos de Ni-Cu<\/li>\n<li>G\u00e9nesis de cromititas en complejos ofiol\u00edticos<\/li>\n<li>Alteraci\u00f3n metam\u00f3rfica de cromititas ofiol\u00edticas<\/li>\n<li>Mineralog\u00eda y g\u00e9nesis de asociaciones de arseniuros de Co-Ni<\/li>\n<\/ul>\n<p>[\/et_pb_text][\/et_pb_column][\/et_pb_row][\/et_pb_section][et_pb_section fb_built=\u00bb1&#8243; _builder_version=\u00bb4.6.5&#8243; _module_preset=\u00bbdefault\u00bb background_color=\u00bb#000000&#8243; custom_padding=\u00bb||0px|||\u00bb global_colors_info=\u00bb{}\u00bb][et_pb_row column_structure=\u00bb1_4,1_4,1_4,1_4&#8243; _builder_version=\u00bb4.6.5&#8243; _module_preset=\u00bbdefault\u00bb global_colors_info=\u00bb{}\u00bb][et_pb_column type=\u00bb1_4&#8243; _builder_version=\u00bb4.6.5&#8243; _module_preset=\u00bbdefault\u00bb global_colors_info=\u00bb{}\u00bb][\/et_pb_column][et_pb_column type=\u00bb1_4&#8243; _builder_version=\u00bb4.6.5&#8243; _module_preset=\u00bbdefault\u00bb global_colors_info=\u00bb{}\u00bb][et_pb_image src=\u00bbhttps:\/\/wpd.ugr.es\/~gervilla\/wp-content\/uploads\/2020\/10\/ugr-blanco.png\u00bb title_text=\u00bbugr blanco\u00bb url=\u00bbhttps:\/\/www.ugr.es\/\u00bb url_new_window=\u00bbon\u00bb _builder_version=\u00bb4.6.5&#8243; _module_preset=\u00bbdefault\u00bb width=\u00bb130%\u00bb width_tablet=\u00bb\u00bb width_phone=\u00bb109%\u00bb width_last_edited=\u00bbon|phone\u00bb custom_margin=\u00bb|||-55px|false|false\u00bb custom_margin_tablet=\u00bb\u00bb custom_margin_phone=\u00bb\u00bb custom_margin_last_edited=\u00bbon|desktop\u00bb module_alignment_tablet=\u00bb\u00bb module_alignment_phone=\u00bbcenter\u00bb module_alignment_last_edited=\u00bbon|desktop\u00bb global_colors_info=\u00bb{}\u00bb][\/et_pb_image][\/et_pb_column][et_pb_column type=\u00bb1_4&#8243; _builder_version=\u00bb4.6.5&#8243; _module_preset=\u00bbdefault\u00bb global_colors_info=\u00bb{}\u00bb][et_pb_image src=\u00bbhttps:\/\/wpd.ugr.es\/~gervilla\/wp-content\/uploads\/2020\/10\/A9Rkf61lt_z3upt7_61s.png\u00bb title_text=\u00bbA9Rkf61lt_z3upt7_61s\u00bb url=\u00bbhttp:\/\/www.iact.ugr-csic.es\/\u00bb url_new_window=\u00bbon\u00bb _builder_version=\u00bb4.6.5&#8243; _module_preset=\u00bbdefault\u00bb global_colors_info=\u00bb{}\u00bb][\/et_pb_image][\/et_pb_column][et_pb_column type=\u00bb1_4&#8243; _builder_version=\u00bb4.6.5&#8243; _module_preset=\u00bbdefault\u00bb global_colors_info=\u00bb{}\u00bb][\/et_pb_column][\/et_pb_row][\/et_pb_section]<\/p>\n","protected":false},"excerpt":{"rendered":"<p>FERNANDO GERVILLA LINARES Catedr\u00e1tico de Universidad Departamento de Mineralog\u00eda y Petrolog\u00eda de la Universidad de GranadaCatedr\u00e1tico de mineralog\u00eda adscrito al Departamento de Mineralog\u00eda y Petrolog\u00eda de la Universidad de Granada y al Instituto Andaluz de Ciencias de la Tierra (centro mixto entre la Universidad de Granada y el Consejo Superior de Investigaciones Cient\u00edficas) Licenciado en [&hellip;]<\/p>\n","protected":false},"author":1,"featured_media":0,"parent":0,"menu_order":0,"comment_status":"closed","ping_status":"closed","template":"","meta":{"_et_pb_use_builder":"on","_et_pb_old_content":"","_et_gb_content_width":"","footnotes":""},"class_list":["post-18","page","type-page","status-publish","hentry"],"_links":{"self":[{"href":"https:\/\/wpd.ugr.es\/~gervilla\/wp-json\/wp\/v2\/pages\/18","targetHints":{"allow":["GET"]}}],"collection":[{"href":"https:\/\/wpd.ugr.es\/~gervilla\/wp-json\/wp\/v2\/pages"}],"about":[{"href":"https:\/\/wpd.ugr.es\/~gervilla\/wp-json\/wp\/v2\/types\/page"}],"author":[{"embeddable":true,"href":"https:\/\/wpd.ugr.es\/~gervilla\/wp-json\/wp\/v2\/users\/1"}],"replies":[{"embeddable":true,"href":"https:\/\/wpd.ugr.es\/~gervilla\/wp-json\/wp\/v2\/comments?post=18"}],"version-history":[{"count":18,"href":"https:\/\/wpd.ugr.es\/~gervilla\/wp-json\/wp\/v2\/pages\/18\/revisions"}],"predecessor-version":[{"id":1204,"href":"https:\/\/wpd.ugr.es\/~gervilla\/wp-json\/wp\/v2\/pages\/18\/revisions\/1204"}],"wp:attachment":[{"href":"https:\/\/wpd.ugr.es\/~gervilla\/wp-json\/wp\/v2\/media?parent=18"}],"curies":[{"name":"wp","href":"https:\/\/api.w.org\/{rel}","templated":true}]}}