{"id":843,"date":"2022-01-17T21:15:58","date_gmt":"2022-01-17T21:15:58","guid":{"rendered":"https:\/\/wpd.ugr.es\/~gervilla\/?page_id=843"},"modified":"2023-01-13T08:58:42","modified_gmt":"2023-01-13T08:58:42","slug":"otros-enlaces","status":"publish","type":"page","link":"https:\/\/wpd.ugr.es\/~gervilla\/otros-enlaces\/","title":{"rendered":"Otros enlaces"},"content":{"rendered":"<p>[et_pb_section fb_built=\u00bb1&#8243; fullwidth=\u00bbon\u00bb _builder_version=\u00bb4.6.5&#8243; _module_preset=\u00bbdefault\u00bb global_colors_info=\u00bb{}\u00bb][et_pb_fullwidth_post_title meta=\u00bboff\u00bb featured_image=\u00bboff\u00bb text_color=\u00bblight\u00bb _builder_version=\u00bb4.14.6&#8243; _module_preset=\u00bbdefault\u00bb title_font=\u00bb|700||on|||||\u00bb title_text_align=\u00bbcenter\u00bb background_image=\u00bbhttps:\/\/wpd.ugr.es\/~gervilla\/wp-content\/uploads\/2020\/10\/travel-landscape-19.jpg\u00bb background_position=\u00bbbottom_center\u00bb text_orientation=\u00bbcenter\u00bb min_height=\u00bb170px\u00bb global_colors_info=\u00bb{}\u00bb][\/et_pb_fullwidth_post_title][\/et_pb_section][et_pb_section fb_built=\u00bb1&#8243; _builder_version=\u00bb4.6.5&#8243; _module_preset=\u00bbdefault\u00bb global_colors_info=\u00bb{}\u00bb][et_pb_row column_structure=\u00bb1_5,3_5,1_5&#8243; _builder_version=\u00bb4.14.7&#8243; _module_preset=\u00bbdefault\u00bb hover_enabled=\u00bb0&#8243; global_colors_info=\u00bb{}\u00bb sticky_enabled=\u00bb0&#8243;][et_pb_column type=\u00bb1_5&#8243; _builder_version=\u00bb4.6.5&#8243; _module_preset=\u00bbdefault\u00bb global_colors_info=\u00bb{}\u00bb][\/et_pb_column][et_pb_column type=\u00bb3_5&#8243; _builder_version=\u00bb4.6.5&#8243; _module_preset=\u00bbdefault\u00bb global_colors_info=\u00bb{}\u00bb][et_pb_text _builder_version=\u00bb4.14.7&#8243; _module_preset=\u00bbdefault\u00bb global_colors_info=\u00bb{}\u00bb]<\/p>\n<p><strong>Art\u00edculos de divulgaci\u00f3n cient\u00edfica<\/strong><\/p>\n<ul>\n<li>Investigaci\u00f3n sobre los primeros experimentos de purificaci\u00f3n del platino met\u00e1lico en el siglo XVIII en Espa\u00f1a<\/li>\n<\/ul>\n<p><a href=\"https:\/\/wpd.ugr.es\/~gervilla\/wp-content\/uploads\/2022\/01\/Edad-del-platino-en-Espana.pdf\">https:\/\/wpd.ugr.es\/~gervilla\/wp-content\/uploads\/2022\/01\/Edad-del-platino-en-Espana.pdf<\/a><\/p>\n<ul>\n<li>El oro de Granada<\/li>\n<\/ul>\n<p><iframe loading=\"lazy\" title=\"Documental - El Oro Del Darro\" width=\"1080\" height=\"608\" src=\"https:\/\/www.youtube.com\/embed\/Aam6MGf-ouM?feature=oembed\"  allow=\"accelerometer; autoplay; clipboard-write; encrypted-media; gyroscope; picture-in-picture; web-share\" referrerpolicy=\"strict-origin-when-cross-origin\" allowfullscreen><\/iframe><\/p>\n<ul>\n<li>El ascenso del Rodio. El metal natural m\u00e1s caro del mundo<\/li>\n<\/ul>\n<ul><\/ul>\n<p><a href=\"https:\/\/theconversation.com\/el-ascenso-del-rodio-el-metal-natural-mas-caro-del-mundo-191968\">https:\/\/theconversation.com\/el-ascenso-del-rodio-el-metal-natural-mas-caro-del-mundo-191968<\/a><\/p>\n<ul>\n<li>Necesitamos metales: \u00bfQue miner\u00eda queremos?<\/li>\n<\/ul>\n<p><a href=\"https:\/\/theconversation.com\/necesitamos-metales-que-mineria-queremos-196160?utm_medium=email&amp;utm_campaign=Novedades%20del%20da%2012%20enero%202023%20en%20The%20Conversation%20-%202515325236&amp;utm_content=Novedades%20del%20da%2012%20enero%202023%20en%20The%20Conversation%20-%202515325236+CID_600c69366c0482cc15dd4aeb2a2b7c73&amp;utm_source=campaign_monitor_es&amp;utm_term=Necesitamos%20metales%20qu%20minera%20queremos\">https:\/\/theconversation.com\/necesitamos-metales-que-mineria-queremos-196160?utm_medium=email&amp;utm_campaign=Novedades%20del%20da%2012%20enero%202023%20en%20The%20Conversation%20-%202515325236&amp;utm_content=Novedades%20del%20da%2012%20enero%202023%20en%20The%20Conversation%20-%202515325236+CID_600c69366c0482cc15dd4aeb2a2b7c73&amp;utm_source=campaign_monitor_es&amp;utm_term=Necesitamos%20metales%20qu%20minera%20queremos<\/a><\/p>\n<p><strong><\/strong><\/p>\n<p><strong>Miembro de las siguientes sociedades cient\u00edficas:<\/strong><\/p>\n<ul>\n<li>Sociedad espa\u00f1ola de mineralog\u00eda (SEM)<\/li>\n<\/ul>\n<p><span><a href=\"http:\/\/www.semineral.es\/websem\/\">http:\/\/www.semineral.es\/websem\/<\/a><\/span><\/p>\n<ul>\n<li>Sociedad geol\u00f3gica de Espa\u00f1a (SGE)<\/li>\n<\/ul>\n<p><span><a href=\"https:\/\/sociedadgeologica.org\/\">https:\/\/sociedadgeologica.org\/<\/a><\/span><\/p>\n<ul>\n<li>Sociedad de geolog\u00eda aplicada a los yacimientos minerales (SGA)<\/li>\n<\/ul>\n<p><span><a href=\"https:\/\/e-sga.org\/home\/\">https:\/\/e-sga.org\/home\/<\/a><\/span><\/p>\n<ul>\n<li>Uni\u00f3n europea de mineralog\u00eda (EMU)<\/li>\n<\/ul>\n<p><span><a href=\"http:\/\/eurominunion.org\">http:\/\/eurominunion.org<\/a><\/span><\/p>\n<p>[\/et_pb_text][\/et_pb_column][et_pb_column type=\u00bb1_5&#8243; _builder_version=\u00bb4.6.5&#8243; _module_preset=\u00bbdefault\u00bb global_colors_info=\u00bb{}\u00bb][\/et_pb_column][\/et_pb_row][\/et_pb_section][et_pb_section fb_built=\u00bb1&#8243; _builder_version=\u00bb4.6.5&#8243; _module_preset=\u00bbdefault\u00bb background_color=\u00bb#000000&#8243; custom_padding=\u00bb||0px|||\u00bb global_colors_info=\u00bb{}\u00bb][et_pb_row column_structure=\u00bb1_4,1_4,1_4,1_4&#8243; _builder_version=\u00bb4.6.5&#8243; _module_preset=\u00bbdefault\u00bb global_colors_info=\u00bb{}\u00bb][et_pb_column type=\u00bb1_4&#8243; _builder_version=\u00bb4.6.5&#8243; _module_preset=\u00bbdefault\u00bb global_colors_info=\u00bb{}\u00bb][\/et_pb_column][et_pb_column type=\u00bb1_4&#8243; _builder_version=\u00bb4.6.5&#8243; _module_preset=\u00bbdefault\u00bb global_colors_info=\u00bb{}\u00bb][et_pb_image src=\u00bbhttps:\/\/wpd.ugr.es\/~gervilla\/wp-content\/uploads\/2020\/10\/ugr-blanco.png\u00bb title_text=\u00bbugr blanco\u00bb url=\u00bbhttps:\/\/www.ugr.es\/\u00bb url_new_window=\u00bbon\u00bb _builder_version=\u00bb4.6.5&#8243; _module_preset=\u00bbdefault\u00bb width=\u00bb130%\u00bb width_tablet=\u00bb\u00bb width_phone=\u00bb109%\u00bb width_last_edited=\u00bbon|phone\u00bb custom_margin=\u00bb|||-55px|false|false\u00bb custom_margin_tablet=\u00bb\u00bb custom_margin_phone=\u00bb\u00bb custom_margin_last_edited=\u00bbon|desktop\u00bb module_alignment_tablet=\u00bb\u00bb module_alignment_phone=\u00bbcenter\u00bb module_alignment_last_edited=\u00bbon|desktop\u00bb global_colors_info=\u00bb{}\u00bb][\/et_pb_image][\/et_pb_column][et_pb_column type=\u00bb1_4&#8243; _builder_version=\u00bb4.6.5&#8243; _module_preset=\u00bbdefault\u00bb global_colors_info=\u00bb{}\u00bb][et_pb_image src=\u00bbhttps:\/\/wpd.ugr.es\/~gervilla\/wp-content\/uploads\/2020\/10\/A9Rkf61lt_z3upt7_61s.png\u00bb title_text=\u00bbA9Rkf61lt_z3upt7_61s\u00bb url=\u00bbhttp:\/\/www.iact.ugr-csic.es\/\u00bb url_new_window=\u00bbon\u00bb _builder_version=\u00bb4.6.5&#8243; _module_preset=\u00bbdefault\u00bb global_colors_info=\u00bb{}\u00bb][\/et_pb_image][\/et_pb_column][et_pb_column type=\u00bb1_4&#8243; _builder_version=\u00bb4.6.5&#8243; _module_preset=\u00bbdefault\u00bb global_colors_info=\u00bb{}\u00bb][\/et_pb_column][\/et_pb_row][\/et_pb_section]<\/p>\n","protected":false},"excerpt":{"rendered":"<p>Art\u00edculos de divulgaci\u00f3n cient\u00edfica Investigaci\u00f3n sobre los primeros experimentos de purificaci\u00f3n del platino met\u00e1lico en el siglo XVIII en Espa\u00f1a https:\/\/wpd.ugr.es\/~gervilla\/wp-content\/uploads\/2022\/01\/Edad-del-platino-en-Espana.pdf El oro de Granada https:\/\/www.youtube.com\/watch?v=Aam6MGf-ouM El ascenso del Rodio. El metal natural m\u00e1s caro del mundo https:\/\/theconversation.com\/el-ascenso-del-rodio-el-metal-natural-mas-caro-del-mundo-191968 Necesitamos metales: \u00bfQue miner\u00eda queremos? https:\/\/theconversation.com\/necesitamos-metales-que-mineria-queremos-196160?utm_medium=email&amp;utm_campaign=Novedades%20del%20da%2012%20enero%202023%20en%20The%20Conversation%20-%202515325236&amp;utm_content=Novedades%20del%20da%2012%20enero%202023%20en%20The%20Conversation%20-%202515325236+CID_600c69366c0482cc15dd4aeb2a2b7c73&amp;utm_source=campaign_monitor_es&amp;utm_term=Necesitamos%20metales%20qu%20minera%20queremos Miembro de las siguientes sociedades cient\u00edficas: Sociedad espa\u00f1ola de mineralog\u00eda (SEM) [&hellip;]<\/p>\n","protected":false},"author":1,"featured_media":0,"parent":0,"menu_order":0,"comment_status":"closed","ping_status":"closed","template":"","meta":{"_et_pb_use_builder":"on","_et_pb_old_content":"","_et_gb_content_width":"","footnotes":""},"class_list":["post-843","page","type-page","status-publish","hentry"],"_links":{"self":[{"href":"https:\/\/wpd.ugr.es\/~gervilla\/wp-json\/wp\/v2\/pages\/843","targetHints":{"allow":["GET"]}}],"collection":[{"href":"https:\/\/wpd.ugr.es\/~gervilla\/wp-json\/wp\/v2\/pages"}],"about":[{"href":"https:\/\/wpd.ugr.es\/~gervilla\/wp-json\/wp\/v2\/types\/page"}],"author":[{"embeddable":true,"href":"https:\/\/wpd.ugr.es\/~gervilla\/wp-json\/wp\/v2\/users\/1"}],"replies":[{"embeddable":true,"href":"https:\/\/wpd.ugr.es\/~gervilla\/wp-json\/wp\/v2\/comments?post=843"}],"version-history":[{"count":8,"href":"https:\/\/wpd.ugr.es\/~gervilla\/wp-json\/wp\/v2\/pages\/843\/revisions"}],"predecessor-version":[{"id":1230,"href":"https:\/\/wpd.ugr.es\/~gervilla\/wp-json\/wp\/v2\/pages\/843\/revisions\/1230"}],"wp:attachment":[{"href":"https:\/\/wpd.ugr.es\/~gervilla\/wp-json\/wp\/v2\/media?parent=843"}],"curies":[{"name":"wp","href":"https:\/\/api.w.org\/{rel}","templated":true}]}}