{"id":986,"date":"2022-01-27T18:17:07","date_gmt":"2022-01-27T18:17:07","guid":{"rendered":"https:\/\/wpd.ugr.es\/~gervilla\/?page_id=986"},"modified":"2025-11-04T18:05:04","modified_gmt":"2025-11-04T18:05:04","slug":"platinum-group-minerals","status":"publish","type":"page","link":"https:\/\/wpd.ugr.es\/~gervilla\/platinum-group-minerals\/","title":{"rendered":"Platinum-group minerals"},"content":{"rendered":"<p>[et_pb_section fb_built=\u00bb1&#8243; fullwidth=\u00bbon\u00bb _builder_version=\u00bb4.16&#8243; _module_preset=\u00bbdefault\u00bb global_colors_info=\u00bb{}\u00bb][et_pb_fullwidth_header title=\u00bbPlatinum-group minerals\u00bb text_orientation=\u00bbcenter\u00bb _builder_version=\u00bb4.16&#8243; _module_preset=\u00bbdefault\u00bb title_font=\u00bb|600||on|||||\u00bb title_text_color=\u00bb#ffffff\u00bb background_enable_color=\u00bboff\u00bb background_image=\u00bbhttps:\/\/wpd.ugr.es\/~gervilla\/wp-content\/uploads\/2020\/10\/MGP.png\u00bb background_size=\u00bbcontain\u00bb background_repeat=\u00bbrepeat-x\u00bb title_text_shadow_style=\u00bbpreset3&#8243; title_text_shadow_color=\u00bb#000000&#8243; global_colors_info=\u00bb{}\u00bb][\/et_pb_fullwidth_header][\/et_pb_section][et_pb_section fb_built=\u00bb1&#8243; _builder_version=\u00bb4.16&#8243; _module_preset=\u00bbdefault\u00bb custom_padding=\u00bb0px||0px||false|false\u00bb global_colors_info=\u00bb{}\u00bb][et_pb_row column_structure=\u00bb1_4,3_4&#8243; use_custom_gutter=\u00bbon\u00bb gutter_width=\u00bb2&#8243; make_equal=\u00bbon\u00bb _builder_version=\u00bb4.16&#8243; _module_preset=\u00bbdefault\u00bb width=\u00bb100%\u00bb max_width=\u00bb2560px\u00bb custom_margin=\u00bb0px|auto|0px|auto|false|false\u00bb custom_padding=\u00bb0px||0px||false|false\u00bb global_colors_info=\u00bb{}\u00bb][et_pb_column type=\u00bb1_4&#8243; _builder_version=\u00bb4.16&#8243; _module_preset=\u00bbdefault\u00bb background_color=\u00bb#565656&#8243; use_background_color_gradient=\u00bbon\u00bb background_color_gradient_direction=\u00bb90deg\u00bb background_color_gradient_stops=\u00bb#404040 9%|#8b8b8b 86%\u00bb background_color_gradient_start=\u00bb#404040&#8243; background_color_gradient_start_position=\u00bb9%\u00bb background_color_gradient_end=\u00bb#8b8b8b\u00bb background_color_gradient_end_position=\u00bb86%\u00bb global_colors_info=\u00bb{}\u00bb][et_pb_text _builder_version=\u00bb4.16&#8243; _module_preset=\u00bbdefault\u00bb header_2_font=\u00bb|600||on|||||\u00bb header_2_text_align=\u00bbcenter\u00bb header_2_text_color=\u00bb#ffffff\u00bb custom_margin=\u00bb65px||15px||false|false\u00bb global_colors_info=\u00bb{}\u00bb]<\/p>\n<h2><span>TOPICS<\/span><\/h2>\n<p>[\/et_pb_text][et_pb_blurb title=\u00bbRecent publications\u00bb url=\u00bbhttps:\/\/wpd.ugr.es\/~gervilla\/publications\/\u00bb icon_placement=\u00bbleft\u00bb _builder_version=\u00bb4.16&#8243; _module_preset=\u00bbdefault\u00bb header_font=\u00bb|600|||||||\u00bb header_text_align=\u00bbleft\u00bb header_text_color=\u00bb#ffffff\u00bb header_font_size=\u00bb16px\u00bb header_line_height=\u00bb1.9em\u00bb custom_padding=\u00bb|35px||35px|false|false\u00bb global_colors_info=\u00bb{}\u00bb][\/et_pb_blurb][et_pb_blurb title=\u00bbPeridotites of the Serran\u00eda de Ronda\u00bb url=\u00bbhttps:\/\/wpd.ugr.es\/~gervilla\/peridotites-of-the-serrania-de-ronda\/\u00bb icon_placement=\u00bbleft\u00bb _builder_version=\u00bb4.16&#8243; _module_preset=\u00bbdefault\u00bb header_font=\u00bb|600|||||||\u00bb header_text_align=\u00bbleft\u00bb header_text_color=\u00bb#ffffff\u00bb header_font_size=\u00bb16px\u00bb header_line_height=\u00bb1.3em\u00bb custom_padding=\u00bb|35px||35px|false|false\u00bb global_colors_info=\u00bb{}\u00bb][\/et_pb_blurb][et_pb_blurb title=\u00bbArsenic and PGE\u00bb url=\u00bbhttps:\/\/wpd.ugr.es\/~gervilla\/arsenic-and-pge\/\u00bb icon_placement=\u00bbleft\u00bb _builder_version=\u00bb4.16&#8243; _module_preset=\u00bbdefault\u00bb header_font=\u00bb|600|||||||\u00bb header_text_align=\u00bbleft\u00bb header_text_color=\u00bb#ffffff\u00bb header_font_size=\u00bb16px\u00bb header_line_height=\u00bb1.9em\u00bb custom_padding=\u00bb|35px||35px|false|false\u00bb global_colors_info=\u00bb{}\u00bb][\/et_pb_blurb][et_pb_blurb title=\u00bbPlatinum-group minerals\u00bb url=\u00bbhttps:\/\/wpd.ugr.es\/~gervilla\/platinum-group-minerals\/\u00bb icon_placement=\u00bbleft\u00bb _builder_version=\u00bb4.16&#8243; _module_preset=\u00bbdefault\u00bb header_font=\u00bb|600|||on||||\u00bb header_text_align=\u00bbleft\u00bb header_text_color=\u00bb#ffffff\u00bb header_font_size=\u00bb16px\u00bb header_line_height=\u00bb1.9em\u00bb custom_padding=\u00bb|35px||35px|false|false\u00bb global_colors_info=\u00bb{}\u00bb][\/et_pb_blurb][et_pb_blurb title=\u00bbNi-Cu magmatic sulfide deposits\u00bb url=\u00bbhttps:\/\/wpd.ugr.es\/~gervilla\/ni-cu-magmatic-sulfide-deposits\/\u00bb icon_placement=\u00bbleft\u00bb _builder_version=\u00bb4.16&#8243; _module_preset=\u00bbdefault\u00bb header_font=\u00bb|600|||||||\u00bb header_text_align=\u00bbleft\u00bb header_text_color=\u00bb#ffffff\u00bb header_font_size=\u00bb16px\u00bb header_line_height=\u00bb1.9em\u00bb custom_padding=\u00bb|35px||35px|false|false\u00bb global_colors_info=\u00bb{}\u00bb][\/et_pb_blurb][et_pb_blurb title=\u00bbOphiolitic chromitites\u00bb url=\u00bbhttps:\/\/wpd.ugr.es\/~gervilla\/ophiolitic-chromitites\/\u00bb icon_placement=\u00bbleft\u00bb _builder_version=\u00bb4.16&#8243; _module_preset=\u00bbdefault\u00bb header_font=\u00bb|600|||||||\u00bb header_text_align=\u00bbleft\u00bb header_text_color=\u00bb#ffffff\u00bb header_font_size=\u00bb16px\u00bb header_line_height=\u00bb1.9em\u00bb custom_padding=\u00bb|35px||35px|false|false\u00bb global_colors_info=\u00bb{}\u00bb][\/et_pb_blurb][et_pb_blurb title=\u00bbMetamorphism of chromitites\u00bb url=\u00bbhttps:\/\/wpd.ugr.es\/~gervilla\/metamorphism-of-chromitites\/\u00bb icon_placement=\u00bbleft\u00bb _builder_version=\u00bb4.16&#8243; _module_preset=\u00bbdefault\u00bb header_font=\u00bb|600|||||||\u00bb header_text_align=\u00bbleft\u00bb header_text_color=\u00bb#ffffff\u00bb header_font_size=\u00bb16px\u00bb header_line_height=\u00bb1.9em\u00bb custom_padding=\u00bb|35px||35px|false|false\u00bb global_colors_info=\u00bb{}\u00bb][\/et_pb_blurb][et_pb_blurb title=\u00bbCo-Ni arsenides\u00bb url=\u00bbhttps:\/\/wpd.ugr.es\/~gervilla\/co-ni-arsenides\/\u00bb icon_placement=\u00bbleft\u00bb _builder_version=\u00bb4.16&#8243; _module_preset=\u00bbdefault\u00bb header_font=\u00bb|600|||||||\u00bb header_text_align=\u00bbleft\u00bb header_text_color=\u00bb#ffffff\u00bb header_font_size=\u00bb16px\u00bb header_line_height=\u00bb1.9em\u00bb custom_padding=\u00bb|35px||35px|false|false\u00bb global_colors_info=\u00bb{}\u00bb][\/et_pb_blurb][et_pb_blurb title=\u00bbOther publications\u00bb url=\u00bbhttps:\/\/wpd.ugr.es\/~gervilla\/other-publications\/\u00bb icon_placement=\u00bbleft\u00bb _builder_version=\u00bb4.16&#8243; _module_preset=\u00bbdefault\u00bb header_font=\u00bb|600|||||||\u00bb header_text_align=\u00bbleft\u00bb header_text_color=\u00bb#ffffff\u00bb header_font_size=\u00bb16px\u00bb header_line_height=\u00bb1.9em\u00bb custom_padding=\u00bb|35px||35px|false|false\u00bb global_colors_info=\u00bb{}\u00bb][\/et_pb_blurb][\/et_pb_column][et_pb_column type=\u00bb3_4&#8243; _builder_version=\u00bb4.16&#8243; _module_preset=\u00bbdefault\u00bb global_colors_info=\u00bb{}\u00bb][et_pb_text module_class=\u00bbpa-bullet-list-1&#8243; _builder_version=\u00bb4.27.4&#8243; _module_preset=\u00bbdefault\u00bb custom_padding=\u00bb70px|30px|35px|50px|false|false\u00bb hover_enabled=\u00bb0&#8243; global_colors_info=\u00bb{}\u00bb sticky_enabled=\u00bb0&#8243;]<\/p>\n<p><strong>Articles in scientific journals<\/strong><\/p>\n<ul>\n<li>Torres-Ruiz, J., Garuti, G., Gazzoti, M., <strong>Gervilla, F.<\/strong> and Fenoll Hach-Al\u00ed, P. (1996). Platinum-group minerals in chromitites from the Oj\u00e9n lherzolite massif (Serran\u00eda de Ronda, Betic Cordillera, Southern Spain). <strong><em>Mineralogy and Petrology<\/em><\/strong>, 56, 25-50.<span><br \/><a href=\"https:\/\/doi.org\/10.1007\/BF01162656\">https:\/\/doi.org\/10.1007\/BF01162656<\/a><\/span><\/li>\n<li><strong>Gervilla, F.<\/strong>, S\u00e1nchez-Anguita, A., Acevedo, R.D., Fenoll Hach-Al\u00ed, P. and Paniagua, A. (1997). Platinum-group element sulfarsenides and Pd bismuthotellurides in the metamorphosed Ni-Cu deposit at Las Agulias (Province of San Luis, Argentina). <strong><em>Mineralogical Magazine<\/em><\/strong><em>, <\/em>61, 861-877.<br \/><a href=\"https:\/\/doi.org\/10.1180\/minmag.1997.061.409.09\">https:\/\/doi.org\/10.1180\/minmag.1997.061.409.09<\/a><\/li>\n<li><strong>Gervilla, F.<\/strong>, Papunen, H.,\u00a0 Kojonen, K. and Johanson, B. (1998). Platinum-, palladium- and gold-rich arsenide ores from the Kylm\u00e4koski Ni-Cu deposit (Vammala Nickel Belt, SW Finland). <strong><em>Mineralogy and Petrology, <\/em><\/strong>64, 163-185.<span><br \/><a href=\"https:\/\/doi.org\/10.1007\/BF01226568\">https:\/\/doi.org\/10.1007\/BF01226568<\/a><\/span><\/li>\n<li>Barkov, A.Y., Laajoki, K., <strong>Gervilla, F.<\/strong> and Makovicky, E. (2000). Menshikovite, Pd-Ni arsenide and synthetic equivalent. <strong><em>Mineralogical Magazine<\/em><\/strong>, 64 (5), 847-851.<br \/><a href=\"https:\/\/doi.org\/10.1180\/002646100549832\">https:\/\/doi.org\/10.1180\/002646100549832<\/a><\/li>\n<li><strong>Gervilla, F.<\/strong> and Kojonen, K. (2002). The platinum-group minerals in the upper section of the Keivitsansarvi Ni-Cu-PGE deposit (Northern Finland). <strong><em>The Canadian Mineralogist <\/em><\/strong>40, 377-394.<br \/><a href=\"https:\/\/doi.org\/10.2113\/gscanmin.40.2.377\">https:\/\/doi.org\/10.2113\/gscanmin.40.2.377<\/a><\/li>\n<li>Guti\u00e9rrez-Narbona, R., Lorand, J.P., <strong>Gervilla, F.<\/strong> and Gros, M. (2003). New data on base metal mineralogy and platinum-group minerals in the Oj\u00e9n chromitites (Serran\u00eda de Ronda, Betic Cordillera, Southern Spain). <strong><em>Neues Jahbr. Mineralogie Abh.<\/em><\/strong>179 (2), 143-173.<br \/><a href=\"https:\/\/doi.org\/10.1127\/0077-7757\/2003\/0179-0143\">https:\/\/doi.org\/10.1127\/0077-7757\/2003\/0179-0143<\/a><\/li>\n<li><strong>Gervilla, F.<\/strong>, Proenza, J.A., Frei, R., Gonz\u00e1lez-Jim\u00e9nez, J.M., Garrido, C.J., Melgarejo, J.C., Meibom, A., D\u00edaz-Mart\u00ednez, R. and Lavaut, W. (2005). Distribution of platinum-Group elements and Os isotopes in chromite ores from Mayar\u00ed-Baracoa Ophiolitic Belt (eastern Cuba). <strong><em>Contributions to Mineralogy and Petrology <\/em><\/strong>150, 589-607.<br \/><a href=\"https:\/\/doi.org\/10.1007\/s00410-005-0039-2\">https:\/\/doi.org\/10.1007\/s00410-005-0039-2<\/a><\/li>\n<li>Pi\u00f1a, R., <strong>Gervilla, F.<\/strong>, Ortega, L. and Lunar, R. (2008). Mineralogy and geochemistry of platinum-group elements in the Aguablanca Ni-Cu deposit (SW Spain). <strong><em>Mineralogy and Petrology<\/em><\/strong> 92, 259-282.<br \/><a href=\"https:\/\/doi.org\/10.1007\/s00710-007-0195-3\">https:\/\/doi.org\/10.1007\/s00710-007-0195-3<\/a><\/li>\n<li>Gonz\u00e1lez-Jim\u00e9nez, J.M., <strong>Gervilla, F.<\/strong>, Proenza, J.A., Kerestedjian, T., Aug\u00e9, T. and Bailly, L. (2009). Zoning of laurite (RuS<sub>2<\/sub>)-erlichmanite (OsS<sub>2<\/sub>): Implications for the origin of PGM in ophiolitic chromitites. <strong><em>European Journal of Mineralogy<\/em><\/strong> 21, 419-432.<u><br \/><a href=\"https:\/\/doi.org\/10.1127\/0935-1221\/2009\/0021-1921\">https:\/\/doi.org\/10.1127\/0935-1221\/2009\/0021-1921<\/a><\/u><\/li>\n<li>Gonz\u00e1lez-Jim\u00e9nez., J.M., <strong>Gervilla, F<\/strong>., Proenza, J.A., Aug\u00e9, T., F. and Kerestedjian, T. (2009). Distribution of platinum-group minerals in ophiolitic chromitites: <strong><em>Applied Earth Science (Trans. Inst. Min. Metall. B)<\/em><\/strong>, vol. 118 (3\/4), 101-110.<br \/><a href=\"https:\/\/doi.org\/10.1179\/174327509X12550990457924\">https:\/\/doi.org\/10.1179\/174327509X12550990457924<\/a><\/li>\n<li>Gonz\u00e1lez-Jim\u00e9nez, J.M., <strong>Gervilla, F.<\/strong>, Kerestedjian, T. and Proenza, J.A. (2010). Alteration of Platinum-Group and Base-Metal Mineral Assemblages in Ophiolite Chromitites from the Dobromirtsi Massif, Rhodope Mountains (SE Bulgaria). <strong><em>Resources Geology <\/em><\/strong>60, No.4, 315-334.<u><br \/><a href=\"https:\/\/doi.org\/10.1111\/j.1751-3928.2010.00138.x\">https:\/\/doi.org\/10.1111\/j.1751-3928.2010.00138.x<\/a><\/u><\/li>\n<li>Gonz\u00e1lez-Jim\u00e9nez, J.M., Aug\u00e9, T., <strong>Gervilla, F.<\/strong>, Bailly, L., Proenza, J.A. and Griffin, W.L. (2011). Mineralogy and geochemistry of platinum-rich chromitites from the mantle-crust transition zone at Ouen Island, New Caledonia Ophiolite. <strong><em>The Canadian Mineralogist <\/em><\/strong>49, 1539-1559.<br \/><a href=\"https:\/\/doi.org\/10.3749\/canmin.49.6.1549\">https:\/\/doi.org\/10.3749\/canmin.49.6.1549<\/a><\/li>\n<li>Marchesi, C., Gonz\u00e1lez-Jim\u00e9nez, J.M., <strong>Gervilla, F.<\/strong>, Garrido, C.J., Griffin, W.L., O\u2019Really, S., Proenza, J.A. and Pearson, N.J. (2011). In situ Re-Os isotopic analysis of platinum-group minerals from the Mayar\u00ed-Cristal ophiolitic massif (Mayar\u00ed-Baracoa Ophiolitic Belt, eastern Cuba): implications for the origin of Os-isotope heterogeneities in podiform chromitites. <strong><em>Contributions to Mineralogy and Petrology<\/em><\/strong> 161, No 6, 977-990.<span><br \/><a href=\"https:\/\/doi.org\/10.1007\/s00410-010-0575-2\">https:\/\/doi.org\/10.1007\/s00410-010-0575-2<\/a><\/span><\/li>\n<li>Gonz\u00e1lez-Jim\u00e9nez, J.M., Marchesi, C., Griffin, W.L., Guti\u00e9rrez-Narbona, R., Lorand, J.P., O\u2019Reilly, S.Y., Garrido, C.J., <strong>Gervilla, F.<\/strong>, Pearson, N.J. and Hidas, K. (2013). Transfer of Os isotopic signatures from peridotite to chromitite in the subcontinental mantle: insights from in situ analysis of platinum-group and base-metal minerals (Oj\u00e9n peridotite massif, southern Spain). <strong><em>Lithos <\/em><\/strong>164-167, 74-85.<br \/><a href=\"https:\/\/doi.org\/10.1016\/j.lithos.2012.07.009\">https:\/\/doi.org\/10.1016\/j.lithos.2012.07.009<\/a><\/li>\n<li>Pi\u00f1a, R., <strong>Gervilla, F.<\/strong>, Barnes, S.-J., Ortega, L. and Lunar, R. (2013). Platinum-group elements-bearing pyrite from the Aguablanca Ni-Cu sulphide deposit (SW Spain): a LA-ICP-MS study. <strong><em>European Journal of Mineralogy <\/em><\/strong>25, 241-252.<br \/><a href=\"https:\/\/doi.org\/10.1127\/0935-1221\/2013\/0025-2290\">https:\/\/doi.org\/10.1127\/0935-1221\/2013\/0025-2290<\/a><\/li>\n<li>Gonzalez-Jim\u00e9nez, J.M., Griffin, W.L.,<strong> Gervilla, F.<\/strong>, Proenza, J.A., O\u2019Reilly, S.Y. and Pearson, N.J. (2014). Chromitites in ophiolites: How, where, when, why? Part I. A review and new ideas on the origin and significance of platinum-group minerals.<strong><em> Lithos<\/em><\/strong> 189, 127-139.<br \/>DOI:\u00a0<a href=\"http:\/\/dx.doi.org\/10.1016\/j.lithos.2013.06.016\">http:\/\/dx.doi.org\/10.1016\/j.lithos.2013.06.016<\/a><\/li>\n<li>Pi\u00f1a, R., <strong>Gervilla, F.<\/strong>, Barnes, S.-J., Oberth\u00fcr, T. and Lunar, R. (2016). Platinum-group element concentrations in pyrite from the Main Sulfide Zone of the Great Dyke of Zimbabwe. <strong><em>Mineralium Deposita <\/em><\/strong>52, 853-872.<br \/><a href=\"http:\/\/10.1007\/s00126-016-0642-3\">http:\/\/10.1007\/s00126-016-0642-3<\/a><\/li>\n<li>Gonz\u00e1lez-Jim\u00e9nez, J.M., Deditius, A., <strong>Gervilla, F.<\/strong>, Reich, M., Roqu\u00e9, J. and Proenza, J. (2018). Nanoscale partitioning of Ru, Ir and Pt in base-metal sulfides from the Caridad chromite deposit. <strong><em>American Mineralogist<\/em><\/strong> 103 (8), 1208-1220.<\/li>\n<li>Baurier-Aymat, S., Jim\u00e9nez-Franco, A., Roqu\u00e9-Rosell, J., Gonz\u00e1lez-Jim\u00e9nez, J.M., <strong>Gervilla, F.<\/strong>, Proenza, J.A., Mendoza, J. and Nieto, F. (2019). Nanoscale Structure of Zoned Laurites from the Oj\u00e9n Ultramafic Massif, Southern Spain. <strong><em>Minerals <\/em><\/strong>9, 288.<br \/><a href=\"https:\/\/10.3390\/min9050288\">https:\/\/10.3390\/min9050288<\/a><\/li>\n<li>Gonzalez-Jimenez, J.M., Roque-Rosell, J., Jimenez-Franco, A., Tassara, S, Nieto, F., <strong>Gervilla, F.<\/strong>, Baurier, S., Proenza, J.A., Saunders, E., Deditius, A.P., Schilling, M. and Corgne, A. (2019). Magmatic platinum nanoparticles in metasomatic silicate glasses and sulfides from Patagonian mantle xenoliths. <strong><em>Contributions to Mineralogy and Petrology<\/em><\/strong> 174:47.<br \/><a href=\"https:\/\/doi.org\/10.1007\/s00410-019-1583-5\">https:\/\/doi.org\/10.1007\/s00410-019-1583-5<\/a><\/li>\n<li>Gonz\u00e1lez-Jim\u00e9nez, J.M., Proenza, J.A., Pastor-Oliete, M., Saunders, E., Aiglsperger, T. Pujol-Sol\u00e1, N., Melgarejo, J.C., <strong>Gervilla, F.<\/strong> and Garc\u00eda-Casco, A. (2020). Precious metals in magmatic Fe-Ni-Cu sulfides from the Potos\u00ed chromitite deposit, eastern Cuba. <strong><em>Ore Geology Reviews<\/em><\/strong> 118, 103339.<br \/><a href=\"https:\/\/doi.org\/10.1016\/j.oregeorev.2020.103339\">https:\/\/doi.org\/10.1016\/j.oregeorev.2020.103339<\/a><\/li>\n<li>Jim\u00e9nez-Franco, A., Gonz\u00e1lez-Jim\u00e9nez, J.M., Roqu\u00e9, J., Proenza, J.A., <strong>Gervilla, F.<\/strong> and Nieto, F. (2020). Nanoscale constraints on the <em>in situ<\/em> transformation of Ru-Os-Ir sulfides to alloys at low temperature. <strong><em>Ore Geology Reviews<\/em><\/strong> 124, 103640.<br \/><a href=\"https:\/\/doi.org\/10.1016\/j.oregeorev.2020.103640\">https:\/\/doi.org\/10.1016\/j.oregeorev.2020.103640<\/a><\/li>\n<li>Gonz\u00e1lez-Jim\u00e9nez, J.M., Tassara, S., Schettino, E., Roqu\u00e9-Rosell, J., Ferr\u00e9-de-Pablo, J., Saunders, J.E., Deditius, A.P., Col\u00e1s, V., Rovira-Medina, J.J., D\u00e1valos, M.G., Schilling, M., Jim\u00e9nez-Franco, A., Marchesi, C., Nieto, F., Proenza, J.A. and <strong>Gervilla, F.<\/strong> (2020). Mineralogy of HSE in the Subcontinental Lithospheric Mantle-an interpretative review. <strong><em>Lithos<\/em><\/strong> (en prensa).<br \/><a href=\"https:\/\/doi.org\/10.1016\/j.lithos.2020.105681\">https:\/\/doi.org\/10.1016\/j.lithos.2020.105681<\/a><strong><\/strong><\/li>\n<li><strong>Gervilla, F.<\/strong>, Garc\u00eda-Guinea, J and Capit\u00e1n-Vallvey, L.F. (2020). Platina in the 18<sup>th<\/sup> century: mineralogy of the crude concentrate used in the first modern attempts at refining platinum. <strong><em>Mineralogical Magazine<\/em><\/strong> 84, 289-299.<br \/><a href=\"https:\/\/doi.org\/10.1180\/mgm.2020.3\">https:\/\/doi.org\/10.1180\/mgm.2020.3<\/a><\/li>\n<li>Jim\u00e9nez-Franco, A., Gonz\u00e1lez-Jim\u00e9nez, J.M., Roqu\u00e9, J., Proenza, J.A., <strong>Gervilla, F.<\/strong> and Nieto, F. (2020). Nanoscale constraints on the <em>in situ<\/em> transformation of Ru-Os-Ir sulfides to alloys at low temperature. <strong><em>Ore Geology Reviews<\/em><\/strong> 124, 103640. <a href=\"https:\/\/doi.org\/10.1016\/j.oregeorev.2020.103640\">https:\/\/doi.org\/10.1016\/j.oregeorev.2020.103640<\/a><\/li>\n<li>Gonz\u00e1lez-Jim\u00e9nez, J.M., Tassara, S., Schettino, E., Roqu\u00e9-Rosell, J., Ferr\u00e9-de-Pablo, J., Saunders, J.E., Deditius, A.P., Col\u00e1s, V., Rovira-Medina, J.J., D\u00e1valos, M.G., Schilling, M., Jim\u00e9nez-Franco, A., Marchesi, C., Nieto, F., Proenza, J.A. and <strong>Gervilla, F.<\/strong> (2020). Mineralogy of HSE in the Subcontinental Lithospheric Mantle-an interpretative review. <strong><em>Lithos<\/em><\/strong>, 105681 <a href=\"https:\/\/doi.org\/10.1016\/j.lithos.2020.105681\">https:\/\/doi.org\/10.1016\/j.lithos.2020.105681<\/a><strong><em><\/em><\/strong><\/li>\n<li>Yakuvovich, O., Stuart, F.M., Ivanova, E. y <strong>Gervilla, F.<\/strong> (2023). Constant 4He concentration and 190Pt-4He age of detrital Pt-alloy grains from the Santiago River, Ecuador: Potential as a 4He mineral reference material<span>. <\/span><strong><em>Geostandards and Geoanalytical Research <\/em><\/strong>47 (4), 957-968<br \/><a href=\"https:\/\/doi.org\/10.1111\/ggr.12502\">https:\/\/doi.org\/10.1111\/ggr.12502<\/a><\/li>\n<li>Gonz\u00e1lez-Jim\u00e9nez, J.M., Gonz\u00e1lez-P\u00e9rez, I., Plissart, G., Ferreira, A.R., Schettino, E., Yesares, L., Schilling, M.E., Corgne, A. y <strong>Gervilla, F.<\/strong> (2024). Micron-to-nanoscale investigation of Cu-Fe-Ni sulfide inclusions within laurite (Ru,Os)S<sub>2<\/sub> from chromitites. <strong><em>Mineralium Deposita<\/em><\/strong> 60, 581-604.<br \/><a href=\"https:\/\/doi.org\/10.1007\/s00126-024-01285-0\">https:\/\/doi.org\/10.1007\/s00126-024-01285-0<\/a><\/li>\n<li>Cano, N., Gonz\u00e1lez-Jim\u00e9nez, J.M., <strong>Gervilla, F.<\/strong> y Kerestedjian, T.N. (2025). HRTEM Study of Desulfurization of Pt- and Pd-Rich Sulfides from New Caledonia Ophiolite. <strong><em>Minerals <\/em><\/strong>15(1), 66.<br \/><a href=\"https:\/\/doi.org\/10.3390\/min15010066\">https:\/\/doi.org\/10.3390\/min15010066<\/a><\/li>\n<\/ul>\n<p>[\/et_pb_text][\/et_pb_column][\/et_pb_row][\/et_pb_section][et_pb_section fb_built=\u00bb1&#8243; _builder_version=\u00bb4.16&#8243; _module_preset=\u00bbdefault\u00bb background_color=\u00bb#000000&#8243; custom_padding=\u00bb||0px|||\u00bb global_colors_info=\u00bb{}\u00bb][et_pb_row column_structure=\u00bb1_4,1_4,1_4,1_4&#8243; _builder_version=\u00bb4.16&#8243; _module_preset=\u00bbdefault\u00bb global_colors_info=\u00bb{}\u00bb][et_pb_column type=\u00bb1_4&#8243; _builder_version=\u00bb4.16&#8243; _module_preset=\u00bbdefault\u00bb global_colors_info=\u00bb{}\u00bb][\/et_pb_column][et_pb_column type=\u00bb1_4&#8243; _builder_version=\u00bb4.16&#8243; _module_preset=\u00bbdefault\u00bb global_colors_info=\u00bb{}\u00bb][et_pb_image src=\u00bbhttps:\/\/wpd.ugr.es\/~gervilla\/wp-content\/uploads\/2020\/10\/ugr-blanco.png\u00bb title_text=\u00bbugr blanco\u00bb url=\u00bbhttps:\/\/www.ugr.es\/\u00bb url_new_window=\u00bbon\u00bb _builder_version=\u00bb4.16&#8243; _module_preset=\u00bbdefault\u00bb width=\u00bb130%\u00bb width_tablet=\u00bb\u00bb width_phone=\u00bb109%\u00bb width_last_edited=\u00bbon|phone\u00bb custom_margin=\u00bb|||-55px|false|false\u00bb custom_margin_tablet=\u00bb\u00bb custom_margin_phone=\u00bb\u00bb custom_margin_last_edited=\u00bbon|desktop\u00bb module_alignment_tablet=\u00bb\u00bb module_alignment_phone=\u00bbcenter\u00bb module_alignment_last_edited=\u00bbon|desktop\u00bb global_colors_info=\u00bb{}\u00bb][\/et_pb_image][\/et_pb_column][et_pb_column type=\u00bb1_4&#8243; _builder_version=\u00bb4.16&#8243; _module_preset=\u00bbdefault\u00bb global_colors_info=\u00bb{}\u00bb][et_pb_image src=\u00bbhttps:\/\/wpd.ugr.es\/~gervilla\/wp-content\/uploads\/2020\/10\/A9Rkf61lt_z3upt7_61s.png\u00bb title_text=\u00bbA9Rkf61lt_z3upt7_61s\u00bb url=\u00bbhttp:\/\/www.iact.ugr-csic.es\/\u00bb url_new_window=\u00bbon\u00bb _builder_version=\u00bb4.16&#8243; _module_preset=\u00bbdefault\u00bb global_colors_info=\u00bb{}\u00bb][\/et_pb_image][\/et_pb_column][et_pb_column type=\u00bb1_4&#8243; _builder_version=\u00bb4.16&#8243; _module_preset=\u00bbdefault\u00bb global_colors_info=\u00bb{}\u00bb][\/et_pb_column][\/et_pb_row][\/et_pb_section]<\/p>\n","protected":false},"excerpt":{"rendered":"<p>TOPICSArticles in scientific journals Torres-Ruiz, J., Garuti, G., Gazzoti, M., Gervilla, F. and Fenoll Hach-Al\u00ed, P. (1996). Platinum-group minerals in chromitites from the Oj\u00e9n lherzolite massif (Serran\u00eda de Ronda, Betic Cordillera, Southern Spain). Mineralogy and Petrology, 56, 25-50.https:\/\/doi.org\/10.1007\/BF01162656 Gervilla, F., S\u00e1nchez-Anguita, A., Acevedo, R.D., Fenoll Hach-Al\u00ed, P. and Paniagua, A. (1997). Platinum-group element sulfarsenides and [&hellip;]<\/p>\n","protected":false},"author":1,"featured_media":0,"parent":0,"menu_order":0,"comment_status":"closed","ping_status":"closed","template":"","meta":{"_et_pb_use_builder":"on","_et_pb_old_content":"","_et_gb_content_width":"","footnotes":""},"class_list":["post-986","page","type-page","status-publish","hentry"],"_links":{"self":[{"href":"https:\/\/wpd.ugr.es\/~gervilla\/wp-json\/wp\/v2\/pages\/986","targetHints":{"allow":["GET"]}}],"collection":[{"href":"https:\/\/wpd.ugr.es\/~gervilla\/wp-json\/wp\/v2\/pages"}],"about":[{"href":"https:\/\/wpd.ugr.es\/~gervilla\/wp-json\/wp\/v2\/types\/page"}],"author":[{"embeddable":true,"href":"https:\/\/wpd.ugr.es\/~gervilla\/wp-json\/wp\/v2\/users\/1"}],"replies":[{"embeddable":true,"href":"https:\/\/wpd.ugr.es\/~gervilla\/wp-json\/wp\/v2\/comments?post=986"}],"version-history":[{"count":8,"href":"https:\/\/wpd.ugr.es\/~gervilla\/wp-json\/wp\/v2\/pages\/986\/revisions"}],"predecessor-version":[{"id":1269,"href":"https:\/\/wpd.ugr.es\/~gervilla\/wp-json\/wp\/v2\/pages\/986\/revisions\/1269"}],"wp:attachment":[{"href":"https:\/\/wpd.ugr.es\/~gervilla\/wp-json\/wp\/v2\/media?parent=986"}],"curies":[{"name":"wp","href":"https:\/\/api.w.org\/{rel}","templated":true}]}}