{"id":227,"date":"2025-12-17T14:22:02","date_gmt":"2025-12-17T13:22:02","guid":{"rendered":"https:\/\/wpd.ugr.es\/~guerra\/?page_id=227"},"modified":"2026-01-14T11:33:02","modified_gmt":"2026-01-14T10:33:02","slug":"talks","status":"publish","type":"page","link":"https:\/\/wpd.ugr.es\/~guerra\/talks\/","title":{"rendered":"Talks"},"content":{"rendered":"\n<h1 class=\"wp-block-heading has-large-font-size\">2025<\/h1>\n\n\n\n<ul class=\"wp-block-list\">\n<li class=\"has-medium-font-size\">\u00abTeor\u00edas ideales de las atribuciones de actitud proposicional\u00bb, Seminario Filosof\u00eda y An\u00e1lisis, Granada, January 13<\/li>\n\n\n\n<li class=\"has-medium-font-size\">\u00abEl problema de Frege, slurs y deadnames\u00bb, Congreso de Postgrado de la Sociedad Espa\u00f1ola de Filosof\u00eda Anal\u00edtica (SEFA), online, November 27-28<\/li>\n\n\n\n<li class=\"has-medium-font-size\">\u00abSemantic fetishism\u00bb, Crossroads in the Political Philosophy of Language, Valencia, November 12-14<\/li>\n\n\n\n<li class=\"has-medium-font-size\">\u00abPrior&#8217;s puzzle is not enough\u00bb, IX Congreso de la Sociedad Espa\u00f1ola de Filosof\u00eda Anal\u00edtica (SEFA), Sevilla, October 1-3<\/li>\n\n\n\n<li class=\"has-medium-font-size\">\u00abNeutral counterparts as pernicious idealizations\u00bb (with Alba Moreno Zurita), MANCEPT 2025, Manchester, September 3-5<\/li>\n\n\n\n<li class=\"has-medium-font-size\">\u00abProblemas para la sem\u00e1ntica de atribuciones de actitud proposicional\u00bb, Jornada de filosof\u00eda contempor\u00e1nea, Paris, May 28<\/li>\n\n\n\n<li class=\"has-medium-font-size\">\u00abThe perks of being fusion\u00bb (with Alba Moreno Zurita), Applied Issues in Current Epistemology and Philosophy of Language, Porto, March 20-21<\/li>\n\n\n\n<li class=\"has-medium-font-size\">\u00abThe political turn and genealogical anxiety: Reconciling theory, practice, and critique\u00bb (with Ana R. L\u00f3pez &amp; Andrea Rodr\u00edguez), Between Thinking and Acting, Postdam, February 12-14<\/li>\n<\/ul>\n\n\n\n<h2 class=\"wp-block-heading has-large-font-size\">2024<\/h2>\n\n\n\n<ul class=\"wp-block-list\">\n<li class=\"has-medium-font-size\">\u00abSalvar al soldado Brandom: El conflicto entre el inferencialismo expresivista y la distinci\u00f3n descriptivo\/evaluativo\u00bb (with Ana R. L\u00f3pez, Andrea Rodr\u00edguez &amp; Carmela Vieites), IX Jornadas Filodoc, Granada, November 11-15<\/li>\n\n\n\n<li class=\"has-medium-font-size\">\u00abPagando el precio: Algunas ideas acerca de (no) informar de un slur\u00bb (with Alba Moreno Zurita), XI Congreso de la Sociedad de L\u00f3gica, Metodolog\u00eda y Filosof\u00eda de la Ciencia en Espa\u00f1a (SLMFCE), Oviedo, July 16-19<\/li>\n\n\n\n<li class=\"has-medium-font-size\">\u00abPrior&#8217;s puzzle as an argument against designating propositions\u00bb, XXI Taller d&#8217;Investigaci\u00f3 en Filosofia, Valencia, July 4-5<\/li>\n\n\n\n<li class=\"has-medium-font-size\">\u00abPaying the cost: On (not) reporting a slur\u00bb (with Alba Moreno Zurita), Slurring Terms Across Languages (STAL) 2024, Bratislava, May 16-17<\/li>\n<\/ul>\n\n\n\n<h2 class=\"wp-block-heading has-large-font-size\">2023<\/h2>\n\n\n\n<ul class=\"wp-block-list\">\n<li class=\"has-medium-font-size\">\u00abDogmatism, trust, and social positioning\u00bb, 11th European Congress of Analytic Philosophy (ECAP), Vienna, August 21-25<\/li>\n\n\n\n<li class=\"has-medium-font-size\">\u00abThe political turn in analytic philosophy and three moral attitudes towards diversity in politics\u00bb (with Manuel Almagro), Political Normativity and Ethics, Granada, May 10-12<\/li>\n<\/ul>\n","protected":false},"excerpt":{"rendered":"<p>2025 2024 2023<\/p>\n","protected":false},"author":1,"featured_media":0,"parent":0,"menu_order":0,"comment_status":"closed","ping_status":"closed","template":"","meta":{"footnotes":""},"class_list":["post-227","page","type-page","status-publish","hentry"],"_links":{"self":[{"href":"https:\/\/wpd.ugr.es\/~guerra\/wp-json\/wp\/v2\/pages\/227","targetHints":{"allow":["GET"]}}],"collection":[{"href":"https:\/\/wpd.ugr.es\/~guerra\/wp-json\/wp\/v2\/pages"}],"about":[{"href":"https:\/\/wpd.ugr.es\/~guerra\/wp-json\/wp\/v2\/types\/page"}],"author":[{"embeddable":true,"href":"https:\/\/wpd.ugr.es\/~guerra\/wp-json\/wp\/v2\/users\/1"}],"replies":[{"embeddable":true,"href":"https:\/\/wpd.ugr.es\/~guerra\/wp-json\/wp\/v2\/comments?post=227"}],"version-history":[{"count":2,"href":"https:\/\/wpd.ugr.es\/~guerra\/wp-json\/wp\/v2\/pages\/227\/revisions"}],"predecessor-version":[{"id":242,"href":"https:\/\/wpd.ugr.es\/~guerra\/wp-json\/wp\/v2\/pages\/227\/revisions\/242"}],"wp:attachment":[{"href":"https:\/\/wpd.ugr.es\/~guerra\/wp-json\/wp\/v2\/media?parent=227"}],"curies":[{"name":"wp","href":"https:\/\/api.w.org\/{rel}","templated":true}]}}