{"id":379,"date":"2025-01-07T10:16:11","date_gmt":"2025-01-07T09:16:11","guid":{"rendered":"https:\/\/wpd.ugr.es\/~hidrogeo\/?page_id=379"},"modified":"2025-03-28T18:08:22","modified_gmt":"2025-03-28T17:08:22","slug":"atemar-project","status":"publish","type":"page","link":"https:\/\/wpd.ugr.es\/~hidrogeo\/en\/atemar-project\/","title":{"rendered":"ATEMAR Project"},"content":{"rendered":"\n<div class=\"wp-block-cover alignfull\" style=\"min-height:250px;aspect-ratio:unset;\"><span aria-hidden=\"true\" class=\"wp-block-cover__background has-ast-global-color-4-background-color has-background-dim-60 has-background-dim\"><\/span><img loading=\"lazy\" decoding=\"async\" width=\"2560\" height=\"1920\" class=\"wp-block-cover__image-background wp-image-553\" alt=\"\" src=\"https:\/\/wpd.ugr.es\/~hidrogeo\/wp-content\/uploads\/2025\/03\/proyecto-atemar-scaled.jpg\" data-object-fit=\"cover\" srcset=\"https:\/\/wpd.ugr.es\/~hidrogeo\/wp-content\/uploads\/2025\/03\/proyecto-atemar-scaled.jpg 2560w, https:\/\/wpd.ugr.es\/~hidrogeo\/wp-content\/uploads\/2025\/03\/proyecto-atemar-300x225.jpg 300w, https:\/\/wpd.ugr.es\/~hidrogeo\/wp-content\/uploads\/2025\/03\/proyecto-atemar-1024x768.jpg 1024w, https:\/\/wpd.ugr.es\/~hidrogeo\/wp-content\/uploads\/2025\/03\/proyecto-atemar-768x576.jpg 768w, https:\/\/wpd.ugr.es\/~hidrogeo\/wp-content\/uploads\/2025\/03\/proyecto-atemar-1536x1152.jpg 1536w, https:\/\/wpd.ugr.es\/~hidrogeo\/wp-content\/uploads\/2025\/03\/proyecto-atemar-2048x1536.jpg 2048w\" sizes=\"auto, (max-width: 2560px) 100vw, 2560px\" \/><div class=\"wp-block-cover__inner-container is-layout-constrained wp-block-cover-is-layout-constrained\">\n<h1 class=\"wp-block-heading has-text-align-center\">ATEMAR Project<\/h1>\n<\/div><\/div>\n\n\n\n<div style=\"height:50px\" aria-hidden=\"true\" class=\"wp-block-spacer\"><\/div>\n\n\n\n<div class=\"wp-block-columns is-layout-flex wp-container-core-columns-is-layout-28f84493 wp-block-columns-is-layout-flex\">\n<div class=\"wp-block-column is-vertically-aligned-top is-layout-flow wp-block-column-is-layout-flow\" style=\"flex-basis:33.33%\">\n<figure class=\"wp-block-image aligncenter size-full\"><img loading=\"lazy\" decoding=\"async\" width=\"1472\" height=\"832\" src=\"https:\/\/wpd.ugr.es\/~hidrogeo\/wp-content\/uploads\/2024\/11\/Imagen11-1.jpg\" alt=\"\" class=\"wp-image-123\" srcset=\"https:\/\/wpd.ugr.es\/~hidrogeo\/wp-content\/uploads\/2024\/11\/Imagen11-1.jpg 1472w, https:\/\/wpd.ugr.es\/~hidrogeo\/wp-content\/uploads\/2024\/11\/Imagen11-1-300x170.jpg 300w, https:\/\/wpd.ugr.es\/~hidrogeo\/wp-content\/uploads\/2024\/11\/Imagen11-1-1024x579.jpg 1024w, https:\/\/wpd.ugr.es\/~hidrogeo\/wp-content\/uploads\/2024\/11\/Imagen11-1-768x434.jpg 768w\" sizes=\"auto, (max-width: 1472px) 100vw, 1472px\" \/><\/figure>\n<\/div>\n\n\n\n<div class=\"wp-block-column is-vertically-aligned-center is-layout-flow wp-block-column-is-layout-flow\" style=\"flex-basis:66.66%\">\n<p class=\"has-medium-font-size\">This project aims to develop study and control methodologies for managed aquifer recharge in order to facilitate its implementation from a technical, environmental, and regulatory perspective. It has been funded by the Ministry of Science, Innovation, and Universities, the Spanish Research Agency (MICIU\/AEI\/10.13039\/501100011033\/), and \u201cFEDER\/UE\u201d through the project PID2022-137711OB-I00, and will be active from 2023 to 2027.<\/p>\n\n\n\n<figure class=\"wp-block-image aligncenter size-full\"><img loading=\"lazy\" decoding=\"async\" width=\"567\" height=\"109\" src=\"https:\/\/wpd.ugr.es\/~hidrogeo\/wp-content\/uploads\/2024\/11\/Imagen13.jpg\" alt=\"\" class=\"wp-image-122\" srcset=\"https:\/\/wpd.ugr.es\/~hidrogeo\/wp-content\/uploads\/2024\/11\/Imagen13.jpg 567w, https:\/\/wpd.ugr.es\/~hidrogeo\/wp-content\/uploads\/2024\/11\/Imagen13-300x58.jpg 300w\" sizes=\"auto, (max-width: 567px) 100vw, 567px\" \/><\/figure>\n<\/div>\n<\/div>\n\n\n\n<div style=\"height:50px\" aria-hidden=\"true\" class=\"wp-block-spacer\"><\/div>\n\n\n\n<h2 class=\"wp-block-heading\">Summary<\/h2>\n\n\n\n<p class=\"has-medium-font-size\">Managed Aquifer Recharge (MAR) is one of the few techniques that allows for the increase of water resources during dry periods. In a world with a changing climate, where dry periods will become more frequent and extreme, providing water for multiple social, economic, and environmental purposes is a priority. As such, water is one of the common social challenges in national, European, and global projects. MAR is a system that intentionally promotes the infiltration of water into aquifers to generate the accumulation of groundwater reserves. The shift from surface water to groundwater has several essential advantages: reduction of losses due to evaporation, increased storage in aquifer systems, and reduction of the need for high-cost and high-impact infrastructure such as dams. The normal properties of groundwater emerge here as strategic advantages, such as slow flow (allowing for storage during dry periods with a long-term perspective), the ability to filter water (improving its quality and reducing the presence of microorganisms), and the ubiquity of water in aquifers (easy access to water where needed through drilling), generating a nature-based solution to address the numerous problems identified by strategic research plans. However, MAR is not as common as expected due to the lack of detailed knowledge of its impacts on aquifers, the presence of outdated regulations, and social mistrust. This project aims to use the latest advances in hydrogeology to develop innovative and exportable methodologies for the application of Managed Aquifer Recharge, a powerful tool for resilience against climate change. Through the implementation of two experimental plots, we will contribute to generating knowledge in some of the critical research gaps for the application of MAR.<\/p>\n\n\n\n<div style=\"height:50px\" aria-hidden=\"true\" class=\"wp-block-spacer\"><\/div>\n\n\n\n<div class=\"wp-block-columns is-layout-flex wp-container-core-columns-is-layout-28f84493 wp-block-columns-is-layout-flex\">\n<div class=\"wp-block-column is-layout-flow wp-block-column-is-layout-flow\">\n<h2 class=\"wp-block-heading\">Participants<\/h2>\n\n\n\n<ul class=\"wp-block-list\">\n<li>Carlos Duque (IP). Universidad de Granada<\/li>\n\n\n\n<li>Mar\u00eda Luisa Calvache (Co-IP). Universidad de Granada<\/li>\n\n\n\n<li>Fernando Delgado. Universidad de Granada<\/li>\n\n\n\n<li>Iv\u00e1n Alhama. Universidad Polit\u00e9cnica de Cartagena<\/li>\n\n\n\n<li>Manuel L\u00f3pez Chicano. Universidad de Granada<\/li>\n\n\n\n<li>Philippe Renard. University of Neuchatel<\/li>\n\n\n\n<li>Antonio Pulido-Bosch. Universidad de Granada<\/li>\n\n\n\n<li>Crisanto Mar\u00edn Monta\u00f1\u00e9s. IGME-CSIC<\/li>\n\n\n\n<li>Jos\u00e9 Manuel G\u00f3mez Fontalva. IGME-CSIC<\/li>\n\n\n\n<li>Jens Aamand. Geological Survey of Denmark and Greenland<\/li>\n\n\n\n<li>Ulla Bollmann. Geological Survey of Denmark and Greenland<\/li>\n\n\n\n<li>Sachin Karan. Geological Survey of Denmark and Greenland<\/li>\n\n\n\n<li>Marta Garc\u00eda G\u00e1mez. Universidad de Granada<\/li>\n\n\n\n<li>\u00c1ngela Blanco Coronas. Universidad de Granada<\/li>\n\n\n\n<li>Jose Antonio Jim\u00e9nez Valera. Universidad Polit\u00e9cnica de Cartagena<\/li>\n\n\n\n<li>Christian Montoro Paredes. Universidad de Granada<\/li>\n\n\n\n<li>Rhaissa de Souza. Universidad de Granada<\/li>\n<\/ul>\n<\/div>\n\n\n\n<div class=\"wp-block-column is-layout-flow wp-block-column-is-layout-flow\">\n<h2 class=\"wp-block-heading\">Activities<\/h2>\n\n\n\n<figure class=\"wp-block-gallery has-nested-images columns-3 is-cropped wp-block-gallery-1 is-layout-flex wp-block-gallery-is-layout-flex\">\n<figure class=\"wp-block-image size-large\"><img loading=\"lazy\" decoding=\"async\" width=\"768\" height=\"1024\" data-id=\"124\" src=\"https:\/\/wpd.ugr.es\/~hidrogeo\/wp-content\/uploads\/2024\/11\/thumbnail_IMG_0127-768x1024.jpg\" alt=\"\" class=\"wp-image-124\" srcset=\"https:\/\/wpd.ugr.es\/~hidrogeo\/wp-content\/uploads\/2024\/11\/thumbnail_IMG_0127-768x1024.jpg 768w, https:\/\/wpd.ugr.es\/~hidrogeo\/wp-content\/uploads\/2024\/11\/thumbnail_IMG_0127-225x300.jpg 225w, https:\/\/wpd.ugr.es\/~hidrogeo\/wp-content\/uploads\/2024\/11\/thumbnail_IMG_0127-1152x1536.jpg 1152w, https:\/\/wpd.ugr.es\/~hidrogeo\/wp-content\/uploads\/2024\/11\/thumbnail_IMG_0127.jpg 1440w\" sizes=\"auto, (max-width: 768px) 100vw, 768px\" \/><\/figure>\n\n\n\n<figure class=\"wp-block-image size-large\"><img loading=\"lazy\" decoding=\"async\" width=\"768\" height=\"1024\" data-id=\"125\" src=\"https:\/\/wpd.ugr.es\/~hidrogeo\/wp-content\/uploads\/2024\/11\/thumbnail_IMG_2437-768x1024.jpg\" alt=\"\" class=\"wp-image-125\" srcset=\"https:\/\/wpd.ugr.es\/~hidrogeo\/wp-content\/uploads\/2024\/11\/thumbnail_IMG_2437-768x1024.jpg 768w, https:\/\/wpd.ugr.es\/~hidrogeo\/wp-content\/uploads\/2024\/11\/thumbnail_IMG_2437-225x300.jpg 225w, https:\/\/wpd.ugr.es\/~hidrogeo\/wp-content\/uploads\/2024\/11\/thumbnail_IMG_2437-1152x1536.jpg 1152w, https:\/\/wpd.ugr.es\/~hidrogeo\/wp-content\/uploads\/2024\/11\/thumbnail_IMG_2437.jpg 1440w\" sizes=\"auto, (max-width: 768px) 100vw, 768px\" \/><\/figure>\n\n\n\n<figure class=\"wp-block-image size-large\"><img loading=\"lazy\" decoding=\"async\" width=\"1024\" height=\"768\" data-id=\"553\" src=\"https:\/\/wpd.ugr.es\/~hidrogeo\/wp-content\/uploads\/2025\/03\/proyecto-atemar-1024x768.jpg\" alt=\"\" class=\"wp-image-553\" srcset=\"https:\/\/wpd.ugr.es\/~hidrogeo\/wp-content\/uploads\/2025\/03\/proyecto-atemar-1024x768.jpg 1024w, https:\/\/wpd.ugr.es\/~hidrogeo\/wp-content\/uploads\/2025\/03\/proyecto-atemar-300x225.jpg 300w, https:\/\/wpd.ugr.es\/~hidrogeo\/wp-content\/uploads\/2025\/03\/proyecto-atemar-768x576.jpg 768w, https:\/\/wpd.ugr.es\/~hidrogeo\/wp-content\/uploads\/2025\/03\/proyecto-atemar-1536x1152.jpg 1536w, https:\/\/wpd.ugr.es\/~hidrogeo\/wp-content\/uploads\/2025\/03\/proyecto-atemar-2048x1536.jpg 2048w\" sizes=\"auto, (max-width: 1024px) 100vw, 1024px\" \/><\/figure>\n\n\n\n<figure class=\"wp-block-image size-large\"><img loading=\"lazy\" decoding=\"async\" width=\"1024\" height=\"768\" data-id=\"554\" src=\"https:\/\/wpd.ugr.es\/~hidrogeo\/wp-content\/uploads\/2025\/03\/proyecto-atemar-1024x768.jpeg\" alt=\"\" class=\"wp-image-554\" srcset=\"https:\/\/wpd.ugr.es\/~hidrogeo\/wp-content\/uploads\/2025\/03\/proyecto-atemar-1024x768.jpeg 1024w, https:\/\/wpd.ugr.es\/~hidrogeo\/wp-content\/uploads\/2025\/03\/proyecto-atemar-300x225.jpeg 300w, https:\/\/wpd.ugr.es\/~hidrogeo\/wp-content\/uploads\/2025\/03\/proyecto-atemar-768x576.jpeg 768w, https:\/\/wpd.ugr.es\/~hidrogeo\/wp-content\/uploads\/2025\/03\/proyecto-atemar-1536x1152.jpeg 1536w, https:\/\/wpd.ugr.es\/~hidrogeo\/wp-content\/uploads\/2025\/03\/proyecto-atemar.jpeg 2048w\" sizes=\"auto, (max-width: 1024px) 100vw, 1024px\" \/><\/figure>\n<\/figure>\n<\/div>\n<\/div>\n\n\n\n<div style=\"height:50px\" aria-hidden=\"true\" class=\"wp-block-spacer\"><\/div>\n\n\n\n<div style=\"height:50px\" aria-hidden=\"true\" class=\"wp-block-spacer\"><\/div>\n","protected":false},"excerpt":{"rendered":"<p>This project aims to develop study and control methodologies for managed aquifer recharge in order to facilitate its implementation from [&hellip;]<\/p>\n","protected":false},"author":1,"featured_media":0,"parent":0,"menu_order":0,"comment_status":"closed","ping_status":"closed","template":"","meta":{"site-sidebar-layout":"default","site-content-layout":"","ast-site-content-layout":"default","site-content-style":"default","site-sidebar-style":"default","ast-global-header-display":"","ast-banner-title-visibility":"","ast-main-header-display":"","ast-hfb-above-header-display":"","ast-hfb-below-header-display":"","ast-hfb-mobile-header-display":"","site-post-title":"","ast-breadcrumbs-content":"","ast-featured-img":"","footer-sml-layout":"","theme-transparent-header-meta":"","adv-header-id-meta":"","stick-header-meta":"","header-above-stick-meta":"","header-main-stick-meta":"","header-below-stick-meta":"","astra-migrate-meta-layouts":"default","ast-page-background-enabled":"default","ast-page-background-meta":{"desktop":{"background-color":"var(--ast-global-color-5)","background-image":"","background-repeat":"repeat","background-position":"center center","background-size":"auto","background-attachment":"scroll","background-type":"","background-media":"","overlay-type":"","overlay-color":"","overlay-opacity":"","overlay-gradient":""},"tablet":{"background-color":"","background-image":"","background-repeat":"repeat","background-position":"center center","background-size":"auto","background-attachment":"scroll","background-type":"","background-media":"","overlay-type":"","overlay-color":"","overlay-opacity":"","overlay-gradient":""},"mobile":{"background-color":"","background-image":"","background-repeat":"repeat","background-position":"center center","background-size":"auto","background-attachment":"scroll","background-type":"","background-media":"","overlay-type":"","overlay-color":"","overlay-opacity":"","overlay-gradient":""}},"ast-content-background-meta":{"desktop":{"background-color":"var(--ast-global-color-4)","background-image":"","background-repeat":"repeat","background-position":"center center","background-size":"auto","background-attachment":"scroll","background-type":"","background-media":"","overlay-type":"","overlay-color":"","overlay-opacity":"","overlay-gradient":""},"tablet":{"background-color":"var(--ast-global-color-4)","background-image":"","background-repeat":"repeat","background-position":"center center","background-size":"auto","background-attachment":"scroll","background-type":"","background-media":"","overlay-type":"","overlay-color":"","overlay-opacity":"","overlay-gradient":""},"mobile":{"background-color":"var(--ast-global-color-4)","background-image":"","background-repeat":"repeat","background-position":"center center","background-size":"auto","background-attachment":"scroll","background-type":"","background-media":"","overlay-type":"","overlay-color":"","overlay-opacity":"","overlay-gradient":""}},"footnotes":""},"class_list":["post-379","page","type-page","status-publish","hentry"],"_links":{"self":[{"href":"https:\/\/wpd.ugr.es\/~hidrogeo\/wp-json\/wp\/v2\/pages\/379","targetHints":{"allow":["GET"]}}],"collection":[{"href":"https:\/\/wpd.ugr.es\/~hidrogeo\/wp-json\/wp\/v2\/pages"}],"about":[{"href":"https:\/\/wpd.ugr.es\/~hidrogeo\/wp-json\/wp\/v2\/types\/page"}],"author":[{"embeddable":true,"href":"https:\/\/wpd.ugr.es\/~hidrogeo\/wp-json\/wp\/v2\/users\/1"}],"replies":[{"embeddable":true,"href":"https:\/\/wpd.ugr.es\/~hidrogeo\/wp-json\/wp\/v2\/comments?post=379"}],"version-history":[{"count":3,"href":"https:\/\/wpd.ugr.es\/~hidrogeo\/wp-json\/wp\/v2\/pages\/379\/revisions"}],"predecessor-version":[{"id":559,"href":"https:\/\/wpd.ugr.es\/~hidrogeo\/wp-json\/wp\/v2\/pages\/379\/revisions\/559"}],"wp:attachment":[{"href":"https:\/\/wpd.ugr.es\/~hidrogeo\/wp-json\/wp\/v2\/media?parent=379"}],"curies":[{"name":"wp","href":"https:\/\/api.w.org\/{rel}","templated":true}]}}