{"id":49,"date":"2024-11-04T18:08:09","date_gmt":"2024-11-04T17:08:09","guid":{"rendered":"https:\/\/wpd.ugr.es\/~hidrogeo\/?page_id=49"},"modified":"2025-04-03T08:56:43","modified_gmt":"2025-04-03T06:56:43","slug":"formacion","status":"publish","type":"page","link":"https:\/\/wpd.ugr.es\/~hidrogeo\/formacion\/","title":{"rendered":"Formaci\u00f3n"},"content":{"rendered":"\n<div class=\"wp-block-cover alignfull\" style=\"min-height:300px;aspect-ratio:unset;\"><span aria-hidden=\"true\" class=\"wp-block-cover__background has-ast-global-color-4-background-color has-background-dim-60 has-background-dim\"><\/span><img loading=\"lazy\" decoding=\"async\" width=\"1920\" height=\"641\" class=\"wp-block-cover__image-background wp-image-573\" alt=\"\" src=\"https:\/\/wpd.ugr.es\/~hidrogeo\/wp-content\/uploads\/2025\/04\/foto-de-fondo-formacion.jpg\" data-object-fit=\"cover\" srcset=\"https:\/\/wpd.ugr.es\/~hidrogeo\/wp-content\/uploads\/2025\/04\/foto-de-fondo-formacion.jpg 1920w, https:\/\/wpd.ugr.es\/~hidrogeo\/wp-content\/uploads\/2025\/04\/foto-de-fondo-formacion-300x100.jpg 300w, https:\/\/wpd.ugr.es\/~hidrogeo\/wp-content\/uploads\/2025\/04\/foto-de-fondo-formacion-1024x342.jpg 1024w, https:\/\/wpd.ugr.es\/~hidrogeo\/wp-content\/uploads\/2025\/04\/foto-de-fondo-formacion-768x256.jpg 768w, https:\/\/wpd.ugr.es\/~hidrogeo\/wp-content\/uploads\/2025\/04\/foto-de-fondo-formacion-1536x513.jpg 1536w\" sizes=\"auto, (max-width: 1920px) 100vw, 1920px\" \/><div class=\"wp-block-cover__inner-container is-layout-constrained wp-block-cover-is-layout-constrained\">\n<h1 class=\"wp-block-heading has-text-align-center has-ast-global-color-3-color has-text-color has-link-color wp-elements-cb8dffdc8549715b4702d2b84d4f0d2f\">Formaci\u00f3n<\/h1>\n\n\n\n<div class=\"wp-block-buttons is-content-justification-center is-layout-flex wp-container-core-buttons-is-layout-a89b3969 wp-block-buttons-is-layout-flex\">\n<div class=\"wp-block-button\"><a class=\"wp-block-button__link wp-element-button\" href=\"#visitantes\">Investigadores visitantes<\/a><\/div>\n\n\n\n<div class=\"wp-block-button\"><a class=\"wp-block-button__link wp-element-button\" href=\"#estudiantes\">Estudiantes<\/a><\/div>\n\n\n\n<div class=\"wp-block-button\"><a class=\"wp-block-button__link wp-element-button\" href=\"#colaboracion\">Colaboraci\u00f3n<\/a><\/div>\n<\/div>\n<\/div><\/div>\n\n\n\n<div style=\"height:50px\" aria-hidden=\"true\" class=\"wp-block-spacer\"><\/div>\n\n\n\n<h2 class=\"wp-block-heading has-ast-global-color-3-color has-text-color has-link-color wp-elements-bec4f038fdaf9855b2753475fd478b78\" id=\"visitantes\"><strong>Para investigadores visitantes<\/strong><\/h2>\n\n\n\n<div class=\"wp-block-media-text is-stacked-on-mobile\" style=\"grid-template-columns:33% auto\"><figure class=\"wp-block-media-text__media\"><img loading=\"lazy\" decoding=\"async\" width=\"708\" height=\"1024\" src=\"https:\/\/wpd.ugr.es\/~hidrogeo\/wp-content\/uploads\/2024\/11\/4.12.Heat_-708x1024.jpg\" alt=\"\" class=\"wp-image-204 size-large\" srcset=\"https:\/\/wpd.ugr.es\/~hidrogeo\/wp-content\/uploads\/2024\/11\/4.12.Heat_-708x1024.jpg 708w, https:\/\/wpd.ugr.es\/~hidrogeo\/wp-content\/uploads\/2024\/11\/4.12.Heat_-207x300.jpg 207w, https:\/\/wpd.ugr.es\/~hidrogeo\/wp-content\/uploads\/2024\/11\/4.12.Heat_-768x1111.jpg 768w, https:\/\/wpd.ugr.es\/~hidrogeo\/wp-content\/uploads\/2024\/11\/4.12.Heat_-1062x1536.jpg 1062w, https:\/\/wpd.ugr.es\/~hidrogeo\/wp-content\/uploads\/2024\/11\/4.12.Heat_-1416x2048.jpg 1416w, https:\/\/wpd.ugr.es\/~hidrogeo\/wp-content\/uploads\/2024\/11\/4.12.Heat_.jpg 1748w\" sizes=\"auto, (max-width: 708px) 100vw, 708px\" \/><\/figure><div class=\"wp-block-media-text__content\">\n<p class=\"has-medium-font-size\">Dentro de los proyectos que estamos desarrollando siempre hay espacio para establecer colaboraciones con j\u00f3venes investigadores que est\u00e9n buscando un lugar para continuar su carrera acad\u00e9mica.<\/p>\n\n\n\n<p class=\"has-medium-font-size\">Existen diferentes programas en los que se puede concursar como postdoc y que estar\u00edamos dispuestos a ayudarte para escribir una aplicaci\u00f3n que pueda ser seleccionada (Marie Curie, Juan de la Cierva, estancias pre y postdoctorales)<\/p>\n\n\n\n<figure class=\"wp-block-gallery has-nested-images columns-default is-cropped wp-block-gallery-1 is-layout-flex wp-block-gallery-is-layout-flex\">\n<figure class=\"wp-block-image size-large\"><img loading=\"lazy\" decoding=\"async\" width=\"1024\" height=\"859\" data-id=\"203\" src=\"https:\/\/wpd.ugr.es\/~hidrogeo\/wp-content\/uploads\/2024\/11\/2.17.Caracteristicas-1024x859.jpg\" alt=\"\" class=\"wp-image-203\" srcset=\"https:\/\/wpd.ugr.es\/~hidrogeo\/wp-content\/uploads\/2024\/11\/2.17.Caracteristicas-1024x859.jpg 1024w, https:\/\/wpd.ugr.es\/~hidrogeo\/wp-content\/uploads\/2024\/11\/2.17.Caracteristicas-300x252.jpg 300w, https:\/\/wpd.ugr.es\/~hidrogeo\/wp-content\/uploads\/2024\/11\/2.17.Caracteristicas-768x644.jpg 768w, https:\/\/wpd.ugr.es\/~hidrogeo\/wp-content\/uploads\/2024\/11\/2.17.Caracteristicas-1536x1289.jpg 1536w, https:\/\/wpd.ugr.es\/~hidrogeo\/wp-content\/uploads\/2024\/11\/2.17.Caracteristicas.jpg 1975w\" sizes=\"auto, (max-width: 1024px) 100vw, 1024px\" \/><\/figure>\n\n\n\n<figure class=\"wp-block-image size-large\"><img loading=\"lazy\" decoding=\"async\" width=\"1024\" height=\"768\" data-id=\"168\" src=\"https:\/\/wpd.ugr.es\/~hidrogeo\/wp-content\/uploads\/2024\/11\/thumbnail_IMG_0115-1024x768.jpg\" alt=\"\" class=\"wp-image-168\" srcset=\"https:\/\/wpd.ugr.es\/~hidrogeo\/wp-content\/uploads\/2024\/11\/thumbnail_IMG_0115-1024x768.jpg 1024w, https:\/\/wpd.ugr.es\/~hidrogeo\/wp-content\/uploads\/2024\/11\/thumbnail_IMG_0115-300x225.jpg 300w, https:\/\/wpd.ugr.es\/~hidrogeo\/wp-content\/uploads\/2024\/11\/thumbnail_IMG_0115-768x576.jpg 768w, https:\/\/wpd.ugr.es\/~hidrogeo\/wp-content\/uploads\/2024\/11\/thumbnail_IMG_0115-1536x1152.jpg 1536w, https:\/\/wpd.ugr.es\/~hidrogeo\/wp-content\/uploads\/2024\/11\/thumbnail_IMG_0115.jpg 1920w\" sizes=\"auto, (max-width: 1024px) 100vw, 1024px\" \/><\/figure>\n<\/figure>\n<\/div><\/div>\n\n\n\n<div style=\"height:50px\" aria-hidden=\"true\" class=\"wp-block-spacer\"><\/div>\n\n\n\n<h2 class=\"wp-block-heading has-ast-global-color-3-color has-text-color has-link-color wp-elements-96178698b0401a4ee5ab44a5e117b0e8\" id=\"estudiantes\"><strong>Para estudiantes<\/strong><\/h2>\n\n\n\n<p class=\"has-medium-font-size\">Si has terminado tu M\u00e1ster, te interesa la investigaci\u00f3n acerca de agua subterr\u00e1nea y sus problemas asociados y tienes un buen expediente acad\u00e9mico (&gt;8) podr\u00edas recibir un contrato de formaci\u00f3n universitaria (FPU) para desarrollar tu tesis doctoral en una tem\u00e1tica que te resulte atractiva junto con alguno de los proyectos que estamos desarrollando. Ponte en contacto con nosotros para saber m\u00e1s.<\/p>\n\n\n\n<figure class=\"wp-block-gallery has-nested-images columns-default is-cropped wp-block-gallery-2 is-layout-flex wp-block-gallery-is-layout-flex\">\n<figure class=\"wp-block-image size-large\"><img loading=\"lazy\" decoding=\"async\" width=\"768\" height=\"1024\" data-id=\"170\" src=\"https:\/\/wpd.ugr.es\/~hidrogeo\/wp-content\/uploads\/2024\/11\/IMG_20240715_161025-768x1024.jpg\" alt=\"\" class=\"wp-image-170\" srcset=\"https:\/\/wpd.ugr.es\/~hidrogeo\/wp-content\/uploads\/2024\/11\/IMG_20240715_161025-768x1024.jpg 768w, https:\/\/wpd.ugr.es\/~hidrogeo\/wp-content\/uploads\/2024\/11\/IMG_20240715_161025-225x300.jpg 225w, https:\/\/wpd.ugr.es\/~hidrogeo\/wp-content\/uploads\/2024\/11\/IMG_20240715_161025-1152x1536.jpg 1152w, https:\/\/wpd.ugr.es\/~hidrogeo\/wp-content\/uploads\/2024\/11\/IMG_20240715_161025-1536x2048.jpg 1536w, https:\/\/wpd.ugr.es\/~hidrogeo\/wp-content\/uploads\/2024\/11\/IMG_20240715_161025-scaled.jpg 1920w\" sizes=\"auto, (max-width: 768px) 100vw, 768px\" \/><\/figure>\n\n\n\n<figure class=\"wp-block-image size-large\"><img loading=\"lazy\" decoding=\"async\" width=\"1024\" height=\"768\" data-id=\"171\" src=\"https:\/\/wpd.ugr.es\/~hidrogeo\/wp-content\/uploads\/2024\/11\/IMG_20240529_103145-1024x768.jpg\" alt=\"\" class=\"wp-image-171\" srcset=\"https:\/\/wpd.ugr.es\/~hidrogeo\/wp-content\/uploads\/2024\/11\/IMG_20240529_103145-1024x768.jpg 1024w, https:\/\/wpd.ugr.es\/~hidrogeo\/wp-content\/uploads\/2024\/11\/IMG_20240529_103145-300x225.jpg 300w, https:\/\/wpd.ugr.es\/~hidrogeo\/wp-content\/uploads\/2024\/11\/IMG_20240529_103145-768x576.jpg 768w, https:\/\/wpd.ugr.es\/~hidrogeo\/wp-content\/uploads\/2024\/11\/IMG_20240529_103145-1536x1152.jpg 1536w, https:\/\/wpd.ugr.es\/~hidrogeo\/wp-content\/uploads\/2024\/11\/IMG_20240529_103145-2048x1536.jpg 2048w\" sizes=\"auto, (max-width: 1024px) 100vw, 1024px\" \/><\/figure>\n\n\n\n<figure class=\"wp-block-image size-large\"><img loading=\"lazy\" decoding=\"async\" width=\"768\" height=\"1024\" data-id=\"172\" src=\"https:\/\/wpd.ugr.es\/~hidrogeo\/wp-content\/uploads\/2024\/11\/IMG_20240528_130638-768x1024.jpg\" alt=\"\" class=\"wp-image-172\" srcset=\"https:\/\/wpd.ugr.es\/~hidrogeo\/wp-content\/uploads\/2024\/11\/IMG_20240528_130638-768x1024.jpg 768w, https:\/\/wpd.ugr.es\/~hidrogeo\/wp-content\/uploads\/2024\/11\/IMG_20240528_130638-225x300.jpg 225w, https:\/\/wpd.ugr.es\/~hidrogeo\/wp-content\/uploads\/2024\/11\/IMG_20240528_130638-1152x1536.jpg 1152w, https:\/\/wpd.ugr.es\/~hidrogeo\/wp-content\/uploads\/2024\/11\/IMG_20240528_130638-1536x2048.jpg 1536w, https:\/\/wpd.ugr.es\/~hidrogeo\/wp-content\/uploads\/2024\/11\/IMG_20240528_130638-scaled.jpg 1920w\" sizes=\"auto, (max-width: 768px) 100vw, 768px\" \/><\/figure>\n<\/figure>\n\n\n\n<div style=\"height:50px\" aria-hidden=\"true\" class=\"wp-block-spacer\"><\/div>\n\n\n\n<h2 class=\"wp-block-heading has-ast-global-color-3-color has-text-color has-link-color wp-elements-6986791c2388ea4f41b2375ee54320c9\" id=\"colaboracion\"><strong>Para colaboraci\u00f3n<\/strong><\/h2>\n\n\n\n<p class=\"has-medium-font-size\">Los proyectos en los que estamos trabajando tienen colaboradores extranjeros pero siempre es positivo conocer a colegas nuevos que puedan aportar nuevos puntos de vista y establecer sinergias entre diferentes \u00e1reas de estudio y metodolog\u00edas. Tambi\u00e9n estamos abiertos a recibir estancias de investigadores predoctorales de otras universidades. Contacta con nosotros si te parece una opci\u00f3n atractiva o tienes alguna idea interesante para desarrollar con nosotros.<\/p>\n\n\n\n<figure class=\"wp-block-gallery has-nested-images columns-default is-cropped wp-block-gallery-3 is-layout-flex wp-block-gallery-is-layout-flex\">\n<figure class=\"wp-block-image size-large\"><img loading=\"lazy\" decoding=\"async\" width=\"1024\" height=\"768\" data-id=\"118\" src=\"https:\/\/wpd.ugr.es\/~hidrogeo\/wp-content\/uploads\/2024\/11\/DSC00502-1024x768.jpg\" alt=\"\" class=\"wp-image-118\" srcset=\"https:\/\/wpd.ugr.es\/~hidrogeo\/wp-content\/uploads\/2024\/11\/DSC00502-1024x768.jpg 1024w, https:\/\/wpd.ugr.es\/~hidrogeo\/wp-content\/uploads\/2024\/11\/DSC00502-300x225.jpg 300w, https:\/\/wpd.ugr.es\/~hidrogeo\/wp-content\/uploads\/2024\/11\/DSC00502-768x576.jpg 768w, https:\/\/wpd.ugr.es\/~hidrogeo\/wp-content\/uploads\/2024\/11\/DSC00502-1536x1152.jpg 1536w, https:\/\/wpd.ugr.es\/~hidrogeo\/wp-content\/uploads\/2024\/11\/DSC00502.jpg 2016w\" sizes=\"auto, (max-width: 1024px) 100vw, 1024px\" \/><\/figure>\n\n\n\n<figure class=\"wp-block-image size-large\"><img loading=\"lazy\" decoding=\"async\" width=\"768\" height=\"1024\" data-id=\"173\" src=\"https:\/\/wpd.ugr.es\/~hidrogeo\/wp-content\/uploads\/2024\/11\/IMG_20240418_120910-768x1024.jpg\" alt=\"\" class=\"wp-image-173\" srcset=\"https:\/\/wpd.ugr.es\/~hidrogeo\/wp-content\/uploads\/2024\/11\/IMG_20240418_120910-768x1024.jpg 768w, https:\/\/wpd.ugr.es\/~hidrogeo\/wp-content\/uploads\/2024\/11\/IMG_20240418_120910-225x300.jpg 225w, https:\/\/wpd.ugr.es\/~hidrogeo\/wp-content\/uploads\/2024\/11\/IMG_20240418_120910-1152x1536.jpg 1152w, https:\/\/wpd.ugr.es\/~hidrogeo\/wp-content\/uploads\/2024\/11\/IMG_20240418_120910-1536x2048.jpg 1536w, https:\/\/wpd.ugr.es\/~hidrogeo\/wp-content\/uploads\/2024\/11\/IMG_20240418_120910-scaled.jpg 1920w\" sizes=\"auto, (max-width: 768px) 100vw, 768px\" \/><\/figure>\n\n\n\n<figure class=\"wp-block-image size-large\"><img loading=\"lazy\" decoding=\"async\" width=\"768\" height=\"1024\" data-id=\"200\" src=\"https:\/\/wpd.ugr.es\/~hidrogeo\/wp-content\/uploads\/2024\/11\/IMG_20240715_093804_1-768x1024.jpg\" alt=\"\" class=\"wp-image-200\" srcset=\"https:\/\/wpd.ugr.es\/~hidrogeo\/wp-content\/uploads\/2024\/11\/IMG_20240715_093804_1-768x1024.jpg 768w, https:\/\/wpd.ugr.es\/~hidrogeo\/wp-content\/uploads\/2024\/11\/IMG_20240715_093804_1-225x300.jpg 225w, https:\/\/wpd.ugr.es\/~hidrogeo\/wp-content\/uploads\/2024\/11\/IMG_20240715_093804_1-1152x1536.jpg 1152w, https:\/\/wpd.ugr.es\/~hidrogeo\/wp-content\/uploads\/2024\/11\/IMG_20240715_093804_1-1536x2048.jpg 1536w, https:\/\/wpd.ugr.es\/~hidrogeo\/wp-content\/uploads\/2024\/11\/IMG_20240715_093804_1-scaled.jpg 1920w\" sizes=\"auto, (max-width: 768px) 100vw, 768px\" \/><\/figure>\n<\/figure>\n\n\n\n<div style=\"height:50px\" aria-hidden=\"true\" class=\"wp-block-spacer\"><\/div>\n","protected":false},"excerpt":{"rendered":"<p>Para investigadores visitantes Para estudiantes Si has terminado tu M\u00e1ster, te interesa la investigaci\u00f3n acerca de agua subterr\u00e1nea y sus [&hellip;]<\/p>\n","protected":false},"author":1,"featured_media":0,"parent":0,"menu_order":0,"comment_status":"closed","ping_status":"closed","template":"","meta":{"site-sidebar-layout":"default","site-content-layout":"","ast-site-content-layout":"default","site-content-style":"default","site-sidebar-style":"default","ast-global-header-display":"","ast-banner-title-visibility":"","ast-main-header-display":"","ast-hfb-above-header-display":"","ast-hfb-below-header-display":"","ast-hfb-mobile-header-display":"","site-post-title":"","ast-breadcrumbs-content":"","ast-featured-img":"","footer-sml-layout":"","theme-transparent-header-meta":"","adv-header-id-meta":"","stick-header-meta":"","header-above-stick-meta":"","header-main-stick-meta":"","header-below-stick-meta":"","astra-migrate-meta-layouts":"default","ast-page-background-enabled":"default","ast-page-background-meta":{"desktop":{"background-color":"var(--ast-global-color-5)","background-image":"","background-repeat":"repeat","background-position":"center center","background-size":"auto","background-attachment":"scroll","background-type":"","background-media":"","overlay-type":"","overlay-color":"","overlay-opacity":"","overlay-gradient":""},"tablet":{"background-color":"","background-image":"","background-repeat":"repeat","background-position":"center center","background-size":"auto","background-attachment":"scroll","background-type":"","background-media":"","overlay-type":"","overlay-color":"","overlay-opacity":"","overlay-gradient":""},"mobile":{"background-color":"","background-image":"","background-repeat":"repeat","background-position":"center center","background-size":"auto","background-attachment":"scroll","background-type":"","background-media":"","overlay-type":"","overlay-color":"","overlay-opacity":"","overlay-gradient":""}},"ast-content-background-meta":{"desktop":{"background-color":"var(--ast-global-color-4)","background-image":"","background-repeat":"repeat","background-position":"center center","background-size":"auto","background-attachment":"scroll","background-type":"","background-media":"","overlay-type":"","overlay-color":"","overlay-opacity":"","overlay-gradient":""},"tablet":{"background-color":"var(--ast-global-color-4)","background-image":"","background-repeat":"repeat","background-position":"center center","background-size":"auto","background-attachment":"scroll","background-type":"","background-media":"","overlay-type":"","overlay-color":"","overlay-opacity":"","overlay-gradient":""},"mobile":{"background-color":"var(--ast-global-color-4)","background-image":"","background-repeat":"repeat","background-position":"center center","background-size":"auto","background-attachment":"scroll","background-type":"","background-media":"","overlay-type":"","overlay-color":"","overlay-opacity":"","overlay-gradient":""}},"footnotes":""},"class_list":["post-49","page","type-page","status-publish","hentry"],"_links":{"self":[{"href":"https:\/\/wpd.ugr.es\/~hidrogeo\/wp-json\/wp\/v2\/pages\/49","targetHints":{"allow":["GET"]}}],"collection":[{"href":"https:\/\/wpd.ugr.es\/~hidrogeo\/wp-json\/wp\/v2\/pages"}],"about":[{"href":"https:\/\/wpd.ugr.es\/~hidrogeo\/wp-json\/wp\/v2\/types\/page"}],"author":[{"embeddable":true,"href":"https:\/\/wpd.ugr.es\/~hidrogeo\/wp-json\/wp\/v2\/users\/1"}],"replies":[{"embeddable":true,"href":"https:\/\/wpd.ugr.es\/~hidrogeo\/wp-json\/wp\/v2\/comments?post=49"}],"version-history":[{"count":22,"href":"https:\/\/wpd.ugr.es\/~hidrogeo\/wp-json\/wp\/v2\/pages\/49\/revisions"}],"predecessor-version":[{"id":574,"href":"https:\/\/wpd.ugr.es\/~hidrogeo\/wp-json\/wp\/v2\/pages\/49\/revisions\/574"}],"wp:attachment":[{"href":"https:\/\/wpd.ugr.es\/~hidrogeo\/wp-json\/wp\/v2\/media?parent=49"}],"curies":[{"name":"wp","href":"https:\/\/api.w.org\/{rel}","templated":true}]}}