{"id":10,"date":"2015-04-20T07:55:32","date_gmt":"2015-04-20T07:55:32","guid":{"rendered":"http:\/\/wpd.ugr.es\/~icufop\/?page_id=10"},"modified":"2023-03-14T22:04:15","modified_gmt":"2023-03-14T22:04:15","slug":"miembros-icufop","status":"publish","type":"page","link":"https:\/\/wpd.ugr.es\/~icufop\/miembros-icufop\/","title":{"rendered":"Miembros del grupo de investigaci\u00f3n"},"content":{"rendered":"<div id=\"pl-10\"  class=\"panel-layout\" ><div id=\"pg-10-0\"  class=\"panel-grid panel-no-style\" ><div id=\"pgc-10-0-0\"  class=\"panel-grid-cell\" ><div id=\"panel-10-0-0-0\" class=\"so-panel widget widget_black-studio-tinymce widget_black_studio_tinymce panel-first-child\" data-index=\"0\" ><div class=\"textwidget\"><p><a href=\"http:\/\/wpd.ugr.es\/~icufop\/miembros-icufop\/almudena-ocana-fernandez\/\"><img loading=\"lazy\" decoding=\"async\" class=\" size-thumbnail wp-image-93 aligncenter\" src=\"http:\/\/wpd.ugr.es\/~icufop\/wp-content\/uploads\/almudena_oca\u00f1a-150x150.jpg\" alt=\"almudena_oca\u00f1a\" width=\"150\" height=\"150\" \/><\/a><\/p>\n<h6 style=\"text-align: center;\"><a href=\"http:\/\/wpd.ugr.es\/~icufop\/miembros-icufop\/almudena-ocana-fernandez\/\">Almudena Oca\u00f1a Fern\u00e1ndez<\/a><\/h6>\n<\/div><\/div><div id=\"panel-10-0-0-1\" class=\"so-panel widget widget_black-studio-tinymce widget_black_studio_tinymce panel-last-child\" data-index=\"1\" ><div class=\"textwidget\"><p style=\"text-align: center;\"><a href=\"http:\/\/wpd.ugr.es\/~icufop\/miembros-icufop\/juan-bautista-martinez\/\"><img loading=\"lazy\" decoding=\"async\" class=\"wp-image-802 aligncenter\" src=\"https:\/\/wpd.ugr.es\/~icufop\/wp-content\/uploads\/juan-Bautista-238x300.png\" alt=\"\" width=\"148\" height=\"187\" srcset=\"https:\/\/wpd.ugr.es\/~icufop\/wp-content\/uploads\/juan-Bautista-238x300.png 238w, https:\/\/wpd.ugr.es\/~icufop\/wp-content\/uploads\/juan-Bautista.png 278w\" sizes=\"(max-width: 148px) 100vw, 148px\" \/><\/a><\/p>\n<h6 style=\"text-align: center;\"><a href=\"http:\/\/wpd.ugr.es\/~icufop\/miembros-icufop\/juan-bautista-martinez\/\">Juan Bautista Mart\u00ednez Rodr\u00edguez<\/a><\/h6>\n<p>&nbsp;<\/p>\n<\/div><\/div><\/div><div id=\"pgc-10-0-1\"  class=\"panel-grid-cell\" ><div id=\"panel-10-0-1-0\" class=\"so-panel widget widget_black-studio-tinymce widget_black_studio_tinymce panel-first-child\" data-index=\"2\" ><div class=\"textwidget\"><p><a href=\"http:\/\/wpd.ugr.es\/~icufop\/miembros-icufop\/maria-luisa-reyes-lopez\/\"><img loading=\"lazy\" decoding=\"async\" class=\"aligncenter  wp-image-181\" src=\"http:\/\/wpd.ugr.es\/~icufop\/wp-content\/uploads\/MLuisa-150x150.jpg\" alt=\"MLuisa\" width=\"139\" height=\"139\" \/><\/a><\/p>\n<h6 style=\"text-align: center;\"><a href=\"http:\/\/wpd.ugr.es\/~icufop\/miembros-icufop\/maria-luisa-reyes-lopez\/\">M\u00aa Luisa Reyes L\u00f3pez<\/a><\/h6>\n<\/div><\/div><div id=\"panel-10-0-1-1\" class=\"so-panel widget widget_black-studio-tinymce widget_black_studio_tinymce panel-last-child\" data-index=\"3\" ><div class=\"textwidget\"><p>&nbsp;<\/p>\n<h6 style=\"text-align: center;\"><a href=\"http:\/\/wpd.ugr.es\/~icufop\/miembros-icufop\/beatriz-muros-ruiz\/\"><img loading=\"lazy\" decoding=\"async\" class=\"aligncenter size-thumbnail wp-image-211\" src=\"http:\/\/wpd.ugr.es\/~icufop\/wp-content\/uploads\/beatriz_muros-150x150.jpg\" alt=\"beatriz_muros\" width=\"150\" height=\"150\" \/>Beatriz Muros Ruiz<\/a><\/h6>\n<\/div><\/div><\/div><div id=\"pgc-10-0-2\"  class=\"panel-grid-cell\" ><div id=\"panel-10-0-2-0\" class=\"so-panel widget widget_black-studio-tinymce widget_black_studio_tinymce panel-first-child\" data-index=\"4\" ><div class=\"textwidget\"><p><a href=\"http:\/\/wpd.ugr.es\/~icufop\/miembros-icufop\/ramon-montes-rodriguez\/\"><img loading=\"lazy\" decoding=\"async\" class=\"aligncenter size-thumbnail wp-image-111\" src=\"http:\/\/wpd.ugr.es\/~icufop\/wp-content\/uploads\/Foto-Orla-square-150x150.jpg\" alt=\"ramon_montes\" width=\"150\" height=\"150\" \/><\/a><\/p>\n<h6 style=\"text-align: center;\"><a href=\"http:\/\/wpd.ugr.es\/~icufop\/miembros-icufop\/ramon-montes-rodriguez\/\">Ram\u00f3n Montes Rodr\u00edguez<\/a><\/h6>\n<\/div><\/div><div id=\"panel-10-0-2-1\" class=\"so-panel widget widget_black-studio-tinymce widget_black_studio_tinymce panel-last-child\" data-index=\"5\" ><div class=\"textwidget\"><p style=\"text-align: center;\">\n<p>&nbsp;<\/p>\n<p style=\"text-align: center;\"><span style=\"color: #00ff00;\"><img loading=\"lazy\" decoding=\"async\" class=\"wp-image-786 alignnone\" src=\"https:\/\/wpd.ugr.es\/~icufop\/wp-content\/uploads\/Parejo-300x284.png\" alt=\"\" width=\"145\" height=\"138\" srcset=\"https:\/\/wpd.ugr.es\/~icufop\/wp-content\/uploads\/Parejo-300x284.png 300w, https:\/\/wpd.ugr.es\/~icufop\/wp-content\/uploads\/Parejo.png 566w\" sizes=\"(max-width: 145px) 100vw, 145px\" \/><\/span><\/p>\n<h5 style=\"text-align: center;\"><span style=\"color: #00ff00;\"><strong>Jos\u00e9 Luis Parejo Llanos<\/strong><\/span><\/h5>\n<\/div><\/div><\/div><div id=\"pgc-10-0-3\"  class=\"panel-grid-cell\" ><div id=\"panel-10-0-3-0\" class=\"so-panel widget widget_black-studio-tinymce widget_black_studio_tinymce panel-first-child\" data-index=\"6\" ><div class=\"textwidget\"><p style=\"text-align: center;\"><a href=\"http:\/\/wpd.ugr.es\/~icufop\/wp-content\/uploads\/unknown.jpg\"><img loading=\"lazy\" decoding=\"async\" class=\"wp-image-797 aligncenter\" style=\"caret-color: #333333; color: #333333;\" src=\"https:\/\/wpd.ugr.es\/~icufop\/wp-content\/uploads\/Bel\u00e9n-238x300.png\" alt=\"\" width=\"123\" height=\"155\" srcset=\"https:\/\/wpd.ugr.es\/~icufop\/wp-content\/uploads\/Bel\u00e9n-238x300.png 238w, https:\/\/wpd.ugr.es\/~icufop\/wp-content\/uploads\/Bel\u00e9n.png 278w\" sizes=\"(max-width: 123px) 100vw, 123px\" \/><\/a><\/p>\n<h6 style=\"text-align: center;\"><span lang=\"EN-US\" style=\"color: #00ff00;\">Bel\u00e9n Mass\u00f3 Guijarro<\/span><\/h6>\n<\/div><\/div><div id=\"panel-10-0-3-1\" class=\"so-panel widget widget_black-studio-tinymce widget_black_studio_tinymce panel-last-child\" data-index=\"7\" ><div class=\"textwidget\"><p>&nbsp;<\/p>\n<p><a href=\"http:\/\/wpd.ugr.es\/~icufop\/miembros-icufop\/teresa-garcia-gomez\/\"><img loading=\"lazy\" decoding=\"async\" class=\"aligncenter size-thumbnail wp-image-107\" src=\"http:\/\/wpd.ugr.es\/~icufop\/wp-content\/uploads\/teresa_garc\u00eda-150x150.jpg\" alt=\"teresa_garc\u00eda\" width=\"150\" height=\"150\" \/><\/a><\/p>\n<h6 style=\"text-align: center;\"><a href=\"http:\/\/wpd.ugr.es\/~icufop\/miembros-icufop\/teresa-garcia-gomez\/\">Teresa Garc\u00eda G\u00f3mez<\/a><\/h6>\n<\/div><\/div><\/div><\/div><div id=\"pg-10-1\"  class=\"panel-grid panel-no-style\" ><div id=\"pgc-10-1-0\"  class=\"panel-grid-cell\" ><div id=\"panel-10-1-0-0\" class=\"so-panel widget widget_black-studio-tinymce widget_black_studio_tinymce panel-first-child\" data-index=\"8\" ><div class=\"textwidget\"><p><a href=\"http:\/\/wpd.ugr.es\/~icufop\/wp-content\/uploads\/maricarmen_robles.jpg\"><img loading=\"lazy\" decoding=\"async\" class=\"aligncenter size-thumbnail wp-image-104\" src=\"http:\/\/wpd.ugr.es\/~icufop\/wp-content\/uploads\/maricarmen_robles-150x150.jpg\" alt=\"maricarmen_robles\" width=\"150\" height=\"150\" \/><\/a><\/p>\n<h6 style=\"text-align: center;\"><span style=\"color: #00ff00;\">M\u00aa Carmen Robles V\u00edlchez<\/span><\/h6>\n<\/div><\/div><div id=\"panel-10-1-0-1\" class=\"so-panel widget widget_black-studio-tinymce widget_black_studio_tinymce panel-last-child\" data-index=\"9\" ><div class=\"textwidget\"><h6 style=\"text-align: center;\"><a href=\"http:\/\/wpd.ugr.es\/~icufop\/wp-content\/uploads\/unknown.jpg\"><img loading=\"lazy\" decoding=\"async\" class=\"size-full wp-image-779 aligncenter\" src=\"https:\/\/wpd.ugr.es\/~icufop\/wp-content\/uploads\/Ernesto-e1552006304351.jpg\" alt=\"\" width=\"150\" height=\"150\" \/><br \/>\n<\/a><span style=\"color: #00ff00;\">Ernesto P\u00e1ramo Sureda<\/span><\/h6>\n<\/div><\/div><\/div><div id=\"pgc-10-1-1\"  class=\"panel-grid-cell\" ><div id=\"panel-10-1-1-0\" class=\"so-panel widget widget_black-studio-tinymce widget_black_studio_tinymce panel-first-child\" data-index=\"10\" ><div class=\"textwidget\"><p><a href=\"http:\/\/wpd.ugr.es\/~icufop\/miembros-icufop\/antonio-bustos-jimenez\/\"><img loading=\"lazy\" decoding=\"async\" class=\"aligncenter wp-image-97\" src=\"http:\/\/wpd.ugr.es\/~icufop\/wp-content\/uploads\/antonio_bustos-125x150.jpg\" alt=\"antonio_bustos\" width=\"106\" height=\"128\" \/><\/a><\/p>\n<h6 style=\"text-align: center;\"><a href=\"http:\/\/wpd.ugr.es\/~icufop\/miembros-icufop\/antonio-bustos-jimenez\/\">Antonio Bustos Jim\u00e9nez<\/a><\/h6>\n<\/div><\/div><div id=\"panel-10-1-1-1\" class=\"so-panel widget widget_black-studio-tinymce widget_black_studio_tinymce panel-last-child\" data-index=\"11\" ><div class=\"textwidget\"><p>&nbsp;<\/p>\n<p><a href=\"http:\/\/wpd.ugr.es\/~icufop\/miembros-icufop\/david-perez-heredia\/\"><img loading=\"lazy\" decoding=\"async\" class=\"aligncenter size-thumbnail wp-image-120\" src=\"http:\/\/wpd.ugr.es\/~icufop\/wp-content\/uploads\/Screen-Shot-2015-04-29-at-14.48.38-150x150.png\" alt=\"David P\u00e9rez\" width=\"150\" height=\"150\" srcset=\"https:\/\/wpd.ugr.es\/~icufop\/wp-content\/uploads\/Screen-Shot-2015-04-29-at-14.48.38-150x150.png 150w, https:\/\/wpd.ugr.es\/~icufop\/wp-content\/uploads\/Screen-Shot-2015-04-29-at-14.48.38-298x300.png 298w, https:\/\/wpd.ugr.es\/~icufop\/wp-content\/uploads\/Screen-Shot-2015-04-29-at-14.48.38.png 480w\" sizes=\"(max-width: 150px) 100vw, 150px\" \/><\/a><\/p>\n<h6 style=\"text-align: center;\"><a href=\"http:\/\/wpd.ugr.es\/~icufop\/miembros-icufop\/david-perez-heredia\/\">David P\u00e9rez Heredia<\/a><\/h6>\n<\/div><\/div><\/div><div id=\"pgc-10-1-2\"  class=\"panel-grid-cell\" ><div id=\"panel-10-1-2-0\" class=\"so-panel widget widget_black-studio-tinymce widget_black_studio_tinymce panel-first-child panel-last-child\" data-index=\"12\" ><div class=\"textwidget\"><p><a href=\"http:\/\/wpd.ugr.es\/~icufop\/miembros-icufop\/elisa-hernandez-merayo\/\"><img loading=\"lazy\" decoding=\"async\" class=\"aligncenter size-thumbnail wp-image-99\" src=\"http:\/\/wpd.ugr.es\/~icufop\/wp-content\/uploads\/Elisa_hernandez-150x150.jpg\" alt=\"Elisa_hernandez\" width=\"150\" height=\"150\" \/><\/a><\/p>\n<h6 style=\"text-align: center;\"><a href=\"http:\/\/wpd.ugr.es\/~icufop\/miembros-icufop\/elisa-hernandez-merayo\/\">Elisa Hern\u00e1ndez Merayo<\/a><\/h6>\n<\/div><\/div><\/div><div id=\"pgc-10-1-3\"  class=\"panel-grid-cell\" ><div id=\"panel-10-1-3-0\" class=\"so-panel widget widget_black-studio-tinymce widget_black_studio_tinymce panel-first-child panel-last-child\" data-index=\"13\" ><div class=\"textwidget\"><p><a href=\"http:\/\/wpd.ugr.es\/~icufop\/miembros-icufop\/feliciano-castano-villar\/\"><img loading=\"lazy\" decoding=\"async\" class=\"aligncenter wp-image-102\" src=\"http:\/\/wpd.ugr.es\/~icufop\/wp-content\/uploads\/feliciano_villar.jpg\" alt=\"feliciano_villar\" width=\"109\" height=\"150\" \/><\/a><\/p>\n<h6 style=\"text-align: center;\"><a href=\"http:\/\/wpd.ugr.es\/~icufop\/miembros-icufop\/feliciano-castano-villar\/\">Feliciano Casta\u00f1o Villar<\/a><\/h6>\n<\/div><\/div><\/div><\/div><div id=\"pg-10-2\"  class=\"panel-grid panel-no-style\" ><div id=\"pgc-10-2-0\"  class=\"panel-grid-cell\" ><div id=\"panel-10-2-0-0\" class=\"so-panel widget widget_black-studio-tinymce widget_black_studio_tinymce panel-first-child\" data-index=\"14\" ><div class=\"textwidget\"><p><a href=\"http:\/\/wpd.ugr.es\/~icufop\/miembros-icufop\/rocio-anguita-martinez\/\"><img loading=\"lazy\" decoding=\"async\" class=\" wp-image-106 aligncenter\" src=\"http:\/\/wpd.ugr.es\/~icufop\/wp-content\/uploads\/rocio_anguita-150x150.jpg\" alt=\"rocio_anguita\" width=\"160\" height=\"160\" \/><\/a><\/p>\n<h6 style=\"text-align: center;\"><a href=\"http:\/\/wpd.ugr.es\/~icufop\/miembros-icufop\/rocio-anguita-martinez\/\">Roc\u00edo Anguita Mart\u00ednez<\/a><\/h6>\n<\/div><\/div><div id=\"panel-10-2-0-1\" class=\"so-panel widget widget_black-studio-tinymce widget_black_studio_tinymce panel-last-child\" data-index=\"15\" ><div class=\"textwidget\"><h6><\/h6>\n<p>&nbsp;<\/p>\n<h6 style=\"text-align: center;\"><img loading=\"lazy\" decoding=\"async\" class=\"wp-image-787\" src=\"https:\/\/wpd.ugr.es\/~icufop\/wp-content\/uploads\/Sof\u00eda.jpeg\" alt=\"\" width=\"147\" height=\"147\" srcset=\"https:\/\/wpd.ugr.es\/~icufop\/wp-content\/uploads\/Sof\u00eda.jpeg 225w, https:\/\/wpd.ugr.es\/~icufop\/wp-content\/uploads\/Sof\u00eda-150x150.jpeg 150w\" sizes=\"(max-width: 147px) 100vw, 147px\" \/><a href=\"http:\/\/wpd.ugr.es\/~icufop\/wp-content\/uploads\/unknown.jpg\"><br \/>\n<\/a><span style=\"color: #00ff00;\"><strong>Sof\u00eda D\u00edaz de Gre\u00f1u Domingo<\/strong><\/span><\/h6>\n<p>&nbsp;<\/p>\n<\/div><\/div><\/div><div id=\"pgc-10-2-1\"  class=\"panel-grid-cell\" ><div id=\"panel-10-2-1-0\" class=\"so-panel widget widget_black-studio-tinymce widget_black_studio_tinymce panel-first-child\" data-index=\"16\" ><div class=\"textwidget\"><p><a href=\"http:\/\/wpd.ugr.es\/~icufop\/miembros-icufop\/eduardo-fernandez-rodriguez\/\"><img loading=\"lazy\" decoding=\"async\" class=\"aligncenter  wp-image-98\" src=\"http:\/\/wpd.ugr.es\/~icufop\/wp-content\/uploads\/edu_fernandez-150x150.jpg\" alt=\"edu_fernandez\" width=\"121\" height=\"121\" \/><\/a><\/p>\n<h6 style=\"text-align: center;\"><a href=\"http:\/\/wpd.ugr.es\/~icufop\/miembros-icufop\/eduardo-fernandez-rodriguez\/\">Eduardo Fern\u00e1ndez Rodr\u00edguez<\/a><\/h6>\n<\/div><\/div><div id=\"panel-10-2-1-1\" class=\"so-panel widget widget_black-studio-tinymce widget_black_studio_tinymce panel-last-child\" data-index=\"17\" ><div class=\"textwidget\"><p>&nbsp;<\/p>\n<p style=\"text-align: center;\"><a href=\"http:\/\/wpd.ugr.es\/~icufop\/miembros-icufop\/enrique-javier-diez-gutierrez\/\"><img loading=\"lazy\" decoding=\"async\" class=\"aligncenter wp-image-101\" src=\"http:\/\/wpd.ugr.es\/~icufop\/wp-content\/uploads\/enrique_javier_d\u00edez.jpg\" alt=\"enrique_javier_d\u00edez\" width=\"161\" height=\"192\" \/><\/a><\/p>\n<h6 style=\"text-align: center;\"><a href=\"http:\/\/wpd.ugr.es\/~icufop\/miembros-icufop\/enrique-javier-diez-gutierrez\/\">Enrique Javier D\u00edez Guti\u00e9rrez<\/a><\/h6>\n<\/div><\/div><\/div><div id=\"pgc-10-2-2\"  class=\"panel-grid-cell\" ><div id=\"panel-10-2-2-0\" class=\"so-panel widget widget_black-studio-tinymce widget_black_studio_tinymce panel-first-child\" data-index=\"18\" ><div class=\"textwidget\"><p><a href=\"http:\/\/wpd.ugr.es\/~icufop\/miembros-icufop\/jose-miguel-gutierrez-pequeno\/\"><img loading=\"lazy\" decoding=\"async\" class=\" size-thumbnail wp-image-182 aligncenter\" src=\"http:\/\/wpd.ugr.es\/~icufop\/wp-content\/uploads\/Peque\u00f1o-150x150.jpg\" alt=\"Peque\u00f1o\" width=\"150\" height=\"150\" \/><\/a><\/p>\n<h6 style=\"text-align: center;\"><a href=\"http:\/\/wpd.ugr.es\/~icufop\/miembros-icufop\/jose-miguel-gutierrez-pequeno\/\">Jos\u00e9 Miguel Guti\u00e9rrez Peque\u00f1o<\/a><\/h6>\n<\/div><\/div><div id=\"panel-10-2-2-1\" class=\"so-panel widget widget_black-studio-tinymce widget_black_studio_tinymce panel-last-child\" data-index=\"19\" ><div class=\"textwidget\"><p><img loading=\"lazy\" decoding=\"async\" class=\"wp-image-789 aligncenter\" src=\"https:\/\/wpd.ugr.es\/~icufop\/wp-content\/uploads\/Laura-1.jpeg\" alt=\"\" width=\"111\" height=\"175\" \/><\/p>\n<h6 style=\"text-align: center;\"><span style=\"color: #00ff00;\"><strong>Laura de la Iglesia Atienza<\/strong><\/span><\/h6>\n<\/div><\/div><\/div><div id=\"pgc-10-2-3\"  class=\"panel-grid-cell\" ><div id=\"panel-10-2-3-0\" class=\"so-panel widget widget_black-studio-tinymce widget_black_studio_tinymce panel-first-child\" data-index=\"20\" ><div class=\"textwidget\"><h6 style=\"text-align: center;\"><a href=\"http:\/\/wpd.ugr.es\/~icufop\/miembros-icufop\/ines-ruiz-requies\/\"><img loading=\"lazy\" decoding=\"async\" class=\" size-thumbnail wp-image-305 aligncenter\" src=\"http:\/\/wpd.ugr.es\/~icufop\/wp-content\/uploads\/ines-ruiz-150x150.jpg\" alt=\"ines ruiz\" width=\"150\" height=\"150\" srcset=\"https:\/\/wpd.ugr.es\/~icufop\/wp-content\/uploads\/ines-ruiz-150x150.jpg 150w, https:\/\/wpd.ugr.es\/~icufop\/wp-content\/uploads\/ines-ruiz.jpg 180w\" sizes=\"(max-width: 150px) 100vw, 150px\" \/>In\u00e9s Ruiz Requies<\/a><\/h6>\n<\/div><\/div><div id=\"panel-10-2-3-1\" class=\"so-panel widget widget_black-studio-tinymce widget_black_studio_tinymce panel-last-child\" data-index=\"21\" ><div class=\"textwidget\"><p style=\"text-align: center;\">\n<h6 style=\"text-align: center;\"><span style=\"color: #00ff00;\">Ana Barrera Mart\u00edn<\/span><\/h6>\n<p>&nbsp;<\/p>\n<\/div><\/div><\/div><\/div><div id=\"pg-10-3\"  class=\"panel-grid panel-no-style\" ><div id=\"pgc-10-3-0\"  class=\"panel-grid-cell panel-grid-cell-empty\" ><\/div><div id=\"pgc-10-3-1\"  class=\"panel-grid-cell panel-grid-cell-empty\" ><\/div><div id=\"pgc-10-3-2\"  class=\"panel-grid-cell panel-grid-cell-empty panel-grid-cell-mobile-last\" ><\/div><div id=\"pgc-10-3-3\"  class=\"panel-grid-cell panel-grid-cell-empty\" ><\/div><\/div><div id=\"pg-10-4\"  class=\"panel-grid panel-no-style\" ><div id=\"pgc-10-4-0\"  class=\"panel-grid-cell panel-grid-cell-empty\" ><\/div><div id=\"pgc-10-4-1\"  class=\"panel-grid-cell panel-grid-cell-empty\" ><\/div><div id=\"pgc-10-4-2\"  class=\"panel-grid-cell panel-grid-cell-empty panel-grid-cell-mobile-last\" ><\/div><div id=\"pgc-10-4-3\"  class=\"panel-grid-cell panel-grid-cell-empty\" ><\/div><\/div><div id=\"pg-10-5\"  class=\"panel-grid panel-no-style\" ><div id=\"pgc-10-5-0\"  class=\"panel-grid-cell panel-grid-cell-empty\" ><\/div><div id=\"pgc-10-5-1\"  class=\"panel-grid-cell panel-grid-cell-empty\" ><\/div><div id=\"pgc-10-5-2\"  class=\"panel-grid-cell panel-grid-cell-empty panel-grid-cell-mobile-last\" ><\/div><div id=\"pgc-10-5-3\"  class=\"panel-grid-cell panel-grid-cell-empty\" ><\/div><\/div><\/div>","protected":false},"excerpt":{"rendered":"<p>Almudena Oca\u00f1a Fern\u00e1ndez Juan Bautista Mart\u00ednez Rodr\u00edguez &nbsp; M\u00aa Luisa Reyes L\u00f3pez &nbsp; Beatriz Muros Ruiz Ram\u00f3n Montes Rodr\u00edguez &nbsp; Jos\u00e9 Luis Parejo Llanos Bel\u00e9n Mass\u00f3 Guijarro &nbsp; Teresa Garc\u00eda G\u00f3mez M\u00aa Carmen Robles V\u00edlchez Ernesto P\u00e1ramo Sureda Antonio Bustos Jim\u00e9nez &nbsp; David P\u00e9rez Heredia Elisa Hern\u00e1ndez Merayo Feliciano Casta\u00f1o Villar<\/p>\n","protected":false},"author":1,"featured_media":45,"parent":0,"menu_order":0,"comment_status":"open","ping_status":"open","template":"","meta":{"_acf_changed":false,"jetpack_post_was_ever_published":false,"footnotes":""},"acf":[],"jetpack_sharing_enabled":true,"jetpack_shortlink":"https:\/\/wp.me\/P64Oaw-a","_links":{"self":[{"href":"https:\/\/wpd.ugr.es\/~icufop\/wp-json\/wp\/v2\/pages\/10"}],"collection":[{"href":"https:\/\/wpd.ugr.es\/~icufop\/wp-json\/wp\/v2\/pages"}],"about":[{"href":"https:\/\/wpd.ugr.es\/~icufop\/wp-json\/wp\/v2\/types\/page"}],"author":[{"embeddable":true,"href":"https:\/\/wpd.ugr.es\/~icufop\/wp-json\/wp\/v2\/users\/1"}],"replies":[{"embeddable":true,"href":"https:\/\/wpd.ugr.es\/~icufop\/wp-json\/wp\/v2\/comments?post=10"}],"version-history":[{"count":61,"href":"https:\/\/wpd.ugr.es\/~icufop\/wp-json\/wp\/v2\/pages\/10\/revisions"}],"predecessor-version":[{"id":939,"href":"https:\/\/wpd.ugr.es\/~icufop\/wp-json\/wp\/v2\/pages\/10\/revisions\/939"}],"wp:featuredmedia":[{"embeddable":true,"href":"https:\/\/wpd.ugr.es\/~icufop\/wp-json\/wp\/v2\/media\/45"}],"wp:attachment":[{"href":"https:\/\/wpd.ugr.es\/~icufop\/wp-json\/wp\/v2\/media?parent=10"}],"curies":[{"name":"wp","href":"https:\/\/api.w.org\/{rel}","templated":true}]}}